{"id":2292,"date":"2020-12-01T17:12:30","date_gmt":"2020-12-01T17:12:30","guid":{"rendered":"https:\/\/advisory-box.com\/Start\/?post_type=product&#038;p=2292"},"modified":"2021-07-09T15:26:44","modified_gmt":"2021-07-09T15:26:44","slug":"kick-off-organizacyjny-i-metodyczny-projektu","status":"publish","type":"product","link":"https:\/\/advisory-box.com\/Start\/en\/p\/kick-off-organizacyjny-i-metodyczny-projektu\/","title":{"rendered":"Kick-off organizacyjny i metodyczny projektu"},"content":{"rendered":"<h2>&#8211; dobry start dla trudnych przedsi\u0119wzi\u0119\u0107<\/h2>","protected":false},"excerpt":{"rendered":"<h3><span style=\"color: #c10000;\"><strong>W jakiej sytuacji mo\u017cesz potrzebowa\u0107 us\u0142ugi?<\/strong><\/span><\/h3>\n<ul>\n<li style=\"list-style-type: none;\">\n<ul>\n<li><span style=\"font-weight: 400;\">Zdajesz sobie spraw\u0119, \u017ce planowany wa\u017cny projekt jest trudny i przerasta dotychczasowe do\u015bwiadczenia twojego zespo\u0142u.<\/span><\/li>\n<li><span style=\"font-weight: 400;\">Potrzebujesz zestawu sprawdzonych dzia\u0142a\u0144 organizacyjnych i doboru metodyki optymalnie dostosowanej do twojego \u015brodowiska firmowego i charakteru projektu.<\/span><\/li>\n<\/ul>\n<\/li>\n<\/ul>\n<p>&nbsp;<\/p>\n<h3><span style=\"color: #c10000;\"><strong>Co dostaniesz jako rezultat?<\/strong><\/span><\/h3>\n<ul>\n<li style=\"list-style-type: none;\">\n<ul>\n<li><span style=\"font-weight: 400;\">Start projektu przygotowany z zastosowaniem najlepszych praktyk zarz\u0105dzania projektami pod okiem do\u015bwiadczonego kierownika projekt\u00f3w.<\/span><\/li>\n<li><span style=\"font-weight: 400;\">List\u0119 dzia\u0142a\u0144 organizacyjnych i metodycznych do przeprowadzenia.<\/span><\/li>\n<li><span style=\"font-weight: 400;\">List\u0119 rekomendowanych dokument\u00f3w projektowych do stosowania w trakcie realizacji.<\/span><\/li>\n<\/ul>\n<\/li>\n<\/ul>\n<p>&nbsp;<\/p>\n<h3><span style=\"color: #c10000;\"><strong>Jak wygl\u0105da realizacja?<\/strong><\/span><\/h3>\n<ul>\n<li><span style=\"font-weight: 400;\">Wywiady ze sponsorem i kluczowymi interesariuszami.<\/span><\/li>\n<li><span style=\"font-weight: 400;\">Przegl\u0105d dokumentacji projektowej i stosowanych praktyk zarz\u0105dzania projektami.<\/span><\/li>\n<li><span style=\"font-weight: 400;\">Przegl\u0105d kompetencji zespo\u0142u realizacyjnego.<\/span><\/li>\n<li><span style=\"font-weight: 400;\">Dob\u00f3r metodyk, technik i dokument\u00f3w projektowych oraz wprowadzenie (instrukta\u017c) do ich stosowania w zespole projektowym.<\/span><\/li>\n<li><span style=\"font-weight: 400;\">Wsparcie dla kierownika projektu w obszarze zaplanowania projektu.<\/span><\/li>\n<\/ul>","protected":false},"featured_media":3194,"template":"","meta":[],"product_cat":[32],"product_tag":[75,74,51,50],"class_list":["post-2292","product","type-product","status-publish","has-post-thumbnail","hentry","product_cat-operacje-czyli-jak-dzialacie","product_tag-kick-off","product_tag-pmo","product_tag-project-management","product_tag-zarzadzanie-projektami","pa_czas-realizacji-1-2-tygodni","pa_inwestycja-10-000-zl-14-000-zl"],"yoast_head":"<!-- This site is optimized with the Yoast SEO plugin v18.4.1 - https:\/\/yoast.com\/wordpress\/plugins\/seo\/ -->\n<title>Kick-off organizacyjny i metodyczny projektu - Advisory Box<\/title>\n<meta name=\"robots\" content=\"index, follow, max-snippet:-1, max-image-preview:large, max-video-preview:-1\" \/>\n<link rel=\"canonical\" href=\"https:\/\/advisory-box.com\/Start\/en\/p\/kick-off-organizacyjny-i-metodyczny-projektu\/\" \/>\n<meta property=\"og:locale\" content=\"en_US\" \/>\n<meta property=\"og:type\" content=\"article\" \/>\n<meta property=\"og:title\" content=\"Kick-off organizacyjny i metodyczny projektu - Advisory Box\" \/>\n<meta property=\"og:description\" content=\"W jakiej sytuacji mo\u017cesz potrzebowa\u0107 us\u0142ugi?      Zdajesz sobie spraw\u0119, \u017ce planowany wa\u017cny projekt jest trudny i przerasta dotychczasowe do\u015bwiadczenia twojego zespo\u0142u.  Potrzebujesz zestawu sprawdzonych dzia\u0142a\u0144 organizacyjnych i doboru metodyki optymalnie dostosowanej do twojego \u015brodowiska firmowego i charakteru projektu.    &nbsp; Co dostaniesz jako rezultat?      Start projektu przygotowany z zastosowaniem najlepszych praktyk zarz\u0105dzania projektami pod okiem do\u015bwiadczonego kierownika projekt\u00f3w.  List\u0119 dzia\u0142a\u0144 organizacyjnych i metodycznych do przeprowadzenia.  List\u0119 rekomendowanych dokument\u00f3w projektowych do stosowania w trakcie realizacji.    &nbsp; Jak wygl\u0105da realizacja?   Wywiady ze sponsorem i kluczowymi interesariuszami.  Przegl\u0105d dokumentacji projektowej i stosowanych praktyk zarz\u0105dzania projektami.  Przegl\u0105d kompetencji zespo\u0142u realizacyjnego.  Dob\u00f3r metodyk, technik i dokument\u00f3w projektowych oraz wprowadzenie (instrukta\u017c) do ich stosowania w zespole projektowym.  Wsparcie dla kierownika projektu w obszarze zaplanowania projektu.\" \/>\n<meta property=\"og:url\" content=\"https:\/\/advisory-box.com\/Start\/en\/p\/kick-off-organizacyjny-i-metodyczny-projektu\/\" \/>\n<meta property=\"og:site_name\" content=\"Advisory Box\" \/>\n<meta property=\"article:modified_time\" content=\"2021-07-09T15:26:44+00:00\" \/>\n<meta property=\"og:image\" content=\"https:\/\/advisory-box.com\/Start\/wp-content\/uploads\/2021\/03\/45.png\" \/>\n\t<meta property=\"og:image:width\" content=\"940\" \/>\n\t<meta property=\"og:image:height\" content=\"788\" \/>\n\t<meta property=\"og:image:type\" content=\"image\/png\" \/>\n<meta name=\"twitter:card\" content=\"summary_large_image\" \/>\n<meta name=\"twitter:label1\" content=\"Est. reading time\" \/>\n\t<meta name=\"twitter:data1\" content=\"1 minute\" \/>\n<script type=\"application\/ld+json\" class=\"yoast-schema-graph\">{\"@context\":\"https:\/\/schema.org\",\"@graph\":[{\"@type\":\"Organization\",\"@id\":\"https:\/\/advisory-box.com\/Start\/#organization\",\"name\":\"Advisory Box\",\"url\":\"https:\/\/advisory-box.com\/Start\/\",\"sameAs\":[],\"logo\":{\"@type\":\"ImageObject\",\"@id\":\"https:\/\/advisory-box.com\/Start\/#logo\",\"inLanguage\":\"en-US\",\"url\":\"\",\"contentUrl\":\"\",\"caption\":\"Advisory Box\"},\"image\":{\"@id\":\"https:\/\/advisory-box.com\/Start\/#logo\"}},{\"@type\":\"WebSite\",\"@id\":\"https:\/\/advisory-box.com\/Start\/#website\",\"url\":\"https:\/\/advisory-box.com\/Start\/\",\"name\":\"Advisory Box\",\"description\":\"\u0141aczymy przedsi\u0119biorc&oacute;w z najlepszymi ekspertami\",\"publisher\":{\"@id\":\"https:\/\/advisory-box.com\/Start\/#organization\"},\"potentialAction\":[{\"@type\":\"SearchAction\",\"target\":{\"@type\":\"EntryPoint\",\"urlTemplate\":\"https:\/\/advisory-box.com\/Start\/?s={search_term_string}\"},\"query-input\":\"required name=search_term_string\"}],\"inLanguage\":\"en-US\"},{\"@type\":\"ImageObject\",\"@id\":\"https:\/\/advisory-box.com\/Start\/en\/p\/kick-off-organizacyjny-i-metodyczny-projektu\/#primaryimage\",\"inLanguage\":\"en-US\",\"url\":\"https:\/\/advisory-box.com\/Start\/wp-content\/uploads\/2021\/03\/45.png\",\"contentUrl\":\"https:\/\/advisory-box.com\/Start\/wp-content\/uploads\/2021\/03\/45.png\",\"width\":940,\"height\":788},{\"@type\":\"WebPage\",\"@id\":\"https:\/\/advisory-box.com\/Start\/en\/p\/kick-off-organizacyjny-i-metodyczny-projektu\/#webpage\",\"url\":\"https:\/\/advisory-box.com\/Start\/en\/p\/kick-off-organizacyjny-i-metodyczny-projektu\/\",\"name\":\"Kick-off organizacyjny i metodyczny projektu - Advisory Box\",\"isPartOf\":{\"@id\":\"https:\/\/advisory-box.com\/Start\/#website\"},\"primaryImageOfPage\":{\"@id\":\"https:\/\/advisory-box.com\/Start\/en\/p\/kick-off-organizacyjny-i-metodyczny-projektu\/#primaryimage\"},\"datePublished\":\"2020-12-01T17:12:30+00:00\",\"dateModified\":\"2021-07-09T15:26:44+00:00\",\"breadcrumb\":{\"@id\":\"https:\/\/advisory-box.com\/Start\/en\/p\/kick-off-organizacyjny-i-metodyczny-projektu\/#breadcrumb\"},\"inLanguage\":\"en-US\",\"potentialAction\":[{\"@type\":\"ReadAction\",\"target\":[\"https:\/\/advisory-box.com\/Start\/en\/p\/kick-off-organizacyjny-i-metodyczny-projektu\/\"]}]},{\"@type\":\"BreadcrumbList\",\"@id\":\"https:\/\/advisory-box.com\/Start\/en\/p\/kick-off-organizacyjny-i-metodyczny-projektu\/#breadcrumb\",\"itemListElement\":[{\"@type\":\"ListItem\",\"position\":1,\"name\":\"Strona g\u0142\u00f3wna\",\"item\":\"https:\/\/advisory-box.com\/Start\/\"},{\"@type\":\"ListItem\",\"position\":2,\"name\":\"sklep\",\"item\":\"https:\/\/advisory-box.com\/Start\/sklep\/\"},{\"@type\":\"ListItem\",\"position\":3,\"name\":\"Kick-off organizacyjny i metodyczny projektu\"}]}]}<\/script>\n<!-- \/ Yoast SEO plugin. -->","yoast_head_json":{"title":"Kick-off organizacyjny i metodyczny projektu - Advisory Box","robots":{"index":"index","follow":"follow","max-snippet":"max-snippet:-1","max-image-preview":"max-image-preview:large","max-video-preview":"max-video-preview:-1"},"canonical":"https:\/\/advisory-box.com\/Start\/en\/p\/kick-off-organizacyjny-i-metodyczny-projektu\/","og_locale":"en_US","og_type":"article","og_title":"Kick-off organizacyjny i metodyczny projektu - Advisory Box","og_description":"W jakiej sytuacji mo\u017cesz potrzebowa\u0107 us\u0142ugi?      Zdajesz sobie spraw\u0119, \u017ce planowany wa\u017cny projekt jest trudny i przerasta dotychczasowe do\u015bwiadczenia twojego zespo\u0142u.  Potrzebujesz zestawu sprawdzonych dzia\u0142a\u0144 organizacyjnych i doboru metodyki optymalnie dostosowanej do twojego \u015brodowiska firmowego i charakteru projektu.    &nbsp; Co dostaniesz jako rezultat?      Start projektu przygotowany z zastosowaniem najlepszych praktyk zarz\u0105dzania projektami pod okiem do\u015bwiadczonego kierownika projekt\u00f3w.  List\u0119 dzia\u0142a\u0144 organizacyjnych i metodycznych do przeprowadzenia.  List\u0119 rekomendowanych dokument\u00f3w projektowych do stosowania w trakcie realizacji.    &nbsp; Jak wygl\u0105da realizacja?   Wywiady ze sponsorem i kluczowymi interesariuszami.  Przegl\u0105d dokumentacji projektowej i stosowanych praktyk zarz\u0105dzania projektami.  Przegl\u0105d kompetencji zespo\u0142u realizacyjnego.  Dob\u00f3r metodyk, technik i dokument\u00f3w projektowych oraz wprowadzenie (instrukta\u017c) do ich stosowania w zespole projektowym.  Wsparcie dla kierownika projektu w obszarze zaplanowania projektu.","og_url":"https:\/\/advisory-box.com\/Start\/en\/p\/kick-off-organizacyjny-i-metodyczny-projektu\/","og_site_name":"Advisory Box","article_modified_time":"2021-07-09T15:26:44+00:00","og_image":[{"width":940,"height":788,"url":"https:\/\/advisory-box.com\/Start\/wp-content\/uploads\/2021\/03\/45.png","type":"image\/png"}],"twitter_card":"summary_large_image","twitter_misc":{"Est. reading time":"1 minute"},"schema":{"@context":"https:\/\/schema.org","@graph":[{"@type":"Organization","@id":"https:\/\/advisory-box.com\/Start\/#organization","name":"Advisory Box","url":"https:\/\/advisory-box.com\/Start\/","sameAs":[],"logo":{"@type":"ImageObject","@id":"https:\/\/advisory-box.com\/Start\/#logo","inLanguage":"en-US","url":"","contentUrl":"","caption":"Advisory Box"},"image":{"@id":"https:\/\/advisory-box.com\/Start\/#logo"}},{"@type":"WebSite","@id":"https:\/\/advisory-box.com\/Start\/#website","url":"https:\/\/advisory-box.com\/Start\/","name":"Advisory Box","description":"\u0141aczymy przedsi\u0119biorc&oacute;w z najlepszymi ekspertami","publisher":{"@id":"https:\/\/advisory-box.com\/Start\/#organization"},"potentialAction":[{"@type":"SearchAction","target":{"@type":"EntryPoint","urlTemplate":"https:\/\/advisory-box.com\/Start\/?s={search_term_string}"},"query-input":"required name=search_term_string"}],"inLanguage":"en-US"},{"@type":"ImageObject","@id":"https:\/\/advisory-box.com\/Start\/en\/p\/kick-off-organizacyjny-i-metodyczny-projektu\/#primaryimage","inLanguage":"en-US","url":"https:\/\/advisory-box.com\/Start\/wp-content\/uploads\/2021\/03\/45.png","contentUrl":"https:\/\/advisory-box.com\/Start\/wp-content\/uploads\/2021\/03\/45.png","width":940,"height":788},{"@type":"WebPage","@id":"https:\/\/advisory-box.com\/Start\/en\/p\/kick-off-organizacyjny-i-metodyczny-projektu\/#webpage","url":"https:\/\/advisory-box.com\/Start\/en\/p\/kick-off-organizacyjny-i-metodyczny-projektu\/","name":"Kick-off organizacyjny i metodyczny projektu - Advisory Box","isPartOf":{"@id":"https:\/\/advisory-box.com\/Start\/#website"},"primaryImageOfPage":{"@id":"https:\/\/advisory-box.com\/Start\/en\/p\/kick-off-organizacyjny-i-metodyczny-projektu\/#primaryimage"},"datePublished":"2020-12-01T17:12:30+00:00","dateModified":"2021-07-09T15:26:44+00:00","breadcrumb":{"@id":"https:\/\/advisory-box.com\/Start\/en\/p\/kick-off-organizacyjny-i-metodyczny-projektu\/#breadcrumb"},"inLanguage":"en-US","potentialAction":[{"@type":"ReadAction","target":["https:\/\/advisory-box.com\/Start\/en\/p\/kick-off-organizacyjny-i-metodyczny-projektu\/"]}]},{"@type":"BreadcrumbList","@id":"https:\/\/advisory-box.com\/Start\/en\/p\/kick-off-organizacyjny-i-metodyczny-projektu\/#breadcrumb","itemListElement":[{"@type":"ListItem","position":1,"name":"Strona g\u0142\u00f3wna","item":"https:\/\/advisory-box.com\/Start\/"},{"@type":"ListItem","position":2,"name":"sklep","item":"https:\/\/advisory-box.com\/Start\/sklep\/"},{"@type":"ListItem","position":3,"name":"Kick-off organizacyjny i metodyczny projektu"}]}]}},"_links":{"self":[{"href":"https:\/\/advisory-box.com\/Start\/en\/wp-json\/wp\/v2\/product\/2292","targetHints":{"allow":["GET"]}}],"collection":[{"href":"https:\/\/advisory-box.com\/Start\/en\/wp-json\/wp\/v2\/product"}],"about":[{"href":"https:\/\/advisory-box.com\/Start\/en\/wp-json\/wp\/v2\/types\/product"}],"version-history":[{"count":3,"href":"https:\/\/advisory-box.com\/Start\/en\/wp-json\/wp\/v2\/product\/2292\/revisions"}],"predecessor-version":[{"id":3174,"href":"https:\/\/advisory-box.com\/Start\/en\/wp-json\/wp\/v2\/product\/2292\/revisions\/3174"}],"wp:featuredmedia":[{"embeddable":true,"href":"https:\/\/advisory-box.com\/Start\/en\/wp-json\/wp\/v2\/media\/3194"}],"wp:attachment":[{"href":"https:\/\/advisory-box.com\/Start\/en\/wp-json\/wp\/v2\/media?parent=2292"}],"wp:term":[{"taxonomy":"product_cat","embeddable":true,"href":"https:\/\/advisory-box.com\/Start\/en\/wp-json\/wp\/v2\/product_cat?post=2292"},{"taxonomy":"product_tag","embeddable":true,"href":"https:\/\/advisory-box.com\/Start\/en\/wp-json\/wp\/v2\/product_tag?post=2292"}],"curies":[{"name":"wp","href":"https:\/\/api.w.org\/{rel}","templated":true}]}}