{"id":2293,"date":"2020-12-08T17:40:29","date_gmt":"2020-12-08T17:40:29","guid":{"rendered":"https:\/\/advisory-box.com\/Start\/?post_type=product&#038;p=2293"},"modified":"2021-06-18T18:36:06","modified_gmt":"2021-06-18T18:36:06","slug":"prowizorium-strategiczne","status":"publish","type":"product","link":"https:\/\/advisory-box.com\/Start\/en\/p\/prowizorium-strategiczne\/","title":{"rendered":"Prowizorium strategiczne"},"content":{"rendered":"<p>czyli zaplanujmy sensownie najbli\u017csze miesi\u0105ce, skoro nie da si\u0119 robi\u0107 plan\u00f3w 5-letnich<\/p>","protected":false},"excerpt":{"rendered":"<h3><span style=\"color: #c10000;\"><strong>W jakiej sytuacji mo\u017cesz potrzebowa\u0107 us\u0142ugi?<\/strong><\/span><\/h3>\n<ul>\n<li style=\"list-style-type: none;\">\n<ul>\n<li><span style=\"font-weight: 400;\">Sytuacja rynkowa i firmy zmienia si\u0119, a dawna strategia nie istnieje albo jest nieaktualna.<\/span><\/li>\n<li><span style=\"font-weight: 400;\">Potrzebujesz konkretnego kierunku dzia\u0142ania, na najbli\u017csze miesi\u0105ce &#8211; dla siebie i dla swoich ludzi.<\/span><span style=\"font-weight: 400;\">Chcesz m\u00f3c w ka\u017cdej chwili powiedzie\u0107 &#8211; sobie i udzia\u0142owcom &#8211; gdzie jeste\u015bmy i w jakim kierunku zmierzamy.<\/span><\/li>\n<\/ul>\n<\/li>\n<\/ul>\n<p>&nbsp;<\/p>\n<h3><span style=\"color: #c10000;\"><strong>Co dostaniesz jako rezultat?<\/strong><\/span><\/h3>\n<ul>\n<li style=\"list-style-type: none;\">\n<ul>\n<li><span style=\"font-weight: 400;\">Tymczasowa strategia firmy.<\/span><\/li>\n<li><span style=\"font-weight: 400;\">Opracowany realistyczny plan dzia\u0142a\u0144, umo\u017cliwiaj\u0105cy kontrolowane zarz\u0105dzanie firm\u0105 i jej planowy rozw\u00f3j w oczekiwanym kierunku.<\/span><\/li>\n<\/ul>\n<\/li>\n<\/ul>\n<p>&nbsp;<\/p>\n<h3><span style=\"color: #c10000;\"><strong>Jak wygl\u0105da realizacja?<\/strong><\/span><\/h3>\n<ul>\n<li><span style=\"font-weight: 400;\"> Skan sytuacji firmy \u2013 wywiady z Zarz\u0105dem i kluczowymi pracownikami.<\/span><\/li>\n<li><span style=\"font-weight: 400;\"> Warsztat strategiczny z Zarz\u0105dem i kierownictwem firmy (z wykorzystaniem m.in. SWOT, Ishikawa, BSC, model 5 pyta\u0144).<\/span><\/li>\n<li><span style=\"font-weight: 400;\"> Stworzenie \u2013 z Zarz\u0105dem i kierownictwem firmy \u2013 Prowizorium Strategicznego na 1-2 lata (cele, efekty, terminy, osoby odpowiedzialne, mierniki sukcesu) i projekt\u00f3w strategicznych do zrealizowania.<\/span><\/li>\n<\/ul>\n<p>&nbsp;<\/p>","protected":false},"featured_media":3119,"template":"","meta":[],"product_cat":[21],"product_tag":[27,29],"class_list":["post-2293","product","type-product","status-publish","has-post-thumbnail","hentry","product_cat-strategia-czyli-rozwoj-twojego-biznesu","product_tag-rozwoj","product_tag-strategia","pa_czas-realizacji-3-4-tygodni","pa_inwestycja-10-000-zl-14-000-zl"],"yoast_head":"<!-- This site is optimized with the Yoast SEO plugin v18.4.1 - https:\/\/yoast.com\/wordpress\/plugins\/seo\/ -->\n<title>Prowizorium strategiczne - Advisory Box<\/title>\n<meta name=\"description\" content=\"Prowizorium strategiczne, czyli zaplanujmy sensownie najbli\u017csze miesi\u0105ce, skoro nie da si\u0119 robi\u0107 plan\u00f3w 5-letnich\" \/>\n<meta name=\"robots\" content=\"index, follow, max-snippet:-1, max-image-preview:large, max-video-preview:-1\" \/>\n<link rel=\"canonical\" href=\"https:\/\/advisory-box.com\/Start\/en\/p\/prowizorium-strategiczne\/\" \/>\n<meta property=\"og:locale\" content=\"en_US\" \/>\n<meta property=\"og:type\" content=\"article\" \/>\n<meta property=\"og:title\" content=\"Prowizorium strategiczne - Advisory Box\" \/>\n<meta property=\"og:description\" content=\"Prowizorium strategiczne, czyli zaplanujmy sensownie najbli\u017csze miesi\u0105ce, skoro nie da si\u0119 robi\u0107 plan\u00f3w 5-letnich\" \/>\n<meta property=\"og:url\" content=\"https:\/\/advisory-box.com\/Start\/en\/p\/prowizorium-strategiczne\/\" \/>\n<meta property=\"og:site_name\" content=\"Advisory Box\" \/>\n<meta property=\"article:modified_time\" content=\"2021-06-18T18:36:06+00:00\" \/>\n<meta property=\"og:image\" content=\"https:\/\/advisory-box.com\/Start\/wp-content\/uploads\/2021\/03\/7.png\" \/>\n\t<meta property=\"og:image:width\" content=\"940\" \/>\n\t<meta property=\"og:image:height\" content=\"788\" \/>\n\t<meta property=\"og:image:type\" content=\"image\/png\" \/>\n<meta name=\"twitter:card\" content=\"summary_large_image\" \/>\n<meta name=\"twitter:label1\" content=\"Est. reading time\" \/>\n\t<meta name=\"twitter:data1\" content=\"1 minute\" \/>\n<script type=\"application\/ld+json\" class=\"yoast-schema-graph\">{\"@context\":\"https:\/\/schema.org\",\"@graph\":[{\"@type\":\"Organization\",\"@id\":\"https:\/\/advisory-box.com\/Start\/#organization\",\"name\":\"Advisory Box\",\"url\":\"https:\/\/advisory-box.com\/Start\/\",\"sameAs\":[],\"logo\":{\"@type\":\"ImageObject\",\"@id\":\"https:\/\/advisory-box.com\/Start\/#logo\",\"inLanguage\":\"en-US\",\"url\":\"\",\"contentUrl\":\"\",\"caption\":\"Advisory Box\"},\"image\":{\"@id\":\"https:\/\/advisory-box.com\/Start\/#logo\"}},{\"@type\":\"WebSite\",\"@id\":\"https:\/\/advisory-box.com\/Start\/#website\",\"url\":\"https:\/\/advisory-box.com\/Start\/\",\"name\":\"Advisory Box\",\"description\":\"\u0141aczymy przedsi\u0119biorc&oacute;w z najlepszymi ekspertami\",\"publisher\":{\"@id\":\"https:\/\/advisory-box.com\/Start\/#organization\"},\"potentialAction\":[{\"@type\":\"SearchAction\",\"target\":{\"@type\":\"EntryPoint\",\"urlTemplate\":\"https:\/\/advisory-box.com\/Start\/?s={search_term_string}\"},\"query-input\":\"required name=search_term_string\"}],\"inLanguage\":\"en-US\"},{\"@type\":\"ImageObject\",\"@id\":\"https:\/\/advisory-box.com\/Start\/en\/p\/prowizorium-strategiczne\/#primaryimage\",\"inLanguage\":\"en-US\",\"url\":\"https:\/\/advisory-box.com\/Start\/wp-content\/uploads\/2021\/03\/7.png\",\"contentUrl\":\"https:\/\/advisory-box.com\/Start\/wp-content\/uploads\/2021\/03\/7.png\",\"width\":940,\"height\":788},{\"@type\":\"WebPage\",\"@id\":\"https:\/\/advisory-box.com\/Start\/en\/p\/prowizorium-strategiczne\/#webpage\",\"url\":\"https:\/\/advisory-box.com\/Start\/en\/p\/prowizorium-strategiczne\/\",\"name\":\"Prowizorium strategiczne - Advisory Box\",\"isPartOf\":{\"@id\":\"https:\/\/advisory-box.com\/Start\/#website\"},\"primaryImageOfPage\":{\"@id\":\"https:\/\/advisory-box.com\/Start\/en\/p\/prowizorium-strategiczne\/#primaryimage\"},\"datePublished\":\"2020-12-08T17:40:29+00:00\",\"dateModified\":\"2021-06-18T18:36:06+00:00\",\"description\":\"Prowizorium strategiczne, czyli zaplanujmy sensownie najbli\u017csze miesi\u0105ce, skoro nie da si\u0119 robi\u0107 plan\u00f3w 5-letnich\",\"breadcrumb\":{\"@id\":\"https:\/\/advisory-box.com\/Start\/en\/p\/prowizorium-strategiczne\/#breadcrumb\"},\"inLanguage\":\"en-US\",\"potentialAction\":[{\"@type\":\"ReadAction\",\"target\":[\"https:\/\/advisory-box.com\/Start\/en\/p\/prowizorium-strategiczne\/\"]}]},{\"@type\":\"BreadcrumbList\",\"@id\":\"https:\/\/advisory-box.com\/Start\/en\/p\/prowizorium-strategiczne\/#breadcrumb\",\"itemListElement\":[{\"@type\":\"ListItem\",\"position\":1,\"name\":\"Strona g\u0142\u00f3wna\",\"item\":\"https:\/\/advisory-box.com\/Start\/\"},{\"@type\":\"ListItem\",\"position\":2,\"name\":\"sklep\",\"item\":\"https:\/\/advisory-box.com\/Start\/sklep\/\"},{\"@type\":\"ListItem\",\"position\":3,\"name\":\"Prowizorium strategiczne\"}]}]}<\/script>\n<!-- \/ Yoast SEO plugin. -->","yoast_head_json":{"title":"Prowizorium strategiczne - Advisory Box","description":"Prowizorium strategiczne, czyli zaplanujmy sensownie najbli\u017csze miesi\u0105ce, skoro nie da si\u0119 robi\u0107 plan\u00f3w 5-letnich","robots":{"index":"index","follow":"follow","max-snippet":"max-snippet:-1","max-image-preview":"max-image-preview:large","max-video-preview":"max-video-preview:-1"},"canonical":"https:\/\/advisory-box.com\/Start\/en\/p\/prowizorium-strategiczne\/","og_locale":"en_US","og_type":"article","og_title":"Prowizorium strategiczne - Advisory Box","og_description":"Prowizorium strategiczne, czyli zaplanujmy sensownie najbli\u017csze miesi\u0105ce, skoro nie da si\u0119 robi\u0107 plan\u00f3w 5-letnich","og_url":"https:\/\/advisory-box.com\/Start\/en\/p\/prowizorium-strategiczne\/","og_site_name":"Advisory Box","article_modified_time":"2021-06-18T18:36:06+00:00","og_image":[{"width":940,"height":788,"url":"https:\/\/advisory-box.com\/Start\/wp-content\/uploads\/2021\/03\/7.png","type":"image\/png"}],"twitter_card":"summary_large_image","twitter_misc":{"Est. reading time":"1 minute"},"schema":{"@context":"https:\/\/schema.org","@graph":[{"@type":"Organization","@id":"https:\/\/advisory-box.com\/Start\/#organization","name":"Advisory Box","url":"https:\/\/advisory-box.com\/Start\/","sameAs":[],"logo":{"@type":"ImageObject","@id":"https:\/\/advisory-box.com\/Start\/#logo","inLanguage":"en-US","url":"","contentUrl":"","caption":"Advisory Box"},"image":{"@id":"https:\/\/advisory-box.com\/Start\/#logo"}},{"@type":"WebSite","@id":"https:\/\/advisory-box.com\/Start\/#website","url":"https:\/\/advisory-box.com\/Start\/","name":"Advisory Box","description":"\u0141aczymy przedsi\u0119biorc&oacute;w z najlepszymi ekspertami","publisher":{"@id":"https:\/\/advisory-box.com\/Start\/#organization"},"potentialAction":[{"@type":"SearchAction","target":{"@type":"EntryPoint","urlTemplate":"https:\/\/advisory-box.com\/Start\/?s={search_term_string}"},"query-input":"required name=search_term_string"}],"inLanguage":"en-US"},{"@type":"ImageObject","@id":"https:\/\/advisory-box.com\/Start\/en\/p\/prowizorium-strategiczne\/#primaryimage","inLanguage":"en-US","url":"https:\/\/advisory-box.com\/Start\/wp-content\/uploads\/2021\/03\/7.png","contentUrl":"https:\/\/advisory-box.com\/Start\/wp-content\/uploads\/2021\/03\/7.png","width":940,"height":788},{"@type":"WebPage","@id":"https:\/\/advisory-box.com\/Start\/en\/p\/prowizorium-strategiczne\/#webpage","url":"https:\/\/advisory-box.com\/Start\/en\/p\/prowizorium-strategiczne\/","name":"Prowizorium strategiczne - Advisory Box","isPartOf":{"@id":"https:\/\/advisory-box.com\/Start\/#website"},"primaryImageOfPage":{"@id":"https:\/\/advisory-box.com\/Start\/en\/p\/prowizorium-strategiczne\/#primaryimage"},"datePublished":"2020-12-08T17:40:29+00:00","dateModified":"2021-06-18T18:36:06+00:00","description":"Prowizorium strategiczne, czyli zaplanujmy sensownie najbli\u017csze miesi\u0105ce, skoro nie da si\u0119 robi\u0107 plan\u00f3w 5-letnich","breadcrumb":{"@id":"https:\/\/advisory-box.com\/Start\/en\/p\/prowizorium-strategiczne\/#breadcrumb"},"inLanguage":"en-US","potentialAction":[{"@type":"ReadAction","target":["https:\/\/advisory-box.com\/Start\/en\/p\/prowizorium-strategiczne\/"]}]},{"@type":"BreadcrumbList","@id":"https:\/\/advisory-box.com\/Start\/en\/p\/prowizorium-strategiczne\/#breadcrumb","itemListElement":[{"@type":"ListItem","position":1,"name":"Strona g\u0142\u00f3wna","item":"https:\/\/advisory-box.com\/Start\/"},{"@type":"ListItem","position":2,"name":"sklep","item":"https:\/\/advisory-box.com\/Start\/sklep\/"},{"@type":"ListItem","position":3,"name":"Prowizorium strategiczne"}]}]}},"_links":{"self":[{"href":"https:\/\/advisory-box.com\/Start\/en\/wp-json\/wp\/v2\/product\/2293","targetHints":{"allow":["GET"]}}],"collection":[{"href":"https:\/\/advisory-box.com\/Start\/en\/wp-json\/wp\/v2\/product"}],"about":[{"href":"https:\/\/advisory-box.com\/Start\/en\/wp-json\/wp\/v2\/types\/product"}],"version-history":[{"count":4,"href":"https:\/\/advisory-box.com\/Start\/en\/wp-json\/wp\/v2\/product\/2293\/revisions"}],"predecessor-version":[{"id":3123,"href":"https:\/\/advisory-box.com\/Start\/en\/wp-json\/wp\/v2\/product\/2293\/revisions\/3123"}],"wp:featuredmedia":[{"embeddable":true,"href":"https:\/\/advisory-box.com\/Start\/en\/wp-json\/wp\/v2\/media\/3119"}],"wp:attachment":[{"href":"https:\/\/advisory-box.com\/Start\/en\/wp-json\/wp\/v2\/media?parent=2293"}],"wp:term":[{"taxonomy":"product_cat","embeddable":true,"href":"https:\/\/advisory-box.com\/Start\/en\/wp-json\/wp\/v2\/product_cat?post=2293"},{"taxonomy":"product_tag","embeddable":true,"href":"https:\/\/advisory-box.com\/Start\/en\/wp-json\/wp\/v2\/product_tag?post=2293"}],"curies":[{"name":"wp","href":"https:\/\/api.w.org\/{rel}","templated":true}]}}