{"id":2300,"date":"2020-12-20T13:34:06","date_gmt":"2020-12-20T13:34:06","guid":{"rendered":"https:\/\/advisory-box.com\/Start\/?post_type=product&#038;p=2300"},"modified":"2021-06-30T17:20:00","modified_gmt":"2021-06-30T17:20:00","slug":"dzial-obslugi-klienta-tez-moze-sprzedawac-7-krokow-do-skutecznej-sprzedazy-w-bok","status":"publish","type":"product","link":"https:\/\/advisory-box.com\/Start\/en\/p\/dzial-obslugi-klienta-tez-moze-sprzedawac-7-krokow-do-skutecznej-sprzedazy-w-bok\/","title":{"rendered":"Dzia\u0142 obs\u0142ugi Klienta te\u017c mo\u017ce sprzedawa\u0107"},"content":{"rendered":"<p>7 krok\u00f3w do skutecznej sprzeda\u017cy w BOK<\/p>","protected":false},"excerpt":{"rendered":"<h3><span style=\"color: #c10000;\"><strong>W jakiej sytuacji mo\u017cesz potrzebowa\u0107 us\u0142ugi?<\/strong><\/span><\/h3>\n<ul>\n<li><span style=\"font-weight: 400;\">Chcesz, aby zesp\u00f3\u0142 obs\u0142ugi Klienta identyfikowa\u0142 okazje sprzeda\u017cowe i przekuwa\u0142 je na zam\u00f3wienia.<\/span><\/li>\n<li><span style=\"font-weight: 400;\"> Potrzebujesz informacji, jakie narz\u0119dzia, procedury lub umiej\u0119tno\u015bci s\u0105 niezb\u0119dne, aby dzia\u0142 obs\u0142ugi Klienta m\u00f3g\u0142 sprzedawa\u0107 produkty firmy.<\/span><\/li>\n<li><span style=\"font-weight: 400;\"> Interesuje Ci\u0119 dzia\u0142anie, kt\u00f3re spowoduje wzrost dochod\u00f3w i rentowno\u015bci firmy.<\/span><\/li>\n<\/ul>\n<h3><span style=\"color: #c10000;\"><strong>Co dostaniesz jako rezultat?<\/strong><\/span><\/h3>\n<ul>\n<li><span style=\"font-weight: 400;\"> Wzrost sprzeda\u017cy bez zatrudniania nowych pracownik\u00f3w.<\/span><\/li>\n<li><span style=\"font-weight: 400;\">Konkretne wskaz\u00f3wki co zrobi\u0107, aby sprzedawa\u0107 dzi\u0119ki w\u0142a\u015bciwie zaplanowanej i wdro\u017conej aktywno\u015bci dzia\u0142u obs\u0142ugi Klienta.<\/span><\/li>\n<li><span style=\"font-weight: 400;\">Lepszy zwrot z inwestycji w koszty utrzymania dzia\u0142u obs\u0142ugi Klienta.<\/span><\/li>\n<\/ul>\n<h3><span style=\"color: #c10000;\"><strong>Jak wygl\u0105da realizacja?<\/strong><\/span><\/h3>\n<ul>\n<li><span style=\"font-weight: 400;\">\u00a0Konsultacje z 4-5 osobami, kluczowymi dla obs\u0142ugi Klienta i sprzeda\u017cy. Potwierdzenie cel\u00f3w organizacji i badanie punktu wyj\u015bcia (jak jest a jak ma by\u0107).<\/span><\/li>\n<li><span style=\"font-weight: 400;\"> Analiza interakcji Klient &#8211; firma (telefoniczne, mailowe, czatowe ) lub alternatywnie Tajemniczy Klient w celu\u00a0 identyfikacji &#8222;okazji sprzeda\u017cowych&#8221;.<\/span><\/li>\n<li><span style=\"font-weight: 400;\"> \u2018Work shadowing\u2019 w dost\u0119pnej formie (wizyta w siedzibie, zdalnie).<\/span><\/li>\n<li><span style=\"font-weight: 400;\"> Opracowanie raportu &#8222;jak jest&#8221; oraz rekomendacji usprawnie\u0144 wraz ze wskazaniem rozwi\u0105za\u0144, kt\u00f3re poprawi\u0105\/zainicjuj\u0105 sprzeda\u017c w dziale obs\u0142ugi.<\/span><\/li>\n<li><span style=\"font-weight: 400;\"> Prezentacja rekomendacji wraz z uzasadnieniem.\u00a0<\/span><\/li>\n<li><span style=\"font-weight: 400;\"> Praktyczny warsztat wdro\u017ceniowy &#8222;Prosprzeda\u017cowe standardy obs\u0142ugi&#8221; dla 1 zespo\u0142u (max 12 os\u00f3b).<\/span><\/li>\n<li><span style=\"font-weight: 400;\"> Propozycja harmonogramu wdro\u017cenia zmian.<\/span><\/li>\n<\/ul>","protected":false},"featured_media":3139,"template":"","meta":[],"product_cat":[30],"product_tag":[37,26,64],"class_list":["post-2300","product","type-product","status-publish","has-post-thumbnail","hentry","product_cat-marketing-sprzedaz-obsluga-czyli-klient","product_tag-obsluga-klienta","product_tag-sprzedaz","product_tag-wsparcie-sprzedazy","pa_czas-realizacji-4-6-tygodni","pa_inwestycja-10-000-zl-14-000-zl"],"yoast_head":"<!-- This site is optimized with the Yoast SEO plugin v18.4.1 - https:\/\/yoast.com\/wordpress\/plugins\/seo\/ -->\n<title>Dzia\u0142 obs\u0142ugi Klienta te\u017c mo\u017ce sprzedawa\u0107 - Advisory Box<\/title>\n<meta name=\"robots\" content=\"index, follow, max-snippet:-1, max-image-preview:large, max-video-preview:-1\" \/>\n<link rel=\"canonical\" href=\"https:\/\/advisory-box.com\/Start\/en\/p\/dzial-obslugi-klienta-tez-moze-sprzedawac-7-krokow-do-skutecznej-sprzedazy-w-bok\/\" \/>\n<meta property=\"og:locale\" content=\"en_US\" \/>\n<meta property=\"og:type\" content=\"article\" \/>\n<meta property=\"og:title\" content=\"Dzia\u0142 obs\u0142ugi Klienta te\u017c mo\u017ce sprzedawa\u0107 - Advisory Box\" \/>\n<meta property=\"og:description\" content=\"W jakiej sytuacji mo\u017cesz potrzebowa\u0107 us\u0142ugi?   Chcesz, aby zesp\u00f3\u0142 obs\u0142ugi Klienta identyfikowa\u0142 okazje sprzeda\u017cowe i przekuwa\u0142 je na zam\u00f3wienia.   Potrzebujesz informacji, jakie narz\u0119dzia, procedury lub umiej\u0119tno\u015bci s\u0105 niezb\u0119dne, aby dzia\u0142 obs\u0142ugi Klienta m\u00f3g\u0142 sprzedawa\u0107 produkty firmy.   Interesuje Ci\u0119 dzia\u0142anie, kt\u00f3re spowoduje wzrost dochod\u00f3w i rentowno\u015bci firmy.  Co dostaniesz jako rezultat?    Wzrost sprzeda\u017cy bez zatrudniania nowych pracownik\u00f3w.  Konkretne wskaz\u00f3wki co zrobi\u0107, aby sprzedawa\u0107 dzi\u0119ki w\u0142a\u015bciwie zaplanowanej i wdro\u017conej aktywno\u015bci dzia\u0142u obs\u0142ugi Klienta.  Lepszy zwrot z inwestycji w koszty utrzymania dzia\u0142u obs\u0142ugi Klienta.  Jak wygl\u0105da realizacja?   \u00a0Konsultacje z 4-5 osobami, kluczowymi dla obs\u0142ugi Klienta i sprzeda\u017cy. Potwierdzenie cel\u00f3w organizacji i badanie punktu wyj\u015bcia (jak jest a jak ma by\u0107).   Analiza interakcji Klient - firma (telefoniczne, mailowe, czatowe ) lub alternatywnie Tajemniczy Klient w celu\u00a0 identyfikacji &quot;okazji sprzeda\u017cowych&quot;.   \u2018Work shadowing\u2019 w dost\u0119pnej formie (wizyta w siedzibie, zdalnie).   Opracowanie raportu &quot;jak jest&quot; oraz rekomendacji usprawnie\u0144 wraz ze wskazaniem rozwi\u0105za\u0144, kt\u00f3re poprawi\u0105\/zainicjuj\u0105 sprzeda\u017c w dziale obs\u0142ugi.   Prezentacja rekomendacji wraz z uzasadnieniem.\u00a0   Praktyczny warsztat wdro\u017ceniowy &quot;Prosprzeda\u017cowe standardy obs\u0142ugi&quot; dla 1 zespo\u0142u (max 12 os\u00f3b).   Propozycja harmonogramu wdro\u017cenia zmian.\" \/>\n<meta property=\"og:url\" content=\"https:\/\/advisory-box.com\/Start\/en\/p\/dzial-obslugi-klienta-tez-moze-sprzedawac-7-krokow-do-skutecznej-sprzedazy-w-bok\/\" \/>\n<meta property=\"og:site_name\" content=\"Advisory Box\" \/>\n<meta property=\"article:modified_time\" content=\"2021-06-30T17:20:00+00:00\" \/>\n<meta property=\"og:image\" content=\"https:\/\/advisory-box.com\/Start\/wp-content\/uploads\/2021\/06\/20.png\" \/>\n\t<meta property=\"og:image:width\" content=\"940\" \/>\n\t<meta property=\"og:image:height\" content=\"788\" \/>\n\t<meta property=\"og:image:type\" content=\"image\/png\" \/>\n<meta name=\"twitter:card\" content=\"summary_large_image\" \/>\n<meta name=\"twitter:label1\" content=\"Est. reading time\" \/>\n\t<meta name=\"twitter:data1\" content=\"1 minute\" \/>\n<script type=\"application\/ld+json\" class=\"yoast-schema-graph\">{\"@context\":\"https:\/\/schema.org\",\"@graph\":[{\"@type\":\"Organization\",\"@id\":\"https:\/\/advisory-box.com\/Start\/#organization\",\"name\":\"Advisory Box\",\"url\":\"https:\/\/advisory-box.com\/Start\/\",\"sameAs\":[],\"logo\":{\"@type\":\"ImageObject\",\"@id\":\"https:\/\/advisory-box.com\/Start\/#logo\",\"inLanguage\":\"en-US\",\"url\":\"\",\"contentUrl\":\"\",\"caption\":\"Advisory Box\"},\"image\":{\"@id\":\"https:\/\/advisory-box.com\/Start\/#logo\"}},{\"@type\":\"WebSite\",\"@id\":\"https:\/\/advisory-box.com\/Start\/#website\",\"url\":\"https:\/\/advisory-box.com\/Start\/\",\"name\":\"Advisory Box\",\"description\":\"\u0141aczymy przedsi\u0119biorc&oacute;w z najlepszymi ekspertami\",\"publisher\":{\"@id\":\"https:\/\/advisory-box.com\/Start\/#organization\"},\"potentialAction\":[{\"@type\":\"SearchAction\",\"target\":{\"@type\":\"EntryPoint\",\"urlTemplate\":\"https:\/\/advisory-box.com\/Start\/?s={search_term_string}\"},\"query-input\":\"required name=search_term_string\"}],\"inLanguage\":\"en-US\"},{\"@type\":\"ImageObject\",\"@id\":\"https:\/\/advisory-box.com\/Start\/en\/p\/dzial-obslugi-klienta-tez-moze-sprzedawac-7-krokow-do-skutecznej-sprzedazy-w-bok\/#primaryimage\",\"inLanguage\":\"en-US\",\"url\":\"https:\/\/advisory-box.com\/Start\/wp-content\/uploads\/2021\/06\/20.png\",\"contentUrl\":\"https:\/\/advisory-box.com\/Start\/wp-content\/uploads\/2021\/06\/20.png\",\"width\":940,\"height\":788},{\"@type\":\"WebPage\",\"@id\":\"https:\/\/advisory-box.com\/Start\/en\/p\/dzial-obslugi-klienta-tez-moze-sprzedawac-7-krokow-do-skutecznej-sprzedazy-w-bok\/#webpage\",\"url\":\"https:\/\/advisory-box.com\/Start\/en\/p\/dzial-obslugi-klienta-tez-moze-sprzedawac-7-krokow-do-skutecznej-sprzedazy-w-bok\/\",\"name\":\"Dzia\u0142 obs\u0142ugi Klienta te\u017c mo\u017ce sprzedawa\u0107 - Advisory Box\",\"isPartOf\":{\"@id\":\"https:\/\/advisory-box.com\/Start\/#website\"},\"primaryImageOfPage\":{\"@id\":\"https:\/\/advisory-box.com\/Start\/en\/p\/dzial-obslugi-klienta-tez-moze-sprzedawac-7-krokow-do-skutecznej-sprzedazy-w-bok\/#primaryimage\"},\"datePublished\":\"2020-12-20T13:34:06+00:00\",\"dateModified\":\"2021-06-30T17:20:00+00:00\",\"breadcrumb\":{\"@id\":\"https:\/\/advisory-box.com\/Start\/en\/p\/dzial-obslugi-klienta-tez-moze-sprzedawac-7-krokow-do-skutecznej-sprzedazy-w-bok\/#breadcrumb\"},\"inLanguage\":\"en-US\",\"potentialAction\":[{\"@type\":\"ReadAction\",\"target\":[\"https:\/\/advisory-box.com\/Start\/en\/p\/dzial-obslugi-klienta-tez-moze-sprzedawac-7-krokow-do-skutecznej-sprzedazy-w-bok\/\"]}]},{\"@type\":\"BreadcrumbList\",\"@id\":\"https:\/\/advisory-box.com\/Start\/en\/p\/dzial-obslugi-klienta-tez-moze-sprzedawac-7-krokow-do-skutecznej-sprzedazy-w-bok\/#breadcrumb\",\"itemListElement\":[{\"@type\":\"ListItem\",\"position\":1,\"name\":\"Strona g\u0142\u00f3wna\",\"item\":\"https:\/\/advisory-box.com\/Start\/\"},{\"@type\":\"ListItem\",\"position\":2,\"name\":\"sklep\",\"item\":\"https:\/\/advisory-box.com\/Start\/sklep\/\"},{\"@type\":\"ListItem\",\"position\":3,\"name\":\"Dzia\u0142 obs\u0142ugi Klienta te\u017c mo\u017ce sprzedawa\u0107\"}]}]}<\/script>\n<!-- \/ Yoast SEO plugin. -->","yoast_head_json":{"title":"Dzia\u0142 obs\u0142ugi Klienta te\u017c mo\u017ce sprzedawa\u0107 - Advisory Box","robots":{"index":"index","follow":"follow","max-snippet":"max-snippet:-1","max-image-preview":"max-image-preview:large","max-video-preview":"max-video-preview:-1"},"canonical":"https:\/\/advisory-box.com\/Start\/en\/p\/dzial-obslugi-klienta-tez-moze-sprzedawac-7-krokow-do-skutecznej-sprzedazy-w-bok\/","og_locale":"en_US","og_type":"article","og_title":"Dzia\u0142 obs\u0142ugi Klienta te\u017c mo\u017ce sprzedawa\u0107 - Advisory Box","og_description":"W jakiej sytuacji mo\u017cesz potrzebowa\u0107 us\u0142ugi?   Chcesz, aby zesp\u00f3\u0142 obs\u0142ugi Klienta identyfikowa\u0142 okazje sprzeda\u017cowe i przekuwa\u0142 je na zam\u00f3wienia.   Potrzebujesz informacji, jakie narz\u0119dzia, procedury lub umiej\u0119tno\u015bci s\u0105 niezb\u0119dne, aby dzia\u0142 obs\u0142ugi Klienta m\u00f3g\u0142 sprzedawa\u0107 produkty firmy.   Interesuje Ci\u0119 dzia\u0142anie, kt\u00f3re spowoduje wzrost dochod\u00f3w i rentowno\u015bci firmy.  Co dostaniesz jako rezultat?    Wzrost sprzeda\u017cy bez zatrudniania nowych pracownik\u00f3w.  Konkretne wskaz\u00f3wki co zrobi\u0107, aby sprzedawa\u0107 dzi\u0119ki w\u0142a\u015bciwie zaplanowanej i wdro\u017conej aktywno\u015bci dzia\u0142u obs\u0142ugi Klienta.  Lepszy zwrot z inwestycji w koszty utrzymania dzia\u0142u obs\u0142ugi Klienta.  Jak wygl\u0105da realizacja?   \u00a0Konsultacje z 4-5 osobami, kluczowymi dla obs\u0142ugi Klienta i sprzeda\u017cy. Potwierdzenie cel\u00f3w organizacji i badanie punktu wyj\u015bcia (jak jest a jak ma by\u0107).   Analiza interakcji Klient - firma (telefoniczne, mailowe, czatowe ) lub alternatywnie Tajemniczy Klient w celu\u00a0 identyfikacji \"okazji sprzeda\u017cowych\".   \u2018Work shadowing\u2019 w dost\u0119pnej formie (wizyta w siedzibie, zdalnie).   Opracowanie raportu \"jak jest\" oraz rekomendacji usprawnie\u0144 wraz ze wskazaniem rozwi\u0105za\u0144, kt\u00f3re poprawi\u0105\/zainicjuj\u0105 sprzeda\u017c w dziale obs\u0142ugi.   Prezentacja rekomendacji wraz z uzasadnieniem.\u00a0   Praktyczny warsztat wdro\u017ceniowy \"Prosprzeda\u017cowe standardy obs\u0142ugi\" dla 1 zespo\u0142u (max 12 os\u00f3b).   Propozycja harmonogramu wdro\u017cenia zmian.","og_url":"https:\/\/advisory-box.com\/Start\/en\/p\/dzial-obslugi-klienta-tez-moze-sprzedawac-7-krokow-do-skutecznej-sprzedazy-w-bok\/","og_site_name":"Advisory Box","article_modified_time":"2021-06-30T17:20:00+00:00","og_image":[{"width":940,"height":788,"url":"https:\/\/advisory-box.com\/Start\/wp-content\/uploads\/2021\/06\/20.png","type":"image\/png"}],"twitter_card":"summary_large_image","twitter_misc":{"Est. reading time":"1 minute"},"schema":{"@context":"https:\/\/schema.org","@graph":[{"@type":"Organization","@id":"https:\/\/advisory-box.com\/Start\/#organization","name":"Advisory Box","url":"https:\/\/advisory-box.com\/Start\/","sameAs":[],"logo":{"@type":"ImageObject","@id":"https:\/\/advisory-box.com\/Start\/#logo","inLanguage":"en-US","url":"","contentUrl":"","caption":"Advisory Box"},"image":{"@id":"https:\/\/advisory-box.com\/Start\/#logo"}},{"@type":"WebSite","@id":"https:\/\/advisory-box.com\/Start\/#website","url":"https:\/\/advisory-box.com\/Start\/","name":"Advisory Box","description":"\u0141aczymy przedsi\u0119biorc&oacute;w z najlepszymi ekspertami","publisher":{"@id":"https:\/\/advisory-box.com\/Start\/#organization"},"potentialAction":[{"@type":"SearchAction","target":{"@type":"EntryPoint","urlTemplate":"https:\/\/advisory-box.com\/Start\/?s={search_term_string}"},"query-input":"required name=search_term_string"}],"inLanguage":"en-US"},{"@type":"ImageObject","@id":"https:\/\/advisory-box.com\/Start\/en\/p\/dzial-obslugi-klienta-tez-moze-sprzedawac-7-krokow-do-skutecznej-sprzedazy-w-bok\/#primaryimage","inLanguage":"en-US","url":"https:\/\/advisory-box.com\/Start\/wp-content\/uploads\/2021\/06\/20.png","contentUrl":"https:\/\/advisory-box.com\/Start\/wp-content\/uploads\/2021\/06\/20.png","width":940,"height":788},{"@type":"WebPage","@id":"https:\/\/advisory-box.com\/Start\/en\/p\/dzial-obslugi-klienta-tez-moze-sprzedawac-7-krokow-do-skutecznej-sprzedazy-w-bok\/#webpage","url":"https:\/\/advisory-box.com\/Start\/en\/p\/dzial-obslugi-klienta-tez-moze-sprzedawac-7-krokow-do-skutecznej-sprzedazy-w-bok\/","name":"Dzia\u0142 obs\u0142ugi Klienta te\u017c mo\u017ce sprzedawa\u0107 - Advisory Box","isPartOf":{"@id":"https:\/\/advisory-box.com\/Start\/#website"},"primaryImageOfPage":{"@id":"https:\/\/advisory-box.com\/Start\/en\/p\/dzial-obslugi-klienta-tez-moze-sprzedawac-7-krokow-do-skutecznej-sprzedazy-w-bok\/#primaryimage"},"datePublished":"2020-12-20T13:34:06+00:00","dateModified":"2021-06-30T17:20:00+00:00","breadcrumb":{"@id":"https:\/\/advisory-box.com\/Start\/en\/p\/dzial-obslugi-klienta-tez-moze-sprzedawac-7-krokow-do-skutecznej-sprzedazy-w-bok\/#breadcrumb"},"inLanguage":"en-US","potentialAction":[{"@type":"ReadAction","target":["https:\/\/advisory-box.com\/Start\/en\/p\/dzial-obslugi-klienta-tez-moze-sprzedawac-7-krokow-do-skutecznej-sprzedazy-w-bok\/"]}]},{"@type":"BreadcrumbList","@id":"https:\/\/advisory-box.com\/Start\/en\/p\/dzial-obslugi-klienta-tez-moze-sprzedawac-7-krokow-do-skutecznej-sprzedazy-w-bok\/#breadcrumb","itemListElement":[{"@type":"ListItem","position":1,"name":"Strona g\u0142\u00f3wna","item":"https:\/\/advisory-box.com\/Start\/"},{"@type":"ListItem","position":2,"name":"sklep","item":"https:\/\/advisory-box.com\/Start\/sklep\/"},{"@type":"ListItem","position":3,"name":"Dzia\u0142 obs\u0142ugi Klienta te\u017c mo\u017ce sprzedawa\u0107"}]}]}},"_links":{"self":[{"href":"https:\/\/advisory-box.com\/Start\/en\/wp-json\/wp\/v2\/product\/2300","targetHints":{"allow":["GET"]}}],"collection":[{"href":"https:\/\/advisory-box.com\/Start\/en\/wp-json\/wp\/v2\/product"}],"about":[{"href":"https:\/\/advisory-box.com\/Start\/en\/wp-json\/wp\/v2\/types\/product"}],"version-history":[{"count":1,"href":"https:\/\/advisory-box.com\/Start\/en\/wp-json\/wp\/v2\/product\/2300\/revisions"}],"predecessor-version":[{"id":3130,"href":"https:\/\/advisory-box.com\/Start\/en\/wp-json\/wp\/v2\/product\/2300\/revisions\/3130"}],"wp:featuredmedia":[{"embeddable":true,"href":"https:\/\/advisory-box.com\/Start\/en\/wp-json\/wp\/v2\/media\/3139"}],"wp:attachment":[{"href":"https:\/\/advisory-box.com\/Start\/en\/wp-json\/wp\/v2\/media?parent=2300"}],"wp:term":[{"taxonomy":"product_cat","embeddable":true,"href":"https:\/\/advisory-box.com\/Start\/en\/wp-json\/wp\/v2\/product_cat?post=2300"},{"taxonomy":"product_tag","embeddable":true,"href":"https:\/\/advisory-box.com\/Start\/en\/wp-json\/wp\/v2\/product_tag?post=2300"}],"curies":[{"name":"wp","href":"https:\/\/api.w.org\/{rel}","templated":true}]}}