{"id":2306,"date":"2020-12-20T16:40:26","date_gmt":"2020-12-20T16:40:26","guid":{"rendered":"https:\/\/advisory-box.com\/Start\/?post_type=product&#038;p=2306"},"modified":"2021-07-09T15:25:33","modified_gmt":"2021-07-09T15:25:33","slug":"wsparcie-dla-zagrozonego-projektu","status":"publish","type":"product","link":"https:\/\/advisory-box.com\/Start\/en\/p\/wsparcie-dla-zagrozonego-projektu\/","title":{"rendered":"Wsparcie dla zagro\u017conego projektu"},"content":{"rendered":"","protected":false},"excerpt":{"rendered":"<h3><span style=\"color: #c10000;\"><strong>W jakiej sytuacji mo\u017cesz potrzebowa\u0107 us\u0142ugi?<\/strong><\/span><\/h3>\n<ul>\n<li><span style=\"font-weight: 400;\">Tw\u00f3j projekt, inwestycja dawno przekroczy\u0142 zak\u0142adany czas i bud\u017cet, a jego ko\u0144ca nie wida\u0107.<\/span><\/li>\n<li><span style=\"font-weight: 400;\">Kluczowy odbiorca lub sponsor zagrozi\u0142, \u017ce zerwie wsp\u00f3\u0142prac\u0119, je\u015bli nie zobaczy rezultat\u00f3w.<\/span><\/li>\n<\/ul>\n<h3><span style=\"color: #c10000;\"><strong>Co dostaniesz jako rezultat?<\/strong><\/span><\/h3>\n<ul>\n<li><span style=\"font-weight: 400;\">Wsparcie dla realizowanych w organizacji projekt\u00f3w, zagro\u017conych nieosi\u0105gni\u0119ciem swoich cel\u00f3w z powodu ich nieprawid\u0142owego okre\u015blenia i osadzenia w strukturze dzia\u0142ania firmy i realiach jej dzia\u0142ania.<\/span><\/li>\n<li><span style=\"font-weight: 400;\">Opracowanie karty projektu wraz z realistycznym uzasadnieniem biznesowym, okre\u015blenie struktury organizacyjnej projektu, zdefiniowanie struktury produkt\u00f3w projektu i g\u0142\u00f3wnych ryzyk.<\/span><\/li>\n<li><span style=\"font-weight: 400;\">Przygotowanie do komitetu steruj\u0105cego i podj\u0119cia decyzji o kontynuacji (rozpocz\u0119ciu) projektu lub jego zaniechaniu. <\/span><\/li>\n<li><span style=\"font-weight: 400;\">Zestaw roboczy dokument\u00f3w niezb\u0119dnych dla dalszego prowadzenie projektu i jego zarz\u0105dzania.<\/span><\/li>\n<\/ul>\n<h3><span style=\"color: #c10000;\"><strong>Jak wygl\u0105da realizacja?<\/strong><\/span><\/h3>\n<ul>\n<li><span style=\"font-weight: 400;\">Dotyczy dowolnych projekt\u00f3w zmian (strategicznych, organizacyjnych, produktowych, informatycznych, itp.) rozpocz\u0119tych i zagro\u017conych (np. op\u00f3\u017anionych lub z przekroczonym bud\u017cetem) oraz projekt\u00f3w koniecznych do jak najszybszego rozpocz\u0119cia.<\/span><\/li>\n<li>Przygotowanie: okre\u015blenie listy projekt\u00f3w wymagaj\u0105cych wsparcia, przegl\u0105d sytuacji w obszarach projekt\u00f3w (szybka analiza), zebranie i analiza obecnej dokumentacji projektu i zasob\u00f3w osobowych w projekcie.<\/li>\n<li>Opracowanie Karty Projektu &#8211; analiza i okre\u015blenie dla projektu: celu, uzasadnienia biznesowego, g\u0142\u00f3wnych produkt\u00f3w projektu i ich struktury (PBS), zakresu i wy\u0142\u0105cze\u0144 z niego, os\u00f3b odpowiedzialnych i horyzontu czasowego prac, bud\u017cetu (spodziewanych nak\u0142ad\u00f3w finansowych) i czasoch\u0142onno\u015bci (spodziewanych nak\u0142ad\u00f3w osobowych), kamieni milowych, struktury zarz\u0105dzania projektem (Komitetu Steruj\u0105cego), g\u0142\u00f3wnych ryzyk z planem post\u0119powania.<\/li>\n<li>Komitet Steruj\u0105cy: opracowanie listy koniecznych decyzji dla kontynuacji (rozpocz\u0119cia) projektu, wsparcie podczas przeprowadzania Komitetu Steruj\u0105cego i podejmowania decyzji.<span style=\"font-weight: 400;\">Uwaga: oszacowanie inwestycji dotyczy ma\u0142ego lub \u015bredniego projektu.<\/span><\/li>\n<\/ul>","protected":false},"featured_media":3192,"template":"","meta":[],"product_cat":[32],"product_tag":[75,77,39,76,74,51,73,50],"class_list":["post-2306","product","type-product","status-publish","has-post-thumbnail","hentry","product_cat-operacje-czyli-jak-dzialacie","product_tag-kick-off","product_tag-komitet-sterujacy","product_tag-operacje","product_tag-pbs","product_tag-pmo","product_tag-project-management","product_tag-project-manager","product_tag-zarzadzanie-projektami","pa_czas-realizacji-4-6-tygodni","pa_inwestycja-10-000-zl-14-000-zl"],"yoast_head":"<!-- This site is optimized with the Yoast SEO plugin v18.4.1 - https:\/\/yoast.com\/wordpress\/plugins\/seo\/ -->\n<title>Wsparcie dla zagro\u017conego projektu - Advisory Box<\/title>\n<meta name=\"robots\" content=\"index, follow, max-snippet:-1, max-image-preview:large, max-video-preview:-1\" \/>\n<link rel=\"canonical\" href=\"https:\/\/advisory-box.com\/Start\/en\/p\/wsparcie-dla-zagrozonego-projektu\/\" \/>\n<meta property=\"og:locale\" content=\"en_US\" \/>\n<meta property=\"og:type\" content=\"article\" \/>\n<meta property=\"og:title\" content=\"Wsparcie dla zagro\u017conego projektu - Advisory Box\" \/>\n<meta property=\"og:description\" content=\"W jakiej sytuacji mo\u017cesz potrzebowa\u0107 us\u0142ugi?   Tw\u00f3j projekt, inwestycja dawno przekroczy\u0142 zak\u0142adany czas i bud\u017cet, a jego ko\u0144ca nie wida\u0107.  Kluczowy odbiorca lub sponsor zagrozi\u0142, \u017ce zerwie wsp\u00f3\u0142prac\u0119, je\u015bli nie zobaczy rezultat\u00f3w.  Co dostaniesz jako rezultat?   Wsparcie dla realizowanych w organizacji projekt\u00f3w, zagro\u017conych nieosi\u0105gni\u0119ciem swoich cel\u00f3w z powodu ich nieprawid\u0142owego okre\u015blenia i osadzenia w strukturze dzia\u0142ania firmy i realiach jej dzia\u0142ania.  Opracowanie karty projektu wraz z realistycznym uzasadnieniem biznesowym, okre\u015blenie struktury organizacyjnej projektu, zdefiniowanie struktury produkt\u00f3w projektu i g\u0142\u00f3wnych ryzyk.  Przygotowanie do komitetu steruj\u0105cego i podj\u0119cia decyzji o kontynuacji (rozpocz\u0119ciu) projektu lub jego zaniechaniu.   Zestaw roboczy dokument\u00f3w niezb\u0119dnych dla dalszego prowadzenie projektu i jego zarz\u0105dzania.  Jak wygl\u0105da realizacja?   Dotyczy dowolnych projekt\u00f3w zmian (strategicznych, organizacyjnych, produktowych, informatycznych, itp.) rozpocz\u0119tych i zagro\u017conych (np. op\u00f3\u017anionych lub z przekroczonym bud\u017cetem) oraz projekt\u00f3w koniecznych do jak najszybszego rozpocz\u0119cia.  Przygotowanie: okre\u015blenie listy projekt\u00f3w wymagaj\u0105cych wsparcia, przegl\u0105d sytuacji w obszarach projekt\u00f3w (szybka analiza), zebranie i analiza obecnej dokumentacji projektu i zasob\u00f3w osobowych w projekcie.  Opracowanie Karty Projektu - analiza i okre\u015blenie dla projektu: celu, uzasadnienia biznesowego, g\u0142\u00f3wnych produkt\u00f3w projektu i ich struktury (PBS), zakresu i wy\u0142\u0105cze\u0144 z niego, os\u00f3b odpowiedzialnych i horyzontu czasowego prac, bud\u017cetu (spodziewanych nak\u0142ad\u00f3w finansowych) i czasoch\u0142onno\u015bci (spodziewanych nak\u0142ad\u00f3w osobowych), kamieni milowych, struktury zarz\u0105dzania projektem (Komitetu Steruj\u0105cego), g\u0142\u00f3wnych ryzyk z planem post\u0119powania.  Komitet Steruj\u0105cy: opracowanie listy koniecznych decyzji dla kontynuacji (rozpocz\u0119cia) projektu, wsparcie podczas przeprowadzania Komitetu Steruj\u0105cego i podejmowania decyzji.Uwaga: oszacowanie inwestycji dotyczy ma\u0142ego lub \u015bredniego projektu.\" \/>\n<meta property=\"og:url\" content=\"https:\/\/advisory-box.com\/Start\/en\/p\/wsparcie-dla-zagrozonego-projektu\/\" \/>\n<meta property=\"og:site_name\" content=\"Advisory Box\" \/>\n<meta property=\"article:modified_time\" content=\"2021-07-09T15:25:33+00:00\" \/>\n<meta property=\"og:image\" content=\"https:\/\/advisory-box.com\/Start\/wp-content\/uploads\/2021\/03\/43.png\" \/>\n\t<meta property=\"og:image:width\" content=\"940\" \/>\n\t<meta property=\"og:image:height\" content=\"788\" \/>\n\t<meta property=\"og:image:type\" content=\"image\/png\" \/>\n<meta name=\"twitter:card\" content=\"summary_large_image\" \/>\n<script type=\"application\/ld+json\" class=\"yoast-schema-graph\">{\"@context\":\"https:\/\/schema.org\",\"@graph\":[{\"@type\":\"Organization\",\"@id\":\"https:\/\/advisory-box.com\/Start\/#organization\",\"name\":\"Advisory Box\",\"url\":\"https:\/\/advisory-box.com\/Start\/\",\"sameAs\":[],\"logo\":{\"@type\":\"ImageObject\",\"@id\":\"https:\/\/advisory-box.com\/Start\/#logo\",\"inLanguage\":\"en-US\",\"url\":\"\",\"contentUrl\":\"\",\"caption\":\"Advisory Box\"},\"image\":{\"@id\":\"https:\/\/advisory-box.com\/Start\/#logo\"}},{\"@type\":\"WebSite\",\"@id\":\"https:\/\/advisory-box.com\/Start\/#website\",\"url\":\"https:\/\/advisory-box.com\/Start\/\",\"name\":\"Advisory Box\",\"description\":\"\u0141aczymy przedsi\u0119biorc&oacute;w z najlepszymi ekspertami\",\"publisher\":{\"@id\":\"https:\/\/advisory-box.com\/Start\/#organization\"},\"potentialAction\":[{\"@type\":\"SearchAction\",\"target\":{\"@type\":\"EntryPoint\",\"urlTemplate\":\"https:\/\/advisory-box.com\/Start\/?s={search_term_string}\"},\"query-input\":\"required name=search_term_string\"}],\"inLanguage\":\"en-US\"},{\"@type\":\"ImageObject\",\"@id\":\"https:\/\/advisory-box.com\/Start\/en\/p\/wsparcie-dla-zagrozonego-projektu\/#primaryimage\",\"inLanguage\":\"en-US\",\"url\":\"https:\/\/advisory-box.com\/Start\/wp-content\/uploads\/2021\/03\/43.png\",\"contentUrl\":\"https:\/\/advisory-box.com\/Start\/wp-content\/uploads\/2021\/03\/43.png\",\"width\":940,\"height\":788},{\"@type\":\"WebPage\",\"@id\":\"https:\/\/advisory-box.com\/Start\/en\/p\/wsparcie-dla-zagrozonego-projektu\/#webpage\",\"url\":\"https:\/\/advisory-box.com\/Start\/en\/p\/wsparcie-dla-zagrozonego-projektu\/\",\"name\":\"Wsparcie dla zagro\u017conego projektu - Advisory Box\",\"isPartOf\":{\"@id\":\"https:\/\/advisory-box.com\/Start\/#website\"},\"primaryImageOfPage\":{\"@id\":\"https:\/\/advisory-box.com\/Start\/en\/p\/wsparcie-dla-zagrozonego-projektu\/#primaryimage\"},\"datePublished\":\"2020-12-20T16:40:26+00:00\",\"dateModified\":\"2021-07-09T15:25:33+00:00\",\"breadcrumb\":{\"@id\":\"https:\/\/advisory-box.com\/Start\/en\/p\/wsparcie-dla-zagrozonego-projektu\/#breadcrumb\"},\"inLanguage\":\"en-US\",\"potentialAction\":[{\"@type\":\"ReadAction\",\"target\":[\"https:\/\/advisory-box.com\/Start\/en\/p\/wsparcie-dla-zagrozonego-projektu\/\"]}]},{\"@type\":\"BreadcrumbList\",\"@id\":\"https:\/\/advisory-box.com\/Start\/en\/p\/wsparcie-dla-zagrozonego-projektu\/#breadcrumb\",\"itemListElement\":[{\"@type\":\"ListItem\",\"position\":1,\"name\":\"Strona g\u0142\u00f3wna\",\"item\":\"https:\/\/advisory-box.com\/Start\/\"},{\"@type\":\"ListItem\",\"position\":2,\"name\":\"sklep\",\"item\":\"https:\/\/advisory-box.com\/Start\/sklep\/\"},{\"@type\":\"ListItem\",\"position\":3,\"name\":\"Wsparcie dla zagro\u017conego projektu\"}]}]}<\/script>\n<!-- \/ Yoast SEO plugin. -->","yoast_head_json":{"title":"Wsparcie dla zagro\u017conego projektu - Advisory Box","robots":{"index":"index","follow":"follow","max-snippet":"max-snippet:-1","max-image-preview":"max-image-preview:large","max-video-preview":"max-video-preview:-1"},"canonical":"https:\/\/advisory-box.com\/Start\/en\/p\/wsparcie-dla-zagrozonego-projektu\/","og_locale":"en_US","og_type":"article","og_title":"Wsparcie dla zagro\u017conego projektu - Advisory Box","og_description":"W jakiej sytuacji mo\u017cesz potrzebowa\u0107 us\u0142ugi?   Tw\u00f3j projekt, inwestycja dawno przekroczy\u0142 zak\u0142adany czas i bud\u017cet, a jego ko\u0144ca nie wida\u0107.  Kluczowy odbiorca lub sponsor zagrozi\u0142, \u017ce zerwie wsp\u00f3\u0142prac\u0119, je\u015bli nie zobaczy rezultat\u00f3w.  Co dostaniesz jako rezultat?   Wsparcie dla realizowanych w organizacji projekt\u00f3w, zagro\u017conych nieosi\u0105gni\u0119ciem swoich cel\u00f3w z powodu ich nieprawid\u0142owego okre\u015blenia i osadzenia w strukturze dzia\u0142ania firmy i realiach jej dzia\u0142ania.  Opracowanie karty projektu wraz z realistycznym uzasadnieniem biznesowym, okre\u015blenie struktury organizacyjnej projektu, zdefiniowanie struktury produkt\u00f3w projektu i g\u0142\u00f3wnych ryzyk.  Przygotowanie do komitetu steruj\u0105cego i podj\u0119cia decyzji o kontynuacji (rozpocz\u0119ciu) projektu lub jego zaniechaniu.   Zestaw roboczy dokument\u00f3w niezb\u0119dnych dla dalszego prowadzenie projektu i jego zarz\u0105dzania.  Jak wygl\u0105da realizacja?   Dotyczy dowolnych projekt\u00f3w zmian (strategicznych, organizacyjnych, produktowych, informatycznych, itp.) rozpocz\u0119tych i zagro\u017conych (np. op\u00f3\u017anionych lub z przekroczonym bud\u017cetem) oraz projekt\u00f3w koniecznych do jak najszybszego rozpocz\u0119cia.  Przygotowanie: okre\u015blenie listy projekt\u00f3w wymagaj\u0105cych wsparcia, przegl\u0105d sytuacji w obszarach projekt\u00f3w (szybka analiza), zebranie i analiza obecnej dokumentacji projektu i zasob\u00f3w osobowych w projekcie.  Opracowanie Karty Projektu - analiza i okre\u015blenie dla projektu: celu, uzasadnienia biznesowego, g\u0142\u00f3wnych produkt\u00f3w projektu i ich struktury (PBS), zakresu i wy\u0142\u0105cze\u0144 z niego, os\u00f3b odpowiedzialnych i horyzontu czasowego prac, bud\u017cetu (spodziewanych nak\u0142ad\u00f3w finansowych) i czasoch\u0142onno\u015bci (spodziewanych nak\u0142ad\u00f3w osobowych), kamieni milowych, struktury zarz\u0105dzania projektem (Komitetu Steruj\u0105cego), g\u0142\u00f3wnych ryzyk z planem post\u0119powania.  Komitet Steruj\u0105cy: opracowanie listy koniecznych decyzji dla kontynuacji (rozpocz\u0119cia) projektu, wsparcie podczas przeprowadzania Komitetu Steruj\u0105cego i podejmowania decyzji.Uwaga: oszacowanie inwestycji dotyczy ma\u0142ego lub \u015bredniego projektu.","og_url":"https:\/\/advisory-box.com\/Start\/en\/p\/wsparcie-dla-zagrozonego-projektu\/","og_site_name":"Advisory Box","article_modified_time":"2021-07-09T15:25:33+00:00","og_image":[{"width":940,"height":788,"url":"https:\/\/advisory-box.com\/Start\/wp-content\/uploads\/2021\/03\/43.png","type":"image\/png"}],"twitter_card":"summary_large_image","schema":{"@context":"https:\/\/schema.org","@graph":[{"@type":"Organization","@id":"https:\/\/advisory-box.com\/Start\/#organization","name":"Advisory Box","url":"https:\/\/advisory-box.com\/Start\/","sameAs":[],"logo":{"@type":"ImageObject","@id":"https:\/\/advisory-box.com\/Start\/#logo","inLanguage":"en-US","url":"","contentUrl":"","caption":"Advisory Box"},"image":{"@id":"https:\/\/advisory-box.com\/Start\/#logo"}},{"@type":"WebSite","@id":"https:\/\/advisory-box.com\/Start\/#website","url":"https:\/\/advisory-box.com\/Start\/","name":"Advisory Box","description":"\u0141aczymy przedsi\u0119biorc&oacute;w z najlepszymi ekspertami","publisher":{"@id":"https:\/\/advisory-box.com\/Start\/#organization"},"potentialAction":[{"@type":"SearchAction","target":{"@type":"EntryPoint","urlTemplate":"https:\/\/advisory-box.com\/Start\/?s={search_term_string}"},"query-input":"required name=search_term_string"}],"inLanguage":"en-US"},{"@type":"ImageObject","@id":"https:\/\/advisory-box.com\/Start\/en\/p\/wsparcie-dla-zagrozonego-projektu\/#primaryimage","inLanguage":"en-US","url":"https:\/\/advisory-box.com\/Start\/wp-content\/uploads\/2021\/03\/43.png","contentUrl":"https:\/\/advisory-box.com\/Start\/wp-content\/uploads\/2021\/03\/43.png","width":940,"height":788},{"@type":"WebPage","@id":"https:\/\/advisory-box.com\/Start\/en\/p\/wsparcie-dla-zagrozonego-projektu\/#webpage","url":"https:\/\/advisory-box.com\/Start\/en\/p\/wsparcie-dla-zagrozonego-projektu\/","name":"Wsparcie dla zagro\u017conego projektu - Advisory Box","isPartOf":{"@id":"https:\/\/advisory-box.com\/Start\/#website"},"primaryImageOfPage":{"@id":"https:\/\/advisory-box.com\/Start\/en\/p\/wsparcie-dla-zagrozonego-projektu\/#primaryimage"},"datePublished":"2020-12-20T16:40:26+00:00","dateModified":"2021-07-09T15:25:33+00:00","breadcrumb":{"@id":"https:\/\/advisory-box.com\/Start\/en\/p\/wsparcie-dla-zagrozonego-projektu\/#breadcrumb"},"inLanguage":"en-US","potentialAction":[{"@type":"ReadAction","target":["https:\/\/advisory-box.com\/Start\/en\/p\/wsparcie-dla-zagrozonego-projektu\/"]}]},{"@type":"BreadcrumbList","@id":"https:\/\/advisory-box.com\/Start\/en\/p\/wsparcie-dla-zagrozonego-projektu\/#breadcrumb","itemListElement":[{"@type":"ListItem","position":1,"name":"Strona g\u0142\u00f3wna","item":"https:\/\/advisory-box.com\/Start\/"},{"@type":"ListItem","position":2,"name":"sklep","item":"https:\/\/advisory-box.com\/Start\/sklep\/"},{"@type":"ListItem","position":3,"name":"Wsparcie dla zagro\u017conego projektu"}]}]}},"_links":{"self":[{"href":"https:\/\/advisory-box.com\/Start\/en\/wp-json\/wp\/v2\/product\/2306","targetHints":{"allow":["GET"]}}],"collection":[{"href":"https:\/\/advisory-box.com\/Start\/en\/wp-json\/wp\/v2\/product"}],"about":[{"href":"https:\/\/advisory-box.com\/Start\/en\/wp-json\/wp\/v2\/types\/product"}],"version-history":[{"count":1,"href":"https:\/\/advisory-box.com\/Start\/en\/wp-json\/wp\/v2\/product\/2306\/revisions"}],"predecessor-version":[{"id":3198,"href":"https:\/\/advisory-box.com\/Start\/en\/wp-json\/wp\/v2\/product\/2306\/revisions\/3198"}],"wp:featuredmedia":[{"embeddable":true,"href":"https:\/\/advisory-box.com\/Start\/en\/wp-json\/wp\/v2\/media\/3192"}],"wp:attachment":[{"href":"https:\/\/advisory-box.com\/Start\/en\/wp-json\/wp\/v2\/media?parent=2306"}],"wp:term":[{"taxonomy":"product_cat","embeddable":true,"href":"https:\/\/advisory-box.com\/Start\/en\/wp-json\/wp\/v2\/product_cat?post=2306"},{"taxonomy":"product_tag","embeddable":true,"href":"https:\/\/advisory-box.com\/Start\/en\/wp-json\/wp\/v2\/product_tag?post=2306"}],"curies":[{"name":"wp","href":"https:\/\/api.w.org\/{rel}","templated":true}]}}