{"id":2315,"date":"2020-12-21T14:38:26","date_gmt":"2020-12-21T14:38:26","guid":{"rendered":"https:\/\/advisory-box.com\/Start\/?post_type=product&#038;p=2315"},"modified":"2021-07-09T15:13:41","modified_gmt":"2021-07-09T15:13:41","slug":"audyt-projektu-przezywajacego-klopoty","status":"publish","type":"product","link":"https:\/\/advisory-box.com\/Start\/en\/p\/audyt-projektu-przezywajacego-klopoty\/","title":{"rendered":"Audyt projektu prze\u017cywaj\u0105cego k\u0142opoty"},"content":{"rendered":"","protected":false},"excerpt":{"rendered":"<h3><span style=\"color: #c10000;\"><strong>W jakiej sytuacji mo\u017cesz potrzebowa\u0107 us\u0142ugi?<\/strong><\/span><\/h3>\n<ul>\n<li><span style=\"font-weight: 400;\">Wa\u017cny projekt nie przebiega tak jak powinien.<\/span><\/li>\n<li><span style=\"font-weight: 400;\">Masz poczucie, \u017ce nie do ko\u0144ca wiesz co robicie dobrze a co \u017ale.<\/span><\/li>\n<li><span style=\"font-weight: 400;\">Nie jeste\u015b pewien co zrobi\u0107 \u017ceby wyprowadzi\u0107 projekt na prost\u0105.<\/span><\/li>\n<\/ul>\n<h3><span style=\"color: #c10000;\"><strong>Co dostaniesz jako rezultat?<\/strong><\/span><\/h3>\n<ul>\n<li><span style=\"font-weight: 400;\">Diagnoz\u0119 do\u015bwiadczonego zewn\u0119trznego kierownika projekt\u00f3w wraz z rekomendacjami i list\u0105 dzia\u0142a\u0144 do przeprowadzenia.<\/span><\/li>\n<li><span style=\"font-weight: 400;\">Odniesienie zidentyfikowanych praktyk zastosowanych w projekcie do dobrych praktyk i standard\u00f3w zarz\u0105dzania projektami (PMBoK i PRINCE2).<\/span><\/li>\n<\/ul>\n<h3><span style=\"color: #c10000;\"><strong>Jak wygl\u0105da realizacja?<\/strong><\/span><\/h3>\n<ul>\n<li><span style=\"font-weight: 400;\">Przegl\u0105d dokumentacji projektowej.<\/span><\/li>\n<li><span style=\"font-weight: 400;\">Wywiady ze sponsorem, kierownikiem projektu i kluczowymi interesariuszami.<\/span><\/li>\n<li><span style=\"font-weight: 400;\">Check-lista dobrych i z\u0142ych praktyk w odniesieniu do standard\u00f3w zarz\u0105dzania projektami (PMBoK, PRINCE2).<\/span><\/li>\n<li><span style=\"font-weight: 400;\">Lista dzia\u0142a\u0144 rekomendowanych do wdro\u017cenia.<\/span><\/li>\n<\/ul>","protected":false},"featured_media":3188,"template":"","meta":[],"product_cat":[32],"product_tag":[91,74,90,51,73,50],"class_list":["post-2315","product","type-product","status-publish","has-post-thumbnail","hentry","product_cat-operacje-czyli-jak-dzialacie","product_tag-pmbok","product_tag-pmo","product_tag-prince2","product_tag-project-management","product_tag-project-manager","product_tag-zarzadzanie-projektami","pa_czas-realizacji-3-4-tygodni","pa_inwestycja-10-000-zl-14-000-zl"],"yoast_head":"<!-- This site is optimized with the Yoast SEO plugin v18.4.1 - https:\/\/yoast.com\/wordpress\/plugins\/seo\/ -->\n<title>Audyt projektu prze\u017cywaj\u0105cego k\u0142opoty - Advisory Box<\/title>\n<meta name=\"robots\" content=\"index, follow, max-snippet:-1, max-image-preview:large, max-video-preview:-1\" \/>\n<link rel=\"canonical\" href=\"https:\/\/advisory-box.com\/Start\/en\/p\/audyt-projektu-przezywajacego-klopoty\/\" \/>\n<meta property=\"og:locale\" content=\"en_US\" \/>\n<meta property=\"og:type\" content=\"article\" \/>\n<meta property=\"og:title\" content=\"Audyt projektu prze\u017cywaj\u0105cego k\u0142opoty - Advisory Box\" \/>\n<meta property=\"og:description\" content=\"W jakiej sytuacji mo\u017cesz potrzebowa\u0107 us\u0142ugi?   Wa\u017cny projekt nie przebiega tak jak powinien.  Masz poczucie, \u017ce nie do ko\u0144ca wiesz co robicie dobrze a co \u017ale.  Nie jeste\u015b pewien co zrobi\u0107 \u017ceby wyprowadzi\u0107 projekt na prost\u0105.  Co dostaniesz jako rezultat?   Diagnoz\u0119 do\u015bwiadczonego zewn\u0119trznego kierownika projekt\u00f3w wraz z rekomendacjami i list\u0105 dzia\u0142a\u0144 do przeprowadzenia.  Odniesienie zidentyfikowanych praktyk zastosowanych w projekcie do dobrych praktyk i standard\u00f3w zarz\u0105dzania projektami (PMBoK i PRINCE2).  Jak wygl\u0105da realizacja?   Przegl\u0105d dokumentacji projektowej.  Wywiady ze sponsorem, kierownikiem projektu i kluczowymi interesariuszami.  Check-lista dobrych i z\u0142ych praktyk w odniesieniu do standard\u00f3w zarz\u0105dzania projektami (PMBoK, PRINCE2).  Lista dzia\u0142a\u0144 rekomendowanych do wdro\u017cenia.\" \/>\n<meta property=\"og:url\" content=\"https:\/\/advisory-box.com\/Start\/en\/p\/audyt-projektu-przezywajacego-klopoty\/\" \/>\n<meta property=\"og:site_name\" content=\"Advisory Box\" \/>\n<meta property=\"article:modified_time\" content=\"2021-07-09T15:13:41+00:00\" \/>\n<meta property=\"og:image\" content=\"https:\/\/advisory-box.com\/Start\/wp-content\/uploads\/2021\/03\/39.png\" \/>\n\t<meta property=\"og:image:width\" content=\"940\" \/>\n\t<meta property=\"og:image:height\" content=\"788\" \/>\n\t<meta property=\"og:image:type\" content=\"image\/png\" \/>\n<meta name=\"twitter:card\" content=\"summary_large_image\" \/>\n<script type=\"application\/ld+json\" class=\"yoast-schema-graph\">{\"@context\":\"https:\/\/schema.org\",\"@graph\":[{\"@type\":\"Organization\",\"@id\":\"https:\/\/advisory-box.com\/Start\/#organization\",\"name\":\"Advisory Box\",\"url\":\"https:\/\/advisory-box.com\/Start\/\",\"sameAs\":[],\"logo\":{\"@type\":\"ImageObject\",\"@id\":\"https:\/\/advisory-box.com\/Start\/#logo\",\"inLanguage\":\"en-US\",\"url\":\"\",\"contentUrl\":\"\",\"caption\":\"Advisory Box\"},\"image\":{\"@id\":\"https:\/\/advisory-box.com\/Start\/#logo\"}},{\"@type\":\"WebSite\",\"@id\":\"https:\/\/advisory-box.com\/Start\/#website\",\"url\":\"https:\/\/advisory-box.com\/Start\/\",\"name\":\"Advisory Box\",\"description\":\"\u0141aczymy przedsi\u0119biorc&oacute;w z najlepszymi ekspertami\",\"publisher\":{\"@id\":\"https:\/\/advisory-box.com\/Start\/#organization\"},\"potentialAction\":[{\"@type\":\"SearchAction\",\"target\":{\"@type\":\"EntryPoint\",\"urlTemplate\":\"https:\/\/advisory-box.com\/Start\/?s={search_term_string}\"},\"query-input\":\"required name=search_term_string\"}],\"inLanguage\":\"en-US\"},{\"@type\":\"ImageObject\",\"@id\":\"https:\/\/advisory-box.com\/Start\/en\/p\/audyt-projektu-przezywajacego-klopoty\/#primaryimage\",\"inLanguage\":\"en-US\",\"url\":\"https:\/\/advisory-box.com\/Start\/wp-content\/uploads\/2021\/03\/39.png\",\"contentUrl\":\"https:\/\/advisory-box.com\/Start\/wp-content\/uploads\/2021\/03\/39.png\",\"width\":940,\"height\":788},{\"@type\":\"WebPage\",\"@id\":\"https:\/\/advisory-box.com\/Start\/en\/p\/audyt-projektu-przezywajacego-klopoty\/#webpage\",\"url\":\"https:\/\/advisory-box.com\/Start\/en\/p\/audyt-projektu-przezywajacego-klopoty\/\",\"name\":\"Audyt projektu prze\u017cywaj\u0105cego k\u0142opoty - Advisory Box\",\"isPartOf\":{\"@id\":\"https:\/\/advisory-box.com\/Start\/#website\"},\"primaryImageOfPage\":{\"@id\":\"https:\/\/advisory-box.com\/Start\/en\/p\/audyt-projektu-przezywajacego-klopoty\/#primaryimage\"},\"datePublished\":\"2020-12-21T14:38:26+00:00\",\"dateModified\":\"2021-07-09T15:13:41+00:00\",\"breadcrumb\":{\"@id\":\"https:\/\/advisory-box.com\/Start\/en\/p\/audyt-projektu-przezywajacego-klopoty\/#breadcrumb\"},\"inLanguage\":\"en-US\",\"potentialAction\":[{\"@type\":\"ReadAction\",\"target\":[\"https:\/\/advisory-box.com\/Start\/en\/p\/audyt-projektu-przezywajacego-klopoty\/\"]}]},{\"@type\":\"BreadcrumbList\",\"@id\":\"https:\/\/advisory-box.com\/Start\/en\/p\/audyt-projektu-przezywajacego-klopoty\/#breadcrumb\",\"itemListElement\":[{\"@type\":\"ListItem\",\"position\":1,\"name\":\"Strona g\u0142\u00f3wna\",\"item\":\"https:\/\/advisory-box.com\/Start\/\"},{\"@type\":\"ListItem\",\"position\":2,\"name\":\"sklep\",\"item\":\"https:\/\/advisory-box.com\/Start\/sklep\/\"},{\"@type\":\"ListItem\",\"position\":3,\"name\":\"Audyt projektu prze\u017cywaj\u0105cego k\u0142opoty\"}]}]}<\/script>\n<!-- \/ Yoast SEO plugin. -->","yoast_head_json":{"title":"Audyt projektu prze\u017cywaj\u0105cego k\u0142opoty - Advisory Box","robots":{"index":"index","follow":"follow","max-snippet":"max-snippet:-1","max-image-preview":"max-image-preview:large","max-video-preview":"max-video-preview:-1"},"canonical":"https:\/\/advisory-box.com\/Start\/en\/p\/audyt-projektu-przezywajacego-klopoty\/","og_locale":"en_US","og_type":"article","og_title":"Audyt projektu prze\u017cywaj\u0105cego k\u0142opoty - Advisory Box","og_description":"W jakiej sytuacji mo\u017cesz potrzebowa\u0107 us\u0142ugi?   Wa\u017cny projekt nie przebiega tak jak powinien.  Masz poczucie, \u017ce nie do ko\u0144ca wiesz co robicie dobrze a co \u017ale.  Nie jeste\u015b pewien co zrobi\u0107 \u017ceby wyprowadzi\u0107 projekt na prost\u0105.  Co dostaniesz jako rezultat?   Diagnoz\u0119 do\u015bwiadczonego zewn\u0119trznego kierownika projekt\u00f3w wraz z rekomendacjami i list\u0105 dzia\u0142a\u0144 do przeprowadzenia.  Odniesienie zidentyfikowanych praktyk zastosowanych w projekcie do dobrych praktyk i standard\u00f3w zarz\u0105dzania projektami (PMBoK i PRINCE2).  Jak wygl\u0105da realizacja?   Przegl\u0105d dokumentacji projektowej.  Wywiady ze sponsorem, kierownikiem projektu i kluczowymi interesariuszami.  Check-lista dobrych i z\u0142ych praktyk w odniesieniu do standard\u00f3w zarz\u0105dzania projektami (PMBoK, PRINCE2).  Lista dzia\u0142a\u0144 rekomendowanych do wdro\u017cenia.","og_url":"https:\/\/advisory-box.com\/Start\/en\/p\/audyt-projektu-przezywajacego-klopoty\/","og_site_name":"Advisory Box","article_modified_time":"2021-07-09T15:13:41+00:00","og_image":[{"width":940,"height":788,"url":"https:\/\/advisory-box.com\/Start\/wp-content\/uploads\/2021\/03\/39.png","type":"image\/png"}],"twitter_card":"summary_large_image","schema":{"@context":"https:\/\/schema.org","@graph":[{"@type":"Organization","@id":"https:\/\/advisory-box.com\/Start\/#organization","name":"Advisory Box","url":"https:\/\/advisory-box.com\/Start\/","sameAs":[],"logo":{"@type":"ImageObject","@id":"https:\/\/advisory-box.com\/Start\/#logo","inLanguage":"en-US","url":"","contentUrl":"","caption":"Advisory Box"},"image":{"@id":"https:\/\/advisory-box.com\/Start\/#logo"}},{"@type":"WebSite","@id":"https:\/\/advisory-box.com\/Start\/#website","url":"https:\/\/advisory-box.com\/Start\/","name":"Advisory Box","description":"\u0141aczymy przedsi\u0119biorc&oacute;w z najlepszymi ekspertami","publisher":{"@id":"https:\/\/advisory-box.com\/Start\/#organization"},"potentialAction":[{"@type":"SearchAction","target":{"@type":"EntryPoint","urlTemplate":"https:\/\/advisory-box.com\/Start\/?s={search_term_string}"},"query-input":"required name=search_term_string"}],"inLanguage":"en-US"},{"@type":"ImageObject","@id":"https:\/\/advisory-box.com\/Start\/en\/p\/audyt-projektu-przezywajacego-klopoty\/#primaryimage","inLanguage":"en-US","url":"https:\/\/advisory-box.com\/Start\/wp-content\/uploads\/2021\/03\/39.png","contentUrl":"https:\/\/advisory-box.com\/Start\/wp-content\/uploads\/2021\/03\/39.png","width":940,"height":788},{"@type":"WebPage","@id":"https:\/\/advisory-box.com\/Start\/en\/p\/audyt-projektu-przezywajacego-klopoty\/#webpage","url":"https:\/\/advisory-box.com\/Start\/en\/p\/audyt-projektu-przezywajacego-klopoty\/","name":"Audyt projektu prze\u017cywaj\u0105cego k\u0142opoty - Advisory Box","isPartOf":{"@id":"https:\/\/advisory-box.com\/Start\/#website"},"primaryImageOfPage":{"@id":"https:\/\/advisory-box.com\/Start\/en\/p\/audyt-projektu-przezywajacego-klopoty\/#primaryimage"},"datePublished":"2020-12-21T14:38:26+00:00","dateModified":"2021-07-09T15:13:41+00:00","breadcrumb":{"@id":"https:\/\/advisory-box.com\/Start\/en\/p\/audyt-projektu-przezywajacego-klopoty\/#breadcrumb"},"inLanguage":"en-US","potentialAction":[{"@type":"ReadAction","target":["https:\/\/advisory-box.com\/Start\/en\/p\/audyt-projektu-przezywajacego-klopoty\/"]}]},{"@type":"BreadcrumbList","@id":"https:\/\/advisory-box.com\/Start\/en\/p\/audyt-projektu-przezywajacego-klopoty\/#breadcrumb","itemListElement":[{"@type":"ListItem","position":1,"name":"Strona g\u0142\u00f3wna","item":"https:\/\/advisory-box.com\/Start\/"},{"@type":"ListItem","position":2,"name":"sklep","item":"https:\/\/advisory-box.com\/Start\/sklep\/"},{"@type":"ListItem","position":3,"name":"Audyt projektu prze\u017cywaj\u0105cego k\u0142opoty"}]}]}},"_links":{"self":[{"href":"https:\/\/advisory-box.com\/Start\/en\/wp-json\/wp\/v2\/product\/2315","targetHints":{"allow":["GET"]}}],"collection":[{"href":"https:\/\/advisory-box.com\/Start\/en\/wp-json\/wp\/v2\/product"}],"about":[{"href":"https:\/\/advisory-box.com\/Start\/en\/wp-json\/wp\/v2\/types\/product"}],"version-history":[{"count":1,"href":"https:\/\/advisory-box.com\/Start\/en\/wp-json\/wp\/v2\/product\/2315\/revisions"}],"predecessor-version":[{"id":3196,"href":"https:\/\/advisory-box.com\/Start\/en\/wp-json\/wp\/v2\/product\/2315\/revisions\/3196"}],"wp:featuredmedia":[{"embeddable":true,"href":"https:\/\/advisory-box.com\/Start\/en\/wp-json\/wp\/v2\/media\/3188"}],"wp:attachment":[{"href":"https:\/\/advisory-box.com\/Start\/en\/wp-json\/wp\/v2\/media?parent=2315"}],"wp:term":[{"taxonomy":"product_cat","embeddable":true,"href":"https:\/\/advisory-box.com\/Start\/en\/wp-json\/wp\/v2\/product_cat?post=2315"},{"taxonomy":"product_tag","embeddable":true,"href":"https:\/\/advisory-box.com\/Start\/en\/wp-json\/wp\/v2\/product_tag?post=2315"}],"curies":[{"name":"wp","href":"https:\/\/api.w.org\/{rel}","templated":true}]}}