{"id":2394,"date":"2021-01-15T16:58:26","date_gmt":"2021-01-15T16:58:26","guid":{"rendered":"https:\/\/advisory-box.com\/Start\/?post_type=product&#038;p=2394"},"modified":"2021-07-09T15:29:29","modified_gmt":"2021-07-09T15:29:29","slug":"restrukturyzacja-finansowa","status":"publish","type":"product","link":"https:\/\/advisory-box.com\/Start\/en\/p\/restrukturyzacja-finansowa\/","title":{"rendered":"Restrukturyzacja finansowa"},"content":{"rendered":"","protected":false},"excerpt":{"rendered":"<h3><span style=\"color: #c10000;\"><strong>W jakiej sytuacji mo\u017cesz potrzebowa\u0107 us\u0142ugi?<\/strong><\/span><\/h3>\n<ul>\n<li>Problemy w funkcjonowaniu firmy maj\u0105ce swoje \u017ar\u00f3d\u0142o lub przejawiaj\u0105ce si\u0119 w pogarszaniu sytuacji finansowej.<\/li>\n<\/ul>\n<h3><span style=\"color: #c10000;\"><strong>Co dostaniesz jako rezultat?<\/strong><\/span><\/h3>\n<ul>\n<li>Wskazanie najistotniejszych problem\u00f3w oraz mo\u017cliwo\u015bci poprawy (narz\u0119dzia).<\/li>\n<li>Je\u015bli istnieje taka konieczno\u015b\u0107 tak\u017ce rekomendacja rozwi\u0105za\u0144 na drodze prawnej (ugody cywilne, wyb\u00f3r jednej z form s\u0105dowej ochrony\/ restrukturyzacji).<\/li>\n<li>Wskazanie czy konieczne jest podj\u0119cie dzia\u0142a\u0144 w celu ochrony Zarz\u0105du przed odpowiedzialno\u015bci\u0105 maj\u0105tkow\u0105.<\/li>\n<\/ul>\n<h3><span style=\"color: #c10000;\"><strong>Jak wygl\u0105da realizacja?<\/strong><\/span><\/h3>\n<ul>\n<li>Wywiad u klienta (CEO i CFO).<\/li>\n<li>Analiza dokument\u00f3w.<\/li>\n<li>Przedstawienie rekomendacji.<\/li>\n<\/ul>","protected":false},"featured_media":3184,"template":"","meta":[],"product_cat":[31],"product_tag":[84,85,88,38,86,95,27],"class_list":["post-2394","product","type-product","status-publish","has-post-thumbnail","hentry","product_cat-finanse-czyli-twoje-pieniadze","product_tag-audyt","product_tag-budzet","product_tag-cfo","product_tag-finanse","product_tag-planowanie-finansowe","product_tag-restrukturyzacja","product_tag-rozwoj","pa_czas-realizacji-3-4-tygodni","pa_inwestycja-10-000-zl-14-000-zl"],"yoast_head":"<!-- This site is optimized with the Yoast SEO plugin v18.4.1 - https:\/\/yoast.com\/wordpress\/plugins\/seo\/ -->\n<title>Restrukturyzacja finansowa - Advisory Box<\/title>\n<meta name=\"robots\" content=\"index, follow, max-snippet:-1, max-image-preview:large, max-video-preview:-1\" \/>\n<link rel=\"canonical\" href=\"https:\/\/advisory-box.com\/Start\/en\/p\/restrukturyzacja-finansowa\/\" \/>\n<meta property=\"og:locale\" content=\"en_US\" \/>\n<meta property=\"og:type\" content=\"article\" \/>\n<meta property=\"og:title\" content=\"Restrukturyzacja finansowa - Advisory Box\" \/>\n<meta property=\"og:description\" content=\"W jakiej sytuacji mo\u017cesz potrzebowa\u0107 us\u0142ugi?   Problemy w funkcjonowaniu firmy maj\u0105ce swoje \u017ar\u00f3d\u0142o lub przejawiaj\u0105ce si\u0119 w pogarszaniu sytuacji finansowej.  Co dostaniesz jako rezultat?   Wskazanie najistotniejszych problem\u00f3w oraz mo\u017cliwo\u015bci poprawy (narz\u0119dzia).  Je\u015bli istnieje taka konieczno\u015b\u0107 tak\u017ce rekomendacja rozwi\u0105za\u0144 na drodze prawnej (ugody cywilne, wyb\u00f3r jednej z form s\u0105dowej ochrony\/ restrukturyzacji).  Wskazanie czy konieczne jest podj\u0119cie dzia\u0142a\u0144 w celu ochrony Zarz\u0105du przed odpowiedzialno\u015bci\u0105 maj\u0105tkow\u0105.  Jak wygl\u0105da realizacja?   Wywiad u klienta (CEO i CFO).  Analiza dokument\u00f3w.  Przedstawienie rekomendacji.\" \/>\n<meta property=\"og:url\" content=\"https:\/\/advisory-box.com\/Start\/en\/p\/restrukturyzacja-finansowa\/\" \/>\n<meta property=\"og:site_name\" content=\"Advisory Box\" \/>\n<meta property=\"article:modified_time\" content=\"2021-07-09T15:29:29+00:00\" \/>\n<meta property=\"og:image\" content=\"https:\/\/advisory-box.com\/Start\/wp-content\/uploads\/2021\/03\/35.png\" \/>\n\t<meta property=\"og:image:width\" content=\"940\" \/>\n\t<meta property=\"og:image:height\" content=\"788\" \/>\n\t<meta property=\"og:image:type\" content=\"image\/png\" \/>\n<meta name=\"twitter:card\" content=\"summary_large_image\" \/>\n<script type=\"application\/ld+json\" class=\"yoast-schema-graph\">{\"@context\":\"https:\/\/schema.org\",\"@graph\":[{\"@type\":\"Organization\",\"@id\":\"https:\/\/advisory-box.com\/Start\/#organization\",\"name\":\"Advisory Box\",\"url\":\"https:\/\/advisory-box.com\/Start\/\",\"sameAs\":[],\"logo\":{\"@type\":\"ImageObject\",\"@id\":\"https:\/\/advisory-box.com\/Start\/#logo\",\"inLanguage\":\"en-US\",\"url\":\"\",\"contentUrl\":\"\",\"caption\":\"Advisory Box\"},\"image\":{\"@id\":\"https:\/\/advisory-box.com\/Start\/#logo\"}},{\"@type\":\"WebSite\",\"@id\":\"https:\/\/advisory-box.com\/Start\/#website\",\"url\":\"https:\/\/advisory-box.com\/Start\/\",\"name\":\"Advisory Box\",\"description\":\"\u0141aczymy przedsi\u0119biorc&oacute;w z najlepszymi ekspertami\",\"publisher\":{\"@id\":\"https:\/\/advisory-box.com\/Start\/#organization\"},\"potentialAction\":[{\"@type\":\"SearchAction\",\"target\":{\"@type\":\"EntryPoint\",\"urlTemplate\":\"https:\/\/advisory-box.com\/Start\/?s={search_term_string}\"},\"query-input\":\"required name=search_term_string\"}],\"inLanguage\":\"en-US\"},{\"@type\":\"ImageObject\",\"@id\":\"https:\/\/advisory-box.com\/Start\/en\/p\/restrukturyzacja-finansowa\/#primaryimage\",\"inLanguage\":\"en-US\",\"url\":\"https:\/\/advisory-box.com\/Start\/wp-content\/uploads\/2021\/03\/35.png\",\"contentUrl\":\"https:\/\/advisory-box.com\/Start\/wp-content\/uploads\/2021\/03\/35.png\",\"width\":940,\"height\":788},{\"@type\":\"WebPage\",\"@id\":\"https:\/\/advisory-box.com\/Start\/en\/p\/restrukturyzacja-finansowa\/#webpage\",\"url\":\"https:\/\/advisory-box.com\/Start\/en\/p\/restrukturyzacja-finansowa\/\",\"name\":\"Restrukturyzacja finansowa - Advisory Box\",\"isPartOf\":{\"@id\":\"https:\/\/advisory-box.com\/Start\/#website\"},\"primaryImageOfPage\":{\"@id\":\"https:\/\/advisory-box.com\/Start\/en\/p\/restrukturyzacja-finansowa\/#primaryimage\"},\"datePublished\":\"2021-01-15T16:58:26+00:00\",\"dateModified\":\"2021-07-09T15:29:29+00:00\",\"breadcrumb\":{\"@id\":\"https:\/\/advisory-box.com\/Start\/en\/p\/restrukturyzacja-finansowa\/#breadcrumb\"},\"inLanguage\":\"en-US\",\"potentialAction\":[{\"@type\":\"ReadAction\",\"target\":[\"https:\/\/advisory-box.com\/Start\/en\/p\/restrukturyzacja-finansowa\/\"]}]},{\"@type\":\"BreadcrumbList\",\"@id\":\"https:\/\/advisory-box.com\/Start\/en\/p\/restrukturyzacja-finansowa\/#breadcrumb\",\"itemListElement\":[{\"@type\":\"ListItem\",\"position\":1,\"name\":\"Strona g\u0142\u00f3wna\",\"item\":\"https:\/\/advisory-box.com\/Start\/\"},{\"@type\":\"ListItem\",\"position\":2,\"name\":\"sklep\",\"item\":\"https:\/\/advisory-box.com\/Start\/sklep\/\"},{\"@type\":\"ListItem\",\"position\":3,\"name\":\"Restrukturyzacja finansowa\"}]}]}<\/script>\n<!-- \/ Yoast SEO plugin. -->","yoast_head_json":{"title":"Restrukturyzacja finansowa - Advisory Box","robots":{"index":"index","follow":"follow","max-snippet":"max-snippet:-1","max-image-preview":"max-image-preview:large","max-video-preview":"max-video-preview:-1"},"canonical":"https:\/\/advisory-box.com\/Start\/en\/p\/restrukturyzacja-finansowa\/","og_locale":"en_US","og_type":"article","og_title":"Restrukturyzacja finansowa - Advisory Box","og_description":"W jakiej sytuacji mo\u017cesz potrzebowa\u0107 us\u0142ugi?   Problemy w funkcjonowaniu firmy maj\u0105ce swoje \u017ar\u00f3d\u0142o lub przejawiaj\u0105ce si\u0119 w pogarszaniu sytuacji finansowej.  Co dostaniesz jako rezultat?   Wskazanie najistotniejszych problem\u00f3w oraz mo\u017cliwo\u015bci poprawy (narz\u0119dzia).  Je\u015bli istnieje taka konieczno\u015b\u0107 tak\u017ce rekomendacja rozwi\u0105za\u0144 na drodze prawnej (ugody cywilne, wyb\u00f3r jednej z form s\u0105dowej ochrony\/ restrukturyzacji).  Wskazanie czy konieczne jest podj\u0119cie dzia\u0142a\u0144 w celu ochrony Zarz\u0105du przed odpowiedzialno\u015bci\u0105 maj\u0105tkow\u0105.  Jak wygl\u0105da realizacja?   Wywiad u klienta (CEO i CFO).  Analiza dokument\u00f3w.  Przedstawienie rekomendacji.","og_url":"https:\/\/advisory-box.com\/Start\/en\/p\/restrukturyzacja-finansowa\/","og_site_name":"Advisory Box","article_modified_time":"2021-07-09T15:29:29+00:00","og_image":[{"width":940,"height":788,"url":"https:\/\/advisory-box.com\/Start\/wp-content\/uploads\/2021\/03\/35.png","type":"image\/png"}],"twitter_card":"summary_large_image","schema":{"@context":"https:\/\/schema.org","@graph":[{"@type":"Organization","@id":"https:\/\/advisory-box.com\/Start\/#organization","name":"Advisory Box","url":"https:\/\/advisory-box.com\/Start\/","sameAs":[],"logo":{"@type":"ImageObject","@id":"https:\/\/advisory-box.com\/Start\/#logo","inLanguage":"en-US","url":"","contentUrl":"","caption":"Advisory Box"},"image":{"@id":"https:\/\/advisory-box.com\/Start\/#logo"}},{"@type":"WebSite","@id":"https:\/\/advisory-box.com\/Start\/#website","url":"https:\/\/advisory-box.com\/Start\/","name":"Advisory Box","description":"\u0141aczymy przedsi\u0119biorc&oacute;w z najlepszymi ekspertami","publisher":{"@id":"https:\/\/advisory-box.com\/Start\/#organization"},"potentialAction":[{"@type":"SearchAction","target":{"@type":"EntryPoint","urlTemplate":"https:\/\/advisory-box.com\/Start\/?s={search_term_string}"},"query-input":"required name=search_term_string"}],"inLanguage":"en-US"},{"@type":"ImageObject","@id":"https:\/\/advisory-box.com\/Start\/en\/p\/restrukturyzacja-finansowa\/#primaryimage","inLanguage":"en-US","url":"https:\/\/advisory-box.com\/Start\/wp-content\/uploads\/2021\/03\/35.png","contentUrl":"https:\/\/advisory-box.com\/Start\/wp-content\/uploads\/2021\/03\/35.png","width":940,"height":788},{"@type":"WebPage","@id":"https:\/\/advisory-box.com\/Start\/en\/p\/restrukturyzacja-finansowa\/#webpage","url":"https:\/\/advisory-box.com\/Start\/en\/p\/restrukturyzacja-finansowa\/","name":"Restrukturyzacja finansowa - Advisory Box","isPartOf":{"@id":"https:\/\/advisory-box.com\/Start\/#website"},"primaryImageOfPage":{"@id":"https:\/\/advisory-box.com\/Start\/en\/p\/restrukturyzacja-finansowa\/#primaryimage"},"datePublished":"2021-01-15T16:58:26+00:00","dateModified":"2021-07-09T15:29:29+00:00","breadcrumb":{"@id":"https:\/\/advisory-box.com\/Start\/en\/p\/restrukturyzacja-finansowa\/#breadcrumb"},"inLanguage":"en-US","potentialAction":[{"@type":"ReadAction","target":["https:\/\/advisory-box.com\/Start\/en\/p\/restrukturyzacja-finansowa\/"]}]},{"@type":"BreadcrumbList","@id":"https:\/\/advisory-box.com\/Start\/en\/p\/restrukturyzacja-finansowa\/#breadcrumb","itemListElement":[{"@type":"ListItem","position":1,"name":"Strona g\u0142\u00f3wna","item":"https:\/\/advisory-box.com\/Start\/"},{"@type":"ListItem","position":2,"name":"sklep","item":"https:\/\/advisory-box.com\/Start\/sklep\/"},{"@type":"ListItem","position":3,"name":"Restrukturyzacja finansowa"}]}]}},"_links":{"self":[{"href":"https:\/\/advisory-box.com\/Start\/en\/wp-json\/wp\/v2\/product\/2394","targetHints":{"allow":["GET"]}}],"collection":[{"href":"https:\/\/advisory-box.com\/Start\/en\/wp-json\/wp\/v2\/product"}],"about":[{"href":"https:\/\/advisory-box.com\/Start\/en\/wp-json\/wp\/v2\/types\/product"}],"version-history":[{"count":1,"href":"https:\/\/advisory-box.com\/Start\/en\/wp-json\/wp\/v2\/product\/2394\/revisions"}],"predecessor-version":[{"id":3201,"href":"https:\/\/advisory-box.com\/Start\/en\/wp-json\/wp\/v2\/product\/2394\/revisions\/3201"}],"wp:featuredmedia":[{"embeddable":true,"href":"https:\/\/advisory-box.com\/Start\/en\/wp-json\/wp\/v2\/media\/3184"}],"wp:attachment":[{"href":"https:\/\/advisory-box.com\/Start\/en\/wp-json\/wp\/v2\/media?parent=2394"}],"wp:term":[{"taxonomy":"product_cat","embeddable":true,"href":"https:\/\/advisory-box.com\/Start\/en\/wp-json\/wp\/v2\/product_cat?post=2394"},{"taxonomy":"product_tag","embeddable":true,"href":"https:\/\/advisory-box.com\/Start\/en\/wp-json\/wp\/v2\/product_tag?post=2394"}],"curies":[{"name":"wp","href":"https:\/\/api.w.org\/{rel}","templated":true}]}}