{"id":2395,"date":"2021-01-15T17:14:49","date_gmt":"2021-01-15T17:14:49","guid":{"rendered":"https:\/\/advisory-box.com\/Start\/?post_type=product&#038;p=2395"},"modified":"2021-07-09T15:29:00","modified_gmt":"2021-07-09T15:29:00","slug":"recepta-na-stagnacje-w-biznesie","status":"publish","type":"product","link":"https:\/\/advisory-box.com\/Start\/en\/p\/recepta-na-stagnacje-w-biznesie\/","title":{"rendered":"Analiza potencja\u0142u rozwoju biznesu"},"content":{"rendered":"<h2>w momencie stagnacji<\/h2>","protected":false},"excerpt":{"rendered":"<h3><span style=\"color: #c10000;\"><strong>W jakiej sytuacji mo\u017cesz potrzebowa\u0107 us\u0142ugi?<\/strong><\/span><\/h3>\n<ul>\n<li><span style=\"font-weight: 400;\">Sp\u00f3\u0142ka rozwin\u0119\u0142a si\u0119 w relatywnie szybkim tempie i dostrzegalna jest stagnacja biznesu. <\/span><\/li>\n<li><span style=\"font-weight: 400;\">Pojawi\u0142a si\u0119 potrzeba wdro\u017cenia inicjatyw maj\u0105cych na celu rozw\u00f3j Sp\u00f3\u0142ki.<\/span><\/li>\n<\/ul>\n<h3><span style=\"color: #c10000;\"><strong>Co dostaniesz jako rezultat?<\/strong><\/span><\/h3>\n<ul>\n<li><span style=\"font-weight: 400;\">Analiza potencja\u0142u rozwoju\/optymalizacji biznesu. <\/span><\/li>\n<li><span style=\"font-weight: 400;\">Rozw\u00f3j proces\u00f3w raportowania i kontrolingu dostosowany do modelu biznesowego Sp\u00f3\u0142ki.<\/span><\/li>\n<\/ul>\n<h3><span style=\"color: #c10000;\"><strong>Jak wygl\u0105da realizacja?<\/strong><\/span><\/h3>\n<p><span style=\"font-weight: 400;\">Analiza modelu biznesowego:<\/span><\/p>\n<ul>\n<li><span style=\"font-weight: 400;\">skr\u00f3cona diagnoza sprzeda\u017cy\/ analiza produktowa vs. rynek,<\/span><\/li>\n<li><span style=\"font-weight: 400;\"> skr\u00f3cona diagnoza finansowa,<\/span><\/li>\n<li><span style=\"font-weight: 400;\"> analiza g\u0142\u00f3wnych proces\u00f3w dzia\u0142alno\u015bci Sp\u00f3\u0142ki,<\/span><\/li>\n<li><span style=\"font-weight: 400;\"> podsumowanie diagnozy strategicznej,<\/span><\/li>\n<li><span style=\"font-weight: 400;\"> rekomendacje strategiczne.<\/span><\/li>\n<\/ul>","protected":false},"featured_media":3183,"template":"","meta":[],"product_cat":[31],"product_tag":[88,38,96,86,56,27],"class_list":["post-2395","product","type-product","status-publish","has-post-thumbnail","hentry","product_cat-finanse-czyli-twoje-pieniadze","product_tag-cfo","product_tag-finanse","product_tag-kontroling","product_tag-planowanie-finansowe","product_tag-raportowanie","product_tag-rozwoj","pa_czas-realizacji-4-6-tygodni","pa_inwestycja-10-000-zl-14-000-zl"],"yoast_head":"<!-- This site is optimized with the Yoast SEO plugin v18.4.1 - https:\/\/yoast.com\/wordpress\/plugins\/seo\/ -->\n<title>Analiza potencja\u0142u rozwoju biznesu - Advisory Box<\/title>\n<meta name=\"robots\" content=\"index, follow, max-snippet:-1, max-image-preview:large, max-video-preview:-1\" \/>\n<link rel=\"canonical\" href=\"https:\/\/advisory-box.com\/Start\/en\/p\/recepta-na-stagnacje-w-biznesie\/\" \/>\n<meta property=\"og:locale\" content=\"en_US\" \/>\n<meta property=\"og:type\" content=\"article\" \/>\n<meta property=\"og:title\" content=\"Analiza potencja\u0142u rozwoju biznesu - Advisory Box\" \/>\n<meta property=\"og:description\" content=\"W jakiej sytuacji mo\u017cesz potrzebowa\u0107 us\u0142ugi?   Sp\u00f3\u0142ka rozwin\u0119\u0142a si\u0119 w relatywnie szybkim tempie i dostrzegalna jest stagnacja biznesu.   Pojawi\u0142a si\u0119 potrzeba wdro\u017cenia inicjatyw maj\u0105cych na celu rozw\u00f3j Sp\u00f3\u0142ki.  Co dostaniesz jako rezultat?   Analiza potencja\u0142u rozwoju\/optymalizacji biznesu.   Rozw\u00f3j proces\u00f3w raportowania i kontrolingu dostosowany do modelu biznesowego Sp\u00f3\u0142ki.  Jak wygl\u0105da realizacja? Analiza modelu biznesowego:   skr\u00f3cona diagnoza sprzeda\u017cy\/ analiza produktowa vs. rynek,   skr\u00f3cona diagnoza finansowa,   analiza g\u0142\u00f3wnych proces\u00f3w dzia\u0142alno\u015bci Sp\u00f3\u0142ki,   podsumowanie diagnozy strategicznej,   rekomendacje strategiczne.\" \/>\n<meta property=\"og:url\" content=\"https:\/\/advisory-box.com\/Start\/en\/p\/recepta-na-stagnacje-w-biznesie\/\" \/>\n<meta property=\"og:site_name\" content=\"Advisory Box\" \/>\n<meta property=\"article:modified_time\" content=\"2021-07-09T15:29:00+00:00\" \/>\n<meta property=\"og:image\" content=\"https:\/\/advisory-box.com\/Start\/wp-content\/uploads\/2021\/03\/34.png\" \/>\n\t<meta property=\"og:image:width\" content=\"940\" \/>\n\t<meta property=\"og:image:height\" content=\"788\" \/>\n\t<meta property=\"og:image:type\" content=\"image\/png\" \/>\n<meta name=\"twitter:card\" content=\"summary_large_image\" \/>\n<meta name=\"twitter:label1\" content=\"Est. reading time\" \/>\n\t<meta name=\"twitter:data1\" content=\"1 minute\" \/>\n<script type=\"application\/ld+json\" class=\"yoast-schema-graph\">{\"@context\":\"https:\/\/schema.org\",\"@graph\":[{\"@type\":\"Organization\",\"@id\":\"https:\/\/advisory-box.com\/Start\/#organization\",\"name\":\"Advisory Box\",\"url\":\"https:\/\/advisory-box.com\/Start\/\",\"sameAs\":[],\"logo\":{\"@type\":\"ImageObject\",\"@id\":\"https:\/\/advisory-box.com\/Start\/#logo\",\"inLanguage\":\"en-US\",\"url\":\"\",\"contentUrl\":\"\",\"caption\":\"Advisory Box\"},\"image\":{\"@id\":\"https:\/\/advisory-box.com\/Start\/#logo\"}},{\"@type\":\"WebSite\",\"@id\":\"https:\/\/advisory-box.com\/Start\/#website\",\"url\":\"https:\/\/advisory-box.com\/Start\/\",\"name\":\"Advisory Box\",\"description\":\"\u0141aczymy przedsi\u0119biorc&oacute;w z najlepszymi ekspertami\",\"publisher\":{\"@id\":\"https:\/\/advisory-box.com\/Start\/#organization\"},\"potentialAction\":[{\"@type\":\"SearchAction\",\"target\":{\"@type\":\"EntryPoint\",\"urlTemplate\":\"https:\/\/advisory-box.com\/Start\/?s={search_term_string}\"},\"query-input\":\"required name=search_term_string\"}],\"inLanguage\":\"en-US\"},{\"@type\":\"ImageObject\",\"@id\":\"https:\/\/advisory-box.com\/Start\/en\/p\/recepta-na-stagnacje-w-biznesie\/#primaryimage\",\"inLanguage\":\"en-US\",\"url\":\"https:\/\/advisory-box.com\/Start\/wp-content\/uploads\/2021\/03\/34.png\",\"contentUrl\":\"https:\/\/advisory-box.com\/Start\/wp-content\/uploads\/2021\/03\/34.png\",\"width\":940,\"height\":788},{\"@type\":\"WebPage\",\"@id\":\"https:\/\/advisory-box.com\/Start\/en\/p\/recepta-na-stagnacje-w-biznesie\/#webpage\",\"url\":\"https:\/\/advisory-box.com\/Start\/en\/p\/recepta-na-stagnacje-w-biznesie\/\",\"name\":\"Analiza potencja\u0142u rozwoju biznesu - Advisory Box\",\"isPartOf\":{\"@id\":\"https:\/\/advisory-box.com\/Start\/#website\"},\"primaryImageOfPage\":{\"@id\":\"https:\/\/advisory-box.com\/Start\/en\/p\/recepta-na-stagnacje-w-biznesie\/#primaryimage\"},\"datePublished\":\"2021-01-15T17:14:49+00:00\",\"dateModified\":\"2021-07-09T15:29:00+00:00\",\"breadcrumb\":{\"@id\":\"https:\/\/advisory-box.com\/Start\/en\/p\/recepta-na-stagnacje-w-biznesie\/#breadcrumb\"},\"inLanguage\":\"en-US\",\"potentialAction\":[{\"@type\":\"ReadAction\",\"target\":[\"https:\/\/advisory-box.com\/Start\/en\/p\/recepta-na-stagnacje-w-biznesie\/\"]}]},{\"@type\":\"BreadcrumbList\",\"@id\":\"https:\/\/advisory-box.com\/Start\/en\/p\/recepta-na-stagnacje-w-biznesie\/#breadcrumb\",\"itemListElement\":[{\"@type\":\"ListItem\",\"position\":1,\"name\":\"Strona g\u0142\u00f3wna\",\"item\":\"https:\/\/advisory-box.com\/Start\/\"},{\"@type\":\"ListItem\",\"position\":2,\"name\":\"sklep\",\"item\":\"https:\/\/advisory-box.com\/Start\/sklep\/\"},{\"@type\":\"ListItem\",\"position\":3,\"name\":\"Analiza potencja\u0142u rozwoju biznesu\"}]}]}<\/script>\n<!-- \/ Yoast SEO plugin. -->","yoast_head_json":{"title":"Analiza potencja\u0142u rozwoju biznesu - Advisory Box","robots":{"index":"index","follow":"follow","max-snippet":"max-snippet:-1","max-image-preview":"max-image-preview:large","max-video-preview":"max-video-preview:-1"},"canonical":"https:\/\/advisory-box.com\/Start\/en\/p\/recepta-na-stagnacje-w-biznesie\/","og_locale":"en_US","og_type":"article","og_title":"Analiza potencja\u0142u rozwoju biznesu - Advisory Box","og_description":"W jakiej sytuacji mo\u017cesz potrzebowa\u0107 us\u0142ugi?   Sp\u00f3\u0142ka rozwin\u0119\u0142a si\u0119 w relatywnie szybkim tempie i dostrzegalna jest stagnacja biznesu.   Pojawi\u0142a si\u0119 potrzeba wdro\u017cenia inicjatyw maj\u0105cych na celu rozw\u00f3j Sp\u00f3\u0142ki.  Co dostaniesz jako rezultat?   Analiza potencja\u0142u rozwoju\/optymalizacji biznesu.   Rozw\u00f3j proces\u00f3w raportowania i kontrolingu dostosowany do modelu biznesowego Sp\u00f3\u0142ki.  Jak wygl\u0105da realizacja? Analiza modelu biznesowego:   skr\u00f3cona diagnoza sprzeda\u017cy\/ analiza produktowa vs. rynek,   skr\u00f3cona diagnoza finansowa,   analiza g\u0142\u00f3wnych proces\u00f3w dzia\u0142alno\u015bci Sp\u00f3\u0142ki,   podsumowanie diagnozy strategicznej,   rekomendacje strategiczne.","og_url":"https:\/\/advisory-box.com\/Start\/en\/p\/recepta-na-stagnacje-w-biznesie\/","og_site_name":"Advisory Box","article_modified_time":"2021-07-09T15:29:00+00:00","og_image":[{"width":940,"height":788,"url":"https:\/\/advisory-box.com\/Start\/wp-content\/uploads\/2021\/03\/34.png","type":"image\/png"}],"twitter_card":"summary_large_image","twitter_misc":{"Est. reading time":"1 minute"},"schema":{"@context":"https:\/\/schema.org","@graph":[{"@type":"Organization","@id":"https:\/\/advisory-box.com\/Start\/#organization","name":"Advisory Box","url":"https:\/\/advisory-box.com\/Start\/","sameAs":[],"logo":{"@type":"ImageObject","@id":"https:\/\/advisory-box.com\/Start\/#logo","inLanguage":"en-US","url":"","contentUrl":"","caption":"Advisory Box"},"image":{"@id":"https:\/\/advisory-box.com\/Start\/#logo"}},{"@type":"WebSite","@id":"https:\/\/advisory-box.com\/Start\/#website","url":"https:\/\/advisory-box.com\/Start\/","name":"Advisory Box","description":"\u0141aczymy przedsi\u0119biorc&oacute;w z najlepszymi ekspertami","publisher":{"@id":"https:\/\/advisory-box.com\/Start\/#organization"},"potentialAction":[{"@type":"SearchAction","target":{"@type":"EntryPoint","urlTemplate":"https:\/\/advisory-box.com\/Start\/?s={search_term_string}"},"query-input":"required name=search_term_string"}],"inLanguage":"en-US"},{"@type":"ImageObject","@id":"https:\/\/advisory-box.com\/Start\/en\/p\/recepta-na-stagnacje-w-biznesie\/#primaryimage","inLanguage":"en-US","url":"https:\/\/advisory-box.com\/Start\/wp-content\/uploads\/2021\/03\/34.png","contentUrl":"https:\/\/advisory-box.com\/Start\/wp-content\/uploads\/2021\/03\/34.png","width":940,"height":788},{"@type":"WebPage","@id":"https:\/\/advisory-box.com\/Start\/en\/p\/recepta-na-stagnacje-w-biznesie\/#webpage","url":"https:\/\/advisory-box.com\/Start\/en\/p\/recepta-na-stagnacje-w-biznesie\/","name":"Analiza potencja\u0142u rozwoju biznesu - Advisory Box","isPartOf":{"@id":"https:\/\/advisory-box.com\/Start\/#website"},"primaryImageOfPage":{"@id":"https:\/\/advisory-box.com\/Start\/en\/p\/recepta-na-stagnacje-w-biznesie\/#primaryimage"},"datePublished":"2021-01-15T17:14:49+00:00","dateModified":"2021-07-09T15:29:00+00:00","breadcrumb":{"@id":"https:\/\/advisory-box.com\/Start\/en\/p\/recepta-na-stagnacje-w-biznesie\/#breadcrumb"},"inLanguage":"en-US","potentialAction":[{"@type":"ReadAction","target":["https:\/\/advisory-box.com\/Start\/en\/p\/recepta-na-stagnacje-w-biznesie\/"]}]},{"@type":"BreadcrumbList","@id":"https:\/\/advisory-box.com\/Start\/en\/p\/recepta-na-stagnacje-w-biznesie\/#breadcrumb","itemListElement":[{"@type":"ListItem","position":1,"name":"Strona g\u0142\u00f3wna","item":"https:\/\/advisory-box.com\/Start\/"},{"@type":"ListItem","position":2,"name":"sklep","item":"https:\/\/advisory-box.com\/Start\/sklep\/"},{"@type":"ListItem","position":3,"name":"Analiza potencja\u0142u rozwoju biznesu"}]}]}},"_links":{"self":[{"href":"https:\/\/advisory-box.com\/Start\/en\/wp-json\/wp\/v2\/product\/2395","targetHints":{"allow":["GET"]}}],"collection":[{"href":"https:\/\/advisory-box.com\/Start\/en\/wp-json\/wp\/v2\/product"}],"about":[{"href":"https:\/\/advisory-box.com\/Start\/en\/wp-json\/wp\/v2\/types\/product"}],"version-history":[{"count":3,"href":"https:\/\/advisory-box.com\/Start\/en\/wp-json\/wp\/v2\/product\/2395\/revisions"}],"predecessor-version":[{"id":3176,"href":"https:\/\/advisory-box.com\/Start\/en\/wp-json\/wp\/v2\/product\/2395\/revisions\/3176"}],"wp:featuredmedia":[{"embeddable":true,"href":"https:\/\/advisory-box.com\/Start\/en\/wp-json\/wp\/v2\/media\/3183"}],"wp:attachment":[{"href":"https:\/\/advisory-box.com\/Start\/en\/wp-json\/wp\/v2\/media?parent=2395"}],"wp:term":[{"taxonomy":"product_cat","embeddable":true,"href":"https:\/\/advisory-box.com\/Start\/en\/wp-json\/wp\/v2\/product_cat?post=2395"},{"taxonomy":"product_tag","embeddable":true,"href":"https:\/\/advisory-box.com\/Start\/en\/wp-json\/wp\/v2\/product_tag?post=2395"}],"curies":[{"name":"wp","href":"https:\/\/api.w.org\/{rel}","templated":true}]}}