{"id":2411,"date":"2021-03-13T18:13:13","date_gmt":"2021-03-13T18:13:13","guid":{"rendered":"https:\/\/advisory-box.com\/Start\/?post_type=product&#038;p=2411"},"modified":"2021-06-30T17:16:26","modified_gmt":"2021-06-30T17:16:26","slug":"gdy-nie-wiadomo-co-robia-sprzedawcy-a-prognozy-rozmijaja-sie-z-wynikiem-weryfikacja-procesu-sprzedazy","status":"publish","type":"product","link":"https:\/\/advisory-box.com\/Start\/en\/p\/gdy-nie-wiadomo-co-robia-sprzedawcy-a-prognozy-rozmijaja-sie-z-wynikiem-weryfikacja-procesu-sprzedazy\/","title":{"rendered":"Obni\u017cenie koszt\u00f3w sprzeda\u017cy"},"content":{"rendered":"<p>przegl\u0105d i usprawnienie proces\u00f3w sprzeda\u017cy oraz lepsze prognozowanie<\/p>","protected":false},"excerpt":{"rendered":"<h3><span style=\"color: #c10000;\"><strong>W jakiej sytuacji mo\u017cesz potrzebowa\u0107 us\u0142ugi?<\/strong><\/span><\/h3>\n<ul>\n<li>Gdy nie wiadomo, co robi\u0105 sprzedawcy, a prognozy rozmijaj\u0105 si\u0119 z wynikiem &#8211; <span style=\"font-weight: 400;\">problemy z trafnym prognozowaniem sprzeda\u017cy w perspektywie miesi\u0119cznej, kwartalnej, rocznej \u2013 forecast rozmija si\u0119 z wynikiem.<\/span><\/li>\n<li><span style=\"font-weight: 400;\">Brak kontroli nad aktywno\u015bciami sprzeda\u017cowymi sprzedawc\u00f3w \u2013 tak do ko\u0144ca nie wiemy co robi\u0105, rozliczani s\u0105 tylko z sumy wystawionych faktur.<\/span><\/li>\n<li><span style=\"font-weight: 400;\">Brak jasno okre\u015blonego rozdzia\u0142u odpowiedzialno\u015bci mi\u0119dzy Sprzeda\u017c\u0105, Marketingiem, R&amp;D, Wparciem i innymi dzia\u0142ami &#8211; wszyscy sprzedaj\u0105 (albo nie &#8211; a mogliby), nie zdaj\u0105 sobie z tego sprawy lub lekcewa\u017c\u0105 to, czasem nie wspieraj\u0105 si\u0119 lub wchodz\u0105 sobie w drog\u0119.\u00a0\u00a0<\/span><\/li>\n<\/ul>\n<h3><span style=\"color: #c10000;\"><strong>Co dostaniesz jako rezultat?<\/strong><\/span><\/h3>\n<ul>\n<li><span style=\"font-weight: 400;\">Zmniejszenie koszt\u00f3w sprzeda\u017cy poprzez bardziej efektywne wykorzystanie zasob\u00f3w.<\/span><\/li>\n<li><span style=\"font-weight: 400;\">Uzyskanie kontroli nad zarz\u0105dzaniem lejkiem\/pipelinem przez prawid\u0142owe okre\u015blenie wska\u017anik\u00f3w awansowania szansy sprzeda\u017cowej i KPI procesowych.<\/span><\/li>\n<li><span style=\"font-weight: 400;\">Lepsze zarz\u0105dzanie ca\u0142\u0105 organizacj\u0105 dzi\u0119ki w\u0142a\u015bciwemu prognozowaniu sprzeda\u017cy \u2013 wolumenowo i warto\u015bciowo.<\/span><\/li>\n<\/ul>\n<h3><span style=\"color: #c10000;\"><strong>Jak wygl\u0105da realizacja?<\/strong><\/span><\/h3>\n<ul>\n<li><span style=\"font-weight: 400;\">Analiza istniej\u0105cego procesu zarz\u0105dzania sprzeda\u017c\u0105.<\/span><\/li>\n<li><span style=\"font-weight: 400;\">Warsztat procesowy &#8211; kluczowi pracownicy z zaanga\u017cowanych w sprzeda\u017c Dzia\u0142\u00f3w.<\/span><\/li>\n<li><span style=\"font-weight: 400;\">Zdefiniowanie zmian w strukturze procesu sprzeda\u017cy i rekomendacje ich wdro\u017cenia.<\/span><\/li>\n<\/ul>","protected":false},"featured_media":3143,"template":"","meta":[],"product_cat":[30],"product_tag":[83,26,64],"class_list":["post-2411","product","type-product","status-publish","has-post-thumbnail","hentry","product_cat-marketing-sprzedaz-obsluga-czyli-klient","product_tag-klient","product_tag-sprzedaz","product_tag-wsparcie-sprzedazy","pa_czas-realizacji-3-4-tygodni","pa_inwestycja-10-000-zl-14-000-zl"],"yoast_head":"<!-- This site is optimized with the Yoast SEO plugin v18.4.1 - https:\/\/yoast.com\/wordpress\/plugins\/seo\/ -->\n<title>Obni\u017cenie koszt\u00f3w sprzeda\u017cy - Advisory Box<\/title>\n<meta name=\"robots\" content=\"index, follow, max-snippet:-1, max-image-preview:large, max-video-preview:-1\" \/>\n<link rel=\"canonical\" href=\"https:\/\/advisory-box.com\/Start\/en\/p\/gdy-nie-wiadomo-co-robia-sprzedawcy-a-prognozy-rozmijaja-sie-z-wynikiem-weryfikacja-procesu-sprzedazy\/\" \/>\n<meta property=\"og:locale\" content=\"en_US\" \/>\n<meta property=\"og:type\" content=\"article\" \/>\n<meta property=\"og:title\" content=\"Obni\u017cenie koszt\u00f3w sprzeda\u017cy - Advisory Box\" \/>\n<meta property=\"og:description\" content=\"W jakiej sytuacji mo\u017cesz potrzebowa\u0107 us\u0142ugi?   Gdy nie wiadomo, co robi\u0105 sprzedawcy, a prognozy rozmijaj\u0105 si\u0119 z wynikiem - problemy z trafnym prognozowaniem sprzeda\u017cy w perspektywie miesi\u0119cznej, kwartalnej, rocznej \u2013 forecast rozmija si\u0119 z wynikiem.  Brak kontroli nad aktywno\u015bciami sprzeda\u017cowymi sprzedawc\u00f3w \u2013 tak do ko\u0144ca nie wiemy co robi\u0105, rozliczani s\u0105 tylko z sumy wystawionych faktur.  Brak jasno okre\u015blonego rozdzia\u0142u odpowiedzialno\u015bci mi\u0119dzy Sprzeda\u017c\u0105, Marketingiem, R&amp;D, Wparciem i innymi dzia\u0142ami - wszyscy sprzedaj\u0105 (albo nie - a mogliby), nie zdaj\u0105 sobie z tego sprawy lub lekcewa\u017c\u0105 to, czasem nie wspieraj\u0105 si\u0119 lub wchodz\u0105 sobie w drog\u0119.\u00a0\u00a0  Co dostaniesz jako rezultat?   Zmniejszenie koszt\u00f3w sprzeda\u017cy poprzez bardziej efektywne wykorzystanie zasob\u00f3w.  Uzyskanie kontroli nad zarz\u0105dzaniem lejkiem\/pipelinem przez prawid\u0142owe okre\u015blenie wska\u017anik\u00f3w awansowania szansy sprzeda\u017cowej i KPI procesowych.  Lepsze zarz\u0105dzanie ca\u0142\u0105 organizacj\u0105 dzi\u0119ki w\u0142a\u015bciwemu prognozowaniu sprzeda\u017cy \u2013 wolumenowo i warto\u015bciowo.  Jak wygl\u0105da realizacja?   Analiza istniej\u0105cego procesu zarz\u0105dzania sprzeda\u017c\u0105.  Warsztat procesowy - kluczowi pracownicy z zaanga\u017cowanych w sprzeda\u017c Dzia\u0142\u00f3w.  Zdefiniowanie zmian w strukturze procesu sprzeda\u017cy i rekomendacje ich wdro\u017cenia.\" \/>\n<meta property=\"og:url\" content=\"https:\/\/advisory-box.com\/Start\/en\/p\/gdy-nie-wiadomo-co-robia-sprzedawcy-a-prognozy-rozmijaja-sie-z-wynikiem-weryfikacja-procesu-sprzedazy\/\" \/>\n<meta property=\"og:site_name\" content=\"Advisory Box\" \/>\n<meta property=\"article:modified_time\" content=\"2021-06-30T17:16:26+00:00\" \/>\n<meta property=\"og:image\" content=\"https:\/\/advisory-box.com\/Start\/wp-content\/uploads\/2021\/06\/24.png\" \/>\n\t<meta property=\"og:image:width\" content=\"940\" \/>\n\t<meta property=\"og:image:height\" content=\"788\" \/>\n\t<meta property=\"og:image:type\" content=\"image\/png\" \/>\n<meta name=\"twitter:card\" content=\"summary_large_image\" \/>\n<meta name=\"twitter:label1\" content=\"Est. reading time\" \/>\n\t<meta name=\"twitter:data1\" content=\"1 minute\" \/>\n<script type=\"application\/ld+json\" class=\"yoast-schema-graph\">{\"@context\":\"https:\/\/schema.org\",\"@graph\":[{\"@type\":\"Organization\",\"@id\":\"https:\/\/advisory-box.com\/Start\/#organization\",\"name\":\"Advisory Box\",\"url\":\"https:\/\/advisory-box.com\/Start\/\",\"sameAs\":[],\"logo\":{\"@type\":\"ImageObject\",\"@id\":\"https:\/\/advisory-box.com\/Start\/#logo\",\"inLanguage\":\"en-US\",\"url\":\"\",\"contentUrl\":\"\",\"caption\":\"Advisory Box\"},\"image\":{\"@id\":\"https:\/\/advisory-box.com\/Start\/#logo\"}},{\"@type\":\"WebSite\",\"@id\":\"https:\/\/advisory-box.com\/Start\/#website\",\"url\":\"https:\/\/advisory-box.com\/Start\/\",\"name\":\"Advisory Box\",\"description\":\"\u0141aczymy przedsi\u0119biorc&oacute;w z najlepszymi ekspertami\",\"publisher\":{\"@id\":\"https:\/\/advisory-box.com\/Start\/#organization\"},\"potentialAction\":[{\"@type\":\"SearchAction\",\"target\":{\"@type\":\"EntryPoint\",\"urlTemplate\":\"https:\/\/advisory-box.com\/Start\/?s={search_term_string}\"},\"query-input\":\"required name=search_term_string\"}],\"inLanguage\":\"en-US\"},{\"@type\":\"ImageObject\",\"@id\":\"https:\/\/advisory-box.com\/Start\/en\/p\/gdy-nie-wiadomo-co-robia-sprzedawcy-a-prognozy-rozmijaja-sie-z-wynikiem-weryfikacja-procesu-sprzedazy\/#primaryimage\",\"inLanguage\":\"en-US\",\"url\":\"https:\/\/advisory-box.com\/Start\/wp-content\/uploads\/2021\/06\/24.png\",\"contentUrl\":\"https:\/\/advisory-box.com\/Start\/wp-content\/uploads\/2021\/06\/24.png\",\"width\":940,\"height\":788},{\"@type\":\"WebPage\",\"@id\":\"https:\/\/advisory-box.com\/Start\/en\/p\/gdy-nie-wiadomo-co-robia-sprzedawcy-a-prognozy-rozmijaja-sie-z-wynikiem-weryfikacja-procesu-sprzedazy\/#webpage\",\"url\":\"https:\/\/advisory-box.com\/Start\/en\/p\/gdy-nie-wiadomo-co-robia-sprzedawcy-a-prognozy-rozmijaja-sie-z-wynikiem-weryfikacja-procesu-sprzedazy\/\",\"name\":\"Obni\u017cenie koszt\u00f3w sprzeda\u017cy - Advisory Box\",\"isPartOf\":{\"@id\":\"https:\/\/advisory-box.com\/Start\/#website\"},\"primaryImageOfPage\":{\"@id\":\"https:\/\/advisory-box.com\/Start\/en\/p\/gdy-nie-wiadomo-co-robia-sprzedawcy-a-prognozy-rozmijaja-sie-z-wynikiem-weryfikacja-procesu-sprzedazy\/#primaryimage\"},\"datePublished\":\"2021-03-13T18:13:13+00:00\",\"dateModified\":\"2021-06-30T17:16:26+00:00\",\"breadcrumb\":{\"@id\":\"https:\/\/advisory-box.com\/Start\/en\/p\/gdy-nie-wiadomo-co-robia-sprzedawcy-a-prognozy-rozmijaja-sie-z-wynikiem-weryfikacja-procesu-sprzedazy\/#breadcrumb\"},\"inLanguage\":\"en-US\",\"potentialAction\":[{\"@type\":\"ReadAction\",\"target\":[\"https:\/\/advisory-box.com\/Start\/en\/p\/gdy-nie-wiadomo-co-robia-sprzedawcy-a-prognozy-rozmijaja-sie-z-wynikiem-weryfikacja-procesu-sprzedazy\/\"]}]},{\"@type\":\"BreadcrumbList\",\"@id\":\"https:\/\/advisory-box.com\/Start\/en\/p\/gdy-nie-wiadomo-co-robia-sprzedawcy-a-prognozy-rozmijaja-sie-z-wynikiem-weryfikacja-procesu-sprzedazy\/#breadcrumb\",\"itemListElement\":[{\"@type\":\"ListItem\",\"position\":1,\"name\":\"Strona g\u0142\u00f3wna\",\"item\":\"https:\/\/advisory-box.com\/Start\/\"},{\"@type\":\"ListItem\",\"position\":2,\"name\":\"sklep\",\"item\":\"https:\/\/advisory-box.com\/Start\/sklep\/\"},{\"@type\":\"ListItem\",\"position\":3,\"name\":\"Obni\u017cenie koszt\u00f3w sprzeda\u017cy\"}]}]}<\/script>\n<!-- \/ Yoast SEO plugin. -->","yoast_head_json":{"title":"Obni\u017cenie koszt\u00f3w sprzeda\u017cy - Advisory Box","robots":{"index":"index","follow":"follow","max-snippet":"max-snippet:-1","max-image-preview":"max-image-preview:large","max-video-preview":"max-video-preview:-1"},"canonical":"https:\/\/advisory-box.com\/Start\/en\/p\/gdy-nie-wiadomo-co-robia-sprzedawcy-a-prognozy-rozmijaja-sie-z-wynikiem-weryfikacja-procesu-sprzedazy\/","og_locale":"en_US","og_type":"article","og_title":"Obni\u017cenie koszt\u00f3w sprzeda\u017cy - Advisory Box","og_description":"W jakiej sytuacji mo\u017cesz potrzebowa\u0107 us\u0142ugi?   Gdy nie wiadomo, co robi\u0105 sprzedawcy, a prognozy rozmijaj\u0105 si\u0119 z wynikiem - problemy z trafnym prognozowaniem sprzeda\u017cy w perspektywie miesi\u0119cznej, kwartalnej, rocznej \u2013 forecast rozmija si\u0119 z wynikiem.  Brak kontroli nad aktywno\u015bciami sprzeda\u017cowymi sprzedawc\u00f3w \u2013 tak do ko\u0144ca nie wiemy co robi\u0105, rozliczani s\u0105 tylko z sumy wystawionych faktur.  Brak jasno okre\u015blonego rozdzia\u0142u odpowiedzialno\u015bci mi\u0119dzy Sprzeda\u017c\u0105, Marketingiem, R&amp;D, Wparciem i innymi dzia\u0142ami - wszyscy sprzedaj\u0105 (albo nie - a mogliby), nie zdaj\u0105 sobie z tego sprawy lub lekcewa\u017c\u0105 to, czasem nie wspieraj\u0105 si\u0119 lub wchodz\u0105 sobie w drog\u0119.\u00a0\u00a0  Co dostaniesz jako rezultat?   Zmniejszenie koszt\u00f3w sprzeda\u017cy poprzez bardziej efektywne wykorzystanie zasob\u00f3w.  Uzyskanie kontroli nad zarz\u0105dzaniem lejkiem\/pipelinem przez prawid\u0142owe okre\u015blenie wska\u017anik\u00f3w awansowania szansy sprzeda\u017cowej i KPI procesowych.  Lepsze zarz\u0105dzanie ca\u0142\u0105 organizacj\u0105 dzi\u0119ki w\u0142a\u015bciwemu prognozowaniu sprzeda\u017cy \u2013 wolumenowo i warto\u015bciowo.  Jak wygl\u0105da realizacja?   Analiza istniej\u0105cego procesu zarz\u0105dzania sprzeda\u017c\u0105.  Warsztat procesowy - kluczowi pracownicy z zaanga\u017cowanych w sprzeda\u017c Dzia\u0142\u00f3w.  Zdefiniowanie zmian w strukturze procesu sprzeda\u017cy i rekomendacje ich wdro\u017cenia.","og_url":"https:\/\/advisory-box.com\/Start\/en\/p\/gdy-nie-wiadomo-co-robia-sprzedawcy-a-prognozy-rozmijaja-sie-z-wynikiem-weryfikacja-procesu-sprzedazy\/","og_site_name":"Advisory Box","article_modified_time":"2021-06-30T17:16:26+00:00","og_image":[{"width":940,"height":788,"url":"https:\/\/advisory-box.com\/Start\/wp-content\/uploads\/2021\/06\/24.png","type":"image\/png"}],"twitter_card":"summary_large_image","twitter_misc":{"Est. reading time":"1 minute"},"schema":{"@context":"https:\/\/schema.org","@graph":[{"@type":"Organization","@id":"https:\/\/advisory-box.com\/Start\/#organization","name":"Advisory Box","url":"https:\/\/advisory-box.com\/Start\/","sameAs":[],"logo":{"@type":"ImageObject","@id":"https:\/\/advisory-box.com\/Start\/#logo","inLanguage":"en-US","url":"","contentUrl":"","caption":"Advisory Box"},"image":{"@id":"https:\/\/advisory-box.com\/Start\/#logo"}},{"@type":"WebSite","@id":"https:\/\/advisory-box.com\/Start\/#website","url":"https:\/\/advisory-box.com\/Start\/","name":"Advisory Box","description":"\u0141aczymy przedsi\u0119biorc&oacute;w z najlepszymi ekspertami","publisher":{"@id":"https:\/\/advisory-box.com\/Start\/#organization"},"potentialAction":[{"@type":"SearchAction","target":{"@type":"EntryPoint","urlTemplate":"https:\/\/advisory-box.com\/Start\/?s={search_term_string}"},"query-input":"required name=search_term_string"}],"inLanguage":"en-US"},{"@type":"ImageObject","@id":"https:\/\/advisory-box.com\/Start\/en\/p\/gdy-nie-wiadomo-co-robia-sprzedawcy-a-prognozy-rozmijaja-sie-z-wynikiem-weryfikacja-procesu-sprzedazy\/#primaryimage","inLanguage":"en-US","url":"https:\/\/advisory-box.com\/Start\/wp-content\/uploads\/2021\/06\/24.png","contentUrl":"https:\/\/advisory-box.com\/Start\/wp-content\/uploads\/2021\/06\/24.png","width":940,"height":788},{"@type":"WebPage","@id":"https:\/\/advisory-box.com\/Start\/en\/p\/gdy-nie-wiadomo-co-robia-sprzedawcy-a-prognozy-rozmijaja-sie-z-wynikiem-weryfikacja-procesu-sprzedazy\/#webpage","url":"https:\/\/advisory-box.com\/Start\/en\/p\/gdy-nie-wiadomo-co-robia-sprzedawcy-a-prognozy-rozmijaja-sie-z-wynikiem-weryfikacja-procesu-sprzedazy\/","name":"Obni\u017cenie koszt\u00f3w sprzeda\u017cy - Advisory Box","isPartOf":{"@id":"https:\/\/advisory-box.com\/Start\/#website"},"primaryImageOfPage":{"@id":"https:\/\/advisory-box.com\/Start\/en\/p\/gdy-nie-wiadomo-co-robia-sprzedawcy-a-prognozy-rozmijaja-sie-z-wynikiem-weryfikacja-procesu-sprzedazy\/#primaryimage"},"datePublished":"2021-03-13T18:13:13+00:00","dateModified":"2021-06-30T17:16:26+00:00","breadcrumb":{"@id":"https:\/\/advisory-box.com\/Start\/en\/p\/gdy-nie-wiadomo-co-robia-sprzedawcy-a-prognozy-rozmijaja-sie-z-wynikiem-weryfikacja-procesu-sprzedazy\/#breadcrumb"},"inLanguage":"en-US","potentialAction":[{"@type":"ReadAction","target":["https:\/\/advisory-box.com\/Start\/en\/p\/gdy-nie-wiadomo-co-robia-sprzedawcy-a-prognozy-rozmijaja-sie-z-wynikiem-weryfikacja-procesu-sprzedazy\/"]}]},{"@type":"BreadcrumbList","@id":"https:\/\/advisory-box.com\/Start\/en\/p\/gdy-nie-wiadomo-co-robia-sprzedawcy-a-prognozy-rozmijaja-sie-z-wynikiem-weryfikacja-procesu-sprzedazy\/#breadcrumb","itemListElement":[{"@type":"ListItem","position":1,"name":"Strona g\u0142\u00f3wna","item":"https:\/\/advisory-box.com\/Start\/"},{"@type":"ListItem","position":2,"name":"sklep","item":"https:\/\/advisory-box.com\/Start\/sklep\/"},{"@type":"ListItem","position":3,"name":"Obni\u017cenie koszt\u00f3w sprzeda\u017cy"}]}]}},"_links":{"self":[{"href":"https:\/\/advisory-box.com\/Start\/en\/wp-json\/wp\/v2\/product\/2411","targetHints":{"allow":["GET"]}}],"collection":[{"href":"https:\/\/advisory-box.com\/Start\/en\/wp-json\/wp\/v2\/product"}],"about":[{"href":"https:\/\/advisory-box.com\/Start\/en\/wp-json\/wp\/v2\/types\/product"}],"version-history":[{"count":2,"href":"https:\/\/advisory-box.com\/Start\/en\/wp-json\/wp\/v2\/product\/2411\/revisions"}],"predecessor-version":[{"id":3127,"href":"https:\/\/advisory-box.com\/Start\/en\/wp-json\/wp\/v2\/product\/2411\/revisions\/3127"}],"wp:featuredmedia":[{"embeddable":true,"href":"https:\/\/advisory-box.com\/Start\/en\/wp-json\/wp\/v2\/media\/3143"}],"wp:attachment":[{"href":"https:\/\/advisory-box.com\/Start\/en\/wp-json\/wp\/v2\/media?parent=2411"}],"wp:term":[{"taxonomy":"product_cat","embeddable":true,"href":"https:\/\/advisory-box.com\/Start\/en\/wp-json\/wp\/v2\/product_cat?post=2411"},{"taxonomy":"product_tag","embeddable":true,"href":"https:\/\/advisory-box.com\/Start\/en\/wp-json\/wp\/v2\/product_tag?post=2411"}],"curies":[{"name":"wp","href":"https:\/\/api.w.org\/{rel}","templated":true}]}}