{"id":2413,"date":"2021-03-13T18:40:19","date_gmt":"2021-03-13T18:40:19","guid":{"rendered":"https:\/\/advisory-box.com\/Start\/?post_type=product&#038;p=2413"},"modified":"2021-07-06T15:39:27","modified_gmt":"2021-07-06T15:39:27","slug":"proces-podejmowania-decyzji-zwiekszajacy-skutecznosc-dzialania-zespolu","status":"publish","type":"product","link":"https:\/\/advisory-box.com\/Start\/en\/p\/proces-podejmowania-decyzji-zwiekszajacy-skutecznosc-dzialania-zespolu\/","title":{"rendered":"Warsztat z podejmowania decyzji"},"content":{"rendered":"","protected":false},"excerpt":{"rendered":"<h3>Skuteczne decyzje a zaanga\u017cowanie zespo\u0142u<\/h3>\n<h3><span style=\"color: #c10000;\"><strong>W jakiej sytuacji mo\u017cesz potrzebowa\u0107 us\u0142ugi?<\/strong><\/span><\/h3>\n<ul>\n<li><span style=\"font-weight: 400;\">Szef \/ szefowa dba o dobr\u0105 komunikacj\u0119 i uzasadnia swoje decyzje, jednak zesp\u00f3\u0142 i tak pozostaje sceptyczny i nieco wycofany.<\/span><\/li>\n<li><span style=\"font-weight: 400;\">Propozycje s\u0105 wypracowywane, prezentowane i przeg\u0142osowywane wsp\u00f3lnie w zespole, a jednak ich wdra\u017canie napotyka na op\u00f3r i nie przek\u0142ada si\u0119 na wynik.<\/span><\/li>\n<\/ul>\n<h3><span style=\"color: #c10000;\"><strong>Co dostaniesz jako rezultat?<\/strong><\/span><\/h3>\n<ul>\n<li><span style=\"font-weight: 400;\">Lepiej zrozumiesz perspektyw\u0119 os\u00f3b w swoim zespole i dowiesz si\u0119 wi\u0119cej o \u017ar\u00f3d\u0142ach oporu przed anga\u017cowaniem.<\/span><\/li>\n<li><span style=\"font-weight: 400;\">Uruchomisz kreatywno\u015b\u0107 cz\u0142onk\u00f3w zespo\u0142u i ch\u0119\u0107 wsp\u00f3\u0142pracy, nawet wok\u00f3\u0142 najtrudniejszych temat\u00f3w.<\/span><\/li>\n<li><span style=\"font-weight: 400;\">Dostaniesz znacznie bardziej dopracowane rozwi\u0105zania \/ propozycje, kt\u00f3re zesp\u00f3\u0142 ch\u0119tnie zaakceptuje i zrealizuje w dzia\u0142aniu.<\/span><\/li>\n<\/ul>\n<h3><span style=\"color: #c10000;\"><strong>Jak wygl\u0105da realizacja?<\/strong><\/span><\/h3>\n<ul>\n<li><span style=\"font-weight: 400;\"> Rozmowy z szefem \/ szefow\u0105 i cz\u0142onkami zespo\u0142u o specyfice Waszej pracy i sposobach decydowania.<\/span><\/li>\n<li><span style=\"font-weight: 400;\"> Warsztat z podejmowania decyzji &#8211; praktyka na wybranych przez Was tematach.<\/span><\/li>\n<li><span style=\"font-weight: 400;\"> Asysta przy 3 procesach decyzyjnych (w tym wypracowywanie z\u0142o\u017conych rozwi\u0105za\u0144, kt\u00f3re maj\u0105 by\u0107 poddane decyzji szefostwa lub zespo\u0142u).<\/span><\/li>\n<li><span style=\"font-weight: 400;\"> Przekazanie materia\u0142\u00f3w edukacyjnych.<\/span><\/li>\n<\/ul>","protected":false},"featured_media":0,"template":"","meta":[],"product_cat":[33],"product_tag":[103,102,104,101,66,67,81],"class_list":["post-2413","product","type-product","status-publish","hentry","product_cat-hr-kadry-czyli-twoi-ludzie","product_tag-decyzje","product_tag-efektywnosc","product_tag-podejmowanie-decyzji","product_tag-spotkania","product_tag-szkolenie","product_tag-warsztat","product_tag-zespol","pa_czas-realizacji-4-6-tygodni","pa_inwestycja-5-000-zl-10-000-zl"],"yoast_head":"<!-- This site is optimized with the Yoast SEO plugin v18.4.1 - https:\/\/yoast.com\/wordpress\/plugins\/seo\/ -->\n<title>Warsztat z podejmowania decyzji - Advisory Box<\/title>\n<meta name=\"robots\" content=\"index, follow, max-snippet:-1, max-image-preview:large, max-video-preview:-1\" \/>\n<link rel=\"canonical\" href=\"https:\/\/advisory-box.com\/Start\/en\/p\/proces-podejmowania-decyzji-zwiekszajacy-skutecznosc-dzialania-zespolu\/\" \/>\n<meta property=\"og:locale\" content=\"en_US\" \/>\n<meta property=\"og:type\" content=\"article\" \/>\n<meta property=\"og:title\" content=\"Warsztat z podejmowania decyzji - Advisory Box\" \/>\n<meta property=\"og:description\" content=\"Skuteczne decyzje a zaanga\u017cowanie zespo\u0142u W jakiej sytuacji mo\u017cesz potrzebowa\u0107 us\u0142ugi?   Szef \/ szefowa dba o dobr\u0105 komunikacj\u0119 i uzasadnia swoje decyzje, jednak zesp\u00f3\u0142 i tak pozostaje sceptyczny i nieco wycofany.  Propozycje s\u0105 wypracowywane, prezentowane i przeg\u0142osowywane wsp\u00f3lnie w zespole, a jednak ich wdra\u017canie napotyka na op\u00f3r i nie przek\u0142ada si\u0119 na wynik.  Co dostaniesz jako rezultat?   Lepiej zrozumiesz perspektyw\u0119 os\u00f3b w swoim zespole i dowiesz si\u0119 wi\u0119cej o \u017ar\u00f3d\u0142ach oporu przed anga\u017cowaniem.  Uruchomisz kreatywno\u015b\u0107 cz\u0142onk\u00f3w zespo\u0142u i ch\u0119\u0107 wsp\u00f3\u0142pracy, nawet wok\u00f3\u0142 najtrudniejszych temat\u00f3w.  Dostaniesz znacznie bardziej dopracowane rozwi\u0105zania \/ propozycje, kt\u00f3re zesp\u00f3\u0142 ch\u0119tnie zaakceptuje i zrealizuje w dzia\u0142aniu.  Jak wygl\u0105da realizacja?    Rozmowy z szefem \/ szefow\u0105 i cz\u0142onkami zespo\u0142u o specyfice Waszej pracy i sposobach decydowania.   Warsztat z podejmowania decyzji - praktyka na wybranych przez Was tematach.   Asysta przy 3 procesach decyzyjnych (w tym wypracowywanie z\u0142o\u017conych rozwi\u0105za\u0144, kt\u00f3re maj\u0105 by\u0107 poddane decyzji szefostwa lub zespo\u0142u).   Przekazanie materia\u0142\u00f3w edukacyjnych.\" \/>\n<meta property=\"og:url\" content=\"https:\/\/advisory-box.com\/Start\/en\/p\/proces-podejmowania-decyzji-zwiekszajacy-skutecznosc-dzialania-zespolu\/\" \/>\n<meta property=\"og:site_name\" content=\"Advisory Box\" \/>\n<meta property=\"article:modified_time\" content=\"2021-07-06T15:39:27+00:00\" \/>\n<meta name=\"twitter:card\" content=\"summary_large_image\" \/>\n<script type=\"application\/ld+json\" class=\"yoast-schema-graph\">{\"@context\":\"https:\/\/schema.org\",\"@graph\":[{\"@type\":\"Organization\",\"@id\":\"https:\/\/advisory-box.com\/Start\/#organization\",\"name\":\"Advisory Box\",\"url\":\"https:\/\/advisory-box.com\/Start\/\",\"sameAs\":[],\"logo\":{\"@type\":\"ImageObject\",\"@id\":\"https:\/\/advisory-box.com\/Start\/#logo\",\"inLanguage\":\"en-US\",\"url\":\"\",\"contentUrl\":\"\",\"caption\":\"Advisory Box\"},\"image\":{\"@id\":\"https:\/\/advisory-box.com\/Start\/#logo\"}},{\"@type\":\"WebSite\",\"@id\":\"https:\/\/advisory-box.com\/Start\/#website\",\"url\":\"https:\/\/advisory-box.com\/Start\/\",\"name\":\"Advisory Box\",\"description\":\"\u0141aczymy przedsi\u0119biorc&oacute;w z najlepszymi ekspertami\",\"publisher\":{\"@id\":\"https:\/\/advisory-box.com\/Start\/#organization\"},\"potentialAction\":[{\"@type\":\"SearchAction\",\"target\":{\"@type\":\"EntryPoint\",\"urlTemplate\":\"https:\/\/advisory-box.com\/Start\/?s={search_term_string}\"},\"query-input\":\"required name=search_term_string\"}],\"inLanguage\":\"en-US\"},{\"@type\":\"WebPage\",\"@id\":\"https:\/\/advisory-box.com\/Start\/en\/p\/proces-podejmowania-decyzji-zwiekszajacy-skutecznosc-dzialania-zespolu\/#webpage\",\"url\":\"https:\/\/advisory-box.com\/Start\/en\/p\/proces-podejmowania-decyzji-zwiekszajacy-skutecznosc-dzialania-zespolu\/\",\"name\":\"Warsztat z podejmowania decyzji - Advisory Box\",\"isPartOf\":{\"@id\":\"https:\/\/advisory-box.com\/Start\/#website\"},\"datePublished\":\"2021-03-13T18:40:19+00:00\",\"dateModified\":\"2021-07-06T15:39:27+00:00\",\"breadcrumb\":{\"@id\":\"https:\/\/advisory-box.com\/Start\/en\/p\/proces-podejmowania-decyzji-zwiekszajacy-skutecznosc-dzialania-zespolu\/#breadcrumb\"},\"inLanguage\":\"en-US\",\"potentialAction\":[{\"@type\":\"ReadAction\",\"target\":[\"https:\/\/advisory-box.com\/Start\/en\/p\/proces-podejmowania-decyzji-zwiekszajacy-skutecznosc-dzialania-zespolu\/\"]}]},{\"@type\":\"BreadcrumbList\",\"@id\":\"https:\/\/advisory-box.com\/Start\/en\/p\/proces-podejmowania-decyzji-zwiekszajacy-skutecznosc-dzialania-zespolu\/#breadcrumb\",\"itemListElement\":[{\"@type\":\"ListItem\",\"position\":1,\"name\":\"Strona g\u0142\u00f3wna\",\"item\":\"https:\/\/advisory-box.com\/Start\/\"},{\"@type\":\"ListItem\",\"position\":2,\"name\":\"sklep\",\"item\":\"https:\/\/advisory-box.com\/Start\/sklep\/\"},{\"@type\":\"ListItem\",\"position\":3,\"name\":\"Warsztat z podejmowania decyzji\"}]}]}<\/script>\n<!-- \/ Yoast SEO plugin. -->","yoast_head_json":{"title":"Warsztat z podejmowania decyzji - Advisory Box","robots":{"index":"index","follow":"follow","max-snippet":"max-snippet:-1","max-image-preview":"max-image-preview:large","max-video-preview":"max-video-preview:-1"},"canonical":"https:\/\/advisory-box.com\/Start\/en\/p\/proces-podejmowania-decyzji-zwiekszajacy-skutecznosc-dzialania-zespolu\/","og_locale":"en_US","og_type":"article","og_title":"Warsztat z podejmowania decyzji - Advisory Box","og_description":"Skuteczne decyzje a zaanga\u017cowanie zespo\u0142u W jakiej sytuacji mo\u017cesz potrzebowa\u0107 us\u0142ugi?   Szef \/ szefowa dba o dobr\u0105 komunikacj\u0119 i uzasadnia swoje decyzje, jednak zesp\u00f3\u0142 i tak pozostaje sceptyczny i nieco wycofany.  Propozycje s\u0105 wypracowywane, prezentowane i przeg\u0142osowywane wsp\u00f3lnie w zespole, a jednak ich wdra\u017canie napotyka na op\u00f3r i nie przek\u0142ada si\u0119 na wynik.  Co dostaniesz jako rezultat?   Lepiej zrozumiesz perspektyw\u0119 os\u00f3b w swoim zespole i dowiesz si\u0119 wi\u0119cej o \u017ar\u00f3d\u0142ach oporu przed anga\u017cowaniem.  Uruchomisz kreatywno\u015b\u0107 cz\u0142onk\u00f3w zespo\u0142u i ch\u0119\u0107 wsp\u00f3\u0142pracy, nawet wok\u00f3\u0142 najtrudniejszych temat\u00f3w.  Dostaniesz znacznie bardziej dopracowane rozwi\u0105zania \/ propozycje, kt\u00f3re zesp\u00f3\u0142 ch\u0119tnie zaakceptuje i zrealizuje w dzia\u0142aniu.  Jak wygl\u0105da realizacja?    Rozmowy z szefem \/ szefow\u0105 i cz\u0142onkami zespo\u0142u o specyfice Waszej pracy i sposobach decydowania.   Warsztat z podejmowania decyzji - praktyka na wybranych przez Was tematach.   Asysta przy 3 procesach decyzyjnych (w tym wypracowywanie z\u0142o\u017conych rozwi\u0105za\u0144, kt\u00f3re maj\u0105 by\u0107 poddane decyzji szefostwa lub zespo\u0142u).   Przekazanie materia\u0142\u00f3w edukacyjnych.","og_url":"https:\/\/advisory-box.com\/Start\/en\/p\/proces-podejmowania-decyzji-zwiekszajacy-skutecznosc-dzialania-zespolu\/","og_site_name":"Advisory Box","article_modified_time":"2021-07-06T15:39:27+00:00","twitter_card":"summary_large_image","schema":{"@context":"https:\/\/schema.org","@graph":[{"@type":"Organization","@id":"https:\/\/advisory-box.com\/Start\/#organization","name":"Advisory Box","url":"https:\/\/advisory-box.com\/Start\/","sameAs":[],"logo":{"@type":"ImageObject","@id":"https:\/\/advisory-box.com\/Start\/#logo","inLanguage":"en-US","url":"","contentUrl":"","caption":"Advisory Box"},"image":{"@id":"https:\/\/advisory-box.com\/Start\/#logo"}},{"@type":"WebSite","@id":"https:\/\/advisory-box.com\/Start\/#website","url":"https:\/\/advisory-box.com\/Start\/","name":"Advisory Box","description":"\u0141aczymy przedsi\u0119biorc&oacute;w z najlepszymi ekspertami","publisher":{"@id":"https:\/\/advisory-box.com\/Start\/#organization"},"potentialAction":[{"@type":"SearchAction","target":{"@type":"EntryPoint","urlTemplate":"https:\/\/advisory-box.com\/Start\/?s={search_term_string}"},"query-input":"required name=search_term_string"}],"inLanguage":"en-US"},{"@type":"WebPage","@id":"https:\/\/advisory-box.com\/Start\/en\/p\/proces-podejmowania-decyzji-zwiekszajacy-skutecznosc-dzialania-zespolu\/#webpage","url":"https:\/\/advisory-box.com\/Start\/en\/p\/proces-podejmowania-decyzji-zwiekszajacy-skutecznosc-dzialania-zespolu\/","name":"Warsztat z podejmowania decyzji - Advisory Box","isPartOf":{"@id":"https:\/\/advisory-box.com\/Start\/#website"},"datePublished":"2021-03-13T18:40:19+00:00","dateModified":"2021-07-06T15:39:27+00:00","breadcrumb":{"@id":"https:\/\/advisory-box.com\/Start\/en\/p\/proces-podejmowania-decyzji-zwiekszajacy-skutecznosc-dzialania-zespolu\/#breadcrumb"},"inLanguage":"en-US","potentialAction":[{"@type":"ReadAction","target":["https:\/\/advisory-box.com\/Start\/en\/p\/proces-podejmowania-decyzji-zwiekszajacy-skutecznosc-dzialania-zespolu\/"]}]},{"@type":"BreadcrumbList","@id":"https:\/\/advisory-box.com\/Start\/en\/p\/proces-podejmowania-decyzji-zwiekszajacy-skutecznosc-dzialania-zespolu\/#breadcrumb","itemListElement":[{"@type":"ListItem","position":1,"name":"Strona g\u0142\u00f3wna","item":"https:\/\/advisory-box.com\/Start\/"},{"@type":"ListItem","position":2,"name":"sklep","item":"https:\/\/advisory-box.com\/Start\/sklep\/"},{"@type":"ListItem","position":3,"name":"Warsztat z podejmowania decyzji"}]}]}},"_links":{"self":[{"href":"https:\/\/advisory-box.com\/Start\/en\/wp-json\/wp\/v2\/product\/2413","targetHints":{"allow":["GET"]}}],"collection":[{"href":"https:\/\/advisory-box.com\/Start\/en\/wp-json\/wp\/v2\/product"}],"about":[{"href":"https:\/\/advisory-box.com\/Start\/en\/wp-json\/wp\/v2\/types\/product"}],"version-history":[{"count":2,"href":"https:\/\/advisory-box.com\/Start\/en\/wp-json\/wp\/v2\/product\/2413\/revisions"}],"predecessor-version":[{"id":3156,"href":"https:\/\/advisory-box.com\/Start\/en\/wp-json\/wp\/v2\/product\/2413\/revisions\/3156"}],"wp:attachment":[{"href":"https:\/\/advisory-box.com\/Start\/en\/wp-json\/wp\/v2\/media?parent=2413"}],"wp:term":[{"taxonomy":"product_cat","embeddable":true,"href":"https:\/\/advisory-box.com\/Start\/en\/wp-json\/wp\/v2\/product_cat?post=2413"},{"taxonomy":"product_tag","embeddable":true,"href":"https:\/\/advisory-box.com\/Start\/en\/wp-json\/wp\/v2\/product_tag?post=2413"}],"curies":[{"name":"wp","href":"https:\/\/api.w.org\/{rel}","templated":true}]}}