{"id":2415,"date":"2021-03-16T17:25:30","date_gmt":"2021-03-16T17:25:30","guid":{"rendered":"https:\/\/advisory-box.com\/Start\/?post_type=product&#038;p=2415"},"modified":"2021-07-06T15:38:58","modified_gmt":"2021-07-06T15:38:58","slug":"osobowosc-lidera-analiza-mocnych-i-slabych-stron","status":"publish","type":"product","link":"https:\/\/advisory-box.com\/Start\/en\/p\/osobowosc-lidera-analiza-mocnych-i-slabych-stron\/","title":{"rendered":"Profil osobowo\u015bci lidera"},"content":{"rendered":"<p>analiza mocnych i s\u0142abych stron<\/p>","protected":false},"excerpt":{"rendered":"<h3><span style=\"color: #c10000;\"><strong>W jakiej sytuacji mo\u017cesz potrzebowa\u0107 us\u0142ugi?<\/strong><\/span><\/h3>\n<ul>\n<li><span style=\"font-weight: 400;\">Potrzeba analizy codziennych zachowa\u0144 i postaw lidera lub grupy lider\u00f3w.<\/span><\/li>\n<li><span style=\"font-weight: 400;\">Potrzeba wskazania mocnych stron badanej osoby (lub ca\u0142ej grupy).<\/span><\/li>\n<li><span style=\"font-weight: 400;\">Potrzeba wskazania obszar\u00f3w i postaw wymagaj\u0105cych dzia\u0142a\u0144 rozwojowych.<\/span><\/li>\n<li><span style=\"font-weight: 400;\">Etap wst\u0119pny przez rozpocz\u0119ciem pracy rozwojowej przez coacha.<\/span><\/li>\n<\/ul>\n<h3><span style=\"color: #c10000;\"><strong>Co dostaniesz jako rezultat?<\/strong><\/span><\/h3>\n<ul>\n<li><span style=\"font-weight: 400;\">Profil osobowo\u015bciowy badanej osoby (grupy os\u00f3b).<\/span><\/li>\n<li><span style=\"font-weight: 400;\">Matryca mocnych i s\u0142abych stron osoby, jej (nie)skutecznych postaw liderskich.<\/span><\/li>\n<li><span style=\"font-weight: 400;\">Wi\u0119ksza samo\u015bwiadomo\u015b\u0107 badanej osoby.<\/span><\/li>\n<\/ul>\n<h3><span style=\"color: #c10000;\"><strong>Jak wygl\u0105da realizacja?<\/strong><\/span><\/h3>\n<ul>\n<li><span style=\"font-weight: 400;\">Badanie psychometryczne wykonane przez badan\u0105 osob\u0119 on-line.<\/span><\/li>\n<li><span style=\"font-weight: 400;\">Sesja informacji zwrotnej prowadzona przez konsultanta.<\/span><\/li>\n<li><span style=\"font-weight: 400;\">Opcjonalnie &#8211; sesja identyfikacji mocnych stron lidera i obszar\u00f3w wymagaj\u0105cych rozwoju.<\/span><\/li>\n<li>Cena uzale\u017cniona od liczby os\u00f3b, prosimy o kontakt indywidualny.<\/li>\n<\/ul>","protected":false},"featured_media":3148,"template":"","meta":[],"product_cat":[33],"product_tag":[106,105,107,108,43,27,81],"class_list":["post-2415","product","type-product","status-publish","has-post-thumbnail","hentry","product_cat-hr-kadry-czyli-twoi-ludzie","product_tag-leadership","product_tag-lider","product_tag-mocne-strony","product_tag-osobowosc","product_tag-przywodztwo","product_tag-rozwoj","product_tag-zespol","pa_czas-realizacji-1-2-tygodni","pa_inwestycja-do-5-000-zl"],"yoast_head":"<!-- This site is optimized with the Yoast SEO plugin v18.4.1 - https:\/\/yoast.com\/wordpress\/plugins\/seo\/ -->\n<title>Profil osobowo\u015bci lidera - Advisory Box<\/title>\n<meta name=\"robots\" content=\"index, follow, max-snippet:-1, max-image-preview:large, max-video-preview:-1\" \/>\n<link rel=\"canonical\" href=\"https:\/\/advisory-box.com\/Start\/en\/p\/osobowosc-lidera-analiza-mocnych-i-slabych-stron\/\" \/>\n<meta property=\"og:locale\" content=\"en_US\" \/>\n<meta property=\"og:type\" content=\"article\" \/>\n<meta property=\"og:title\" content=\"Profil osobowo\u015bci lidera - Advisory Box\" \/>\n<meta property=\"og:description\" content=\"W jakiej sytuacji mo\u017cesz potrzebowa\u0107 us\u0142ugi?   Potrzeba analizy codziennych zachowa\u0144 i postaw lidera lub grupy lider\u00f3w.  Potrzeba wskazania mocnych stron badanej osoby (lub ca\u0142ej grupy).  Potrzeba wskazania obszar\u00f3w i postaw wymagaj\u0105cych dzia\u0142a\u0144 rozwojowych.  Etap wst\u0119pny przez rozpocz\u0119ciem pracy rozwojowej przez coacha.  Co dostaniesz jako rezultat?   Profil osobowo\u015bciowy badanej osoby (grupy os\u00f3b).  Matryca mocnych i s\u0142abych stron osoby, jej (nie)skutecznych postaw liderskich.  Wi\u0119ksza samo\u015bwiadomo\u015b\u0107 badanej osoby.  Jak wygl\u0105da realizacja?   Badanie psychometryczne wykonane przez badan\u0105 osob\u0119 on-line.  Sesja informacji zwrotnej prowadzona przez konsultanta.  Opcjonalnie - sesja identyfikacji mocnych stron lidera i obszar\u00f3w wymagaj\u0105cych rozwoju.  Cena uzale\u017cniona od liczby os\u00f3b, prosimy o kontakt indywidualny.\" \/>\n<meta property=\"og:url\" content=\"https:\/\/advisory-box.com\/Start\/en\/p\/osobowosc-lidera-analiza-mocnych-i-slabych-stron\/\" \/>\n<meta property=\"og:site_name\" content=\"Advisory Box\" \/>\n<meta property=\"article:modified_time\" content=\"2021-07-06T15:38:58+00:00\" \/>\n<meta property=\"og:image\" content=\"https:\/\/advisory-box.com\/Start\/wp-content\/uploads\/2021\/03\/26.png\" \/>\n\t<meta property=\"og:image:width\" content=\"940\" \/>\n\t<meta property=\"og:image:height\" content=\"788\" \/>\n\t<meta property=\"og:image:type\" content=\"image\/png\" \/>\n<meta name=\"twitter:card\" content=\"summary_large_image\" \/>\n<meta name=\"twitter:label1\" content=\"Est. reading time\" \/>\n\t<meta name=\"twitter:data1\" content=\"1 minute\" \/>\n<script type=\"application\/ld+json\" class=\"yoast-schema-graph\">{\"@context\":\"https:\/\/schema.org\",\"@graph\":[{\"@type\":\"Organization\",\"@id\":\"https:\/\/advisory-box.com\/Start\/#organization\",\"name\":\"Advisory Box\",\"url\":\"https:\/\/advisory-box.com\/Start\/\",\"sameAs\":[],\"logo\":{\"@type\":\"ImageObject\",\"@id\":\"https:\/\/advisory-box.com\/Start\/#logo\",\"inLanguage\":\"en-US\",\"url\":\"\",\"contentUrl\":\"\",\"caption\":\"Advisory Box\"},\"image\":{\"@id\":\"https:\/\/advisory-box.com\/Start\/#logo\"}},{\"@type\":\"WebSite\",\"@id\":\"https:\/\/advisory-box.com\/Start\/#website\",\"url\":\"https:\/\/advisory-box.com\/Start\/\",\"name\":\"Advisory Box\",\"description\":\"\u0141aczymy przedsi\u0119biorc&oacute;w z najlepszymi ekspertami\",\"publisher\":{\"@id\":\"https:\/\/advisory-box.com\/Start\/#organization\"},\"potentialAction\":[{\"@type\":\"SearchAction\",\"target\":{\"@type\":\"EntryPoint\",\"urlTemplate\":\"https:\/\/advisory-box.com\/Start\/?s={search_term_string}\"},\"query-input\":\"required name=search_term_string\"}],\"inLanguage\":\"en-US\"},{\"@type\":\"ImageObject\",\"@id\":\"https:\/\/advisory-box.com\/Start\/en\/p\/osobowosc-lidera-analiza-mocnych-i-slabych-stron\/#primaryimage\",\"inLanguage\":\"en-US\",\"url\":\"https:\/\/advisory-box.com\/Start\/wp-content\/uploads\/2021\/03\/26.png\",\"contentUrl\":\"https:\/\/advisory-box.com\/Start\/wp-content\/uploads\/2021\/03\/26.png\",\"width\":940,\"height\":788},{\"@type\":\"WebPage\",\"@id\":\"https:\/\/advisory-box.com\/Start\/en\/p\/osobowosc-lidera-analiza-mocnych-i-slabych-stron\/#webpage\",\"url\":\"https:\/\/advisory-box.com\/Start\/en\/p\/osobowosc-lidera-analiza-mocnych-i-slabych-stron\/\",\"name\":\"Profil osobowo\u015bci lidera - Advisory Box\",\"isPartOf\":{\"@id\":\"https:\/\/advisory-box.com\/Start\/#website\"},\"primaryImageOfPage\":{\"@id\":\"https:\/\/advisory-box.com\/Start\/en\/p\/osobowosc-lidera-analiza-mocnych-i-slabych-stron\/#primaryimage\"},\"datePublished\":\"2021-03-16T17:25:30+00:00\",\"dateModified\":\"2021-07-06T15:38:58+00:00\",\"breadcrumb\":{\"@id\":\"https:\/\/advisory-box.com\/Start\/en\/p\/osobowosc-lidera-analiza-mocnych-i-slabych-stron\/#breadcrumb\"},\"inLanguage\":\"en-US\",\"potentialAction\":[{\"@type\":\"ReadAction\",\"target\":[\"https:\/\/advisory-box.com\/Start\/en\/p\/osobowosc-lidera-analiza-mocnych-i-slabych-stron\/\"]}]},{\"@type\":\"BreadcrumbList\",\"@id\":\"https:\/\/advisory-box.com\/Start\/en\/p\/osobowosc-lidera-analiza-mocnych-i-slabych-stron\/#breadcrumb\",\"itemListElement\":[{\"@type\":\"ListItem\",\"position\":1,\"name\":\"Strona g\u0142\u00f3wna\",\"item\":\"https:\/\/advisory-box.com\/Start\/\"},{\"@type\":\"ListItem\",\"position\":2,\"name\":\"sklep\",\"item\":\"https:\/\/advisory-box.com\/Start\/sklep\/\"},{\"@type\":\"ListItem\",\"position\":3,\"name\":\"Profil osobowo\u015bci lidera\"}]}]}<\/script>\n<!-- \/ Yoast SEO plugin. -->","yoast_head_json":{"title":"Profil osobowo\u015bci lidera - Advisory Box","robots":{"index":"index","follow":"follow","max-snippet":"max-snippet:-1","max-image-preview":"max-image-preview:large","max-video-preview":"max-video-preview:-1"},"canonical":"https:\/\/advisory-box.com\/Start\/en\/p\/osobowosc-lidera-analiza-mocnych-i-slabych-stron\/","og_locale":"en_US","og_type":"article","og_title":"Profil osobowo\u015bci lidera - Advisory Box","og_description":"W jakiej sytuacji mo\u017cesz potrzebowa\u0107 us\u0142ugi?   Potrzeba analizy codziennych zachowa\u0144 i postaw lidera lub grupy lider\u00f3w.  Potrzeba wskazania mocnych stron badanej osoby (lub ca\u0142ej grupy).  Potrzeba wskazania obszar\u00f3w i postaw wymagaj\u0105cych dzia\u0142a\u0144 rozwojowych.  Etap wst\u0119pny przez rozpocz\u0119ciem pracy rozwojowej przez coacha.  Co dostaniesz jako rezultat?   Profil osobowo\u015bciowy badanej osoby (grupy os\u00f3b).  Matryca mocnych i s\u0142abych stron osoby, jej (nie)skutecznych postaw liderskich.  Wi\u0119ksza samo\u015bwiadomo\u015b\u0107 badanej osoby.  Jak wygl\u0105da realizacja?   Badanie psychometryczne wykonane przez badan\u0105 osob\u0119 on-line.  Sesja informacji zwrotnej prowadzona przez konsultanta.  Opcjonalnie - sesja identyfikacji mocnych stron lidera i obszar\u00f3w wymagaj\u0105cych rozwoju.  Cena uzale\u017cniona od liczby os\u00f3b, prosimy o kontakt indywidualny.","og_url":"https:\/\/advisory-box.com\/Start\/en\/p\/osobowosc-lidera-analiza-mocnych-i-slabych-stron\/","og_site_name":"Advisory Box","article_modified_time":"2021-07-06T15:38:58+00:00","og_image":[{"width":940,"height":788,"url":"https:\/\/advisory-box.com\/Start\/wp-content\/uploads\/2021\/03\/26.png","type":"image\/png"}],"twitter_card":"summary_large_image","twitter_misc":{"Est. reading time":"1 minute"},"schema":{"@context":"https:\/\/schema.org","@graph":[{"@type":"Organization","@id":"https:\/\/advisory-box.com\/Start\/#organization","name":"Advisory Box","url":"https:\/\/advisory-box.com\/Start\/","sameAs":[],"logo":{"@type":"ImageObject","@id":"https:\/\/advisory-box.com\/Start\/#logo","inLanguage":"en-US","url":"","contentUrl":"","caption":"Advisory Box"},"image":{"@id":"https:\/\/advisory-box.com\/Start\/#logo"}},{"@type":"WebSite","@id":"https:\/\/advisory-box.com\/Start\/#website","url":"https:\/\/advisory-box.com\/Start\/","name":"Advisory Box","description":"\u0141aczymy przedsi\u0119biorc&oacute;w z najlepszymi ekspertami","publisher":{"@id":"https:\/\/advisory-box.com\/Start\/#organization"},"potentialAction":[{"@type":"SearchAction","target":{"@type":"EntryPoint","urlTemplate":"https:\/\/advisory-box.com\/Start\/?s={search_term_string}"},"query-input":"required name=search_term_string"}],"inLanguage":"en-US"},{"@type":"ImageObject","@id":"https:\/\/advisory-box.com\/Start\/en\/p\/osobowosc-lidera-analiza-mocnych-i-slabych-stron\/#primaryimage","inLanguage":"en-US","url":"https:\/\/advisory-box.com\/Start\/wp-content\/uploads\/2021\/03\/26.png","contentUrl":"https:\/\/advisory-box.com\/Start\/wp-content\/uploads\/2021\/03\/26.png","width":940,"height":788},{"@type":"WebPage","@id":"https:\/\/advisory-box.com\/Start\/en\/p\/osobowosc-lidera-analiza-mocnych-i-slabych-stron\/#webpage","url":"https:\/\/advisory-box.com\/Start\/en\/p\/osobowosc-lidera-analiza-mocnych-i-slabych-stron\/","name":"Profil osobowo\u015bci lidera - Advisory Box","isPartOf":{"@id":"https:\/\/advisory-box.com\/Start\/#website"},"primaryImageOfPage":{"@id":"https:\/\/advisory-box.com\/Start\/en\/p\/osobowosc-lidera-analiza-mocnych-i-slabych-stron\/#primaryimage"},"datePublished":"2021-03-16T17:25:30+00:00","dateModified":"2021-07-06T15:38:58+00:00","breadcrumb":{"@id":"https:\/\/advisory-box.com\/Start\/en\/p\/osobowosc-lidera-analiza-mocnych-i-slabych-stron\/#breadcrumb"},"inLanguage":"en-US","potentialAction":[{"@type":"ReadAction","target":["https:\/\/advisory-box.com\/Start\/en\/p\/osobowosc-lidera-analiza-mocnych-i-slabych-stron\/"]}]},{"@type":"BreadcrumbList","@id":"https:\/\/advisory-box.com\/Start\/en\/p\/osobowosc-lidera-analiza-mocnych-i-slabych-stron\/#breadcrumb","itemListElement":[{"@type":"ListItem","position":1,"name":"Strona g\u0142\u00f3wna","item":"https:\/\/advisory-box.com\/Start\/"},{"@type":"ListItem","position":2,"name":"sklep","item":"https:\/\/advisory-box.com\/Start\/sklep\/"},{"@type":"ListItem","position":3,"name":"Profil osobowo\u015bci lidera"}]}]}},"_links":{"self":[{"href":"https:\/\/advisory-box.com\/Start\/en\/wp-json\/wp\/v2\/product\/2415","targetHints":{"allow":["GET"]}}],"collection":[{"href":"https:\/\/advisory-box.com\/Start\/en\/wp-json\/wp\/v2\/product"}],"about":[{"href":"https:\/\/advisory-box.com\/Start\/en\/wp-json\/wp\/v2\/types\/product"}],"version-history":[{"count":1,"href":"https:\/\/advisory-box.com\/Start\/en\/wp-json\/wp\/v2\/product\/2415\/revisions"}],"predecessor-version":[{"id":3155,"href":"https:\/\/advisory-box.com\/Start\/en\/wp-json\/wp\/v2\/product\/2415\/revisions\/3155"}],"wp:featuredmedia":[{"embeddable":true,"href":"https:\/\/advisory-box.com\/Start\/en\/wp-json\/wp\/v2\/media\/3148"}],"wp:attachment":[{"href":"https:\/\/advisory-box.com\/Start\/en\/wp-json\/wp\/v2\/media?parent=2415"}],"wp:term":[{"taxonomy":"product_cat","embeddable":true,"href":"https:\/\/advisory-box.com\/Start\/en\/wp-json\/wp\/v2\/product_cat?post=2415"},{"taxonomy":"product_tag","embeddable":true,"href":"https:\/\/advisory-box.com\/Start\/en\/wp-json\/wp\/v2\/product_tag?post=2415"}],"curies":[{"name":"wp","href":"https:\/\/api.w.org\/{rel}","templated":true}]}}