{"id":2416,"date":"2021-03-16T17:49:35","date_gmt":"2021-03-16T17:49:35","guid":{"rendered":"https:\/\/advisory-box.com\/Start\/?post_type=product&#038;p=2416"},"modified":"2021-07-06T16:37:54","modified_gmt":"2021-07-06T16:37:54","slug":"zestaw-kompetencji-menedzerskich-i-technicznych-w-twojej-firmie","status":"publish","type":"product","link":"https:\/\/advisory-box.com\/Start\/en\/p\/zestaw-kompetencji-menedzerskich-i-technicznych-w-twojej-firmie\/","title":{"rendered":"Kompetencje mened\u017cerskie i techniczne"},"content":{"rendered":"","protected":false},"excerpt":{"rendered":"<h3><span style=\"color: #c10000;\"><strong>W jakiej sytuacji mo\u017cesz potrzebowa\u0107 us\u0142ugi?<\/strong><\/span><\/h3>\n<ul>\n<li><span style=\"font-weight: 400;\">Potrzeba wykorzystania kompetencji do oceny jako\u015bci pracy.<\/span><\/li>\n<li><span style=\"font-weight: 400;\">Potrzeba przygotowania programu szkole\u0144.<\/span><\/li>\n<li><span style=\"font-weight: 400;\">Potrzeba przygotowania programu rozwoju zawodowego pracownik\u00f3w.<\/span><\/li>\n<\/ul>\n<h3><span style=\"color: #c10000;\"><strong>Co dostaniesz jako rezultat?<\/strong><\/span><\/h3>\n<ul>\n<li><span style=\"font-weight: 400;\">Zestaw kompetencji (mened\u017cerskich i technicznych).<\/span><\/li>\n<li><span style=\"font-weight: 400;\">Zestaw kompetencji jako element systemu oceny pracy pracownik\u00f3w.<\/span><\/li>\n<li><span style=\"font-weight: 400;\">System kompetencji jako element programu szkole\u0144 i rozwoju zawodowego pracownik\u00f3w.<\/span><\/li>\n<\/ul>\n<h3><span style=\"color: #c10000;\"><strong>Jak wygl\u0105da realizacja?<\/strong><\/span><\/h3>\n<ul>\n<li><span style=\"font-weight: 400;\">Warsztat z klientem &#8211; identyfikacja kompetencji najcz\u0119\u015bciej wykorzystywanych\u00a0 w pracy organizacji.<\/span><\/li>\n<li><span style=\"font-weight: 400;\">Warsztat z klientem + praca konsultanta &#8211; szczeg\u00f3\u0142owy opis wybranych kompetencji.<\/span><\/li>\n<li><span style=\"font-weight: 400;\">Warsztat z klientem + praca konsultanta &#8211; ustalenie poziom\u00f3w demonstrowania kompetencji.<\/span><\/li>\n<li><span style=\"font-weight: 400;\">Pr\u00f3bne wykorzystanie zestawu kompetencji.<\/span><\/li>\n<li><span style=\"font-weight: 400;\">Wykorzystanie do\u015bwiadcze\u0144 i przygotowanie ostatecznej wersji.<\/span><\/li>\n<\/ul>","protected":false},"featured_media":3147,"template":"","meta":[],"product_cat":[33],"product_tag":[109,110,111,69,117,113,116,114,27,115,112],"class_list":["post-2416","product","type-product","status-publish","has-post-thumbnail","hentry","product_cat-hr-kadry-czyli-twoi-ludzie","product_tag-kompetencje","product_tag-kompetencje-menedzerskie","product_tag-kompetencje-techniczne","product_tag-manager","product_tag-menedzer","product_tag-ocena-pracownikow","product_tag-program-rozwoju-zawodowego","product_tag-program-szkolen","product_tag-rozwoj","product_tag-rozwoj-zawodowy","product_tag-zestaw-kompetencji","pa_czas-realizacji-3-4-tygodni","pa_inwestycja-10-000-zl-14-000-zl"],"yoast_head":"<!-- This site is optimized with the Yoast SEO plugin v18.4.1 - https:\/\/yoast.com\/wordpress\/plugins\/seo\/ -->\n<title>Kompetencje mened\u017cerskie i techniczne - Advisory Box<\/title>\n<meta name=\"robots\" content=\"index, follow, max-snippet:-1, max-image-preview:large, max-video-preview:-1\" \/>\n<link rel=\"canonical\" href=\"https:\/\/advisory-box.com\/Start\/en\/p\/zestaw-kompetencji-menedzerskich-i-technicznych-w-twojej-firmie\/\" \/>\n<meta property=\"og:locale\" content=\"en_US\" \/>\n<meta property=\"og:type\" content=\"article\" \/>\n<meta property=\"og:title\" content=\"Kompetencje mened\u017cerskie i techniczne - Advisory Box\" \/>\n<meta property=\"og:description\" content=\"W jakiej sytuacji mo\u017cesz potrzebowa\u0107 us\u0142ugi?   Potrzeba wykorzystania kompetencji do oceny jako\u015bci pracy.  Potrzeba przygotowania programu szkole\u0144.  Potrzeba przygotowania programu rozwoju zawodowego pracownik\u00f3w.  Co dostaniesz jako rezultat?   Zestaw kompetencji (mened\u017cerskich i technicznych).  Zestaw kompetencji jako element systemu oceny pracy pracownik\u00f3w.  System kompetencji jako element programu szkole\u0144 i rozwoju zawodowego pracownik\u00f3w.  Jak wygl\u0105da realizacja?   Warsztat z klientem - identyfikacja kompetencji najcz\u0119\u015bciej wykorzystywanych\u00a0 w pracy organizacji.  Warsztat z klientem + praca konsultanta - szczeg\u00f3\u0142owy opis wybranych kompetencji.  Warsztat z klientem + praca konsultanta - ustalenie poziom\u00f3w demonstrowania kompetencji.  Pr\u00f3bne wykorzystanie zestawu kompetencji.  Wykorzystanie do\u015bwiadcze\u0144 i przygotowanie ostatecznej wersji.\" \/>\n<meta property=\"og:url\" content=\"https:\/\/advisory-box.com\/Start\/en\/p\/zestaw-kompetencji-menedzerskich-i-technicznych-w-twojej-firmie\/\" \/>\n<meta property=\"og:site_name\" content=\"Advisory Box\" \/>\n<meta property=\"article:modified_time\" content=\"2021-07-06T16:37:54+00:00\" \/>\n<meta property=\"og:image\" content=\"https:\/\/advisory-box.com\/Start\/wp-content\/uploads\/2021\/03\/25.png\" \/>\n\t<meta property=\"og:image:width\" content=\"940\" \/>\n\t<meta property=\"og:image:height\" content=\"788\" \/>\n\t<meta property=\"og:image:type\" content=\"image\/png\" \/>\n<meta name=\"twitter:card\" content=\"summary_large_image\" \/>\n<script type=\"application\/ld+json\" class=\"yoast-schema-graph\">{\"@context\":\"https:\/\/schema.org\",\"@graph\":[{\"@type\":\"Organization\",\"@id\":\"https:\/\/advisory-box.com\/Start\/#organization\",\"name\":\"Advisory Box\",\"url\":\"https:\/\/advisory-box.com\/Start\/\",\"sameAs\":[],\"logo\":{\"@type\":\"ImageObject\",\"@id\":\"https:\/\/advisory-box.com\/Start\/#logo\",\"inLanguage\":\"en-US\",\"url\":\"\",\"contentUrl\":\"\",\"caption\":\"Advisory Box\"},\"image\":{\"@id\":\"https:\/\/advisory-box.com\/Start\/#logo\"}},{\"@type\":\"WebSite\",\"@id\":\"https:\/\/advisory-box.com\/Start\/#website\",\"url\":\"https:\/\/advisory-box.com\/Start\/\",\"name\":\"Advisory Box\",\"description\":\"\u0141aczymy przedsi\u0119biorc&oacute;w z najlepszymi ekspertami\",\"publisher\":{\"@id\":\"https:\/\/advisory-box.com\/Start\/#organization\"},\"potentialAction\":[{\"@type\":\"SearchAction\",\"target\":{\"@type\":\"EntryPoint\",\"urlTemplate\":\"https:\/\/advisory-box.com\/Start\/?s={search_term_string}\"},\"query-input\":\"required name=search_term_string\"}],\"inLanguage\":\"en-US\"},{\"@type\":\"ImageObject\",\"@id\":\"https:\/\/advisory-box.com\/Start\/p\/zestaw-kompetencji-menedzerskich-i-technicznych-w-twojej-firmie\/#primaryimage\",\"inLanguage\":\"en-US\",\"url\":\"https:\/\/advisory-box.com\/Start\/wp-content\/uploads\/2021\/03\/25.png\",\"contentUrl\":\"https:\/\/advisory-box.com\/Start\/wp-content\/uploads\/2021\/03\/25.png\",\"width\":940,\"height\":788},{\"@type\":\"WebPage\",\"@id\":\"https:\/\/advisory-box.com\/Start\/p\/zestaw-kompetencji-menedzerskich-i-technicznych-w-twojej-firmie\/#webpage\",\"url\":\"https:\/\/advisory-box.com\/Start\/p\/zestaw-kompetencji-menedzerskich-i-technicznych-w-twojej-firmie\/\",\"name\":\"Kompetencje mened\u017cerskie i techniczne - Advisory Box\",\"isPartOf\":{\"@id\":\"https:\/\/advisory-box.com\/Start\/#website\"},\"primaryImageOfPage\":{\"@id\":\"https:\/\/advisory-box.com\/Start\/p\/zestaw-kompetencji-menedzerskich-i-technicznych-w-twojej-firmie\/#primaryimage\"},\"datePublished\":\"2021-03-16T17:49:35+00:00\",\"dateModified\":\"2021-07-06T16:37:54+00:00\",\"breadcrumb\":{\"@id\":\"https:\/\/advisory-box.com\/Start\/p\/zestaw-kompetencji-menedzerskich-i-technicznych-w-twojej-firmie\/#breadcrumb\"},\"inLanguage\":\"en-US\",\"potentialAction\":[{\"@type\":\"ReadAction\",\"target\":[\"https:\/\/advisory-box.com\/Start\/p\/zestaw-kompetencji-menedzerskich-i-technicznych-w-twojej-firmie\/\"]}]},{\"@type\":\"BreadcrumbList\",\"@id\":\"https:\/\/advisory-box.com\/Start\/p\/zestaw-kompetencji-menedzerskich-i-technicznych-w-twojej-firmie\/#breadcrumb\",\"itemListElement\":[{\"@type\":\"ListItem\",\"position\":1,\"name\":\"Strona g\u0142\u00f3wna\",\"item\":\"https:\/\/advisory-box.com\/Start\/\"},{\"@type\":\"ListItem\",\"position\":2,\"name\":\"sklep\",\"item\":\"https:\/\/advisory-box.com\/Start\/sklep\/\"},{\"@type\":\"ListItem\",\"position\":3,\"name\":\"Kompetencje mened\u017cerskie i techniczne\"}]}]}<\/script>\n<!-- \/ Yoast SEO plugin. -->","yoast_head_json":{"title":"Kompetencje mened\u017cerskie i techniczne - Advisory Box","robots":{"index":"index","follow":"follow","max-snippet":"max-snippet:-1","max-image-preview":"max-image-preview:large","max-video-preview":"max-video-preview:-1"},"canonical":"https:\/\/advisory-box.com\/Start\/en\/p\/zestaw-kompetencji-menedzerskich-i-technicznych-w-twojej-firmie\/","og_locale":"en_US","og_type":"article","og_title":"Kompetencje mened\u017cerskie i techniczne - Advisory Box","og_description":"W jakiej sytuacji mo\u017cesz potrzebowa\u0107 us\u0142ugi?   Potrzeba wykorzystania kompetencji do oceny jako\u015bci pracy.  Potrzeba przygotowania programu szkole\u0144.  Potrzeba przygotowania programu rozwoju zawodowego pracownik\u00f3w.  Co dostaniesz jako rezultat?   Zestaw kompetencji (mened\u017cerskich i technicznych).  Zestaw kompetencji jako element systemu oceny pracy pracownik\u00f3w.  System kompetencji jako element programu szkole\u0144 i rozwoju zawodowego pracownik\u00f3w.  Jak wygl\u0105da realizacja?   Warsztat z klientem - identyfikacja kompetencji najcz\u0119\u015bciej wykorzystywanych\u00a0 w pracy organizacji.  Warsztat z klientem + praca konsultanta - szczeg\u00f3\u0142owy opis wybranych kompetencji.  Warsztat z klientem + praca konsultanta - ustalenie poziom\u00f3w demonstrowania kompetencji.  Pr\u00f3bne wykorzystanie zestawu kompetencji.  Wykorzystanie do\u015bwiadcze\u0144 i przygotowanie ostatecznej wersji.","og_url":"https:\/\/advisory-box.com\/Start\/en\/p\/zestaw-kompetencji-menedzerskich-i-technicznych-w-twojej-firmie\/","og_site_name":"Advisory Box","article_modified_time":"2021-07-06T16:37:54+00:00","og_image":[{"width":940,"height":788,"url":"https:\/\/advisory-box.com\/Start\/wp-content\/uploads\/2021\/03\/25.png","type":"image\/png"}],"twitter_card":"summary_large_image","schema":{"@context":"https:\/\/schema.org","@graph":[{"@type":"Organization","@id":"https:\/\/advisory-box.com\/Start\/#organization","name":"Advisory Box","url":"https:\/\/advisory-box.com\/Start\/","sameAs":[],"logo":{"@type":"ImageObject","@id":"https:\/\/advisory-box.com\/Start\/#logo","inLanguage":"en-US","url":"","contentUrl":"","caption":"Advisory Box"},"image":{"@id":"https:\/\/advisory-box.com\/Start\/#logo"}},{"@type":"WebSite","@id":"https:\/\/advisory-box.com\/Start\/#website","url":"https:\/\/advisory-box.com\/Start\/","name":"Advisory Box","description":"\u0141aczymy przedsi\u0119biorc&oacute;w z najlepszymi ekspertami","publisher":{"@id":"https:\/\/advisory-box.com\/Start\/#organization"},"potentialAction":[{"@type":"SearchAction","target":{"@type":"EntryPoint","urlTemplate":"https:\/\/advisory-box.com\/Start\/?s={search_term_string}"},"query-input":"required name=search_term_string"}],"inLanguage":"en-US"},{"@type":"ImageObject","@id":"https:\/\/advisory-box.com\/Start\/p\/zestaw-kompetencji-menedzerskich-i-technicznych-w-twojej-firmie\/#primaryimage","inLanguage":"en-US","url":"https:\/\/advisory-box.com\/Start\/wp-content\/uploads\/2021\/03\/25.png","contentUrl":"https:\/\/advisory-box.com\/Start\/wp-content\/uploads\/2021\/03\/25.png","width":940,"height":788},{"@type":"WebPage","@id":"https:\/\/advisory-box.com\/Start\/p\/zestaw-kompetencji-menedzerskich-i-technicznych-w-twojej-firmie\/#webpage","url":"https:\/\/advisory-box.com\/Start\/p\/zestaw-kompetencji-menedzerskich-i-technicznych-w-twojej-firmie\/","name":"Kompetencje mened\u017cerskie i techniczne - Advisory Box","isPartOf":{"@id":"https:\/\/advisory-box.com\/Start\/#website"},"primaryImageOfPage":{"@id":"https:\/\/advisory-box.com\/Start\/p\/zestaw-kompetencji-menedzerskich-i-technicznych-w-twojej-firmie\/#primaryimage"},"datePublished":"2021-03-16T17:49:35+00:00","dateModified":"2021-07-06T16:37:54+00:00","breadcrumb":{"@id":"https:\/\/advisory-box.com\/Start\/p\/zestaw-kompetencji-menedzerskich-i-technicznych-w-twojej-firmie\/#breadcrumb"},"inLanguage":"en-US","potentialAction":[{"@type":"ReadAction","target":["https:\/\/advisory-box.com\/Start\/p\/zestaw-kompetencji-menedzerskich-i-technicznych-w-twojej-firmie\/"]}]},{"@type":"BreadcrumbList","@id":"https:\/\/advisory-box.com\/Start\/p\/zestaw-kompetencji-menedzerskich-i-technicznych-w-twojej-firmie\/#breadcrumb","itemListElement":[{"@type":"ListItem","position":1,"name":"Strona g\u0142\u00f3wna","item":"https:\/\/advisory-box.com\/Start\/"},{"@type":"ListItem","position":2,"name":"sklep","item":"https:\/\/advisory-box.com\/Start\/sklep\/"},{"@type":"ListItem","position":3,"name":"Kompetencje mened\u017cerskie i techniczne"}]}]}},"_links":{"self":[{"href":"https:\/\/advisory-box.com\/Start\/en\/wp-json\/wp\/v2\/product\/2416","targetHints":{"allow":["GET"]}}],"collection":[{"href":"https:\/\/advisory-box.com\/Start\/en\/wp-json\/wp\/v2\/product"}],"about":[{"href":"https:\/\/advisory-box.com\/Start\/en\/wp-json\/wp\/v2\/types\/product"}],"version-history":[{"count":3,"href":"https:\/\/advisory-box.com\/Start\/en\/wp-json\/wp\/v2\/product\/2416\/revisions"}],"predecessor-version":[{"id":3164,"href":"https:\/\/advisory-box.com\/Start\/en\/wp-json\/wp\/v2\/product\/2416\/revisions\/3164"}],"wp:featuredmedia":[{"embeddable":true,"href":"https:\/\/advisory-box.com\/Start\/en\/wp-json\/wp\/v2\/media\/3147"}],"wp:attachment":[{"href":"https:\/\/advisory-box.com\/Start\/en\/wp-json\/wp\/v2\/media?parent=2416"}],"wp:term":[{"taxonomy":"product_cat","embeddable":true,"href":"https:\/\/advisory-box.com\/Start\/en\/wp-json\/wp\/v2\/product_cat?post=2416"},{"taxonomy":"product_tag","embeddable":true,"href":"https:\/\/advisory-box.com\/Start\/en\/wp-json\/wp\/v2\/product_tag?post=2416"}],"curies":[{"name":"wp","href":"https:\/\/api.w.org\/{rel}","templated":true}]}}