{"id":2421,"date":"2021-03-16T19:11:38","date_gmt":"2021-03-16T19:11:38","guid":{"rendered":"https:\/\/advisory-box.com\/Start\/?post_type=product&#038;p=2421"},"modified":"2021-07-09T15:13:04","modified_gmt":"2021-07-09T15:13:04","slug":"zastapienie-pracy-robotnikow-niewykwalifkowanych-przez-roboty-wspolpracujace","status":"publish","type":"product","link":"https:\/\/advisory-box.com\/Start\/en\/p\/zastapienie-pracy-robotnikow-niewykwalifkowanych-przez-roboty-wspolpracujace\/","title":{"rendered":"Robotyzacja stanowisk pracy"},"content":{"rendered":"","protected":false},"excerpt":{"rendered":"<h3>Zast\u0105pienie pracy robotnik\u00f3w niewykwalifkowanych przez roboty wsp\u00f3\u0142pracuj\u0105ce<\/h3>\n<p>&nbsp;<\/p>\n<h3><span style=\"color: #c10000;\"><strong>W jakiej sytuacji mo\u017cesz potrzebowa\u0107 us\u0142ugi?<\/strong><\/span><\/h3>\n<ul>\n<li><span style=\"font-weight: 400;\">Je\u015bli masz problem z obsadzeniem i utrzymaniem pracownik\u00f3w na stanowiskach produkcyjnych i \/ lub robotniczych. <\/span><\/li>\n<li><span style=\"font-weight: 400;\">Chcia\u0142by\u015b zmniejszy\u0107 rotacj\u0119 i skupi\u0107 si\u0119 na produkcji i wysy\u0142kach swoich produkt\u00f3w.<\/span><\/li>\n<li><span style=\"font-weight: 400;\">Masz dosy\u0107 ci\u0105g\u0142ych \u017c\u0105da\u0144 podwy\u017cek i absencji chorobowej Twoich ludzi.<\/span><\/li>\n<\/ul>\n<h3><span style=\"color: #c10000;\"><strong>Co dostaniesz jako rezultat?<\/strong><\/span><\/h3>\n<ul>\n<li><span style=\"font-weight: 400;\">Projekt zrobotyzowania niekt\u00f3rych stanowisk pracy.<\/span><\/li>\n<li><span style=\"font-weight: 400;\"> Wizualizacj\u0119 wygl\u0105du linii produkcyjnej, gniazd produkcyjnych, magazynu i logistyki.<\/span><\/li>\n<li><span style=\"font-weight: 400;\"> Analiz\u0119 op\u0142acalno\u015bci inwestycji w robotyzacj\u0119 na poszczeg\u00f3lnych gniazdach produkcyjnych.<\/span><\/li>\n<li><span style=\"font-weight: 400;\"> Rekomendacj\u0119 rozwi\u0105za\u0144 technologicznych i proponowanego dostawc\u0119 sprz\u0119tu.<\/span><\/li>\n<li><span style=\"font-weight: 400;\"> Rekomendacj\u0119 finansowania inwestycji.<\/span><\/li>\n<\/ul>\n<h3><span style=\"color: #c10000;\"><strong>Jak wygl\u0105da realizacja?<\/strong><\/span><\/h3>\n<ul>\n<li><span style=\"font-weight: 400;\"> Audyt w twojej firmie i na podstawie zebranych danych &#8211; a<\/span><span style=\"font-weight: 400;\">naliza sytuacji produkcyjno-kadrowej.<\/span><\/li>\n<li><span style=\"font-weight: 400;\"> Projekt wprowadzenia robot\u00f3w na poszczeg\u00f3lnych lub wszystkich stanowiskach pracy.<\/span><\/li>\n<li><span style=\"font-weight: 400;\"> Wsp\u00f3lnie z Twoim zespo\u0142em przygotujemy analiz\u0119 op\u0142acalno\u015bci inwestycji.<\/span><\/li>\n<li><span style=\"font-weight: 400;\"> Przygotujemy Twoj\u0105 firm\u0119 do praktycznego wdro\u017cenia proponowanych rozwi\u0105za\u0144 technologicznych.<\/span><\/li>\n<\/ul>\n<div id=\"gtx-trans\" style=\"position: absolute; left: 121px; top: 458.075px;\">\n<div class=\"gtx-trans-icon\"><\/div>\n<\/div>","protected":false},"featured_media":3187,"template":"elementor_theme","meta":[],"product_cat":[32],"product_tag":[135,134,79,133,132],"class_list":["post-2421","product","type-product","status-publish","has-post-thumbnail","hentry","product_cat-operacje-czyli-jak-dzialacie","product_tag-linia-produkcyjna","product_tag-oszczednosci","product_tag-produkcja","product_tag-roboty-wspolpracujace","product_tag-robotyzacja","pa_czas-realizacji-4-6-tygodni","pa_inwestycja-10-000-zl-14-000-zl"],"yoast_head":"<!-- This site is optimized with the Yoast SEO plugin v18.4.1 - https:\/\/yoast.com\/wordpress\/plugins\/seo\/ -->\n<title>Robotyzacja stanowisk pracy - Advisory Box<\/title>\n<meta name=\"robots\" content=\"index, follow, max-snippet:-1, max-image-preview:large, max-video-preview:-1\" \/>\n<link rel=\"canonical\" href=\"https:\/\/advisory-box.com\/Start\/en\/p\/zastapienie-pracy-robotnikow-niewykwalifkowanych-przez-roboty-wspolpracujace\/\" \/>\n<meta property=\"og:locale\" content=\"en_US\" \/>\n<meta property=\"og:type\" content=\"article\" \/>\n<meta property=\"og:title\" content=\"Robotyzacja stanowisk pracy - Advisory Box\" \/>\n<meta property=\"og:description\" content=\"Zast\u0105pienie pracy robotnik\u00f3w niewykwalifkowanych przez roboty wsp\u00f3\u0142pracuj\u0105ce &nbsp; W jakiej sytuacji mo\u017cesz potrzebowa\u0107 us\u0142ugi?   Je\u015bli masz problem z obsadzeniem i utrzymaniem pracownik\u00f3w na stanowiskach produkcyjnych i \/ lub robotniczych.   Chcia\u0142by\u015b zmniejszy\u0107 rotacj\u0119 i skupi\u0107 si\u0119 na produkcji i wysy\u0142kach swoich produkt\u00f3w.  Masz dosy\u0107 ci\u0105g\u0142ych \u017c\u0105da\u0144 podwy\u017cek i absencji chorobowej Twoich ludzi.  Co dostaniesz jako rezultat?   Projekt zrobotyzowania niekt\u00f3rych stanowisk pracy.   Wizualizacj\u0119 wygl\u0105du linii produkcyjnej, gniazd produkcyjnych, magazynu i logistyki.   Analiz\u0119 op\u0142acalno\u015bci inwestycji w robotyzacj\u0119 na poszczeg\u00f3lnych gniazdach produkcyjnych.   Rekomendacj\u0119 rozwi\u0105za\u0144 technologicznych i proponowanego dostawc\u0119 sprz\u0119tu.   Rekomendacj\u0119 finansowania inwestycji.  Jak wygl\u0105da realizacja?    Audyt w twojej firmie i na podstawie zebranych danych - analiza sytuacji produkcyjno-kadrowej.   Projekt wprowadzenia robot\u00f3w na poszczeg\u00f3lnych lub wszystkich stanowiskach pracy.   Wsp\u00f3lnie z Twoim zespo\u0142em przygotujemy analiz\u0119 op\u0142acalno\u015bci inwestycji.   Przygotujemy Twoj\u0105 firm\u0119 do praktycznego wdro\u017cenia proponowanych rozwi\u0105za\u0144 technologicznych.\" \/>\n<meta property=\"og:url\" content=\"https:\/\/advisory-box.com\/Start\/en\/p\/zastapienie-pracy-robotnikow-niewykwalifkowanych-przez-roboty-wspolpracujace\/\" \/>\n<meta property=\"og:site_name\" content=\"Advisory Box\" \/>\n<meta property=\"article:modified_time\" content=\"2021-07-09T15:13:04+00:00\" \/>\n<meta property=\"og:image\" content=\"https:\/\/advisory-box.com\/Start\/wp-content\/uploads\/2021\/03\/38.png\" \/>\n\t<meta property=\"og:image:width\" content=\"940\" \/>\n\t<meta property=\"og:image:height\" content=\"788\" \/>\n\t<meta property=\"og:image:type\" content=\"image\/png\" \/>\n<meta name=\"twitter:card\" content=\"summary_large_image\" \/>\n<script type=\"application\/ld+json\" class=\"yoast-schema-graph\">{\"@context\":\"https:\/\/schema.org\",\"@graph\":[{\"@type\":\"Organization\",\"@id\":\"https:\/\/advisory-box.com\/Start\/#organization\",\"name\":\"Advisory Box\",\"url\":\"https:\/\/advisory-box.com\/Start\/\",\"sameAs\":[],\"logo\":{\"@type\":\"ImageObject\",\"@id\":\"https:\/\/advisory-box.com\/Start\/#logo\",\"inLanguage\":\"en-US\",\"url\":\"\",\"contentUrl\":\"\",\"caption\":\"Advisory Box\"},\"image\":{\"@id\":\"https:\/\/advisory-box.com\/Start\/#logo\"}},{\"@type\":\"WebSite\",\"@id\":\"https:\/\/advisory-box.com\/Start\/#website\",\"url\":\"https:\/\/advisory-box.com\/Start\/\",\"name\":\"Advisory Box\",\"description\":\"\u0141aczymy przedsi\u0119biorc&oacute;w z najlepszymi ekspertami\",\"publisher\":{\"@id\":\"https:\/\/advisory-box.com\/Start\/#organization\"},\"potentialAction\":[{\"@type\":\"SearchAction\",\"target\":{\"@type\":\"EntryPoint\",\"urlTemplate\":\"https:\/\/advisory-box.com\/Start\/?s={search_term_string}\"},\"query-input\":\"required name=search_term_string\"}],\"inLanguage\":\"en-US\"},{\"@type\":\"ImageObject\",\"@id\":\"https:\/\/advisory-box.com\/Start\/en\/p\/zastapienie-pracy-robotnikow-niewykwalifkowanych-przez-roboty-wspolpracujace\/#primaryimage\",\"inLanguage\":\"en-US\",\"url\":\"https:\/\/advisory-box.com\/Start\/wp-content\/uploads\/2021\/03\/38.png\",\"contentUrl\":\"https:\/\/advisory-box.com\/Start\/wp-content\/uploads\/2021\/03\/38.png\",\"width\":940,\"height\":788},{\"@type\":\"WebPage\",\"@id\":\"https:\/\/advisory-box.com\/Start\/en\/p\/zastapienie-pracy-robotnikow-niewykwalifkowanych-przez-roboty-wspolpracujace\/#webpage\",\"url\":\"https:\/\/advisory-box.com\/Start\/en\/p\/zastapienie-pracy-robotnikow-niewykwalifkowanych-przez-roboty-wspolpracujace\/\",\"name\":\"Robotyzacja stanowisk pracy - Advisory Box\",\"isPartOf\":{\"@id\":\"https:\/\/advisory-box.com\/Start\/#website\"},\"primaryImageOfPage\":{\"@id\":\"https:\/\/advisory-box.com\/Start\/en\/p\/zastapienie-pracy-robotnikow-niewykwalifkowanych-przez-roboty-wspolpracujace\/#primaryimage\"},\"datePublished\":\"2021-03-16T19:11:38+00:00\",\"dateModified\":\"2021-07-09T15:13:04+00:00\",\"breadcrumb\":{\"@id\":\"https:\/\/advisory-box.com\/Start\/en\/p\/zastapienie-pracy-robotnikow-niewykwalifkowanych-przez-roboty-wspolpracujace\/#breadcrumb\"},\"inLanguage\":\"en-US\",\"potentialAction\":[{\"@type\":\"ReadAction\",\"target\":[\"https:\/\/advisory-box.com\/Start\/en\/p\/zastapienie-pracy-robotnikow-niewykwalifkowanych-przez-roboty-wspolpracujace\/\"]}]},{\"@type\":\"BreadcrumbList\",\"@id\":\"https:\/\/advisory-box.com\/Start\/en\/p\/zastapienie-pracy-robotnikow-niewykwalifkowanych-przez-roboty-wspolpracujace\/#breadcrumb\",\"itemListElement\":[{\"@type\":\"ListItem\",\"position\":1,\"name\":\"Strona g\u0142\u00f3wna\",\"item\":\"https:\/\/advisory-box.com\/Start\/\"},{\"@type\":\"ListItem\",\"position\":2,\"name\":\"sklep\",\"item\":\"https:\/\/advisory-box.com\/Start\/sklep\/\"},{\"@type\":\"ListItem\",\"position\":3,\"name\":\"Robotyzacja stanowisk pracy\"}]}]}<\/script>\n<!-- \/ Yoast SEO plugin. -->","yoast_head_json":{"title":"Robotyzacja stanowisk pracy - Advisory Box","robots":{"index":"index","follow":"follow","max-snippet":"max-snippet:-1","max-image-preview":"max-image-preview:large","max-video-preview":"max-video-preview:-1"},"canonical":"https:\/\/advisory-box.com\/Start\/en\/p\/zastapienie-pracy-robotnikow-niewykwalifkowanych-przez-roboty-wspolpracujace\/","og_locale":"en_US","og_type":"article","og_title":"Robotyzacja stanowisk pracy - Advisory Box","og_description":"Zast\u0105pienie pracy robotnik\u00f3w niewykwalifkowanych przez roboty wsp\u00f3\u0142pracuj\u0105ce &nbsp; W jakiej sytuacji mo\u017cesz potrzebowa\u0107 us\u0142ugi?   Je\u015bli masz problem z obsadzeniem i utrzymaniem pracownik\u00f3w na stanowiskach produkcyjnych i \/ lub robotniczych.   Chcia\u0142by\u015b zmniejszy\u0107 rotacj\u0119 i skupi\u0107 si\u0119 na produkcji i wysy\u0142kach swoich produkt\u00f3w.  Masz dosy\u0107 ci\u0105g\u0142ych \u017c\u0105da\u0144 podwy\u017cek i absencji chorobowej Twoich ludzi.  Co dostaniesz jako rezultat?   Projekt zrobotyzowania niekt\u00f3rych stanowisk pracy.   Wizualizacj\u0119 wygl\u0105du linii produkcyjnej, gniazd produkcyjnych, magazynu i logistyki.   Analiz\u0119 op\u0142acalno\u015bci inwestycji w robotyzacj\u0119 na poszczeg\u00f3lnych gniazdach produkcyjnych.   Rekomendacj\u0119 rozwi\u0105za\u0144 technologicznych i proponowanego dostawc\u0119 sprz\u0119tu.   Rekomendacj\u0119 finansowania inwestycji.  Jak wygl\u0105da realizacja?    Audyt w twojej firmie i na podstawie zebranych danych - analiza sytuacji produkcyjno-kadrowej.   Projekt wprowadzenia robot\u00f3w na poszczeg\u00f3lnych lub wszystkich stanowiskach pracy.   Wsp\u00f3lnie z Twoim zespo\u0142em przygotujemy analiz\u0119 op\u0142acalno\u015bci inwestycji.   Przygotujemy Twoj\u0105 firm\u0119 do praktycznego wdro\u017cenia proponowanych rozwi\u0105za\u0144 technologicznych.","og_url":"https:\/\/advisory-box.com\/Start\/en\/p\/zastapienie-pracy-robotnikow-niewykwalifkowanych-przez-roboty-wspolpracujace\/","og_site_name":"Advisory Box","article_modified_time":"2021-07-09T15:13:04+00:00","og_image":[{"width":940,"height":788,"url":"https:\/\/advisory-box.com\/Start\/wp-content\/uploads\/2021\/03\/38.png","type":"image\/png"}],"twitter_card":"summary_large_image","schema":{"@context":"https:\/\/schema.org","@graph":[{"@type":"Organization","@id":"https:\/\/advisory-box.com\/Start\/#organization","name":"Advisory Box","url":"https:\/\/advisory-box.com\/Start\/","sameAs":[],"logo":{"@type":"ImageObject","@id":"https:\/\/advisory-box.com\/Start\/#logo","inLanguage":"en-US","url":"","contentUrl":"","caption":"Advisory Box"},"image":{"@id":"https:\/\/advisory-box.com\/Start\/#logo"}},{"@type":"WebSite","@id":"https:\/\/advisory-box.com\/Start\/#website","url":"https:\/\/advisory-box.com\/Start\/","name":"Advisory Box","description":"\u0141aczymy przedsi\u0119biorc&oacute;w z najlepszymi ekspertami","publisher":{"@id":"https:\/\/advisory-box.com\/Start\/#organization"},"potentialAction":[{"@type":"SearchAction","target":{"@type":"EntryPoint","urlTemplate":"https:\/\/advisory-box.com\/Start\/?s={search_term_string}"},"query-input":"required name=search_term_string"}],"inLanguage":"en-US"},{"@type":"ImageObject","@id":"https:\/\/advisory-box.com\/Start\/en\/p\/zastapienie-pracy-robotnikow-niewykwalifkowanych-przez-roboty-wspolpracujace\/#primaryimage","inLanguage":"en-US","url":"https:\/\/advisory-box.com\/Start\/wp-content\/uploads\/2021\/03\/38.png","contentUrl":"https:\/\/advisory-box.com\/Start\/wp-content\/uploads\/2021\/03\/38.png","width":940,"height":788},{"@type":"WebPage","@id":"https:\/\/advisory-box.com\/Start\/en\/p\/zastapienie-pracy-robotnikow-niewykwalifkowanych-przez-roboty-wspolpracujace\/#webpage","url":"https:\/\/advisory-box.com\/Start\/en\/p\/zastapienie-pracy-robotnikow-niewykwalifkowanych-przez-roboty-wspolpracujace\/","name":"Robotyzacja stanowisk pracy - Advisory Box","isPartOf":{"@id":"https:\/\/advisory-box.com\/Start\/#website"},"primaryImageOfPage":{"@id":"https:\/\/advisory-box.com\/Start\/en\/p\/zastapienie-pracy-robotnikow-niewykwalifkowanych-przez-roboty-wspolpracujace\/#primaryimage"},"datePublished":"2021-03-16T19:11:38+00:00","dateModified":"2021-07-09T15:13:04+00:00","breadcrumb":{"@id":"https:\/\/advisory-box.com\/Start\/en\/p\/zastapienie-pracy-robotnikow-niewykwalifkowanych-przez-roboty-wspolpracujace\/#breadcrumb"},"inLanguage":"en-US","potentialAction":[{"@type":"ReadAction","target":["https:\/\/advisory-box.com\/Start\/en\/p\/zastapienie-pracy-robotnikow-niewykwalifkowanych-przez-roboty-wspolpracujace\/"]}]},{"@type":"BreadcrumbList","@id":"https:\/\/advisory-box.com\/Start\/en\/p\/zastapienie-pracy-robotnikow-niewykwalifkowanych-przez-roboty-wspolpracujace\/#breadcrumb","itemListElement":[{"@type":"ListItem","position":1,"name":"Strona g\u0142\u00f3wna","item":"https:\/\/advisory-box.com\/Start\/"},{"@type":"ListItem","position":2,"name":"sklep","item":"https:\/\/advisory-box.com\/Start\/sklep\/"},{"@type":"ListItem","position":3,"name":"Robotyzacja stanowisk pracy"}]}]}},"_links":{"self":[{"href":"https:\/\/advisory-box.com\/Start\/en\/wp-json\/wp\/v2\/product\/2421","targetHints":{"allow":["GET"]}}],"collection":[{"href":"https:\/\/advisory-box.com\/Start\/en\/wp-json\/wp\/v2\/product"}],"about":[{"href":"https:\/\/advisory-box.com\/Start\/en\/wp-json\/wp\/v2\/types\/product"}],"version-history":[{"count":2,"href":"https:\/\/advisory-box.com\/Start\/en\/wp-json\/wp\/v2\/product\/2421\/revisions"}],"predecessor-version":[{"id":2440,"href":"https:\/\/advisory-box.com\/Start\/en\/wp-json\/wp\/v2\/product\/2421\/revisions\/2440"}],"wp:featuredmedia":[{"embeddable":true,"href":"https:\/\/advisory-box.com\/Start\/en\/wp-json\/wp\/v2\/media\/3187"}],"wp:attachment":[{"href":"https:\/\/advisory-box.com\/Start\/en\/wp-json\/wp\/v2\/media?parent=2421"}],"wp:term":[{"taxonomy":"product_cat","embeddable":true,"href":"https:\/\/advisory-box.com\/Start\/en\/wp-json\/wp\/v2\/product_cat?post=2421"},{"taxonomy":"product_tag","embeddable":true,"href":"https:\/\/advisory-box.com\/Start\/en\/wp-json\/wp\/v2\/product_tag?post=2421"}],"curies":[{"name":"wp","href":"https:\/\/api.w.org\/{rel}","templated":true}]}}