{"id":2422,"date":"2021-03-16T19:19:32","date_gmt":"2021-03-16T19:19:32","guid":{"rendered":"https:\/\/advisory-box.com\/Start\/?post_type=product&#038;p=2422"},"modified":"2021-06-18T18:33:18","modified_gmt":"2021-06-18T18:33:18","slug":"rozwoj-dzialalnosci-importowej-i-lub-eksportowej","status":"publish","type":"product","link":"https:\/\/advisory-box.com\/Start\/en\/p\/rozwoj-dzialalnosci-importowej-i-lub-eksportowej\/","title":{"rendered":"Rozw\u00f3j importu"},"content":{"rendered":"","protected":false},"excerpt":{"rendered":"<h3><span style=\"color: #c10000;\"><strong>W jakiej sytuacji mo\u017cesz potrzebowa\u0107 us\u0142ugi?<\/strong><\/span><\/h3>\n<ul>\n<li style=\"list-style-type: none;\">\n<ul>\n<li><span style=\"font-weight: 400;\">Je\u015bli chcia\u0142by\u015b rozwin\u0105\u0107 swoj\u0105 firm\u0119 poprzez import produkt\u00f3w lub us\u0142ug, kt\u00f3re w\u0142\u0105czysz do swojej oferty.<\/span><\/li>\n<\/ul>\n<\/li>\n<\/ul>\n<p>&nbsp;<\/p>\n<h3><span style=\"color: #c10000;\"><strong>Co dostaniesz jako rezultat?<\/strong><\/span><\/h3>\n<ul>\n<li style=\"list-style-type: none;\">\n<ul>\n<li><span style=\"font-weight: 400;\"> Dostaniesz analiz\u0119 atrakcyjno\u015bci produkt\u00f3w, kt\u00f3re zamierasz importowa\u0107 na rynku docelowym.<\/span><\/li>\n<li><span style=\"font-weight: 400;\">Zbudujesz z nasz\u0105 pomoc\u0105 baz\u0119 danych potencjalnych dostawc\u00f3w importowych.<\/span><\/li>\n<li><span style=\"font-weight: 400;\"> Otrzymasz wskaz\u00f3wki jak samodzielnie znajdowa\u0107 dostawc\u00f3w.<\/span><\/li>\n<li><span style=\"font-weight: 400;\"> Twoi pracownicy zostan\u0105 przeszkoleni w zakresie pozyskiwania klient\u00f3w na importowane produkty.<\/span><\/li>\n<\/ul>\n<\/li>\n<\/ul>\n<p>&nbsp;<\/p>\n<h3><span style=\"color: #c10000;\"><strong>Jak wygl\u0105da realizacja?<\/strong><\/span><\/h3>\n<ul>\n<li><span style=\"font-weight: 400;\"> Wszechstronna analiza Twojej oferty produktowej \/ us\u0142ugowej wzgl\u0119dem konkretnego rynku.<\/span><\/li>\n<li><span style=\"font-weight: 400;\"> Badanie rynku docelowego.<\/span><\/li>\n<li><span style=\"font-weight: 400;\"> Szkolenie personelu, a je\u015bli go nie posiadasz to selekcja i nast\u0119pnie szkolenie personelu.<\/span><\/li>\n<li><span style=\"font-weight: 400;\"> Warsztaty z grup\u0105 pracownik\u00f3w w praktycznym pozyskiwaniu klienta.<\/span><\/li>\n<li><span style=\"font-weight: 400;\"> Wsp\u00f3lna praca i ocena efekt\u00f3w.<\/span><\/li>\n<\/ul>\n<p>&nbsp;<\/p>\n<div id=\"gtx-trans\" style=\"position: absolute; left: 206px; top: 686.7px;\">\n<div class=\"gtx-trans-icon\"><\/div>\n<\/div>","protected":false},"featured_media":3114,"template":"","meta":[],"product_cat":[21],"product_tag":[25,27],"class_list":["post-2422","product","type-product","status-publish","has-post-thumbnail","hentry","product_cat-strategia-czyli-rozwoj-twojego-biznesu","product_tag-import","product_tag-rozwoj","pa_czas-realizacji-4-6-tygodni","pa_inwestycja-10-000-zl-14-000-zl"],"yoast_head":"<!-- This site is optimized with the Yoast SEO plugin v18.4.1 - https:\/\/yoast.com\/wordpress\/plugins\/seo\/ -->\n<title>Advisory Box | Rozw\u00f3j importu<\/title>\n<meta name=\"description\" content=\"Rozw\u00f3j importu sdafasdfasdfasdfasdf asdfa dfsdfasdfasdfasdfasd fasdafsdfasdf\" \/>\n<meta name=\"robots\" content=\"index, follow, max-snippet:-1, max-image-preview:large, max-video-preview:-1\" \/>\n<link rel=\"canonical\" href=\"https:\/\/advisory-box.com\/Start\/en\/p\/rozwoj-dzialalnosci-importowej-i-lub-eksportowej\/\" \/>\n<meta property=\"og:locale\" content=\"en_US\" \/>\n<meta property=\"og:type\" content=\"article\" \/>\n<meta property=\"og:title\" content=\"Advisory Box | Rozw\u00f3j importu\" \/>\n<meta property=\"og:description\" content=\"Rozw\u00f3j importu sdafasdfasdfasdfasdf asdfa dfsdfasdfasdfasdfasd fasdafsdfasdf\" \/>\n<meta property=\"og:url\" content=\"https:\/\/advisory-box.com\/Start\/en\/p\/rozwoj-dzialalnosci-importowej-i-lub-eksportowej\/\" \/>\n<meta property=\"og:site_name\" content=\"Advisory Box\" \/>\n<meta property=\"article:modified_time\" content=\"2021-06-18T18:33:18+00:00\" \/>\n<meta property=\"og:image\" content=\"https:\/\/advisory-box.com\/Start\/wp-content\/uploads\/2021\/03\/2.png\" \/>\n\t<meta property=\"og:image:width\" content=\"940\" \/>\n\t<meta property=\"og:image:height\" content=\"788\" \/>\n\t<meta property=\"og:image:type\" content=\"image\/png\" \/>\n<meta name=\"twitter:card\" content=\"summary_large_image\" \/>\n<script type=\"application\/ld+json\" class=\"yoast-schema-graph\">{\"@context\":\"https:\/\/schema.org\",\"@graph\":[{\"@type\":\"Organization\",\"@id\":\"https:\/\/advisory-box.com\/Start\/#organization\",\"name\":\"Advisory Box\",\"url\":\"https:\/\/advisory-box.com\/Start\/\",\"sameAs\":[],\"logo\":{\"@type\":\"ImageObject\",\"@id\":\"https:\/\/advisory-box.com\/Start\/#logo\",\"inLanguage\":\"en-US\",\"url\":\"\",\"contentUrl\":\"\",\"caption\":\"Advisory Box\"},\"image\":{\"@id\":\"https:\/\/advisory-box.com\/Start\/#logo\"}},{\"@type\":\"WebSite\",\"@id\":\"https:\/\/advisory-box.com\/Start\/#website\",\"url\":\"https:\/\/advisory-box.com\/Start\/\",\"name\":\"Advisory Box\",\"description\":\"\u0141aczymy przedsi\u0119biorc&oacute;w z najlepszymi ekspertami\",\"publisher\":{\"@id\":\"https:\/\/advisory-box.com\/Start\/#organization\"},\"potentialAction\":[{\"@type\":\"SearchAction\",\"target\":{\"@type\":\"EntryPoint\",\"urlTemplate\":\"https:\/\/advisory-box.com\/Start\/?s={search_term_string}\"},\"query-input\":\"required name=search_term_string\"}],\"inLanguage\":\"en-US\"},{\"@type\":\"ImageObject\",\"@id\":\"https:\/\/advisory-box.com\/Start\/en\/p\/rozwoj-dzialalnosci-importowej-i-lub-eksportowej\/#primaryimage\",\"inLanguage\":\"en-US\",\"url\":\"https:\/\/advisory-box.com\/Start\/wp-content\/uploads\/2021\/03\/2.png\",\"contentUrl\":\"https:\/\/advisory-box.com\/Start\/wp-content\/uploads\/2021\/03\/2.png\",\"width\":940,\"height\":788},{\"@type\":\"WebPage\",\"@id\":\"https:\/\/advisory-box.com\/Start\/en\/p\/rozwoj-dzialalnosci-importowej-i-lub-eksportowej\/#webpage\",\"url\":\"https:\/\/advisory-box.com\/Start\/en\/p\/rozwoj-dzialalnosci-importowej-i-lub-eksportowej\/\",\"name\":\"Advisory Box | Rozw\u00f3j importu\",\"isPartOf\":{\"@id\":\"https:\/\/advisory-box.com\/Start\/#website\"},\"primaryImageOfPage\":{\"@id\":\"https:\/\/advisory-box.com\/Start\/en\/p\/rozwoj-dzialalnosci-importowej-i-lub-eksportowej\/#primaryimage\"},\"datePublished\":\"2021-03-16T19:19:32+00:00\",\"dateModified\":\"2021-06-18T18:33:18+00:00\",\"description\":\"Rozw\u00f3j importu sdafasdfasdfasdfasdf asdfa dfsdfasdfasdfasdfasd fasdafsdfasdf\",\"breadcrumb\":{\"@id\":\"https:\/\/advisory-box.com\/Start\/en\/p\/rozwoj-dzialalnosci-importowej-i-lub-eksportowej\/#breadcrumb\"},\"inLanguage\":\"en-US\",\"potentialAction\":[{\"@type\":\"ReadAction\",\"target\":[\"https:\/\/advisory-box.com\/Start\/en\/p\/rozwoj-dzialalnosci-importowej-i-lub-eksportowej\/\"]}]},{\"@type\":\"BreadcrumbList\",\"@id\":\"https:\/\/advisory-box.com\/Start\/en\/p\/rozwoj-dzialalnosci-importowej-i-lub-eksportowej\/#breadcrumb\",\"itemListElement\":[{\"@type\":\"ListItem\",\"position\":1,\"name\":\"Strona g\u0142\u00f3wna\",\"item\":\"https:\/\/advisory-box.com\/Start\/\"},{\"@type\":\"ListItem\",\"position\":2,\"name\":\"sklep\",\"item\":\"https:\/\/advisory-box.com\/Start\/sklep\/\"},{\"@type\":\"ListItem\",\"position\":3,\"name\":\"Rozw\u00f3j importu\"}]}]}<\/script>\n<!-- \/ Yoast SEO plugin. -->","yoast_head_json":{"title":"Advisory Box | Rozw\u00f3j importu","description":"Rozw\u00f3j importu sdafasdfasdfasdfasdf asdfa dfsdfasdfasdfasdfasd fasdafsdfasdf","robots":{"index":"index","follow":"follow","max-snippet":"max-snippet:-1","max-image-preview":"max-image-preview:large","max-video-preview":"max-video-preview:-1"},"canonical":"https:\/\/advisory-box.com\/Start\/en\/p\/rozwoj-dzialalnosci-importowej-i-lub-eksportowej\/","og_locale":"en_US","og_type":"article","og_title":"Advisory Box | Rozw\u00f3j importu","og_description":"Rozw\u00f3j importu sdafasdfasdfasdfasdf asdfa dfsdfasdfasdfasdfasd fasdafsdfasdf","og_url":"https:\/\/advisory-box.com\/Start\/en\/p\/rozwoj-dzialalnosci-importowej-i-lub-eksportowej\/","og_site_name":"Advisory Box","article_modified_time":"2021-06-18T18:33:18+00:00","og_image":[{"width":940,"height":788,"url":"https:\/\/advisory-box.com\/Start\/wp-content\/uploads\/2021\/03\/2.png","type":"image\/png"}],"twitter_card":"summary_large_image","schema":{"@context":"https:\/\/schema.org","@graph":[{"@type":"Organization","@id":"https:\/\/advisory-box.com\/Start\/#organization","name":"Advisory Box","url":"https:\/\/advisory-box.com\/Start\/","sameAs":[],"logo":{"@type":"ImageObject","@id":"https:\/\/advisory-box.com\/Start\/#logo","inLanguage":"en-US","url":"","contentUrl":"","caption":"Advisory Box"},"image":{"@id":"https:\/\/advisory-box.com\/Start\/#logo"}},{"@type":"WebSite","@id":"https:\/\/advisory-box.com\/Start\/#website","url":"https:\/\/advisory-box.com\/Start\/","name":"Advisory Box","description":"\u0141aczymy przedsi\u0119biorc&oacute;w z najlepszymi ekspertami","publisher":{"@id":"https:\/\/advisory-box.com\/Start\/#organization"},"potentialAction":[{"@type":"SearchAction","target":{"@type":"EntryPoint","urlTemplate":"https:\/\/advisory-box.com\/Start\/?s={search_term_string}"},"query-input":"required name=search_term_string"}],"inLanguage":"en-US"},{"@type":"ImageObject","@id":"https:\/\/advisory-box.com\/Start\/en\/p\/rozwoj-dzialalnosci-importowej-i-lub-eksportowej\/#primaryimage","inLanguage":"en-US","url":"https:\/\/advisory-box.com\/Start\/wp-content\/uploads\/2021\/03\/2.png","contentUrl":"https:\/\/advisory-box.com\/Start\/wp-content\/uploads\/2021\/03\/2.png","width":940,"height":788},{"@type":"WebPage","@id":"https:\/\/advisory-box.com\/Start\/en\/p\/rozwoj-dzialalnosci-importowej-i-lub-eksportowej\/#webpage","url":"https:\/\/advisory-box.com\/Start\/en\/p\/rozwoj-dzialalnosci-importowej-i-lub-eksportowej\/","name":"Advisory Box | Rozw\u00f3j importu","isPartOf":{"@id":"https:\/\/advisory-box.com\/Start\/#website"},"primaryImageOfPage":{"@id":"https:\/\/advisory-box.com\/Start\/en\/p\/rozwoj-dzialalnosci-importowej-i-lub-eksportowej\/#primaryimage"},"datePublished":"2021-03-16T19:19:32+00:00","dateModified":"2021-06-18T18:33:18+00:00","description":"Rozw\u00f3j importu sdafasdfasdfasdfasdf asdfa dfsdfasdfasdfasdfasd fasdafsdfasdf","breadcrumb":{"@id":"https:\/\/advisory-box.com\/Start\/en\/p\/rozwoj-dzialalnosci-importowej-i-lub-eksportowej\/#breadcrumb"},"inLanguage":"en-US","potentialAction":[{"@type":"ReadAction","target":["https:\/\/advisory-box.com\/Start\/en\/p\/rozwoj-dzialalnosci-importowej-i-lub-eksportowej\/"]}]},{"@type":"BreadcrumbList","@id":"https:\/\/advisory-box.com\/Start\/en\/p\/rozwoj-dzialalnosci-importowej-i-lub-eksportowej\/#breadcrumb","itemListElement":[{"@type":"ListItem","position":1,"name":"Strona g\u0142\u00f3wna","item":"https:\/\/advisory-box.com\/Start\/"},{"@type":"ListItem","position":2,"name":"sklep","item":"https:\/\/advisory-box.com\/Start\/sklep\/"},{"@type":"ListItem","position":3,"name":"Rozw\u00f3j importu"}]}]}},"_links":{"self":[{"href":"https:\/\/advisory-box.com\/Start\/en\/wp-json\/wp\/v2\/product\/2422","targetHints":{"allow":["GET"]}}],"collection":[{"href":"https:\/\/advisory-box.com\/Start\/en\/wp-json\/wp\/v2\/product"}],"about":[{"href":"https:\/\/advisory-box.com\/Start\/en\/wp-json\/wp\/v2\/types\/product"}],"version-history":[{"count":8,"href":"https:\/\/advisory-box.com\/Start\/en\/wp-json\/wp\/v2\/product\/2422\/revisions"}],"predecessor-version":[{"id":3120,"href":"https:\/\/advisory-box.com\/Start\/en\/wp-json\/wp\/v2\/product\/2422\/revisions\/3120"}],"wp:featuredmedia":[{"embeddable":true,"href":"https:\/\/advisory-box.com\/Start\/en\/wp-json\/wp\/v2\/media\/3114"}],"wp:attachment":[{"href":"https:\/\/advisory-box.com\/Start\/en\/wp-json\/wp\/v2\/media?parent=2422"}],"wp:term":[{"taxonomy":"product_cat","embeddable":true,"href":"https:\/\/advisory-box.com\/Start\/en\/wp-json\/wp\/v2\/product_cat?post=2422"},{"taxonomy":"product_tag","embeddable":true,"href":"https:\/\/advisory-box.com\/Start\/en\/wp-json\/wp\/v2\/product_tag?post=2422"}],"curies":[{"name":"wp","href":"https:\/\/api.w.org\/{rel}","templated":true}]}}