{"id":2693,"date":"2021-04-23T14:25:34","date_gmt":"2021-04-23T14:25:34","guid":{"rendered":"https:\/\/advisory-box.com\/Start\/?post_type=product&#038;p=2693"},"modified":"2021-04-23T17:29:56","modified_gmt":"2021-04-23T17:29:56","slug":"rafal-jarosz","status":"publish","type":"product","link":"https:\/\/advisory-box.com\/Start\/en\/p\/rafal-jarosz\/","title":{"rendered":"Rafa\u0142 Jarosz"},"content":{"rendered":"","protected":false},"excerpt":{"rendered":"<h3><span style=\"color: #c10000;\"><strong>W czym mog\u0119 pom\u00f3c?<\/strong><\/span><\/h3>\n<ul>\n<li>Pomog\u0119 Ci\u00a0<strong>zbudowa\u0107 i rozwija\u0107<\/strong>\u00a0efektywne i skuteczne, pracuj\u0105ce wielokana\u0142owo, zespo\u0142y operacyjne.<\/li>\n<li>Rozwiniemy wsp\u00f3lnie\u00a0<strong>kompetencje<\/strong>\u00a0<strong>zespo\u0142\u00f3w<\/strong>\u00a0na ka\u017cdym poziomie organizacji by doskonali\u0107 ich umiej\u0119tno\u015bci w komunikacji oraz budowaniu relacji wewn\u0105trz i na zewn\u0105trz firmy.<\/li>\n<li>Poka\u017c\u0119 Ci, jak podnie\u015b\u0107\u00a0<strong>skuteczno\u015b\u0107 Twoich decyzji\u00a0<\/strong>\u00a0poprzez\u00a0<strong>w\u0142\u0105czenie Klienta<\/strong>\u00a0w ten proces oraz wdro\u017cenie w\u0142a\u015bciwej struktury tego\u00a0<strong>co i jak mierzysz<\/strong>\u00a0oraz raportujesz.<\/li>\n<li>Wsp\u00f3lnie<strong>\u00a0poprawimy<\/strong>\u00a0<strong>wyniki<\/strong>\u00a0mierzone wska\u017anikami takimi jak\u00a0<strong>poziom satysfakcji Klient\u00f3w<\/strong>, NPS,\u00a0<strong>Customer Effort Score (CES)<\/strong>, First Contact Resolution (FCR),\u00a0<strong>warto\u015b\u0107 \u017cyciowa (CLV) i wska\u017anik utrzymania<\/strong>\u00a0Klienta.<\/li>\n<li>Razem przejdziemy przez\u00a0<strong>wyzwania i ryzyka wdra\u017cania zmiany<\/strong>, gdy dotyka ona ludzi, operacji lub technologii<\/li>\n<\/ul>\n<h3><span style=\"color: #c10000;\"><strong>Moje do\u015bwiadczenia<\/strong><\/span><\/h3>\n<p>Od\u00a0<strong>19 lat<\/strong>\u00a0pomagam firmom w poprawie wynik\u00f3w biznesowych. Pracowa\u0142em przy ponad 60 projektach w obszarze\u00a0<strong>obs\u0142ugi, utrzymania i satysfakcji Klient\u00f3w<\/strong>\u00a0dla 40 globalnych i lokalnych marek.<\/p>\n<p>&nbsp;<\/p>\n<h3><span style=\"color: #c10000;\"><strong>Kluczowe bran\u017ce\u00a0<\/strong><\/span><\/h3>\n<p>Bankowo\u015b\u0107, Ubezpieczenia, Telekomunikacja, IT, E-commerce, Turystyka, Motoryzacja, Produkcja, Nowe Technologie<\/p>\n<p>&nbsp;<\/p>\n<p>Uczestniczy\u0142em w realizacji projekt\u00f3w dla takich firm jak PKO Bank, PKN Orlen, RWE, PZU, Orange, Grupa ERGO, ING, Nationale Ned., Enea, Plus, T-mobile, Infiniti, Microsoft, AXA, Warta, Canal+, Sanitec, Exatel, Europ Assistance, Cefarm, Merlin.pl, Orlen GAZ, Media Regionalne, Getin Bank, Medicover, KIR, Orbis, PEKAES, Meble Forte, Kredyty-Chwil\u00f3wki, Prudential, Wolters Kluwer, GLS, Mondi Dorohusk, AmeriGas, PerfectGym, Tylko, Skriware, 4Decisons, BNP Leasing, WikiMedia, Dolfi1920, Leroy Merlin Italy, Mobeetech, Indoorway, Booksy, Framer, Pocztowy Bank, Sun&amp;Snow, Tekom.<\/p>","protected":false},"featured_media":391,"template":"elementor_theme","meta":[],"product_cat":[145],"product_tag":[147],"class_list":["post-2693","product","type-product","status-publish","has-post-thumbnail","hentry","product_cat-eksperci","product_tag-customer-service"],"yoast_head":"<!-- This site is optimized with the Yoast SEO plugin v18.4.1 - https:\/\/yoast.com\/wordpress\/plugins\/seo\/ -->\n<title>Rafa\u0142 Jarosz - Advisory Box<\/title>\n<meta name=\"robots\" content=\"index, follow, max-snippet:-1, max-image-preview:large, max-video-preview:-1\" \/>\n<link rel=\"canonical\" href=\"https:\/\/advisory-box.com\/Start\/en\/p\/rafal-jarosz\/\" \/>\n<meta property=\"og:locale\" content=\"en_US\" \/>\n<meta property=\"og:type\" content=\"article\" \/>\n<meta property=\"og:title\" content=\"Rafa\u0142 Jarosz - Advisory Box\" \/>\n<meta property=\"og:description\" content=\"W czym mog\u0119 pom\u00f3c?   Pomog\u0119 Ci\u00a0zbudowa\u0107 i rozwija\u0107\u00a0efektywne i skuteczne, pracuj\u0105ce wielokana\u0142owo, zespo\u0142y operacyjne.  Rozwiniemy wsp\u00f3lnie\u00a0kompetencje\u00a0zespo\u0142\u00f3w\u00a0na ka\u017cdym poziomie organizacji by doskonali\u0107 ich umiej\u0119tno\u015bci w komunikacji oraz budowaniu relacji wewn\u0105trz i na zewn\u0105trz firmy.  Poka\u017c\u0119 Ci, jak podnie\u015b\u0107\u00a0skuteczno\u015b\u0107 Twoich decyzji\u00a0\u00a0poprzez\u00a0w\u0142\u0105czenie Klienta\u00a0w ten proces oraz wdro\u017cenie w\u0142a\u015bciwej struktury tego\u00a0co i jak mierzysz\u00a0oraz raportujesz.  Wsp\u00f3lnie\u00a0poprawimy\u00a0wyniki\u00a0mierzone wska\u017anikami takimi jak\u00a0poziom satysfakcji Klient\u00f3w, NPS,\u00a0Customer Effort Score (CES), First Contact Resolution (FCR),\u00a0warto\u015b\u0107 \u017cyciowa (CLV) i wska\u017anik utrzymania\u00a0Klienta.  Razem przejdziemy przez\u00a0wyzwania i ryzyka wdra\u017cania zmiany, gdy dotyka ona ludzi, operacji lub technologii  Moje do\u015bwiadczenia Od\u00a019 lat\u00a0pomagam firmom w poprawie wynik\u00f3w biznesowych. Pracowa\u0142em przy ponad 60 projektach w obszarze\u00a0obs\u0142ugi, utrzymania i satysfakcji Klient\u00f3w\u00a0dla 40 globalnych i lokalnych marek.  &nbsp; Kluczowe bran\u017ce\u00a0 Bankowo\u015b\u0107, Ubezpieczenia, Telekomunikacja, IT, E-commerce, Turystyka, Motoryzacja, Produkcja, Nowe Technologie  &nbsp;  Uczestniczy\u0142em w realizacji projekt\u00f3w dla takich firm jak PKO Bank, PKN Orlen, RWE, PZU, Orange, Grupa ERGO, ING, Nationale Ned., Enea, Plus, T-mobile, Infiniti, Microsoft, AXA, Warta, Canal+, Sanitec, Exatel, Europ Assistance, Cefarm, Merlin.pl, Orlen GAZ, Media Regionalne, Getin Bank, Medicover, KIR, Orbis, PEKAES, Meble Forte, Kredyty-Chwil\u00f3wki, Prudential, Wolters Kluwer, GLS, Mondi Dorohusk, AmeriGas, PerfectGym, Tylko, Skriware, 4Decisons, BNP Leasing, WikiMedia, Dolfi1920, Leroy Merlin Italy, Mobeetech, Indoorway, Booksy, Framer, Pocztowy Bank, Sun&amp;Snow, Tekom.\" \/>\n<meta property=\"og:url\" content=\"https:\/\/advisory-box.com\/Start\/en\/p\/rafal-jarosz\/\" \/>\n<meta property=\"og:site_name\" content=\"Advisory Box\" \/>\n<meta property=\"article:modified_time\" content=\"2021-04-23T17:29:56+00:00\" \/>\n<meta property=\"og:image\" content=\"https:\/\/advisory-box.com\/Start\/wp-content\/uploads\/2020\/02\/Rafal_Jarosz_bigphoto_bw.png\" \/>\n\t<meta property=\"og:image:width\" content=\"800\" \/>\n\t<meta property=\"og:image:height\" content=\"800\" \/>\n\t<meta property=\"og:image:type\" content=\"image\/png\" \/>\n<meta name=\"twitter:card\" content=\"summary_large_image\" \/>\n<script type=\"application\/ld+json\" class=\"yoast-schema-graph\">{\"@context\":\"https:\/\/schema.org\",\"@graph\":[{\"@type\":\"Organization\",\"@id\":\"https:\/\/advisory-box.com\/Start\/#organization\",\"name\":\"Advisory Box\",\"url\":\"https:\/\/advisory-box.com\/Start\/\",\"sameAs\":[],\"logo\":{\"@type\":\"ImageObject\",\"@id\":\"https:\/\/advisory-box.com\/Start\/#logo\",\"inLanguage\":\"en-US\",\"url\":\"\",\"contentUrl\":\"\",\"caption\":\"Advisory Box\"},\"image\":{\"@id\":\"https:\/\/advisory-box.com\/Start\/#logo\"}},{\"@type\":\"WebSite\",\"@id\":\"https:\/\/advisory-box.com\/Start\/#website\",\"url\":\"https:\/\/advisory-box.com\/Start\/\",\"name\":\"Advisory Box\",\"description\":\"\u0141aczymy przedsi\u0119biorc&oacute;w z najlepszymi ekspertami\",\"publisher\":{\"@id\":\"https:\/\/advisory-box.com\/Start\/#organization\"},\"potentialAction\":[{\"@type\":\"SearchAction\",\"target\":{\"@type\":\"EntryPoint\",\"urlTemplate\":\"https:\/\/advisory-box.com\/Start\/?s={search_term_string}\"},\"query-input\":\"required name=search_term_string\"}],\"inLanguage\":\"en-US\"},{\"@type\":\"ImageObject\",\"@id\":\"https:\/\/advisory-box.com\/Start\/p\/rafal-jarosz\/#primaryimage\",\"inLanguage\":\"en-US\",\"url\":\"https:\/\/advisory-box.com\/Start\/wp-content\/uploads\/2020\/02\/Rafal_Jarosz_bigphoto_bw.png\",\"contentUrl\":\"https:\/\/advisory-box.com\/Start\/wp-content\/uploads\/2020\/02\/Rafal_Jarosz_bigphoto_bw.png\",\"width\":800,\"height\":800,\"caption\":\"Wspieramy zespo\u0142y w podejmowaniu trafnych decyzji biznesowych %%sep%% Doradztwo dla firm. %%sep%% Wielu ekspert\u00f3w, jeden abonament. %%sep%% Rozpocznij bezp\u0142atn\u0105 diagnoz\u0119!\"},{\"@type\":\"WebPage\",\"@id\":\"https:\/\/advisory-box.com\/Start\/p\/rafal-jarosz\/#webpage\",\"url\":\"https:\/\/advisory-box.com\/Start\/p\/rafal-jarosz\/\",\"name\":\"Rafa\u0142 Jarosz - Advisory Box\",\"isPartOf\":{\"@id\":\"https:\/\/advisory-box.com\/Start\/#website\"},\"primaryImageOfPage\":{\"@id\":\"https:\/\/advisory-box.com\/Start\/p\/rafal-jarosz\/#primaryimage\"},\"datePublished\":\"2021-04-23T14:25:34+00:00\",\"dateModified\":\"2021-04-23T17:29:56+00:00\",\"breadcrumb\":{\"@id\":\"https:\/\/advisory-box.com\/Start\/p\/rafal-jarosz\/#breadcrumb\"},\"inLanguage\":\"en-US\",\"potentialAction\":[{\"@type\":\"ReadAction\",\"target\":[\"https:\/\/advisory-box.com\/Start\/p\/rafal-jarosz\/\"]}]},{\"@type\":\"BreadcrumbList\",\"@id\":\"https:\/\/advisory-box.com\/Start\/p\/rafal-jarosz\/#breadcrumb\",\"itemListElement\":[{\"@type\":\"ListItem\",\"position\":1,\"name\":\"Strona g\u0142\u00f3wna\",\"item\":\"https:\/\/advisory-box.com\/Start\/\"},{\"@type\":\"ListItem\",\"position\":2,\"name\":\"sklep\",\"item\":\"https:\/\/advisory-box.com\/Start\/sklep\/\"},{\"@type\":\"ListItem\",\"position\":3,\"name\":\"Rafa\u0142 Jarosz\"}]}]}<\/script>\n<!-- \/ Yoast SEO plugin. -->","yoast_head_json":{"title":"Rafa\u0142 Jarosz - Advisory Box","robots":{"index":"index","follow":"follow","max-snippet":"max-snippet:-1","max-image-preview":"max-image-preview:large","max-video-preview":"max-video-preview:-1"},"canonical":"https:\/\/advisory-box.com\/Start\/en\/p\/rafal-jarosz\/","og_locale":"en_US","og_type":"article","og_title":"Rafa\u0142 Jarosz - Advisory Box","og_description":"W czym mog\u0119 pom\u00f3c?   Pomog\u0119 Ci\u00a0zbudowa\u0107 i rozwija\u0107\u00a0efektywne i skuteczne, pracuj\u0105ce wielokana\u0142owo, zespo\u0142y operacyjne.  Rozwiniemy wsp\u00f3lnie\u00a0kompetencje\u00a0zespo\u0142\u00f3w\u00a0na ka\u017cdym poziomie organizacji by doskonali\u0107 ich umiej\u0119tno\u015bci w komunikacji oraz budowaniu relacji wewn\u0105trz i na zewn\u0105trz firmy.  Poka\u017c\u0119 Ci, jak podnie\u015b\u0107\u00a0skuteczno\u015b\u0107 Twoich decyzji\u00a0\u00a0poprzez\u00a0w\u0142\u0105czenie Klienta\u00a0w ten proces oraz wdro\u017cenie w\u0142a\u015bciwej struktury tego\u00a0co i jak mierzysz\u00a0oraz raportujesz.  Wsp\u00f3lnie\u00a0poprawimy\u00a0wyniki\u00a0mierzone wska\u017anikami takimi jak\u00a0poziom satysfakcji Klient\u00f3w, NPS,\u00a0Customer Effort Score (CES), First Contact Resolution (FCR),\u00a0warto\u015b\u0107 \u017cyciowa (CLV) i wska\u017anik utrzymania\u00a0Klienta.  Razem przejdziemy przez\u00a0wyzwania i ryzyka wdra\u017cania zmiany, gdy dotyka ona ludzi, operacji lub technologii  Moje do\u015bwiadczenia Od\u00a019 lat\u00a0pomagam firmom w poprawie wynik\u00f3w biznesowych. Pracowa\u0142em przy ponad 60 projektach w obszarze\u00a0obs\u0142ugi, utrzymania i satysfakcji Klient\u00f3w\u00a0dla 40 globalnych i lokalnych marek.  &nbsp; Kluczowe bran\u017ce\u00a0 Bankowo\u015b\u0107, Ubezpieczenia, Telekomunikacja, IT, E-commerce, Turystyka, Motoryzacja, Produkcja, Nowe Technologie  &nbsp;  Uczestniczy\u0142em w realizacji projekt\u00f3w dla takich firm jak PKO Bank, PKN Orlen, RWE, PZU, Orange, Grupa ERGO, ING, Nationale Ned., Enea, Plus, T-mobile, Infiniti, Microsoft, AXA, Warta, Canal+, Sanitec, Exatel, Europ Assistance, Cefarm, Merlin.pl, Orlen GAZ, Media Regionalne, Getin Bank, Medicover, KIR, Orbis, PEKAES, Meble Forte, Kredyty-Chwil\u00f3wki, Prudential, Wolters Kluwer, GLS, Mondi Dorohusk, AmeriGas, PerfectGym, Tylko, Skriware, 4Decisons, BNP Leasing, WikiMedia, Dolfi1920, Leroy Merlin Italy, Mobeetech, Indoorway, Booksy, Framer, Pocztowy Bank, Sun&amp;Snow, Tekom.","og_url":"https:\/\/advisory-box.com\/Start\/en\/p\/rafal-jarosz\/","og_site_name":"Advisory Box","article_modified_time":"2021-04-23T17:29:56+00:00","og_image":[{"width":800,"height":800,"url":"https:\/\/advisory-box.com\/Start\/wp-content\/uploads\/2020\/02\/Rafal_Jarosz_bigphoto_bw.png","type":"image\/png"}],"twitter_card":"summary_large_image","schema":{"@context":"https:\/\/schema.org","@graph":[{"@type":"Organization","@id":"https:\/\/advisory-box.com\/Start\/#organization","name":"Advisory Box","url":"https:\/\/advisory-box.com\/Start\/","sameAs":[],"logo":{"@type":"ImageObject","@id":"https:\/\/advisory-box.com\/Start\/#logo","inLanguage":"en-US","url":"","contentUrl":"","caption":"Advisory Box"},"image":{"@id":"https:\/\/advisory-box.com\/Start\/#logo"}},{"@type":"WebSite","@id":"https:\/\/advisory-box.com\/Start\/#website","url":"https:\/\/advisory-box.com\/Start\/","name":"Advisory Box","description":"\u0141aczymy przedsi\u0119biorc&oacute;w z najlepszymi ekspertami","publisher":{"@id":"https:\/\/advisory-box.com\/Start\/#organization"},"potentialAction":[{"@type":"SearchAction","target":{"@type":"EntryPoint","urlTemplate":"https:\/\/advisory-box.com\/Start\/?s={search_term_string}"},"query-input":"required name=search_term_string"}],"inLanguage":"en-US"},{"@type":"ImageObject","@id":"https:\/\/advisory-box.com\/Start\/p\/rafal-jarosz\/#primaryimage","inLanguage":"en-US","url":"https:\/\/advisory-box.com\/Start\/wp-content\/uploads\/2020\/02\/Rafal_Jarosz_bigphoto_bw.png","contentUrl":"https:\/\/advisory-box.com\/Start\/wp-content\/uploads\/2020\/02\/Rafal_Jarosz_bigphoto_bw.png","width":800,"height":800,"caption":"Wspieramy zespo\u0142y w podejmowaniu trafnych decyzji biznesowych %%sep%% Doradztwo dla firm. %%sep%% Wielu ekspert\u00f3w, jeden abonament. %%sep%% Rozpocznij bezp\u0142atn\u0105 diagnoz\u0119!"},{"@type":"WebPage","@id":"https:\/\/advisory-box.com\/Start\/p\/rafal-jarosz\/#webpage","url":"https:\/\/advisory-box.com\/Start\/p\/rafal-jarosz\/","name":"Rafa\u0142 Jarosz - Advisory Box","isPartOf":{"@id":"https:\/\/advisory-box.com\/Start\/#website"},"primaryImageOfPage":{"@id":"https:\/\/advisory-box.com\/Start\/p\/rafal-jarosz\/#primaryimage"},"datePublished":"2021-04-23T14:25:34+00:00","dateModified":"2021-04-23T17:29:56+00:00","breadcrumb":{"@id":"https:\/\/advisory-box.com\/Start\/p\/rafal-jarosz\/#breadcrumb"},"inLanguage":"en-US","potentialAction":[{"@type":"ReadAction","target":["https:\/\/advisory-box.com\/Start\/p\/rafal-jarosz\/"]}]},{"@type":"BreadcrumbList","@id":"https:\/\/advisory-box.com\/Start\/p\/rafal-jarosz\/#breadcrumb","itemListElement":[{"@type":"ListItem","position":1,"name":"Strona g\u0142\u00f3wna","item":"https:\/\/advisory-box.com\/Start\/"},{"@type":"ListItem","position":2,"name":"sklep","item":"https:\/\/advisory-box.com\/Start\/sklep\/"},{"@type":"ListItem","position":3,"name":"Rafa\u0142 Jarosz"}]}]}},"_links":{"self":[{"href":"https:\/\/advisory-box.com\/Start\/en\/wp-json\/wp\/v2\/product\/2693","targetHints":{"allow":["GET"]}}],"collection":[{"href":"https:\/\/advisory-box.com\/Start\/en\/wp-json\/wp\/v2\/product"}],"about":[{"href":"https:\/\/advisory-box.com\/Start\/en\/wp-json\/wp\/v2\/types\/product"}],"version-history":[{"count":1,"href":"https:\/\/advisory-box.com\/Start\/en\/wp-json\/wp\/v2\/product\/2693\/revisions"}],"predecessor-version":[{"id":2694,"href":"https:\/\/advisory-box.com\/Start\/en\/wp-json\/wp\/v2\/product\/2693\/revisions\/2694"}],"wp:featuredmedia":[{"embeddable":true,"href":"https:\/\/advisory-box.com\/Start\/en\/wp-json\/wp\/v2\/media\/391"}],"wp:attachment":[{"href":"https:\/\/advisory-box.com\/Start\/en\/wp-json\/wp\/v2\/media?parent=2693"}],"wp:term":[{"taxonomy":"product_cat","embeddable":true,"href":"https:\/\/advisory-box.com\/Start\/en\/wp-json\/wp\/v2\/product_cat?post=2693"},{"taxonomy":"product_tag","embeddable":true,"href":"https:\/\/advisory-box.com\/Start\/en\/wp-json\/wp\/v2\/product_tag?post=2693"}],"curies":[{"name":"wp","href":"https:\/\/api.w.org\/{rel}","templated":true}]}}