{"id":2695,"date":"2021-04-23T17:30:42","date_gmt":"2021-04-23T17:30:42","guid":{"rendered":"https:\/\/advisory-box.com\/Start\/?post_type=product&#038;p=2695"},"modified":"2021-04-23T19:23:36","modified_gmt":"2021-04-23T19:23:36","slug":"andrzej-bogusz","status":"publish","type":"product","link":"https:\/\/advisory-box.com\/Start\/en\/p\/andrzej-bogusz\/","title":{"rendered":"Andrzej Bogusz"},"content":{"rendered":"","protected":false},"excerpt":{"rendered":"<h3><span style=\"color: #c10000;\"><strong>W czym mog\u0119 pom\u00f3c?<\/strong><\/span><\/h3>\n<ul>\n<li>Profesjonalizacja zarz\u0105dzania przedsi\u0119biorstwami poprzez wdra\u017canie realnych strategii, wdra\u017canie architektury i zarz\u0105dzania procesowego oraz optymalizacj\u0119 proces\u00f3w biznesowych.<\/li>\n<li>Zarz\u0105dzanie przez cele, optymalizacja dzia\u0142a\u0144 kadry zarz\u0105dzaj\u0105cej.<\/li>\n<li>Wdro\u017cenie system\u00f3w zarz\u0105dzania ryzykiem (strategicznym, procesowym i projektowym) i zarz\u0105dzania ci\u0105g\u0142o\u015bci\u0105 dzia\u0142ania.<\/li>\n<li>Bezpiecze\u0144stwo teleinformatyczne, analizy wymaga\u0144 biznesowych dla rozwi\u0105za\u0144 IT oraz zarz\u0105dzanie projektami informatycznymi.<\/li>\n<\/ul>\n<h3><span style=\"color: #c10000;\"><strong>Moje do\u015bwiadczenia<\/strong><\/span><\/h3>\n<p>Manager, konsultant i trener.\u00a0W\u0142a\u015bciciel firmy AB CONSULT. Ponad 25-letni sta\u017c w biznesie.<\/p>\n<p>Do\u015bwiadczenie zdobywa\u0142 na stanowiskach managerskich (do dyrektora departamentu i prezesa oddzia\u0142u w\u0142\u0105cznie) i specjalistycznych (w tym jako process \/ project \/ product manager) w korporacjach finansowych, w bran\u017cy IT i w konsultingu, zawsze \u0142\u0105cz\u0105c cross-funkcjonalnie r\u00f3\u017cne obszary.<\/p>\n<p>Doktor fizyki teoretycznej. Certyfikaty: PRINCE2 Practitioner, Pe\u0142nomocnik ds. System\u00f3w Zarz\u0105dzania ISO 9001, Audytor Wewn\u0119trzny System\u00f3w Zarz\u0105dzania ISO 9001, Audytor Wewn\u0119trzny System\u00f3w Zarz\u0105dzania Bezpiecze\u0144stwem Informacji ISO 27001.<\/p>\n<p>&nbsp;<\/p>\n<h3><span style=\"color: #c10000;\"><strong>Kluczowe bran\u017ce\u00a0<\/strong><\/span><\/h3>\n<p>Zrealizowa\u0142 przesz\u0142o 50 projekt\u00f3w analitycznych, doradczych i wdro\u017ceniowych dla firm z bran\u017c: bankowej, finansowej, ubezpieczeniowej,\u00a0spo\u017cywczej, FMCG, motoryzacyjnej, kruszyw, produkcyjnej, przetw\u00f3rstwa, logistycznej,\u00a0informatycznej, sieci sprzeda\u017cy, konsultingowej,\u00a0 i innych.<\/p>","protected":false},"featured_media":483,"template":"elementor_theme","meta":[],"product_cat":[145],"product_tag":[78,29,50],"class_list":["post-2695","product","type-product","status-publish","has-post-thumbnail","hentry","product_cat-eksperci","product_tag-ryzyko","product_tag-strategia","product_tag-zarzadzanie-projektami"],"yoast_head":"<!-- This site is optimized with the Yoast SEO plugin v18.4.1 - https:\/\/yoast.com\/wordpress\/plugins\/seo\/ -->\n<title>Andrzej Bogusz - Advisory Box<\/title>\n<meta name=\"robots\" content=\"index, follow, max-snippet:-1, max-image-preview:large, max-video-preview:-1\" \/>\n<link rel=\"canonical\" href=\"https:\/\/advisory-box.com\/Start\/en\/p\/andrzej-bogusz\/\" \/>\n<meta property=\"og:locale\" content=\"en_US\" \/>\n<meta property=\"og:type\" content=\"article\" \/>\n<meta property=\"og:title\" content=\"Andrzej Bogusz - Advisory Box\" \/>\n<meta property=\"og:description\" content=\"W czym mog\u0119 pom\u00f3c?   Profesjonalizacja zarz\u0105dzania przedsi\u0119biorstwami poprzez wdra\u017canie realnych strategii, wdra\u017canie architektury i zarz\u0105dzania procesowego oraz optymalizacj\u0119 proces\u00f3w biznesowych.  Zarz\u0105dzanie przez cele, optymalizacja dzia\u0142a\u0144 kadry zarz\u0105dzaj\u0105cej.  Wdro\u017cenie system\u00f3w zarz\u0105dzania ryzykiem (strategicznym, procesowym i projektowym) i zarz\u0105dzania ci\u0105g\u0142o\u015bci\u0105 dzia\u0142ania.  Bezpiecze\u0144stwo teleinformatyczne, analizy wymaga\u0144 biznesowych dla rozwi\u0105za\u0144 IT oraz zarz\u0105dzanie projektami informatycznymi.  Moje do\u015bwiadczenia Manager, konsultant i trener.\u00a0W\u0142a\u015bciciel firmy AB CONSULT. Ponad 25-letni sta\u017c w biznesie.  Do\u015bwiadczenie zdobywa\u0142 na stanowiskach managerskich (do dyrektora departamentu i prezesa oddzia\u0142u w\u0142\u0105cznie) i specjalistycznych (w tym jako process \/ project \/ product manager) w korporacjach finansowych, w bran\u017cy IT i w konsultingu, zawsze \u0142\u0105cz\u0105c cross-funkcjonalnie r\u00f3\u017cne obszary.  Doktor fizyki teoretycznej. Certyfikaty: PRINCE2 Practitioner, Pe\u0142nomocnik ds. System\u00f3w Zarz\u0105dzania ISO 9001, Audytor Wewn\u0119trzny System\u00f3w Zarz\u0105dzania ISO 9001, Audytor Wewn\u0119trzny System\u00f3w Zarz\u0105dzania Bezpiecze\u0144stwem Informacji ISO 27001.  &nbsp; Kluczowe bran\u017ce\u00a0 Zrealizowa\u0142 przesz\u0142o 50 projekt\u00f3w analitycznych, doradczych i wdro\u017ceniowych dla firm z bran\u017c: bankowej, finansowej, ubezpieczeniowej,\u00a0spo\u017cywczej, FMCG, motoryzacyjnej, kruszyw, produkcyjnej, przetw\u00f3rstwa, logistycznej,\u00a0informatycznej, sieci sprzeda\u017cy, konsultingowej,\u00a0 i innych.\" \/>\n<meta property=\"og:url\" content=\"https:\/\/advisory-box.com\/Start\/en\/p\/andrzej-bogusz\/\" \/>\n<meta property=\"og:site_name\" content=\"Advisory Box\" \/>\n<meta property=\"article:modified_time\" content=\"2021-04-23T19:23:36+00:00\" \/>\n<meta property=\"og:image\" content=\"https:\/\/advisory-box.com\/Start\/wp-content\/uploads\/2020\/02\/Andrzej-BW.jpg\" \/>\n\t<meta property=\"og:image:width\" content=\"454\" \/>\n\t<meta property=\"og:image:height\" content=\"454\" \/>\n\t<meta property=\"og:image:type\" content=\"image\/jpeg\" \/>\n<meta name=\"twitter:card\" content=\"summary_large_image\" \/>\n<script type=\"application\/ld+json\" class=\"yoast-schema-graph\">{\"@context\":\"https:\/\/schema.org\",\"@graph\":[{\"@type\":\"Organization\",\"@id\":\"https:\/\/advisory-box.com\/Start\/#organization\",\"name\":\"Advisory Box\",\"url\":\"https:\/\/advisory-box.com\/Start\/\",\"sameAs\":[],\"logo\":{\"@type\":\"ImageObject\",\"@id\":\"https:\/\/advisory-box.com\/Start\/#logo\",\"inLanguage\":\"en-US\",\"url\":\"\",\"contentUrl\":\"\",\"caption\":\"Advisory Box\"},\"image\":{\"@id\":\"https:\/\/advisory-box.com\/Start\/#logo\"}},{\"@type\":\"WebSite\",\"@id\":\"https:\/\/advisory-box.com\/Start\/#website\",\"url\":\"https:\/\/advisory-box.com\/Start\/\",\"name\":\"Advisory Box\",\"description\":\"\u0141aczymy przedsi\u0119biorc&oacute;w z najlepszymi ekspertami\",\"publisher\":{\"@id\":\"https:\/\/advisory-box.com\/Start\/#organization\"},\"potentialAction\":[{\"@type\":\"SearchAction\",\"target\":{\"@type\":\"EntryPoint\",\"urlTemplate\":\"https:\/\/advisory-box.com\/Start\/?s={search_term_string}\"},\"query-input\":\"required name=search_term_string\"}],\"inLanguage\":\"en-US\"},{\"@type\":\"ImageObject\",\"@id\":\"https:\/\/advisory-box.com\/Start\/en\/p\/andrzej-bogusz\/#primaryimage\",\"inLanguage\":\"en-US\",\"url\":\"https:\/\/advisory-box.com\/Start\/wp-content\/uploads\/2020\/02\/Andrzej-BW.jpg\",\"contentUrl\":\"https:\/\/advisory-box.com\/Start\/wp-content\/uploads\/2020\/02\/Andrzej-BW.jpg\",\"width\":454,\"height\":454,\"caption\":\"Andrzej Bogusz\"},{\"@type\":\"WebPage\",\"@id\":\"https:\/\/advisory-box.com\/Start\/en\/p\/andrzej-bogusz\/#webpage\",\"url\":\"https:\/\/advisory-box.com\/Start\/en\/p\/andrzej-bogusz\/\",\"name\":\"Andrzej Bogusz - Advisory Box\",\"isPartOf\":{\"@id\":\"https:\/\/advisory-box.com\/Start\/#website\"},\"primaryImageOfPage\":{\"@id\":\"https:\/\/advisory-box.com\/Start\/en\/p\/andrzej-bogusz\/#primaryimage\"},\"datePublished\":\"2021-04-23T17:30:42+00:00\",\"dateModified\":\"2021-04-23T19:23:36+00:00\",\"breadcrumb\":{\"@id\":\"https:\/\/advisory-box.com\/Start\/en\/p\/andrzej-bogusz\/#breadcrumb\"},\"inLanguage\":\"en-US\",\"potentialAction\":[{\"@type\":\"ReadAction\",\"target\":[\"https:\/\/advisory-box.com\/Start\/en\/p\/andrzej-bogusz\/\"]}]},{\"@type\":\"BreadcrumbList\",\"@id\":\"https:\/\/advisory-box.com\/Start\/en\/p\/andrzej-bogusz\/#breadcrumb\",\"itemListElement\":[{\"@type\":\"ListItem\",\"position\":1,\"name\":\"Strona g\u0142\u00f3wna\",\"item\":\"https:\/\/advisory-box.com\/Start\/\"},{\"@type\":\"ListItem\",\"position\":2,\"name\":\"sklep\",\"item\":\"https:\/\/advisory-box.com\/Start\/sklep\/\"},{\"@type\":\"ListItem\",\"position\":3,\"name\":\"Andrzej Bogusz\"}]}]}<\/script>\n<!-- \/ Yoast SEO plugin. -->","yoast_head_json":{"title":"Andrzej Bogusz - Advisory Box","robots":{"index":"index","follow":"follow","max-snippet":"max-snippet:-1","max-image-preview":"max-image-preview:large","max-video-preview":"max-video-preview:-1"},"canonical":"https:\/\/advisory-box.com\/Start\/en\/p\/andrzej-bogusz\/","og_locale":"en_US","og_type":"article","og_title":"Andrzej Bogusz - Advisory Box","og_description":"W czym mog\u0119 pom\u00f3c?   Profesjonalizacja zarz\u0105dzania przedsi\u0119biorstwami poprzez wdra\u017canie realnych strategii, wdra\u017canie architektury i zarz\u0105dzania procesowego oraz optymalizacj\u0119 proces\u00f3w biznesowych.  Zarz\u0105dzanie przez cele, optymalizacja dzia\u0142a\u0144 kadry zarz\u0105dzaj\u0105cej.  Wdro\u017cenie system\u00f3w zarz\u0105dzania ryzykiem (strategicznym, procesowym i projektowym) i zarz\u0105dzania ci\u0105g\u0142o\u015bci\u0105 dzia\u0142ania.  Bezpiecze\u0144stwo teleinformatyczne, analizy wymaga\u0144 biznesowych dla rozwi\u0105za\u0144 IT oraz zarz\u0105dzanie projektami informatycznymi.  Moje do\u015bwiadczenia Manager, konsultant i trener.\u00a0W\u0142a\u015bciciel firmy AB CONSULT. Ponad 25-letni sta\u017c w biznesie.  Do\u015bwiadczenie zdobywa\u0142 na stanowiskach managerskich (do dyrektora departamentu i prezesa oddzia\u0142u w\u0142\u0105cznie) i specjalistycznych (w tym jako process \/ project \/ product manager) w korporacjach finansowych, w bran\u017cy IT i w konsultingu, zawsze \u0142\u0105cz\u0105c cross-funkcjonalnie r\u00f3\u017cne obszary.  Doktor fizyki teoretycznej. Certyfikaty: PRINCE2 Practitioner, Pe\u0142nomocnik ds. System\u00f3w Zarz\u0105dzania ISO 9001, Audytor Wewn\u0119trzny System\u00f3w Zarz\u0105dzania ISO 9001, Audytor Wewn\u0119trzny System\u00f3w Zarz\u0105dzania Bezpiecze\u0144stwem Informacji ISO 27001.  &nbsp; Kluczowe bran\u017ce\u00a0 Zrealizowa\u0142 przesz\u0142o 50 projekt\u00f3w analitycznych, doradczych i wdro\u017ceniowych dla firm z bran\u017c: bankowej, finansowej, ubezpieczeniowej,\u00a0spo\u017cywczej, FMCG, motoryzacyjnej, kruszyw, produkcyjnej, przetw\u00f3rstwa, logistycznej,\u00a0informatycznej, sieci sprzeda\u017cy, konsultingowej,\u00a0 i innych.","og_url":"https:\/\/advisory-box.com\/Start\/en\/p\/andrzej-bogusz\/","og_site_name":"Advisory Box","article_modified_time":"2021-04-23T19:23:36+00:00","og_image":[{"width":454,"height":454,"url":"https:\/\/advisory-box.com\/Start\/wp-content\/uploads\/2020\/02\/Andrzej-BW.jpg","type":"image\/jpeg"}],"twitter_card":"summary_large_image","schema":{"@context":"https:\/\/schema.org","@graph":[{"@type":"Organization","@id":"https:\/\/advisory-box.com\/Start\/#organization","name":"Advisory Box","url":"https:\/\/advisory-box.com\/Start\/","sameAs":[],"logo":{"@type":"ImageObject","@id":"https:\/\/advisory-box.com\/Start\/#logo","inLanguage":"en-US","url":"","contentUrl":"","caption":"Advisory Box"},"image":{"@id":"https:\/\/advisory-box.com\/Start\/#logo"}},{"@type":"WebSite","@id":"https:\/\/advisory-box.com\/Start\/#website","url":"https:\/\/advisory-box.com\/Start\/","name":"Advisory Box","description":"\u0141aczymy przedsi\u0119biorc&oacute;w z najlepszymi ekspertami","publisher":{"@id":"https:\/\/advisory-box.com\/Start\/#organization"},"potentialAction":[{"@type":"SearchAction","target":{"@type":"EntryPoint","urlTemplate":"https:\/\/advisory-box.com\/Start\/?s={search_term_string}"},"query-input":"required name=search_term_string"}],"inLanguage":"en-US"},{"@type":"ImageObject","@id":"https:\/\/advisory-box.com\/Start\/en\/p\/andrzej-bogusz\/#primaryimage","inLanguage":"en-US","url":"https:\/\/advisory-box.com\/Start\/wp-content\/uploads\/2020\/02\/Andrzej-BW.jpg","contentUrl":"https:\/\/advisory-box.com\/Start\/wp-content\/uploads\/2020\/02\/Andrzej-BW.jpg","width":454,"height":454,"caption":"Andrzej Bogusz"},{"@type":"WebPage","@id":"https:\/\/advisory-box.com\/Start\/en\/p\/andrzej-bogusz\/#webpage","url":"https:\/\/advisory-box.com\/Start\/en\/p\/andrzej-bogusz\/","name":"Andrzej Bogusz - Advisory Box","isPartOf":{"@id":"https:\/\/advisory-box.com\/Start\/#website"},"primaryImageOfPage":{"@id":"https:\/\/advisory-box.com\/Start\/en\/p\/andrzej-bogusz\/#primaryimage"},"datePublished":"2021-04-23T17:30:42+00:00","dateModified":"2021-04-23T19:23:36+00:00","breadcrumb":{"@id":"https:\/\/advisory-box.com\/Start\/en\/p\/andrzej-bogusz\/#breadcrumb"},"inLanguage":"en-US","potentialAction":[{"@type":"ReadAction","target":["https:\/\/advisory-box.com\/Start\/en\/p\/andrzej-bogusz\/"]}]},{"@type":"BreadcrumbList","@id":"https:\/\/advisory-box.com\/Start\/en\/p\/andrzej-bogusz\/#breadcrumb","itemListElement":[{"@type":"ListItem","position":1,"name":"Strona g\u0142\u00f3wna","item":"https:\/\/advisory-box.com\/Start\/"},{"@type":"ListItem","position":2,"name":"sklep","item":"https:\/\/advisory-box.com\/Start\/sklep\/"},{"@type":"ListItem","position":3,"name":"Andrzej Bogusz"}]}]}},"_links":{"self":[{"href":"https:\/\/advisory-box.com\/Start\/en\/wp-json\/wp\/v2\/product\/2695","targetHints":{"allow":["GET"]}}],"collection":[{"href":"https:\/\/advisory-box.com\/Start\/en\/wp-json\/wp\/v2\/product"}],"about":[{"href":"https:\/\/advisory-box.com\/Start\/en\/wp-json\/wp\/v2\/types\/product"}],"version-history":[{"count":2,"href":"https:\/\/advisory-box.com\/Start\/en\/wp-json\/wp\/v2\/product\/2695\/revisions"}],"predecessor-version":[{"id":2717,"href":"https:\/\/advisory-box.com\/Start\/en\/wp-json\/wp\/v2\/product\/2695\/revisions\/2717"}],"wp:featuredmedia":[{"embeddable":true,"href":"https:\/\/advisory-box.com\/Start\/en\/wp-json\/wp\/v2\/media\/483"}],"wp:attachment":[{"href":"https:\/\/advisory-box.com\/Start\/en\/wp-json\/wp\/v2\/media?parent=2695"}],"wp:term":[{"taxonomy":"product_cat","embeddable":true,"href":"https:\/\/advisory-box.com\/Start\/en\/wp-json\/wp\/v2\/product_cat?post=2695"},{"taxonomy":"product_tag","embeddable":true,"href":"https:\/\/advisory-box.com\/Start\/en\/wp-json\/wp\/v2\/product_tag?post=2695"}],"curies":[{"name":"wp","href":"https:\/\/api.w.org\/{rel}","templated":true}]}}