{"id":2276,"date":"2020-11-23T15:50:05","date_gmt":"2020-11-23T15:50:05","guid":{"rendered":"https:\/\/advisory-box.com\/Start\/?post_type=product&#038;p=2276"},"modified":"2021-06-18T18:36:29","modified_gmt":"2021-06-18T18:36:29","slug":"wyjscie-na-rynki-zagraniczne-w-poszukiwaniu-nowych-klientow","status":"publish","type":"product","link":"https:\/\/advisory-box.com\/Start\/p\/wyjscie-na-rynki-zagraniczne-w-poszukiwaniu-nowych-klientow\/","title":{"rendered":"Rozw\u00f3j eksportu"},"content":{"rendered":"<p>czyli wyj\u015bcie na rynki zagraniczne w poszukiwaniu nowych klient\u00f3w<\/p>\n","protected":false},"excerpt":{"rendered":"<h3><span style=\"color: #c10000;\"><strong>W jakiej sytuacji mo\u017cesz potrzebowa\u0107 us\u0142ugi?<\/strong><\/span><\/h3>\n<ul>\n<li style=\"list-style-type: none;\">\n<ul>\n<li>Szukasz nowych klient\u00f3w, na rynku krajowym ju\u017c ich nie znajdujesz.<\/li>\n<li>Wiesz, \u017ce Tw\u00f3j produkt jest gdzie\u015b bardziej po\u017c\u0105dany i doceniany ni\u017c tu.<\/li>\n<li>Nie wiesz jeszcze jak podej\u015b\u0107 do tematu eksportu. Potrzebujesz planu, jak to zrobi\u0107.<\/li>\n<\/ul>\n<\/li>\n<\/ul>\n<p>&nbsp;<\/p>\n<h3><span style=\"color: #c10000;\"><strong>Co dostaniesz jako rezultat?<\/strong><\/span><\/h3>\n<ul>\n<li style=\"list-style-type: none;\">\n<ul>\n<li>Zwi\u0119kszenie sprzeda\u017cy eksportowej.<\/li>\n<li>Wej\u015bcie na nowe rynki.<\/li>\n<li>Pozyskanie nowych klient\u00f3w.<\/li>\n<li>Budowa efektywnych ofert na rynki zagraniczne, dopasowanych do specyfiki tych rynk\u00f3w.<\/li>\n<\/ul>\n<\/li>\n<\/ul>\n<p>&nbsp;<\/p>\n<h3><span style=\"color: #c10000;\"><strong>Jak wygl\u0105da realizacja?<\/strong><\/span><\/h3>\n<ul>\n<li>Analiza sytuacji eksportowej (autodiagnoza).<\/li>\n<li>Adaptacja oferty oraz strategii na wybrane rynki.<\/li>\n<li>Wskaz\u00f3wki strategiczne i taktyczne (w formie szkole\u0144, konsultacji lub wsp\u00f3lnej realizacji).<\/li>\n<\/ul>\n","protected":false},"featured_media":3113,"template":"","meta":[],"product_cat":[21],"product_tag":[24,25,28,27,26,29],"class_list":["post-2276","product","type-product","status-publish","has-post-thumbnail","hentry","product_cat-strategia-czyli-rozwoj-twojego-biznesu","product_tag-eksport","product_tag-import","product_tag-nowe-rynki","product_tag-rozwoj","product_tag-sprzedaz","product_tag-strategia","pa_czas-realizacji-4-6-tygodni","pa_inwestycja-10-000-zl-14-000-zl"],"yoast_head":"<!-- This site is optimized with the Yoast SEO plugin v18.4.1 - https:\/\/yoast.com\/wordpress\/plugins\/seo\/ -->\n<title>Rozw\u00f3j eksportu - Advisory Box<\/title>\n<meta name=\"robots\" content=\"index, follow, max-snippet:-1, max-image-preview:large, max-video-preview:-1\" \/>\n<link rel=\"canonical\" href=\"https:\/\/advisory-box.com\/Start\/p\/wyjscie-na-rynki-zagraniczne-w-poszukiwaniu-nowych-klientow\/\" \/>\n<meta property=\"og:locale\" content=\"pl_PL\" \/>\n<meta property=\"og:type\" content=\"article\" \/>\n<meta property=\"og:title\" content=\"Rozw\u00f3j eksportu - Advisory Box\" \/>\n<meta property=\"og:description\" content=\"W jakiej sytuacji mo\u017cesz potrzebowa\u0107 us\u0142ugi?      Szukasz nowych klient\u00f3w, na rynku krajowym ju\u017c ich nie znajdujesz.  Wiesz, \u017ce Tw\u00f3j produkt jest gdzie\u015b bardziej po\u017c\u0105dany i doceniany ni\u017c tu.  Nie wiesz jeszcze jak podej\u015b\u0107 do tematu eksportu. Potrzebujesz planu, jak to zrobi\u0107.    &nbsp; Co dostaniesz jako rezultat?      Zwi\u0119kszenie sprzeda\u017cy eksportowej.  Wej\u015bcie na nowe rynki.  Pozyskanie nowych klient\u00f3w.  Budowa efektywnych ofert na rynki zagraniczne, dopasowanych do specyfiki tych rynk\u00f3w.    &nbsp; Jak wygl\u0105da realizacja?   Analiza sytuacji eksportowej (autodiagnoza).  Adaptacja oferty oraz strategii na wybrane rynki.  Wskaz\u00f3wki strategiczne i taktyczne (w formie szkole\u0144, konsultacji lub wsp\u00f3lnej realizacji).\" \/>\n<meta property=\"og:url\" content=\"https:\/\/advisory-box.com\/Start\/p\/wyjscie-na-rynki-zagraniczne-w-poszukiwaniu-nowych-klientow\/\" \/>\n<meta property=\"og:site_name\" content=\"Advisory Box\" \/>\n<meta property=\"article:modified_time\" content=\"2021-06-18T18:36:29+00:00\" \/>\n<meta property=\"og:image\" content=\"https:\/\/advisory-box.com\/Start\/wp-content\/uploads\/2021\/03\/1.png\" \/>\n\t<meta property=\"og:image:width\" content=\"940\" \/>\n\t<meta property=\"og:image:height\" content=\"788\" \/>\n\t<meta property=\"og:image:type\" content=\"image\/png\" \/>\n<meta name=\"twitter:card\" content=\"summary_large_image\" \/>\n<meta name=\"twitter:label1\" content=\"Szacowany czas czytania\" \/>\n\t<meta name=\"twitter:data1\" content=\"1 minuta\" \/>\n<script type=\"application\/ld+json\" class=\"yoast-schema-graph\">{\"@context\":\"https:\/\/schema.org\",\"@graph\":[{\"@type\":\"Organization\",\"@id\":\"https:\/\/advisory-box.com\/Start\/#organization\",\"name\":\"Advisory Box\",\"url\":\"https:\/\/advisory-box.com\/Start\/\",\"sameAs\":[],\"logo\":{\"@type\":\"ImageObject\",\"@id\":\"https:\/\/advisory-box.com\/Start\/#logo\",\"inLanguage\":\"pl-PL\",\"url\":\"\",\"contentUrl\":\"\",\"caption\":\"Advisory Box\"},\"image\":{\"@id\":\"https:\/\/advisory-box.com\/Start\/#logo\"}},{\"@type\":\"WebSite\",\"@id\":\"https:\/\/advisory-box.com\/Start\/#website\",\"url\":\"https:\/\/advisory-box.com\/Start\/\",\"name\":\"Advisory Box\",\"description\":\"\u0141aczymy przedsi\u0119biorc&oacute;w z najlepszymi ekspertami\",\"publisher\":{\"@id\":\"https:\/\/advisory-box.com\/Start\/#organization\"},\"potentialAction\":[{\"@type\":\"SearchAction\",\"target\":{\"@type\":\"EntryPoint\",\"urlTemplate\":\"https:\/\/advisory-box.com\/Start\/?s={search_term_string}\"},\"query-input\":\"required name=search_term_string\"}],\"inLanguage\":\"pl-PL\"},{\"@type\":\"ImageObject\",\"@id\":\"https:\/\/advisory-box.com\/Start\/en\/p\/wyjscie-na-rynki-zagraniczne-w-poszukiwaniu-nowych-klientow\/#primaryimage\",\"inLanguage\":\"pl-PL\",\"url\":\"https:\/\/advisory-box.com\/Start\/wp-content\/uploads\/2021\/03\/1.png\",\"contentUrl\":\"https:\/\/advisory-box.com\/Start\/wp-content\/uploads\/2021\/03\/1.png\",\"width\":940,\"height\":788},{\"@type\":\"WebPage\",\"@id\":\"https:\/\/advisory-box.com\/Start\/en\/p\/wyjscie-na-rynki-zagraniczne-w-poszukiwaniu-nowych-klientow\/#webpage\",\"url\":\"https:\/\/advisory-box.com\/Start\/en\/p\/wyjscie-na-rynki-zagraniczne-w-poszukiwaniu-nowych-klientow\/\",\"name\":\"Rozw\u00f3j eksportu - Advisory Box\",\"isPartOf\":{\"@id\":\"https:\/\/advisory-box.com\/Start\/#website\"},\"primaryImageOfPage\":{\"@id\":\"https:\/\/advisory-box.com\/Start\/en\/p\/wyjscie-na-rynki-zagraniczne-w-poszukiwaniu-nowych-klientow\/#primaryimage\"},\"datePublished\":\"2020-11-23T15:50:05+00:00\",\"dateModified\":\"2021-06-18T18:36:29+00:00\",\"breadcrumb\":{\"@id\":\"https:\/\/advisory-box.com\/Start\/en\/p\/wyjscie-na-rynki-zagraniczne-w-poszukiwaniu-nowych-klientow\/#breadcrumb\"},\"inLanguage\":\"pl-PL\",\"potentialAction\":[{\"@type\":\"ReadAction\",\"target\":[\"https:\/\/advisory-box.com\/Start\/en\/p\/wyjscie-na-rynki-zagraniczne-w-poszukiwaniu-nowych-klientow\/\"]}]},{\"@type\":\"BreadcrumbList\",\"@id\":\"https:\/\/advisory-box.com\/Start\/en\/p\/wyjscie-na-rynki-zagraniczne-w-poszukiwaniu-nowych-klientow\/#breadcrumb\",\"itemListElement\":[{\"@type\":\"ListItem\",\"position\":1,\"name\":\"Strona g\u0142\u00f3wna\",\"item\":\"https:\/\/advisory-box.com\/Start\/\"},{\"@type\":\"ListItem\",\"position\":2,\"name\":\"sklep\",\"item\":\"https:\/\/advisory-box.com\/Start\/sklep\/\"},{\"@type\":\"ListItem\",\"position\":3,\"name\":\"Rozw\u00f3j eksportu\"}]}]}<\/script>\n<!-- \/ Yoast SEO plugin. -->","yoast_head_json":{"title":"Rozw\u00f3j eksportu - Advisory Box","robots":{"index":"index","follow":"follow","max-snippet":"max-snippet:-1","max-image-preview":"max-image-preview:large","max-video-preview":"max-video-preview:-1"},"canonical":"https:\/\/advisory-box.com\/Start\/p\/wyjscie-na-rynki-zagraniczne-w-poszukiwaniu-nowych-klientow\/","og_locale":"pl_PL","og_type":"article","og_title":"Rozw\u00f3j eksportu - Advisory Box","og_description":"W jakiej sytuacji mo\u017cesz potrzebowa\u0107 us\u0142ugi?      Szukasz nowych klient\u00f3w, na rynku krajowym ju\u017c ich nie znajdujesz.  Wiesz, \u017ce Tw\u00f3j produkt jest gdzie\u015b bardziej po\u017c\u0105dany i doceniany ni\u017c tu.  Nie wiesz jeszcze jak podej\u015b\u0107 do tematu eksportu. Potrzebujesz planu, jak to zrobi\u0107.    &nbsp; Co dostaniesz jako rezultat?      Zwi\u0119kszenie sprzeda\u017cy eksportowej.  Wej\u015bcie na nowe rynki.  Pozyskanie nowych klient\u00f3w.  Budowa efektywnych ofert na rynki zagraniczne, dopasowanych do specyfiki tych rynk\u00f3w.    &nbsp; Jak wygl\u0105da realizacja?   Analiza sytuacji eksportowej (autodiagnoza).  Adaptacja oferty oraz strategii na wybrane rynki.  Wskaz\u00f3wki strategiczne i taktyczne (w formie szkole\u0144, konsultacji lub wsp\u00f3lnej realizacji).","og_url":"https:\/\/advisory-box.com\/Start\/p\/wyjscie-na-rynki-zagraniczne-w-poszukiwaniu-nowych-klientow\/","og_site_name":"Advisory Box","article_modified_time":"2021-06-18T18:36:29+00:00","og_image":[{"width":940,"height":788,"url":"https:\/\/advisory-box.com\/Start\/wp-content\/uploads\/2021\/03\/1.png","type":"image\/png"}],"twitter_card":"summary_large_image","twitter_misc":{"Szacowany czas czytania":"1 minuta"},"schema":{"@context":"https:\/\/schema.org","@graph":[{"@type":"Organization","@id":"https:\/\/advisory-box.com\/Start\/#organization","name":"Advisory Box","url":"https:\/\/advisory-box.com\/Start\/","sameAs":[],"logo":{"@type":"ImageObject","@id":"https:\/\/advisory-box.com\/Start\/#logo","inLanguage":"pl-PL","url":"","contentUrl":"","caption":"Advisory Box"},"image":{"@id":"https:\/\/advisory-box.com\/Start\/#logo"}},{"@type":"WebSite","@id":"https:\/\/advisory-box.com\/Start\/#website","url":"https:\/\/advisory-box.com\/Start\/","name":"Advisory Box","description":"\u0141aczymy przedsi\u0119biorc&oacute;w z najlepszymi ekspertami","publisher":{"@id":"https:\/\/advisory-box.com\/Start\/#organization"},"potentialAction":[{"@type":"SearchAction","target":{"@type":"EntryPoint","urlTemplate":"https:\/\/advisory-box.com\/Start\/?s={search_term_string}"},"query-input":"required name=search_term_string"}],"inLanguage":"pl-PL"},{"@type":"ImageObject","@id":"https:\/\/advisory-box.com\/Start\/en\/p\/wyjscie-na-rynki-zagraniczne-w-poszukiwaniu-nowych-klientow\/#primaryimage","inLanguage":"pl-PL","url":"https:\/\/advisory-box.com\/Start\/wp-content\/uploads\/2021\/03\/1.png","contentUrl":"https:\/\/advisory-box.com\/Start\/wp-content\/uploads\/2021\/03\/1.png","width":940,"height":788},{"@type":"WebPage","@id":"https:\/\/advisory-box.com\/Start\/en\/p\/wyjscie-na-rynki-zagraniczne-w-poszukiwaniu-nowych-klientow\/#webpage","url":"https:\/\/advisory-box.com\/Start\/en\/p\/wyjscie-na-rynki-zagraniczne-w-poszukiwaniu-nowych-klientow\/","name":"Rozw\u00f3j eksportu - Advisory Box","isPartOf":{"@id":"https:\/\/advisory-box.com\/Start\/#website"},"primaryImageOfPage":{"@id":"https:\/\/advisory-box.com\/Start\/en\/p\/wyjscie-na-rynki-zagraniczne-w-poszukiwaniu-nowych-klientow\/#primaryimage"},"datePublished":"2020-11-23T15:50:05+00:00","dateModified":"2021-06-18T18:36:29+00:00","breadcrumb":{"@id":"https:\/\/advisory-box.com\/Start\/en\/p\/wyjscie-na-rynki-zagraniczne-w-poszukiwaniu-nowych-klientow\/#breadcrumb"},"inLanguage":"pl-PL","potentialAction":[{"@type":"ReadAction","target":["https:\/\/advisory-box.com\/Start\/en\/p\/wyjscie-na-rynki-zagraniczne-w-poszukiwaniu-nowych-klientow\/"]}]},{"@type":"BreadcrumbList","@id":"https:\/\/advisory-box.com\/Start\/en\/p\/wyjscie-na-rynki-zagraniczne-w-poszukiwaniu-nowych-klientow\/#breadcrumb","itemListElement":[{"@type":"ListItem","position":1,"name":"Strona g\u0142\u00f3wna","item":"https:\/\/advisory-box.com\/Start\/"},{"@type":"ListItem","position":2,"name":"sklep","item":"https:\/\/advisory-box.com\/Start\/sklep\/"},{"@type":"ListItem","position":3,"name":"Rozw\u00f3j eksportu"}]}]}},"_links":{"self":[{"href":"https:\/\/advisory-box.com\/Start\/wp-json\/wp\/v2\/product\/2276","targetHints":{"allow":["GET"]}}],"collection":[{"href":"https:\/\/advisory-box.com\/Start\/wp-json\/wp\/v2\/product"}],"about":[{"href":"https:\/\/advisory-box.com\/Start\/wp-json\/wp\/v2\/types\/product"}],"version-history":[{"count":4,"href":"https:\/\/advisory-box.com\/Start\/wp-json\/wp\/v2\/product\/2276\/revisions"}],"predecessor-version":[{"id":3124,"href":"https:\/\/advisory-box.com\/Start\/wp-json\/wp\/v2\/product\/2276\/revisions\/3124"}],"wp:featuredmedia":[{"embeddable":true,"href":"https:\/\/advisory-box.com\/Start\/wp-json\/wp\/v2\/media\/3113"}],"wp:attachment":[{"href":"https:\/\/advisory-box.com\/Start\/wp-json\/wp\/v2\/media?parent=2276"}],"wp:term":[{"taxonomy":"product_cat","embeddable":true,"href":"https:\/\/advisory-box.com\/Start\/wp-json\/wp\/v2\/product_cat?post=2276"},{"taxonomy":"product_tag","embeddable":true,"href":"https:\/\/advisory-box.com\/Start\/wp-json\/wp\/v2\/product_tag?post=2276"}],"curies":[{"name":"wp","href":"https:\/\/api.w.org\/{rel}","templated":true}]}}