{"id":2302,"date":"2020-12-20T14:07:01","date_gmt":"2020-12-20T14:07:01","guid":{"rendered":"https:\/\/advisory-box.com\/Start\/?post_type=product&#038;p=2302"},"modified":"2021-06-18T18:35:48","modified_gmt":"2021-06-18T18:35:48","slug":"przeglad-portfela-projektow-i-zasad-zarzadzania-projektami","status":"publish","type":"product","link":"https:\/\/advisory-box.com\/Start\/p\/przeglad-portfela-projektow-i-zasad-zarzadzania-projektami\/","title":{"rendered":"Przegl\u0105d portfela projekt\u00f3w"},"content":{"rendered":"<p>i zasad zarz\u0105dzania projektami<\/p>\n<div id=\"gtx-trans\" style=\"position: absolute; left: 794px; top: 47.8px;\">\n<div class=\"gtx-trans-icon\"><\/div>\n<\/div>\n","protected":false},"excerpt":{"rendered":"<h3><span style=\"color: #c10000;\"><strong>W jakiej sytuacji mo\u017cesz potrzebowa\u0107 us\u0142ugi?<\/strong><\/span><\/h3>\n<ul>\n<li style=\"list-style-type: none;\">\n<ul>\n<li><span style=\"font-weight: 400;\">W firmie toczy si\u0119 wiele dzia\u0142a\u0144 &#8211; niekt\u00f3re prowadzone jako projekty, inne w ramach bie\u017c\u0105cego rozwoju.<\/span><\/li>\n<li><span style=\"font-weight: 400;\">Szanse rynkowe, kt\u00f3re mia\u0142y by\u0107 wykorzystane przechodz\u0105 ko\u0142o nas.<\/span><\/li>\n<li><span style=\"font-weight: 400;\">Projekty nie s\u0105 wykonywane na czas, pojawiaj\u0105 si\u0119 konflikty o priorytety, zasoby.<\/span><\/li>\n<li><span style=\"font-weight: 400;\">Osoby odpowiedzialne nie s\u0105 jasno przypisane do zada\u0144. Brak po\u0142\u0105czenia mi\u0119dzy portfelem projekt\u00f3w a strategi\u0105 firmy.<\/span><\/li>\n<\/ul>\n<\/li>\n<\/ul>\n<p>&nbsp;<\/p>\n<h3><\/h3>\n<h3><span style=\"color: #c10000;\"><strong>Co dostaniesz jako rezultat?<\/strong><\/span><\/h3>\n<ul>\n<li style=\"list-style-type: none;\">\n<ul>\n<li><span style=\"font-weight: 400;\">Opis faktycznego stanu projekt\u00f3w i wskaz\u00f3wki jak najbardziej efektywnie poprowadzi\u0107 je dalej &#8211; kt\u00f3re zako\u0144czy\u0107, kt\u00f3re kontynuowa\u0107, jakie nowe uruchomi\u0107.<\/span><\/li>\n<li><span style=\"font-weight: 400;\">Niezale\u017cn\u0105 opini\u0119 na temat zarz\u0105dzania projektami w Twojej firmie, \u0142\u0105cznie z raportem z przegl\u0105du portfela projekt\u00f3w.<\/span><\/li>\n<li><span style=\"font-weight: 400;\">Raport ten b\u0119dzie zawiera\u0142 zalecenia odno\u015bnie organizacji zarz\u0105dzania projektami w firmie, niezb\u0119dnych zmian i szkole\u0144.<\/span><\/li>\n<\/ul>\n<\/li>\n<\/ul>\n<p>&nbsp;<\/p>\n<h3><\/h3>\n<h3><span style=\"color: #c10000;\"><strong>Jak wygl\u0105da realizacja?<\/strong><\/span><\/h3>\n<ul>\n<li><span style=\"font-weight: 400;\">Audyt obecnych praktyk stosowanych w zarz\u0105dzaniu projektami.<\/span><\/li>\n<li><span style=\"font-weight: 400;\">Analiza bie\u017c\u0105cych projekt\u00f3w, jak i tych planowanych do rozpocz\u0119cia.<\/span><\/li>\n<li><span style=\"font-weight: 400;\">Identyfikacja zasob\u00f3w faktycznie zaanga\u017cowanych w projekty, ocena zbie\u017cno\u015bci projekt\u00f3w ze strategicznymi planami rozwoju firmy, weryfikacja cel\u00f3w biznesowych projekt\u00f3w i oczekiwanych rezultat\u00f3w.<\/span><\/li>\n<li><span style=\"font-weight: 400;\">Om\u00f3wienie modelu zarz\u0105dzania projektowego do efektywnego \u015bledzenia post\u0119p\u00f3w prac i systematycznego zarz\u0105dzania \u201cmap\u0105 drogow\u0105\u201d projekt\u00f3w w czasie.<\/span><\/li>\n<\/ul>\n","protected":false},"featured_media":3117,"template":"","meta":[],"product_cat":[21],"product_tag":[74,72,51,73,27,29,50],"class_list":["post-2302","product","type-product","status-publish","has-post-thumbnail","hentry","product_cat-strategia-czyli-rozwoj-twojego-biznesu","product_tag-pmo","product_tag-portfel-projektow","product_tag-project-management","product_tag-project-manager","product_tag-rozwoj","product_tag-strategia","product_tag-zarzadzanie-projektami","pa_czas-realizacji-4-6-tygodni","pa_inwestycja-10-000-zl-14-000-zl"],"yoast_head":"<!-- This site is optimized with the Yoast SEO plugin v18.4.1 - https:\/\/yoast.com\/wordpress\/plugins\/seo\/ -->\n<title>Przegl\u0105d portfela projekt\u00f3w - Advisory Box<\/title>\n<meta name=\"robots\" content=\"index, follow, max-snippet:-1, max-image-preview:large, max-video-preview:-1\" \/>\n<link rel=\"canonical\" href=\"https:\/\/advisory-box.com\/Start\/p\/przeglad-portfela-projektow-i-zasad-zarzadzania-projektami\/\" \/>\n<meta property=\"og:locale\" content=\"pl_PL\" \/>\n<meta property=\"og:type\" content=\"article\" \/>\n<meta property=\"og:title\" content=\"Przegl\u0105d portfela projekt\u00f3w - Advisory Box\" \/>\n<meta property=\"og:description\" content=\"W jakiej sytuacji mo\u017cesz potrzebowa\u0107 us\u0142ugi?      W firmie toczy si\u0119 wiele dzia\u0142a\u0144 - niekt\u00f3re prowadzone jako projekty, inne w ramach bie\u017c\u0105cego rozwoju.  Szanse rynkowe, kt\u00f3re mia\u0142y by\u0107 wykorzystane przechodz\u0105 ko\u0142o nas.  Projekty nie s\u0105 wykonywane na czas, pojawiaj\u0105 si\u0119 konflikty o priorytety, zasoby.  Osoby odpowiedzialne nie s\u0105 jasno przypisane do zada\u0144. Brak po\u0142\u0105czenia mi\u0119dzy portfelem projekt\u00f3w a strategi\u0105 firmy.    &nbsp;  Co dostaniesz jako rezultat?      Opis faktycznego stanu projekt\u00f3w i wskaz\u00f3wki jak najbardziej efektywnie poprowadzi\u0107 je dalej - kt\u00f3re zako\u0144czy\u0107, kt\u00f3re kontynuowa\u0107, jakie nowe uruchomi\u0107.  Niezale\u017cn\u0105 opini\u0119 na temat zarz\u0105dzania projektami w Twojej firmie, \u0142\u0105cznie z raportem z przegl\u0105du portfela projekt\u00f3w.  Raport ten b\u0119dzie zawiera\u0142 zalecenia odno\u015bnie organizacji zarz\u0105dzania projektami w firmie, niezb\u0119dnych zmian i szkole\u0144.    &nbsp;  Jak wygl\u0105da realizacja?   Audyt obecnych praktyk stosowanych w zarz\u0105dzaniu projektami.  Analiza bie\u017c\u0105cych projekt\u00f3w, jak i tych planowanych do rozpocz\u0119cia.  Identyfikacja zasob\u00f3w faktycznie zaanga\u017cowanych w projekty, ocena zbie\u017cno\u015bci projekt\u00f3w ze strategicznymi planami rozwoju firmy, weryfikacja cel\u00f3w biznesowych projekt\u00f3w i oczekiwanych rezultat\u00f3w.  Om\u00f3wienie modelu zarz\u0105dzania projektowego do efektywnego \u015bledzenia post\u0119p\u00f3w prac i systematycznego zarz\u0105dzania \u201cmap\u0105 drogow\u0105\u201d projekt\u00f3w w czasie.\" \/>\n<meta property=\"og:url\" content=\"https:\/\/advisory-box.com\/Start\/p\/przeglad-portfela-projektow-i-zasad-zarzadzania-projektami\/\" \/>\n<meta property=\"og:site_name\" content=\"Advisory Box\" \/>\n<meta property=\"article:modified_time\" content=\"2021-06-18T18:35:48+00:00\" \/>\n<meta property=\"og:image\" content=\"https:\/\/advisory-box.com\/Start\/wp-content\/uploads\/2021\/03\/5.png\" \/>\n\t<meta property=\"og:image:width\" content=\"940\" \/>\n\t<meta property=\"og:image:height\" content=\"788\" \/>\n\t<meta property=\"og:image:type\" content=\"image\/png\" \/>\n<meta name=\"twitter:card\" content=\"summary_large_image\" \/>\n<meta name=\"twitter:label1\" content=\"Szacowany czas czytania\" \/>\n\t<meta name=\"twitter:data1\" content=\"1 minuta\" \/>\n<script type=\"application\/ld+json\" class=\"yoast-schema-graph\">{\"@context\":\"https:\/\/schema.org\",\"@graph\":[{\"@type\":\"Organization\",\"@id\":\"https:\/\/advisory-box.com\/Start\/#organization\",\"name\":\"Advisory Box\",\"url\":\"https:\/\/advisory-box.com\/Start\/\",\"sameAs\":[],\"logo\":{\"@type\":\"ImageObject\",\"@id\":\"https:\/\/advisory-box.com\/Start\/#logo\",\"inLanguage\":\"pl-PL\",\"url\":\"\",\"contentUrl\":\"\",\"caption\":\"Advisory Box\"},\"image\":{\"@id\":\"https:\/\/advisory-box.com\/Start\/#logo\"}},{\"@type\":\"WebSite\",\"@id\":\"https:\/\/advisory-box.com\/Start\/#website\",\"url\":\"https:\/\/advisory-box.com\/Start\/\",\"name\":\"Advisory Box\",\"description\":\"\u0141aczymy przedsi\u0119biorc&oacute;w z najlepszymi ekspertami\",\"publisher\":{\"@id\":\"https:\/\/advisory-box.com\/Start\/#organization\"},\"potentialAction\":[{\"@type\":\"SearchAction\",\"target\":{\"@type\":\"EntryPoint\",\"urlTemplate\":\"https:\/\/advisory-box.com\/Start\/?s={search_term_string}\"},\"query-input\":\"required name=search_term_string\"}],\"inLanguage\":\"pl-PL\"},{\"@type\":\"ImageObject\",\"@id\":\"https:\/\/advisory-box.com\/Start\/en\/p\/przeglad-portfela-projektow-i-zasad-zarzadzania-projektami\/#primaryimage\",\"inLanguage\":\"pl-PL\",\"url\":\"https:\/\/advisory-box.com\/Start\/wp-content\/uploads\/2021\/03\/5.png\",\"contentUrl\":\"https:\/\/advisory-box.com\/Start\/wp-content\/uploads\/2021\/03\/5.png\",\"width\":940,\"height\":788},{\"@type\":\"WebPage\",\"@id\":\"https:\/\/advisory-box.com\/Start\/en\/p\/przeglad-portfela-projektow-i-zasad-zarzadzania-projektami\/#webpage\",\"url\":\"https:\/\/advisory-box.com\/Start\/en\/p\/przeglad-portfela-projektow-i-zasad-zarzadzania-projektami\/\",\"name\":\"Przegl\u0105d portfela projekt\u00f3w - Advisory Box\",\"isPartOf\":{\"@id\":\"https:\/\/advisory-box.com\/Start\/#website\"},\"primaryImageOfPage\":{\"@id\":\"https:\/\/advisory-box.com\/Start\/en\/p\/przeglad-portfela-projektow-i-zasad-zarzadzania-projektami\/#primaryimage\"},\"datePublished\":\"2020-12-20T14:07:01+00:00\",\"dateModified\":\"2021-06-18T18:35:48+00:00\",\"breadcrumb\":{\"@id\":\"https:\/\/advisory-box.com\/Start\/en\/p\/przeglad-portfela-projektow-i-zasad-zarzadzania-projektami\/#breadcrumb\"},\"inLanguage\":\"pl-PL\",\"potentialAction\":[{\"@type\":\"ReadAction\",\"target\":[\"https:\/\/advisory-box.com\/Start\/en\/p\/przeglad-portfela-projektow-i-zasad-zarzadzania-projektami\/\"]}]},{\"@type\":\"BreadcrumbList\",\"@id\":\"https:\/\/advisory-box.com\/Start\/en\/p\/przeglad-portfela-projektow-i-zasad-zarzadzania-projektami\/#breadcrumb\",\"itemListElement\":[{\"@type\":\"ListItem\",\"position\":1,\"name\":\"Strona g\u0142\u00f3wna\",\"item\":\"https:\/\/advisory-box.com\/Start\/\"},{\"@type\":\"ListItem\",\"position\":2,\"name\":\"sklep\",\"item\":\"https:\/\/advisory-box.com\/Start\/sklep\/\"},{\"@type\":\"ListItem\",\"position\":3,\"name\":\"Przegl\u0105d portfela projekt\u00f3w\"}]}]}<\/script>\n<!-- \/ Yoast SEO plugin. -->","yoast_head_json":{"title":"Przegl\u0105d portfela projekt\u00f3w - Advisory Box","robots":{"index":"index","follow":"follow","max-snippet":"max-snippet:-1","max-image-preview":"max-image-preview:large","max-video-preview":"max-video-preview:-1"},"canonical":"https:\/\/advisory-box.com\/Start\/p\/przeglad-portfela-projektow-i-zasad-zarzadzania-projektami\/","og_locale":"pl_PL","og_type":"article","og_title":"Przegl\u0105d portfela projekt\u00f3w - Advisory Box","og_description":"W jakiej sytuacji mo\u017cesz potrzebowa\u0107 us\u0142ugi?      W firmie toczy si\u0119 wiele dzia\u0142a\u0144 - niekt\u00f3re prowadzone jako projekty, inne w ramach bie\u017c\u0105cego rozwoju.  Szanse rynkowe, kt\u00f3re mia\u0142y by\u0107 wykorzystane przechodz\u0105 ko\u0142o nas.  Projekty nie s\u0105 wykonywane na czas, pojawiaj\u0105 si\u0119 konflikty o priorytety, zasoby.  Osoby odpowiedzialne nie s\u0105 jasno przypisane do zada\u0144. Brak po\u0142\u0105czenia mi\u0119dzy portfelem projekt\u00f3w a strategi\u0105 firmy.    &nbsp;  Co dostaniesz jako rezultat?      Opis faktycznego stanu projekt\u00f3w i wskaz\u00f3wki jak najbardziej efektywnie poprowadzi\u0107 je dalej - kt\u00f3re zako\u0144czy\u0107, kt\u00f3re kontynuowa\u0107, jakie nowe uruchomi\u0107.  Niezale\u017cn\u0105 opini\u0119 na temat zarz\u0105dzania projektami w Twojej firmie, \u0142\u0105cznie z raportem z przegl\u0105du portfela projekt\u00f3w.  Raport ten b\u0119dzie zawiera\u0142 zalecenia odno\u015bnie organizacji zarz\u0105dzania projektami w firmie, niezb\u0119dnych zmian i szkole\u0144.    &nbsp;  Jak wygl\u0105da realizacja?   Audyt obecnych praktyk stosowanych w zarz\u0105dzaniu projektami.  Analiza bie\u017c\u0105cych projekt\u00f3w, jak i tych planowanych do rozpocz\u0119cia.  Identyfikacja zasob\u00f3w faktycznie zaanga\u017cowanych w projekty, ocena zbie\u017cno\u015bci projekt\u00f3w ze strategicznymi planami rozwoju firmy, weryfikacja cel\u00f3w biznesowych projekt\u00f3w i oczekiwanych rezultat\u00f3w.  Om\u00f3wienie modelu zarz\u0105dzania projektowego do efektywnego \u015bledzenia post\u0119p\u00f3w prac i systematycznego zarz\u0105dzania \u201cmap\u0105 drogow\u0105\u201d projekt\u00f3w w czasie.","og_url":"https:\/\/advisory-box.com\/Start\/p\/przeglad-portfela-projektow-i-zasad-zarzadzania-projektami\/","og_site_name":"Advisory Box","article_modified_time":"2021-06-18T18:35:48+00:00","og_image":[{"width":940,"height":788,"url":"https:\/\/advisory-box.com\/Start\/wp-content\/uploads\/2021\/03\/5.png","type":"image\/png"}],"twitter_card":"summary_large_image","twitter_misc":{"Szacowany czas czytania":"1 minuta"},"schema":{"@context":"https:\/\/schema.org","@graph":[{"@type":"Organization","@id":"https:\/\/advisory-box.com\/Start\/#organization","name":"Advisory Box","url":"https:\/\/advisory-box.com\/Start\/","sameAs":[],"logo":{"@type":"ImageObject","@id":"https:\/\/advisory-box.com\/Start\/#logo","inLanguage":"pl-PL","url":"","contentUrl":"","caption":"Advisory Box"},"image":{"@id":"https:\/\/advisory-box.com\/Start\/#logo"}},{"@type":"WebSite","@id":"https:\/\/advisory-box.com\/Start\/#website","url":"https:\/\/advisory-box.com\/Start\/","name":"Advisory Box","description":"\u0141aczymy przedsi\u0119biorc&oacute;w z najlepszymi ekspertami","publisher":{"@id":"https:\/\/advisory-box.com\/Start\/#organization"},"potentialAction":[{"@type":"SearchAction","target":{"@type":"EntryPoint","urlTemplate":"https:\/\/advisory-box.com\/Start\/?s={search_term_string}"},"query-input":"required name=search_term_string"}],"inLanguage":"pl-PL"},{"@type":"ImageObject","@id":"https:\/\/advisory-box.com\/Start\/en\/p\/przeglad-portfela-projektow-i-zasad-zarzadzania-projektami\/#primaryimage","inLanguage":"pl-PL","url":"https:\/\/advisory-box.com\/Start\/wp-content\/uploads\/2021\/03\/5.png","contentUrl":"https:\/\/advisory-box.com\/Start\/wp-content\/uploads\/2021\/03\/5.png","width":940,"height":788},{"@type":"WebPage","@id":"https:\/\/advisory-box.com\/Start\/en\/p\/przeglad-portfela-projektow-i-zasad-zarzadzania-projektami\/#webpage","url":"https:\/\/advisory-box.com\/Start\/en\/p\/przeglad-portfela-projektow-i-zasad-zarzadzania-projektami\/","name":"Przegl\u0105d portfela projekt\u00f3w - Advisory Box","isPartOf":{"@id":"https:\/\/advisory-box.com\/Start\/#website"},"primaryImageOfPage":{"@id":"https:\/\/advisory-box.com\/Start\/en\/p\/przeglad-portfela-projektow-i-zasad-zarzadzania-projektami\/#primaryimage"},"datePublished":"2020-12-20T14:07:01+00:00","dateModified":"2021-06-18T18:35:48+00:00","breadcrumb":{"@id":"https:\/\/advisory-box.com\/Start\/en\/p\/przeglad-portfela-projektow-i-zasad-zarzadzania-projektami\/#breadcrumb"},"inLanguage":"pl-PL","potentialAction":[{"@type":"ReadAction","target":["https:\/\/advisory-box.com\/Start\/en\/p\/przeglad-portfela-projektow-i-zasad-zarzadzania-projektami\/"]}]},{"@type":"BreadcrumbList","@id":"https:\/\/advisory-box.com\/Start\/en\/p\/przeglad-portfela-projektow-i-zasad-zarzadzania-projektami\/#breadcrumb","itemListElement":[{"@type":"ListItem","position":1,"name":"Strona g\u0142\u00f3wna","item":"https:\/\/advisory-box.com\/Start\/"},{"@type":"ListItem","position":2,"name":"sklep","item":"https:\/\/advisory-box.com\/Start\/sklep\/"},{"@type":"ListItem","position":3,"name":"Przegl\u0105d portfela projekt\u00f3w"}]}]}},"_links":{"self":[{"href":"https:\/\/advisory-box.com\/Start\/wp-json\/wp\/v2\/product\/2302","targetHints":{"allow":["GET"]}}],"collection":[{"href":"https:\/\/advisory-box.com\/Start\/wp-json\/wp\/v2\/product"}],"about":[{"href":"https:\/\/advisory-box.com\/Start\/wp-json\/wp\/v2\/types\/product"}],"version-history":[{"count":10,"href":"https:\/\/advisory-box.com\/Start\/wp-json\/wp\/v2\/product\/2302\/revisions"}],"predecessor-version":[{"id":2785,"href":"https:\/\/advisory-box.com\/Start\/wp-json\/wp\/v2\/product\/2302\/revisions\/2785"}],"wp:featuredmedia":[{"embeddable":true,"href":"https:\/\/advisory-box.com\/Start\/wp-json\/wp\/v2\/media\/3117"}],"wp:attachment":[{"href":"https:\/\/advisory-box.com\/Start\/wp-json\/wp\/v2\/media?parent=2302"}],"wp:term":[{"taxonomy":"product_cat","embeddable":true,"href":"https:\/\/advisory-box.com\/Start\/wp-json\/wp\/v2\/product_cat?post=2302"},{"taxonomy":"product_tag","embeddable":true,"href":"https:\/\/advisory-box.com\/Start\/wp-json\/wp\/v2\/product_tag?post=2302"}],"curies":[{"name":"wp","href":"https:\/\/api.w.org\/{rel}","templated":true}]}}