{"id":2305,"date":"2020-12-20T16:25:21","date_gmt":"2020-12-20T16:25:21","guid":{"rendered":"https:\/\/advisory-box.com\/Start\/?post_type=product&#038;p=2305"},"modified":"2021-07-09T15:26:16","modified_gmt":"2021-07-09T15:26:16","slug":"zarzadzanie-projektem-w-organizacji","status":"publish","type":"product","link":"https:\/\/advisory-box.com\/Start\/p\/zarzadzanie-projektem-w-organizacji\/","title":{"rendered":"Zarz\u0105dzanie projektem w organizacji"},"content":{"rendered":"","protected":false},"excerpt":{"rendered":"<h3><span style=\"color: #c10000;\"><strong>W jakiej sytuacji mo\u017cesz potrzebowa\u0107 us\u0142ugi?<\/strong><\/span><\/h3>\n<ul>\n<li><span style=\"font-weight: 400;\">Tw\u00f3j Szef Projektu zwolni\u0142 si\u0119, albo wykaza\u0142 si\u0119 brakiem kompetencji.<\/span><\/li>\n<li><span style=\"font-weight: 400;\">Masz bardzo istotn\u0105 inwestycj\u0119, kt\u00f3ra nie mo\u017ce si\u0119 nie uda\u0107 &#8211; i nikogo dost\u0119pnego w firmie, kto m\u00f3g\u0142by wzi\u0105\u0107 za ni\u0105 odpowiedzialno\u015b\u0107.<\/span><\/li>\n<\/ul>\n<h3><span style=\"color: #c10000;\"><strong>Co dostaniesz jako rezultat?<\/strong><\/span><\/h3>\n<ul>\n<li><span style=\"font-weight: 400;\">Zapewnienie realizacji istotnego (strategicznego) projektu w organizacji w sytuacji braku wewn\u0119trznych zasob\u00f3w osobowych dla pe\u0142nienia funkcji Kierownika Projektu.<\/span><\/li>\n<\/ul>\n<h3><span style=\"color: #c10000;\"><strong>Jak wygl\u0105da realizacja?<\/strong><\/span><\/h3>\n<ul>\n<li><span style=\"font-weight: 400;\">Zrealizowanie celu projektu, jako Kierownik Projektu, poprzez zarz\u0105dzanie nim, komunikacj\u0119, raportowanie, rekrutacje zespo\u0142u, delegowanie i odbi\u00f3r zada\u0144, zarz\u0105dzanie ryzykiem w projekcie.<\/span><\/li>\n<li><span style=\"font-weight: 400;\">Us\u0142uga dotyczy pe\u0142nienia roli Kierownika Projektu dla wybranego projektu lub portfela projekt\u00f3w w organizacji.<\/span><\/li>\n<li><span style=\"font-weight: 400;\">Czas trwania i czasoch\u0142onno\u015b\u0107 zale\u017cna od projektu i organizacji.<\/span><\/li>\n<\/ul>\n","protected":false},"featured_media":3193,"template":"","meta":[],"product_cat":[32],"product_tag":[39,74,51,73,50],"class_list":["post-2305","product","type-product","status-publish","has-post-thumbnail","hentry","product_cat-operacje-czyli-jak-dzialacie","product_tag-operacje","product_tag-pmo","product_tag-project-management","product_tag-project-manager","product_tag-zarzadzanie-projektami","pa_czas-realizacji-4-6-tygodni","pa_inwestycja-10-000-zl-14-000-zl"],"yoast_head":"<!-- This site is optimized with the Yoast SEO plugin v18.4.1 - https:\/\/yoast.com\/wordpress\/plugins\/seo\/ -->\n<title>Zarz\u0105dzanie projektem w organizacji - Advisory Box<\/title>\n<meta name=\"robots\" content=\"index, follow, max-snippet:-1, max-image-preview:large, max-video-preview:-1\" \/>\n<link rel=\"canonical\" href=\"https:\/\/advisory-box.com\/Start\/p\/zarzadzanie-projektem-w-organizacji\/\" \/>\n<meta property=\"og:locale\" content=\"pl_PL\" \/>\n<meta property=\"og:type\" content=\"article\" \/>\n<meta property=\"og:title\" content=\"Zarz\u0105dzanie projektem w organizacji - Advisory Box\" \/>\n<meta property=\"og:description\" content=\"W jakiej sytuacji mo\u017cesz potrzebowa\u0107 us\u0142ugi?   Tw\u00f3j Szef Projektu zwolni\u0142 si\u0119, albo wykaza\u0142 si\u0119 brakiem kompetencji.  Masz bardzo istotn\u0105 inwestycj\u0119, kt\u00f3ra nie mo\u017ce si\u0119 nie uda\u0107 - i nikogo dost\u0119pnego w firmie, kto m\u00f3g\u0142by wzi\u0105\u0107 za ni\u0105 odpowiedzialno\u015b\u0107.  Co dostaniesz jako rezultat?   Zapewnienie realizacji istotnego (strategicznego) projektu w organizacji w sytuacji braku wewn\u0119trznych zasob\u00f3w osobowych dla pe\u0142nienia funkcji Kierownika Projektu.  Jak wygl\u0105da realizacja?   Zrealizowanie celu projektu, jako Kierownik Projektu, poprzez zarz\u0105dzanie nim, komunikacj\u0119, raportowanie, rekrutacje zespo\u0142u, delegowanie i odbi\u00f3r zada\u0144, zarz\u0105dzanie ryzykiem w projekcie.  Us\u0142uga dotyczy pe\u0142nienia roli Kierownika Projektu dla wybranego projektu lub portfela projekt\u00f3w w organizacji.  Czas trwania i czasoch\u0142onno\u015b\u0107 zale\u017cna od projektu i organizacji.\" \/>\n<meta property=\"og:url\" content=\"https:\/\/advisory-box.com\/Start\/p\/zarzadzanie-projektem-w-organizacji\/\" \/>\n<meta property=\"og:site_name\" content=\"Advisory Box\" \/>\n<meta property=\"article:modified_time\" content=\"2021-07-09T15:26:16+00:00\" \/>\n<meta property=\"og:image\" content=\"https:\/\/advisory-box.com\/Start\/wp-content\/uploads\/2021\/03\/44.png\" \/>\n\t<meta property=\"og:image:width\" content=\"940\" \/>\n\t<meta property=\"og:image:height\" content=\"788\" \/>\n\t<meta property=\"og:image:type\" content=\"image\/png\" \/>\n<meta name=\"twitter:card\" content=\"summary_large_image\" \/>\n<script type=\"application\/ld+json\" class=\"yoast-schema-graph\">{\"@context\":\"https:\/\/schema.org\",\"@graph\":[{\"@type\":\"Organization\",\"@id\":\"https:\/\/advisory-box.com\/Start\/#organization\",\"name\":\"Advisory Box\",\"url\":\"https:\/\/advisory-box.com\/Start\/\",\"sameAs\":[],\"logo\":{\"@type\":\"ImageObject\",\"@id\":\"https:\/\/advisory-box.com\/Start\/#logo\",\"inLanguage\":\"pl-PL\",\"url\":\"\",\"contentUrl\":\"\",\"caption\":\"Advisory Box\"},\"image\":{\"@id\":\"https:\/\/advisory-box.com\/Start\/#logo\"}},{\"@type\":\"WebSite\",\"@id\":\"https:\/\/advisory-box.com\/Start\/#website\",\"url\":\"https:\/\/advisory-box.com\/Start\/\",\"name\":\"Advisory Box\",\"description\":\"\u0141aczymy przedsi\u0119biorc&oacute;w z najlepszymi ekspertami\",\"publisher\":{\"@id\":\"https:\/\/advisory-box.com\/Start\/#organization\"},\"potentialAction\":[{\"@type\":\"SearchAction\",\"target\":{\"@type\":\"EntryPoint\",\"urlTemplate\":\"https:\/\/advisory-box.com\/Start\/?s={search_term_string}\"},\"query-input\":\"required name=search_term_string\"}],\"inLanguage\":\"pl-PL\"},{\"@type\":\"ImageObject\",\"@id\":\"https:\/\/advisory-box.com\/Start\/en\/p\/zarzadzanie-projektem-w-organizacji\/#primaryimage\",\"inLanguage\":\"pl-PL\",\"url\":\"https:\/\/advisory-box.com\/Start\/wp-content\/uploads\/2021\/03\/44.png\",\"contentUrl\":\"https:\/\/advisory-box.com\/Start\/wp-content\/uploads\/2021\/03\/44.png\",\"width\":940,\"height\":788},{\"@type\":\"WebPage\",\"@id\":\"https:\/\/advisory-box.com\/Start\/en\/p\/zarzadzanie-projektem-w-organizacji\/#webpage\",\"url\":\"https:\/\/advisory-box.com\/Start\/en\/p\/zarzadzanie-projektem-w-organizacji\/\",\"name\":\"Zarz\u0105dzanie projektem w organizacji - Advisory Box\",\"isPartOf\":{\"@id\":\"https:\/\/advisory-box.com\/Start\/#website\"},\"primaryImageOfPage\":{\"@id\":\"https:\/\/advisory-box.com\/Start\/en\/p\/zarzadzanie-projektem-w-organizacji\/#primaryimage\"},\"datePublished\":\"2020-12-20T16:25:21+00:00\",\"dateModified\":\"2021-07-09T15:26:16+00:00\",\"breadcrumb\":{\"@id\":\"https:\/\/advisory-box.com\/Start\/en\/p\/zarzadzanie-projektem-w-organizacji\/#breadcrumb\"},\"inLanguage\":\"pl-PL\",\"potentialAction\":[{\"@type\":\"ReadAction\",\"target\":[\"https:\/\/advisory-box.com\/Start\/en\/p\/zarzadzanie-projektem-w-organizacji\/\"]}]},{\"@type\":\"BreadcrumbList\",\"@id\":\"https:\/\/advisory-box.com\/Start\/en\/p\/zarzadzanie-projektem-w-organizacji\/#breadcrumb\",\"itemListElement\":[{\"@type\":\"ListItem\",\"position\":1,\"name\":\"Strona g\u0142\u00f3wna\",\"item\":\"https:\/\/advisory-box.com\/Start\/\"},{\"@type\":\"ListItem\",\"position\":2,\"name\":\"sklep\",\"item\":\"https:\/\/advisory-box.com\/Start\/sklep\/\"},{\"@type\":\"ListItem\",\"position\":3,\"name\":\"Zarz\u0105dzanie projektem w organizacji\"}]}]}<\/script>\n<!-- \/ Yoast SEO plugin. -->","yoast_head_json":{"title":"Zarz\u0105dzanie projektem w organizacji - Advisory Box","robots":{"index":"index","follow":"follow","max-snippet":"max-snippet:-1","max-image-preview":"max-image-preview:large","max-video-preview":"max-video-preview:-1"},"canonical":"https:\/\/advisory-box.com\/Start\/p\/zarzadzanie-projektem-w-organizacji\/","og_locale":"pl_PL","og_type":"article","og_title":"Zarz\u0105dzanie projektem w organizacji - Advisory Box","og_description":"W jakiej sytuacji mo\u017cesz potrzebowa\u0107 us\u0142ugi?   Tw\u00f3j Szef Projektu zwolni\u0142 si\u0119, albo wykaza\u0142 si\u0119 brakiem kompetencji.  Masz bardzo istotn\u0105 inwestycj\u0119, kt\u00f3ra nie mo\u017ce si\u0119 nie uda\u0107 - i nikogo dost\u0119pnego w firmie, kto m\u00f3g\u0142by wzi\u0105\u0107 za ni\u0105 odpowiedzialno\u015b\u0107.  Co dostaniesz jako rezultat?   Zapewnienie realizacji istotnego (strategicznego) projektu w organizacji w sytuacji braku wewn\u0119trznych zasob\u00f3w osobowych dla pe\u0142nienia funkcji Kierownika Projektu.  Jak wygl\u0105da realizacja?   Zrealizowanie celu projektu, jako Kierownik Projektu, poprzez zarz\u0105dzanie nim, komunikacj\u0119, raportowanie, rekrutacje zespo\u0142u, delegowanie i odbi\u00f3r zada\u0144, zarz\u0105dzanie ryzykiem w projekcie.  Us\u0142uga dotyczy pe\u0142nienia roli Kierownika Projektu dla wybranego projektu lub portfela projekt\u00f3w w organizacji.  Czas trwania i czasoch\u0142onno\u015b\u0107 zale\u017cna od projektu i organizacji.","og_url":"https:\/\/advisory-box.com\/Start\/p\/zarzadzanie-projektem-w-organizacji\/","og_site_name":"Advisory Box","article_modified_time":"2021-07-09T15:26:16+00:00","og_image":[{"width":940,"height":788,"url":"https:\/\/advisory-box.com\/Start\/wp-content\/uploads\/2021\/03\/44.png","type":"image\/png"}],"twitter_card":"summary_large_image","schema":{"@context":"https:\/\/schema.org","@graph":[{"@type":"Organization","@id":"https:\/\/advisory-box.com\/Start\/#organization","name":"Advisory Box","url":"https:\/\/advisory-box.com\/Start\/","sameAs":[],"logo":{"@type":"ImageObject","@id":"https:\/\/advisory-box.com\/Start\/#logo","inLanguage":"pl-PL","url":"","contentUrl":"","caption":"Advisory Box"},"image":{"@id":"https:\/\/advisory-box.com\/Start\/#logo"}},{"@type":"WebSite","@id":"https:\/\/advisory-box.com\/Start\/#website","url":"https:\/\/advisory-box.com\/Start\/","name":"Advisory Box","description":"\u0141aczymy przedsi\u0119biorc&oacute;w z najlepszymi ekspertami","publisher":{"@id":"https:\/\/advisory-box.com\/Start\/#organization"},"potentialAction":[{"@type":"SearchAction","target":{"@type":"EntryPoint","urlTemplate":"https:\/\/advisory-box.com\/Start\/?s={search_term_string}"},"query-input":"required name=search_term_string"}],"inLanguage":"pl-PL"},{"@type":"ImageObject","@id":"https:\/\/advisory-box.com\/Start\/en\/p\/zarzadzanie-projektem-w-organizacji\/#primaryimage","inLanguage":"pl-PL","url":"https:\/\/advisory-box.com\/Start\/wp-content\/uploads\/2021\/03\/44.png","contentUrl":"https:\/\/advisory-box.com\/Start\/wp-content\/uploads\/2021\/03\/44.png","width":940,"height":788},{"@type":"WebPage","@id":"https:\/\/advisory-box.com\/Start\/en\/p\/zarzadzanie-projektem-w-organizacji\/#webpage","url":"https:\/\/advisory-box.com\/Start\/en\/p\/zarzadzanie-projektem-w-organizacji\/","name":"Zarz\u0105dzanie projektem w organizacji - Advisory Box","isPartOf":{"@id":"https:\/\/advisory-box.com\/Start\/#website"},"primaryImageOfPage":{"@id":"https:\/\/advisory-box.com\/Start\/en\/p\/zarzadzanie-projektem-w-organizacji\/#primaryimage"},"datePublished":"2020-12-20T16:25:21+00:00","dateModified":"2021-07-09T15:26:16+00:00","breadcrumb":{"@id":"https:\/\/advisory-box.com\/Start\/en\/p\/zarzadzanie-projektem-w-organizacji\/#breadcrumb"},"inLanguage":"pl-PL","potentialAction":[{"@type":"ReadAction","target":["https:\/\/advisory-box.com\/Start\/en\/p\/zarzadzanie-projektem-w-organizacji\/"]}]},{"@type":"BreadcrumbList","@id":"https:\/\/advisory-box.com\/Start\/en\/p\/zarzadzanie-projektem-w-organizacji\/#breadcrumb","itemListElement":[{"@type":"ListItem","position":1,"name":"Strona g\u0142\u00f3wna","item":"https:\/\/advisory-box.com\/Start\/"},{"@type":"ListItem","position":2,"name":"sklep","item":"https:\/\/advisory-box.com\/Start\/sklep\/"},{"@type":"ListItem","position":3,"name":"Zarz\u0105dzanie projektem w organizacji"}]}]}},"_links":{"self":[{"href":"https:\/\/advisory-box.com\/Start\/wp-json\/wp\/v2\/product\/2305","targetHints":{"allow":["GET"]}}],"collection":[{"href":"https:\/\/advisory-box.com\/Start\/wp-json\/wp\/v2\/product"}],"about":[{"href":"https:\/\/advisory-box.com\/Start\/wp-json\/wp\/v2\/types\/product"}],"version-history":[{"count":1,"href":"https:\/\/advisory-box.com\/Start\/wp-json\/wp\/v2\/product\/2305\/revisions"}],"predecessor-version":[{"id":3199,"href":"https:\/\/advisory-box.com\/Start\/wp-json\/wp\/v2\/product\/2305\/revisions\/3199"}],"wp:featuredmedia":[{"embeddable":true,"href":"https:\/\/advisory-box.com\/Start\/wp-json\/wp\/v2\/media\/3193"}],"wp:attachment":[{"href":"https:\/\/advisory-box.com\/Start\/wp-json\/wp\/v2\/media?parent=2305"}],"wp:term":[{"taxonomy":"product_cat","embeddable":true,"href":"https:\/\/advisory-box.com\/Start\/wp-json\/wp\/v2\/product_cat?post=2305"},{"taxonomy":"product_tag","embeddable":true,"href":"https:\/\/advisory-box.com\/Start\/wp-json\/wp\/v2\/product_tag?post=2305"}],"curies":[{"name":"wp","href":"https:\/\/api.w.org\/{rel}","templated":true}]}}