{"id":2309,"date":"2020-12-20T18:36:58","date_gmt":"2020-12-20T18:36:58","guid":{"rendered":"https:\/\/advisory-box.com\/Start\/?post_type=product&#038;p=2309"},"modified":"2021-07-09T15:22:05","modified_gmt":"2021-07-09T15:22:05","slug":"priorytetyzacja-ryzyka-strategicznego","status":"publish","type":"product","link":"https:\/\/advisory-box.com\/Start\/p\/priorytetyzacja-ryzyka-strategicznego\/","title":{"rendered":"Redukcja ryzyka strategicznego"},"content":{"rendered":"<h2>Identyfikacja zagro\u017ce\u0144 dla dzia\u0142alno\u015bci firmy<\/h2>\n","protected":false},"excerpt":{"rendered":"<h3><span style=\"color: #c10000;\"><strong>W jakiej sytuacji mo\u017cesz potrzebowa\u0107 us\u0142ugi?<\/strong><\/span><\/h3>\n<ul>\n<li><span style=\"font-weight: 400;\">Masz wra\u017cenie, \u017ce jeste\u015b jedyn\u0105 osob\u0105 w firmie, kt\u00f3ra widzi zagro\u017cenia w dowiezieniu wynik\u00f3w ca\u0142o\u015bciowych.<\/span><\/li>\n<li><span style=\"font-weight: 400;\">Nie wiesz, czym i w jakiej kolejno\u015bci masz si\u0119 zaj\u0105\u0107.<\/span><\/li>\n<li><span style=\"font-weight: 400;\">W kolejce po premi\u0119 ustawiaj\u0105 si\u0119 wszyscy, ale pora\u017cka lub dowolny problem ma jednego w\u0142a\u015bciciela &#8211; Ciebie.<\/span><\/li>\n<\/ul>\n<h3><span style=\"color: #c10000;\"><strong>Co dostaniesz jako rezultat?<\/strong><\/span><\/h3>\n<ul>\n<li><span style=\"font-weight: 400;\">Opracowanie i wdro\u017cenie procesu zarz\u0105dzania ryzykiem na poziomie strategicznym, zapewniaj\u0105ce bezpieczne i odpowiedzialne planowanie strategii i jej realizacj\u0119.<\/span><\/li>\n<li><span style=\"font-weight: 400;\">Zmniejszenie nara\u017cenia firmy na zmieniaj\u0105ce si\u0119 warunki rynkowe, prawne i sytuacje wewn\u0119trzne.<\/span><\/li>\n<li><span style=\"font-weight: 400;\">Poprawa skuteczno\u015bci wykorzystania nadarzaj\u0105cych okazji biznesowych.<\/span><\/li>\n<\/ul>\n<h3><span style=\"color: #c10000;\"><strong>Jak wygl\u0105da realizacja?<\/strong><\/span><\/h3>\n<ul>\n<li><span style=\"font-weight: 400;\">Skan sytuacji firmy \u2013 mini analiza (wywiady, wizja lokalna, wgl\u0105d w dokumentacj\u0119 strategii i proces\u00f3w i wyniki).<\/span><\/li>\n<li><span style=\"font-weight: 400;\"> Warsztat z naczelnym kierownictwem \u2013 wprowadzenie poj\u0119cia zarz\u0105dzania ryzykiem, burza m\u00f3zg\u00f3w \u2013 identyfikacja wyst\u0119puj\u0105cych zagro\u017ce\u0144 w dzia\u0142alno\u015bci firmy.<\/span><\/li>\n<li><span style=\"font-weight: 400;\"> Ocena ryzyka \u2013 okre\u015blenie prawdopodobie\u0144stwa i wp\u0142ywu zidentyfikowanych ryzyk na osi\u0105ganie cel\u00f3w organizacji.<\/span><\/li>\n<li><span style=\"font-weight: 400;\"> Ewaluacja macierzy ryzyka, uzgodnienie z Zarz\u0105dem linii tolerancji na ryzyko, przypisanie odpowiedzialno\u015bci do W\u0142a\u015bcicieli Ryzyk.<\/span><\/li>\n<\/ul>\n","protected":false},"featured_media":3189,"template":"","meta":[],"product_cat":[32],"product_tag":[39,57,79,78,29,68],"class_list":["post-2309","product","type-product","status-publish","has-post-thumbnail","hentry","product_cat-operacje-czyli-jak-dzialacie","product_tag-operacje","product_tag-procesy","product_tag-produkcja","product_tag-ryzyko","product_tag-strategia","product_tag-zarzadzanie","pa_czas-realizacji-4-6-tygodni","pa_inwestycja-10-000-zl-14-000-zl"],"yoast_head":"<!-- This site is optimized with the Yoast SEO plugin v18.4.1 - https:\/\/yoast.com\/wordpress\/plugins\/seo\/ -->\n<title>Redukcja ryzyka strategicznego - Advisory Box<\/title>\n<meta name=\"robots\" content=\"index, follow, max-snippet:-1, max-image-preview:large, max-video-preview:-1\" \/>\n<link rel=\"canonical\" href=\"https:\/\/advisory-box.com\/Start\/p\/priorytetyzacja-ryzyka-strategicznego\/\" \/>\n<meta property=\"og:locale\" content=\"pl_PL\" \/>\n<meta property=\"og:type\" content=\"article\" \/>\n<meta property=\"og:title\" content=\"Redukcja ryzyka strategicznego - Advisory Box\" \/>\n<meta property=\"og:description\" content=\"W jakiej sytuacji mo\u017cesz potrzebowa\u0107 us\u0142ugi?   Masz wra\u017cenie, \u017ce jeste\u015b jedyn\u0105 osob\u0105 w firmie, kt\u00f3ra widzi zagro\u017cenia w dowiezieniu wynik\u00f3w ca\u0142o\u015bciowych.  Nie wiesz, czym i w jakiej kolejno\u015bci masz si\u0119 zaj\u0105\u0107.  W kolejce po premi\u0119 ustawiaj\u0105 si\u0119 wszyscy, ale pora\u017cka lub dowolny problem ma jednego w\u0142a\u015bciciela - Ciebie.  Co dostaniesz jako rezultat?   Opracowanie i wdro\u017cenie procesu zarz\u0105dzania ryzykiem na poziomie strategicznym, zapewniaj\u0105ce bezpieczne i odpowiedzialne planowanie strategii i jej realizacj\u0119.  Zmniejszenie nara\u017cenia firmy na zmieniaj\u0105ce si\u0119 warunki rynkowe, prawne i sytuacje wewn\u0119trzne.  Poprawa skuteczno\u015bci wykorzystania nadarzaj\u0105cych okazji biznesowych.  Jak wygl\u0105da realizacja?   Skan sytuacji firmy \u2013 mini analiza (wywiady, wizja lokalna, wgl\u0105d w dokumentacj\u0119 strategii i proces\u00f3w i wyniki).   Warsztat z naczelnym kierownictwem \u2013 wprowadzenie poj\u0119cia zarz\u0105dzania ryzykiem, burza m\u00f3zg\u00f3w \u2013 identyfikacja wyst\u0119puj\u0105cych zagro\u017ce\u0144 w dzia\u0142alno\u015bci firmy.   Ocena ryzyka \u2013 okre\u015blenie prawdopodobie\u0144stwa i wp\u0142ywu zidentyfikowanych ryzyk na osi\u0105ganie cel\u00f3w organizacji.   Ewaluacja macierzy ryzyka, uzgodnienie z Zarz\u0105dem linii tolerancji na ryzyko, przypisanie odpowiedzialno\u015bci do W\u0142a\u015bcicieli Ryzyk.\" \/>\n<meta property=\"og:url\" content=\"https:\/\/advisory-box.com\/Start\/p\/priorytetyzacja-ryzyka-strategicznego\/\" \/>\n<meta property=\"og:site_name\" content=\"Advisory Box\" \/>\n<meta property=\"article:modified_time\" content=\"2021-07-09T15:22:05+00:00\" \/>\n<meta property=\"og:image\" content=\"https:\/\/advisory-box.com\/Start\/wp-content\/uploads\/2021\/03\/40.png\" \/>\n\t<meta property=\"og:image:width\" content=\"940\" \/>\n\t<meta property=\"og:image:height\" content=\"788\" \/>\n\t<meta property=\"og:image:type\" content=\"image\/png\" \/>\n<meta name=\"twitter:card\" content=\"summary_large_image\" \/>\n<meta name=\"twitter:label1\" content=\"Szacowany czas czytania\" \/>\n\t<meta name=\"twitter:data1\" content=\"1 minuta\" \/>\n<script type=\"application\/ld+json\" class=\"yoast-schema-graph\">{\"@context\":\"https:\/\/schema.org\",\"@graph\":[{\"@type\":\"Organization\",\"@id\":\"https:\/\/advisory-box.com\/Start\/#organization\",\"name\":\"Advisory Box\",\"url\":\"https:\/\/advisory-box.com\/Start\/\",\"sameAs\":[],\"logo\":{\"@type\":\"ImageObject\",\"@id\":\"https:\/\/advisory-box.com\/Start\/#logo\",\"inLanguage\":\"pl-PL\",\"url\":\"\",\"contentUrl\":\"\",\"caption\":\"Advisory Box\"},\"image\":{\"@id\":\"https:\/\/advisory-box.com\/Start\/#logo\"}},{\"@type\":\"WebSite\",\"@id\":\"https:\/\/advisory-box.com\/Start\/#website\",\"url\":\"https:\/\/advisory-box.com\/Start\/\",\"name\":\"Advisory Box\",\"description\":\"\u0141aczymy przedsi\u0119biorc&oacute;w z najlepszymi ekspertami\",\"publisher\":{\"@id\":\"https:\/\/advisory-box.com\/Start\/#organization\"},\"potentialAction\":[{\"@type\":\"SearchAction\",\"target\":{\"@type\":\"EntryPoint\",\"urlTemplate\":\"https:\/\/advisory-box.com\/Start\/?s={search_term_string}\"},\"query-input\":\"required name=search_term_string\"}],\"inLanguage\":\"pl-PL\"},{\"@type\":\"ImageObject\",\"@id\":\"https:\/\/advisory-box.com\/Start\/en\/p\/priorytetyzacja-ryzyka-strategicznego\/#primaryimage\",\"inLanguage\":\"pl-PL\",\"url\":\"https:\/\/advisory-box.com\/Start\/wp-content\/uploads\/2021\/03\/40.png\",\"contentUrl\":\"https:\/\/advisory-box.com\/Start\/wp-content\/uploads\/2021\/03\/40.png\",\"width\":940,\"height\":788},{\"@type\":\"WebPage\",\"@id\":\"https:\/\/advisory-box.com\/Start\/en\/p\/priorytetyzacja-ryzyka-strategicznego\/#webpage\",\"url\":\"https:\/\/advisory-box.com\/Start\/en\/p\/priorytetyzacja-ryzyka-strategicznego\/\",\"name\":\"Redukcja ryzyka strategicznego - Advisory Box\",\"isPartOf\":{\"@id\":\"https:\/\/advisory-box.com\/Start\/#website\"},\"primaryImageOfPage\":{\"@id\":\"https:\/\/advisory-box.com\/Start\/en\/p\/priorytetyzacja-ryzyka-strategicznego\/#primaryimage\"},\"datePublished\":\"2020-12-20T18:36:58+00:00\",\"dateModified\":\"2021-07-09T15:22:05+00:00\",\"breadcrumb\":{\"@id\":\"https:\/\/advisory-box.com\/Start\/en\/p\/priorytetyzacja-ryzyka-strategicznego\/#breadcrumb\"},\"inLanguage\":\"pl-PL\",\"potentialAction\":[{\"@type\":\"ReadAction\",\"target\":[\"https:\/\/advisory-box.com\/Start\/en\/p\/priorytetyzacja-ryzyka-strategicznego\/\"]}]},{\"@type\":\"BreadcrumbList\",\"@id\":\"https:\/\/advisory-box.com\/Start\/en\/p\/priorytetyzacja-ryzyka-strategicznego\/#breadcrumb\",\"itemListElement\":[{\"@type\":\"ListItem\",\"position\":1,\"name\":\"Strona g\u0142\u00f3wna\",\"item\":\"https:\/\/advisory-box.com\/Start\/\"},{\"@type\":\"ListItem\",\"position\":2,\"name\":\"sklep\",\"item\":\"https:\/\/advisory-box.com\/Start\/sklep\/\"},{\"@type\":\"ListItem\",\"position\":3,\"name\":\"Redukcja ryzyka strategicznego\"}]}]}<\/script>\n<!-- \/ Yoast SEO plugin. -->","yoast_head_json":{"title":"Redukcja ryzyka strategicznego - Advisory Box","robots":{"index":"index","follow":"follow","max-snippet":"max-snippet:-1","max-image-preview":"max-image-preview:large","max-video-preview":"max-video-preview:-1"},"canonical":"https:\/\/advisory-box.com\/Start\/p\/priorytetyzacja-ryzyka-strategicznego\/","og_locale":"pl_PL","og_type":"article","og_title":"Redukcja ryzyka strategicznego - Advisory Box","og_description":"W jakiej sytuacji mo\u017cesz potrzebowa\u0107 us\u0142ugi?   Masz wra\u017cenie, \u017ce jeste\u015b jedyn\u0105 osob\u0105 w firmie, kt\u00f3ra widzi zagro\u017cenia w dowiezieniu wynik\u00f3w ca\u0142o\u015bciowych.  Nie wiesz, czym i w jakiej kolejno\u015bci masz si\u0119 zaj\u0105\u0107.  W kolejce po premi\u0119 ustawiaj\u0105 si\u0119 wszyscy, ale pora\u017cka lub dowolny problem ma jednego w\u0142a\u015bciciela - Ciebie.  Co dostaniesz jako rezultat?   Opracowanie i wdro\u017cenie procesu zarz\u0105dzania ryzykiem na poziomie strategicznym, zapewniaj\u0105ce bezpieczne i odpowiedzialne planowanie strategii i jej realizacj\u0119.  Zmniejszenie nara\u017cenia firmy na zmieniaj\u0105ce si\u0119 warunki rynkowe, prawne i sytuacje wewn\u0119trzne.  Poprawa skuteczno\u015bci wykorzystania nadarzaj\u0105cych okazji biznesowych.  Jak wygl\u0105da realizacja?   Skan sytuacji firmy \u2013 mini analiza (wywiady, wizja lokalna, wgl\u0105d w dokumentacj\u0119 strategii i proces\u00f3w i wyniki).   Warsztat z naczelnym kierownictwem \u2013 wprowadzenie poj\u0119cia zarz\u0105dzania ryzykiem, burza m\u00f3zg\u00f3w \u2013 identyfikacja wyst\u0119puj\u0105cych zagro\u017ce\u0144 w dzia\u0142alno\u015bci firmy.   Ocena ryzyka \u2013 okre\u015blenie prawdopodobie\u0144stwa i wp\u0142ywu zidentyfikowanych ryzyk na osi\u0105ganie cel\u00f3w organizacji.   Ewaluacja macierzy ryzyka, uzgodnienie z Zarz\u0105dem linii tolerancji na ryzyko, przypisanie odpowiedzialno\u015bci do W\u0142a\u015bcicieli Ryzyk.","og_url":"https:\/\/advisory-box.com\/Start\/p\/priorytetyzacja-ryzyka-strategicznego\/","og_site_name":"Advisory Box","article_modified_time":"2021-07-09T15:22:05+00:00","og_image":[{"width":940,"height":788,"url":"https:\/\/advisory-box.com\/Start\/wp-content\/uploads\/2021\/03\/40.png","type":"image\/png"}],"twitter_card":"summary_large_image","twitter_misc":{"Szacowany czas czytania":"1 minuta"},"schema":{"@context":"https:\/\/schema.org","@graph":[{"@type":"Organization","@id":"https:\/\/advisory-box.com\/Start\/#organization","name":"Advisory Box","url":"https:\/\/advisory-box.com\/Start\/","sameAs":[],"logo":{"@type":"ImageObject","@id":"https:\/\/advisory-box.com\/Start\/#logo","inLanguage":"pl-PL","url":"","contentUrl":"","caption":"Advisory Box"},"image":{"@id":"https:\/\/advisory-box.com\/Start\/#logo"}},{"@type":"WebSite","@id":"https:\/\/advisory-box.com\/Start\/#website","url":"https:\/\/advisory-box.com\/Start\/","name":"Advisory Box","description":"\u0141aczymy przedsi\u0119biorc&oacute;w z najlepszymi ekspertami","publisher":{"@id":"https:\/\/advisory-box.com\/Start\/#organization"},"potentialAction":[{"@type":"SearchAction","target":{"@type":"EntryPoint","urlTemplate":"https:\/\/advisory-box.com\/Start\/?s={search_term_string}"},"query-input":"required name=search_term_string"}],"inLanguage":"pl-PL"},{"@type":"ImageObject","@id":"https:\/\/advisory-box.com\/Start\/en\/p\/priorytetyzacja-ryzyka-strategicznego\/#primaryimage","inLanguage":"pl-PL","url":"https:\/\/advisory-box.com\/Start\/wp-content\/uploads\/2021\/03\/40.png","contentUrl":"https:\/\/advisory-box.com\/Start\/wp-content\/uploads\/2021\/03\/40.png","width":940,"height":788},{"@type":"WebPage","@id":"https:\/\/advisory-box.com\/Start\/en\/p\/priorytetyzacja-ryzyka-strategicznego\/#webpage","url":"https:\/\/advisory-box.com\/Start\/en\/p\/priorytetyzacja-ryzyka-strategicznego\/","name":"Redukcja ryzyka strategicznego - Advisory Box","isPartOf":{"@id":"https:\/\/advisory-box.com\/Start\/#website"},"primaryImageOfPage":{"@id":"https:\/\/advisory-box.com\/Start\/en\/p\/priorytetyzacja-ryzyka-strategicznego\/#primaryimage"},"datePublished":"2020-12-20T18:36:58+00:00","dateModified":"2021-07-09T15:22:05+00:00","breadcrumb":{"@id":"https:\/\/advisory-box.com\/Start\/en\/p\/priorytetyzacja-ryzyka-strategicznego\/#breadcrumb"},"inLanguage":"pl-PL","potentialAction":[{"@type":"ReadAction","target":["https:\/\/advisory-box.com\/Start\/en\/p\/priorytetyzacja-ryzyka-strategicznego\/"]}]},{"@type":"BreadcrumbList","@id":"https:\/\/advisory-box.com\/Start\/en\/p\/priorytetyzacja-ryzyka-strategicznego\/#breadcrumb","itemListElement":[{"@type":"ListItem","position":1,"name":"Strona g\u0142\u00f3wna","item":"https:\/\/advisory-box.com\/Start\/"},{"@type":"ListItem","position":2,"name":"sklep","item":"https:\/\/advisory-box.com\/Start\/sklep\/"},{"@type":"ListItem","position":3,"name":"Redukcja ryzyka strategicznego"}]}]}},"_links":{"self":[{"href":"https:\/\/advisory-box.com\/Start\/wp-json\/wp\/v2\/product\/2309","targetHints":{"allow":["GET"]}}],"collection":[{"href":"https:\/\/advisory-box.com\/Start\/wp-json\/wp\/v2\/product"}],"about":[{"href":"https:\/\/advisory-box.com\/Start\/wp-json\/wp\/v2\/types\/product"}],"version-history":[{"count":3,"href":"https:\/\/advisory-box.com\/Start\/wp-json\/wp\/v2\/product\/2309\/revisions"}],"predecessor-version":[{"id":3177,"href":"https:\/\/advisory-box.com\/Start\/wp-json\/wp\/v2\/product\/2309\/revisions\/3177"}],"wp:featuredmedia":[{"embeddable":true,"href":"https:\/\/advisory-box.com\/Start\/wp-json\/wp\/v2\/media\/3189"}],"wp:attachment":[{"href":"https:\/\/advisory-box.com\/Start\/wp-json\/wp\/v2\/media?parent=2309"}],"wp:term":[{"taxonomy":"product_cat","embeddable":true,"href":"https:\/\/advisory-box.com\/Start\/wp-json\/wp\/v2\/product_cat?post=2309"},{"taxonomy":"product_tag","embeddable":true,"href":"https:\/\/advisory-box.com\/Start\/wp-json\/wp\/v2\/product_tag?post=2309"}],"curies":[{"name":"wp","href":"https:\/\/api.w.org\/{rel}","templated":true}]}}