{"id":2310,"date":"2020-12-20T19:06:29","date_gmt":"2020-12-20T19:06:29","guid":{"rendered":"https:\/\/advisory-box.com\/Start\/?post_type=product&#038;p=2310"},"modified":"2021-07-06T15:41:00","modified_gmt":"2021-07-06T15:41:00","slug":"komunikacja-prowadzaca-do-wzrostu-efektywnosci-w-biznesie-komunikacja-prowadzaca-do-rozwoju-biznesu","status":"publish","type":"product","link":"https:\/\/advisory-box.com\/Start\/p\/komunikacja-prowadzaca-do-wzrostu-efektywnosci-w-biznesie-komunikacja-prowadzaca-do-rozwoju-biznesu\/","title":{"rendered":"Efektywna komunikacja w zespole"},"content":{"rendered":"<p style=\"text-align: left;\">diagnoza i rekomendacje<\/p>\n","protected":false},"excerpt":{"rendered":"<h3><span style=\"color: #c10000;\"><strong>W jakiej sytuacji mo\u017cesz potrzebowa\u0107 us\u0142ugi?<\/strong><\/span><\/h3>\n<ul>\n<li>Chcesz podnie\u015b\u0107 efektywno\u015b\u0107 wsp\u00f3\u0142pracy ludzi w firmie.<\/li>\n<li>Chcesz pobudzi\u0107 \/ zwi\u0119kszy\u0107 zaanga\u017cowanie wsp\u00f3\u0142pracownik\u00f3w i klient\u00f3w.<\/li>\n<li>Czujesz, \u017ce konieczne s\u0105 zmiany w strukturach personalnych firmy.<\/li>\n<li>Chcesz powstrzyma\u0107 \/ zminimalizowa\u0107 rotacj\u0119 pracownik\u00f3w.<\/li>\n<li>Chcesz bardziej \u015bwiadomie zarz\u0105dza\u0107 swoim zespo\u0142em, relacjami z klientami, komunikowa\u0107 si\u0119 z nimi skutecznie, a nie iluzorycznie.<\/li>\n<\/ul>\n<h3><span style=\"color: #c10000;\"><strong>Co dostaniesz jako rezultat?<\/strong><\/span><\/h3>\n<ul>\n<li>Analiz\u0119 regularnych kontakt\u00f3w wewn\u0105trz zespo\u0142u \u2013 odpowied\u017a dlaczego ko\u0144cz\u0105 si\u0119 sukcesem b\u0105d\u017a pora\u017ck\u0105, rekomendacje dobrych praktyk i wskaz\u00f3wki jak unika\u0107 kosztownych niepowodze\u0144.<\/li>\n<li>Tw\u00f3j zesp\u00f3\u0142 wypracuje uwa\u017cno\u015b\u0107 na trzy kluczowe potrzeby klienta \/ wsp\u00f3\u0142pracownik\u00f3w, nauczy si\u0119 stosowa\u0107 modele ich zaspokajania, w celu podniesienia jako\u015bci wsp\u00f3\u0142pracy.<\/li>\n<li>Twoi ludzie b\u0119d\u0105 umieli rozpoznawa\u0107 &#8222;drzwi wej\u015bciowe&#8221; do \u015bwiata klienta, co znacznie u\u0142atwi budowanie relacji opartej na zaufaniu.<\/li>\n<li>Dowiesz si\u0119 jak rozpoznawa\u0107 gry psychologiczne, w kt\u00f3rych stale bierzemy udzia\u0142, jak przewidywa\u0107 kolejny krok rozm\u00f3wcy \/ klienta, i jak przerwa\u0107 gr\u0119, kt\u00f3ra nie wr\u00f3\u017cy oczekiwanych efekt\u00f3w, generuje zb\u0119dne koszty psychiczne, czasowe i finansowe (w konkretnych sytuacjach w firmie).<\/li>\n<\/ul>\n<h3><span style=\"color: #c10000;\"><strong>Jak wygl\u0105da realizacja?<\/strong><\/span><\/h3>\n<ul>\n<li>Diagnoza aktualnej sytuacji oparta na wywiadach z osobami bior\u0105cymi udzia\u0142 w projekcie.<\/li>\n<li>Warsztat po\u0142\u0105czony z elementami wyk\u0142adowymi (jak \u015bwiadomie wsp\u00f3\u0142tworzy\u0107 rozmow\u0119, nie da\u0107 si\u0119 wci\u0105gn\u0105\u0107 w manipulacje).<\/li>\n<li>Praca operacyjna \u2013 analiza aktualnych, rzeczywistych wyzwa\u0144 w zakresie komunikacji z klientem i wsp\u00f3\u0142pracownikami.<\/li>\n<li>Podsumowanie pracy \u2013 wnioski i rekomendacje.<\/li>\n<li>Praca w zespole maksymalnie 12 osobowym.<\/li>\n<\/ul>\n","protected":false},"featured_media":3152,"template":"","meta":[],"product_cat":[33],"product_tag":[83,44,82,81],"class_list":["post-2310","product","type-product","status-publish","has-post-thumbnail","hentry","product_cat-hr-kadry-czyli-twoi-ludzie","product_tag-klient","product_tag-komunikacja","product_tag-wspolpraca","product_tag-zespol","pa_czas-realizacji-3-4-tygodni","pa_inwestycja-10-000-zl-14-000-zl"],"yoast_head":"<!-- This site is optimized with the Yoast SEO plugin v18.4.1 - https:\/\/yoast.com\/wordpress\/plugins\/seo\/ -->\n<title>Efektywna komunikacja w zespole - Advisory Box<\/title>\n<meta name=\"robots\" content=\"index, follow, max-snippet:-1, max-image-preview:large, max-video-preview:-1\" \/>\n<link rel=\"canonical\" href=\"https:\/\/advisory-box.com\/Start\/p\/komunikacja-prowadzaca-do-wzrostu-efektywnosci-w-biznesie-komunikacja-prowadzaca-do-rozwoju-biznesu\/\" \/>\n<meta property=\"og:locale\" content=\"pl_PL\" \/>\n<meta property=\"og:type\" content=\"article\" \/>\n<meta property=\"og:title\" content=\"Efektywna komunikacja w zespole - Advisory Box\" \/>\n<meta property=\"og:description\" content=\"W jakiej sytuacji mo\u017cesz potrzebowa\u0107 us\u0142ugi?   Chcesz podnie\u015b\u0107 efektywno\u015b\u0107 wsp\u00f3\u0142pracy ludzi w firmie.  Chcesz pobudzi\u0107 \/ zwi\u0119kszy\u0107 zaanga\u017cowanie wsp\u00f3\u0142pracownik\u00f3w i klient\u00f3w.  Czujesz, \u017ce konieczne s\u0105 zmiany w strukturach personalnych firmy.  Chcesz powstrzyma\u0107 \/ zminimalizowa\u0107 rotacj\u0119 pracownik\u00f3w.  Chcesz bardziej \u015bwiadomie zarz\u0105dza\u0107 swoim zespo\u0142em, relacjami z klientami, komunikowa\u0107 si\u0119 z nimi skutecznie, a nie iluzorycznie.  Co dostaniesz jako rezultat?   Analiz\u0119 regularnych kontakt\u00f3w wewn\u0105trz zespo\u0142u \u2013 odpowied\u017a dlaczego ko\u0144cz\u0105 si\u0119 sukcesem b\u0105d\u017a pora\u017ck\u0105, rekomendacje dobrych praktyk i wskaz\u00f3wki jak unika\u0107 kosztownych niepowodze\u0144.  Tw\u00f3j zesp\u00f3\u0142 wypracuje uwa\u017cno\u015b\u0107 na trzy kluczowe potrzeby klienta \/ wsp\u00f3\u0142pracownik\u00f3w, nauczy si\u0119 stosowa\u0107 modele ich zaspokajania, w celu podniesienia jako\u015bci wsp\u00f3\u0142pracy.  Twoi ludzie b\u0119d\u0105 umieli rozpoznawa\u0107 &quot;drzwi wej\u015bciowe&quot; do \u015bwiata klienta, co znacznie u\u0142atwi budowanie relacji opartej na zaufaniu.  Dowiesz si\u0119 jak rozpoznawa\u0107 gry psychologiczne, w kt\u00f3rych stale bierzemy udzia\u0142, jak przewidywa\u0107 kolejny krok rozm\u00f3wcy \/ klienta, i jak przerwa\u0107 gr\u0119, kt\u00f3ra nie wr\u00f3\u017cy oczekiwanych efekt\u00f3w, generuje zb\u0119dne koszty psychiczne, czasowe i finansowe (w konkretnych sytuacjach w firmie).  Jak wygl\u0105da realizacja?   Diagnoza aktualnej sytuacji oparta na wywiadach z osobami bior\u0105cymi udzia\u0142 w projekcie.  Warsztat po\u0142\u0105czony z elementami wyk\u0142adowymi (jak \u015bwiadomie wsp\u00f3\u0142tworzy\u0107 rozmow\u0119, nie da\u0107 si\u0119 wci\u0105gn\u0105\u0107 w manipulacje).  Praca operacyjna \u2013 analiza aktualnych, rzeczywistych wyzwa\u0144 w zakresie komunikacji z klientem i wsp\u00f3\u0142pracownikami.  Podsumowanie pracy \u2013 wnioski i rekomendacje.  Praca w zespole maksymalnie 12 osobowym.\" \/>\n<meta property=\"og:url\" content=\"https:\/\/advisory-box.com\/Start\/p\/komunikacja-prowadzaca-do-wzrostu-efektywnosci-w-biznesie-komunikacja-prowadzaca-do-rozwoju-biznesu\/\" \/>\n<meta property=\"og:site_name\" content=\"Advisory Box\" \/>\n<meta property=\"article:modified_time\" content=\"2021-07-06T15:41:00+00:00\" \/>\n<meta property=\"og:image\" content=\"https:\/\/advisory-box.com\/Start\/wp-content\/uploads\/2021\/03\/30.png\" \/>\n\t<meta property=\"og:image:width\" content=\"940\" \/>\n\t<meta property=\"og:image:height\" content=\"788\" \/>\n\t<meta property=\"og:image:type\" content=\"image\/png\" \/>\n<meta name=\"twitter:card\" content=\"summary_large_image\" \/>\n<meta name=\"twitter:label1\" content=\"Szacowany czas czytania\" \/>\n\t<meta name=\"twitter:data1\" content=\"1 minuta\" \/>\n<script type=\"application\/ld+json\" class=\"yoast-schema-graph\">{\"@context\":\"https:\/\/schema.org\",\"@graph\":[{\"@type\":\"Organization\",\"@id\":\"https:\/\/advisory-box.com\/Start\/#organization\",\"name\":\"Advisory Box\",\"url\":\"https:\/\/advisory-box.com\/Start\/\",\"sameAs\":[],\"logo\":{\"@type\":\"ImageObject\",\"@id\":\"https:\/\/advisory-box.com\/Start\/#logo\",\"inLanguage\":\"pl-PL\",\"url\":\"\",\"contentUrl\":\"\",\"caption\":\"Advisory Box\"},\"image\":{\"@id\":\"https:\/\/advisory-box.com\/Start\/#logo\"}},{\"@type\":\"WebSite\",\"@id\":\"https:\/\/advisory-box.com\/Start\/#website\",\"url\":\"https:\/\/advisory-box.com\/Start\/\",\"name\":\"Advisory Box\",\"description\":\"\u0141aczymy przedsi\u0119biorc&oacute;w z najlepszymi ekspertami\",\"publisher\":{\"@id\":\"https:\/\/advisory-box.com\/Start\/#organization\"},\"potentialAction\":[{\"@type\":\"SearchAction\",\"target\":{\"@type\":\"EntryPoint\",\"urlTemplate\":\"https:\/\/advisory-box.com\/Start\/?s={search_term_string}\"},\"query-input\":\"required name=search_term_string\"}],\"inLanguage\":\"pl-PL\"},{\"@type\":\"ImageObject\",\"@id\":\"https:\/\/advisory-box.com\/Start\/en\/p\/komunikacja-prowadzaca-do-wzrostu-efektywnosci-w-biznesie-komunikacja-prowadzaca-do-rozwoju-biznesu\/#primaryimage\",\"inLanguage\":\"pl-PL\",\"url\":\"https:\/\/advisory-box.com\/Start\/wp-content\/uploads\/2021\/03\/30.png\",\"contentUrl\":\"https:\/\/advisory-box.com\/Start\/wp-content\/uploads\/2021\/03\/30.png\",\"width\":940,\"height\":788},{\"@type\":\"WebPage\",\"@id\":\"https:\/\/advisory-box.com\/Start\/en\/p\/komunikacja-prowadzaca-do-wzrostu-efektywnosci-w-biznesie-komunikacja-prowadzaca-do-rozwoju-biznesu\/#webpage\",\"url\":\"https:\/\/advisory-box.com\/Start\/en\/p\/komunikacja-prowadzaca-do-wzrostu-efektywnosci-w-biznesie-komunikacja-prowadzaca-do-rozwoju-biznesu\/\",\"name\":\"Efektywna komunikacja w zespole - Advisory Box\",\"isPartOf\":{\"@id\":\"https:\/\/advisory-box.com\/Start\/#website\"},\"primaryImageOfPage\":{\"@id\":\"https:\/\/advisory-box.com\/Start\/en\/p\/komunikacja-prowadzaca-do-wzrostu-efektywnosci-w-biznesie-komunikacja-prowadzaca-do-rozwoju-biznesu\/#primaryimage\"},\"datePublished\":\"2020-12-20T19:06:29+00:00\",\"dateModified\":\"2021-07-06T15:41:00+00:00\",\"breadcrumb\":{\"@id\":\"https:\/\/advisory-box.com\/Start\/en\/p\/komunikacja-prowadzaca-do-wzrostu-efektywnosci-w-biznesie-komunikacja-prowadzaca-do-rozwoju-biznesu\/#breadcrumb\"},\"inLanguage\":\"pl-PL\",\"potentialAction\":[{\"@type\":\"ReadAction\",\"target\":[\"https:\/\/advisory-box.com\/Start\/en\/p\/komunikacja-prowadzaca-do-wzrostu-efektywnosci-w-biznesie-komunikacja-prowadzaca-do-rozwoju-biznesu\/\"]}]},{\"@type\":\"BreadcrumbList\",\"@id\":\"https:\/\/advisory-box.com\/Start\/en\/p\/komunikacja-prowadzaca-do-wzrostu-efektywnosci-w-biznesie-komunikacja-prowadzaca-do-rozwoju-biznesu\/#breadcrumb\",\"itemListElement\":[{\"@type\":\"ListItem\",\"position\":1,\"name\":\"Strona g\u0142\u00f3wna\",\"item\":\"https:\/\/advisory-box.com\/Start\/\"},{\"@type\":\"ListItem\",\"position\":2,\"name\":\"sklep\",\"item\":\"https:\/\/advisory-box.com\/Start\/sklep\/\"},{\"@type\":\"ListItem\",\"position\":3,\"name\":\"Efektywna komunikacja w zespole\"}]}]}<\/script>\n<!-- \/ Yoast SEO plugin. -->","yoast_head_json":{"title":"Efektywna komunikacja w zespole - Advisory Box","robots":{"index":"index","follow":"follow","max-snippet":"max-snippet:-1","max-image-preview":"max-image-preview:large","max-video-preview":"max-video-preview:-1"},"canonical":"https:\/\/advisory-box.com\/Start\/p\/komunikacja-prowadzaca-do-wzrostu-efektywnosci-w-biznesie-komunikacja-prowadzaca-do-rozwoju-biznesu\/","og_locale":"pl_PL","og_type":"article","og_title":"Efektywna komunikacja w zespole - Advisory Box","og_description":"W jakiej sytuacji mo\u017cesz potrzebowa\u0107 us\u0142ugi?   Chcesz podnie\u015b\u0107 efektywno\u015b\u0107 wsp\u00f3\u0142pracy ludzi w firmie.  Chcesz pobudzi\u0107 \/ zwi\u0119kszy\u0107 zaanga\u017cowanie wsp\u00f3\u0142pracownik\u00f3w i klient\u00f3w.  Czujesz, \u017ce konieczne s\u0105 zmiany w strukturach personalnych firmy.  Chcesz powstrzyma\u0107 \/ zminimalizowa\u0107 rotacj\u0119 pracownik\u00f3w.  Chcesz bardziej \u015bwiadomie zarz\u0105dza\u0107 swoim zespo\u0142em, relacjami z klientami, komunikowa\u0107 si\u0119 z nimi skutecznie, a nie iluzorycznie.  Co dostaniesz jako rezultat?   Analiz\u0119 regularnych kontakt\u00f3w wewn\u0105trz zespo\u0142u \u2013 odpowied\u017a dlaczego ko\u0144cz\u0105 si\u0119 sukcesem b\u0105d\u017a pora\u017ck\u0105, rekomendacje dobrych praktyk i wskaz\u00f3wki jak unika\u0107 kosztownych niepowodze\u0144.  Tw\u00f3j zesp\u00f3\u0142 wypracuje uwa\u017cno\u015b\u0107 na trzy kluczowe potrzeby klienta \/ wsp\u00f3\u0142pracownik\u00f3w, nauczy si\u0119 stosowa\u0107 modele ich zaspokajania, w celu podniesienia jako\u015bci wsp\u00f3\u0142pracy.  Twoi ludzie b\u0119d\u0105 umieli rozpoznawa\u0107 \"drzwi wej\u015bciowe\" do \u015bwiata klienta, co znacznie u\u0142atwi budowanie relacji opartej na zaufaniu.  Dowiesz si\u0119 jak rozpoznawa\u0107 gry psychologiczne, w kt\u00f3rych stale bierzemy udzia\u0142, jak przewidywa\u0107 kolejny krok rozm\u00f3wcy \/ klienta, i jak przerwa\u0107 gr\u0119, kt\u00f3ra nie wr\u00f3\u017cy oczekiwanych efekt\u00f3w, generuje zb\u0119dne koszty psychiczne, czasowe i finansowe (w konkretnych sytuacjach w firmie).  Jak wygl\u0105da realizacja?   Diagnoza aktualnej sytuacji oparta na wywiadach z osobami bior\u0105cymi udzia\u0142 w projekcie.  Warsztat po\u0142\u0105czony z elementami wyk\u0142adowymi (jak \u015bwiadomie wsp\u00f3\u0142tworzy\u0107 rozmow\u0119, nie da\u0107 si\u0119 wci\u0105gn\u0105\u0107 w manipulacje).  Praca operacyjna \u2013 analiza aktualnych, rzeczywistych wyzwa\u0144 w zakresie komunikacji z klientem i wsp\u00f3\u0142pracownikami.  Podsumowanie pracy \u2013 wnioski i rekomendacje.  Praca w zespole maksymalnie 12 osobowym.","og_url":"https:\/\/advisory-box.com\/Start\/p\/komunikacja-prowadzaca-do-wzrostu-efektywnosci-w-biznesie-komunikacja-prowadzaca-do-rozwoju-biznesu\/","og_site_name":"Advisory Box","article_modified_time":"2021-07-06T15:41:00+00:00","og_image":[{"width":940,"height":788,"url":"https:\/\/advisory-box.com\/Start\/wp-content\/uploads\/2021\/03\/30.png","type":"image\/png"}],"twitter_card":"summary_large_image","twitter_misc":{"Szacowany czas czytania":"1 minuta"},"schema":{"@context":"https:\/\/schema.org","@graph":[{"@type":"Organization","@id":"https:\/\/advisory-box.com\/Start\/#organization","name":"Advisory Box","url":"https:\/\/advisory-box.com\/Start\/","sameAs":[],"logo":{"@type":"ImageObject","@id":"https:\/\/advisory-box.com\/Start\/#logo","inLanguage":"pl-PL","url":"","contentUrl":"","caption":"Advisory Box"},"image":{"@id":"https:\/\/advisory-box.com\/Start\/#logo"}},{"@type":"WebSite","@id":"https:\/\/advisory-box.com\/Start\/#website","url":"https:\/\/advisory-box.com\/Start\/","name":"Advisory Box","description":"\u0141aczymy przedsi\u0119biorc&oacute;w z najlepszymi ekspertami","publisher":{"@id":"https:\/\/advisory-box.com\/Start\/#organization"},"potentialAction":[{"@type":"SearchAction","target":{"@type":"EntryPoint","urlTemplate":"https:\/\/advisory-box.com\/Start\/?s={search_term_string}"},"query-input":"required name=search_term_string"}],"inLanguage":"pl-PL"},{"@type":"ImageObject","@id":"https:\/\/advisory-box.com\/Start\/en\/p\/komunikacja-prowadzaca-do-wzrostu-efektywnosci-w-biznesie-komunikacja-prowadzaca-do-rozwoju-biznesu\/#primaryimage","inLanguage":"pl-PL","url":"https:\/\/advisory-box.com\/Start\/wp-content\/uploads\/2021\/03\/30.png","contentUrl":"https:\/\/advisory-box.com\/Start\/wp-content\/uploads\/2021\/03\/30.png","width":940,"height":788},{"@type":"WebPage","@id":"https:\/\/advisory-box.com\/Start\/en\/p\/komunikacja-prowadzaca-do-wzrostu-efektywnosci-w-biznesie-komunikacja-prowadzaca-do-rozwoju-biznesu\/#webpage","url":"https:\/\/advisory-box.com\/Start\/en\/p\/komunikacja-prowadzaca-do-wzrostu-efektywnosci-w-biznesie-komunikacja-prowadzaca-do-rozwoju-biznesu\/","name":"Efektywna komunikacja w zespole - Advisory Box","isPartOf":{"@id":"https:\/\/advisory-box.com\/Start\/#website"},"primaryImageOfPage":{"@id":"https:\/\/advisory-box.com\/Start\/en\/p\/komunikacja-prowadzaca-do-wzrostu-efektywnosci-w-biznesie-komunikacja-prowadzaca-do-rozwoju-biznesu\/#primaryimage"},"datePublished":"2020-12-20T19:06:29+00:00","dateModified":"2021-07-06T15:41:00+00:00","breadcrumb":{"@id":"https:\/\/advisory-box.com\/Start\/en\/p\/komunikacja-prowadzaca-do-wzrostu-efektywnosci-w-biznesie-komunikacja-prowadzaca-do-rozwoju-biznesu\/#breadcrumb"},"inLanguage":"pl-PL","potentialAction":[{"@type":"ReadAction","target":["https:\/\/advisory-box.com\/Start\/en\/p\/komunikacja-prowadzaca-do-wzrostu-efektywnosci-w-biznesie-komunikacja-prowadzaca-do-rozwoju-biznesu\/"]}]},{"@type":"BreadcrumbList","@id":"https:\/\/advisory-box.com\/Start\/en\/p\/komunikacja-prowadzaca-do-wzrostu-efektywnosci-w-biznesie-komunikacja-prowadzaca-do-rozwoju-biznesu\/#breadcrumb","itemListElement":[{"@type":"ListItem","position":1,"name":"Strona g\u0142\u00f3wna","item":"https:\/\/advisory-box.com\/Start\/"},{"@type":"ListItem","position":2,"name":"sklep","item":"https:\/\/advisory-box.com\/Start\/sklep\/"},{"@type":"ListItem","position":3,"name":"Efektywna komunikacja w zespole"}]}]}},"_links":{"self":[{"href":"https:\/\/advisory-box.com\/Start\/wp-json\/wp\/v2\/product\/2310","targetHints":{"allow":["GET"]}}],"collection":[{"href":"https:\/\/advisory-box.com\/Start\/wp-json\/wp\/v2\/product"}],"about":[{"href":"https:\/\/advisory-box.com\/Start\/wp-json\/wp\/v2\/types\/product"}],"version-history":[{"count":2,"href":"https:\/\/advisory-box.com\/Start\/wp-json\/wp\/v2\/product\/2310\/revisions"}],"predecessor-version":[{"id":3159,"href":"https:\/\/advisory-box.com\/Start\/wp-json\/wp\/v2\/product\/2310\/revisions\/3159"}],"wp:featuredmedia":[{"embeddable":true,"href":"https:\/\/advisory-box.com\/Start\/wp-json\/wp\/v2\/media\/3152"}],"wp:attachment":[{"href":"https:\/\/advisory-box.com\/Start\/wp-json\/wp\/v2\/media?parent=2310"}],"wp:term":[{"taxonomy":"product_cat","embeddable":true,"href":"https:\/\/advisory-box.com\/Start\/wp-json\/wp\/v2\/product_cat?post=2310"},{"taxonomy":"product_tag","embeddable":true,"href":"https:\/\/advisory-box.com\/Start\/wp-json\/wp\/v2\/product_tag?post=2310"}],"curies":[{"name":"wp","href":"https:\/\/api.w.org\/{rel}","templated":true}]}}