{"id":2311,"date":"2020-12-20T19:28:48","date_gmt":"2020-12-20T19:28:48","guid":{"rendered":"https:\/\/advisory-box.com\/Start\/?post_type=product&#038;p=2311"},"modified":"2021-07-09T15:30:30","modified_gmt":"2021-07-09T15:30:30","slug":"usuwanie-barier-rozwojowych-finanse","status":"publish","type":"product","link":"https:\/\/advisory-box.com\/Start\/p\/usuwanie-barier-rozwojowych-finanse\/","title":{"rendered":"Przegl\u0105d finans\u00f3w firmy"},"content":{"rendered":"<h2>i usuwanie barier rozwojowych<\/h2>\n","protected":false},"excerpt":{"rendered":"<h3><span style=\"color: #c10000;\"><strong>W jakiej sytuacji mo\u017cesz potrzebowa\u0107 us\u0142ugi?<\/strong><\/span><\/h3>\n<ul>\n<li><span style=\"font-weight: 400;\">Firma nie rozwija si\u0119 tak, jakby mog\u0142a.<\/span><\/li>\n<li><span style=\"font-weight: 400;\">Chcesz poprawi\u0107 finanse przedsi\u0119biorstwa.<\/span><\/li>\n<li><span style=\"font-weight: 400;\">Co\u015b w firmie idzie nie tak, szukasz przyczyn (nie zawsze s\u0105 one oczywiste).<\/span><\/li>\n<li><span style=\"font-weight: 400;\">Us\u0142uga mo\u017ce by\u0107 cz\u0119\u015bci\u0105 szerszego programu diagnozowania firmy we wszystkich kluczowych obszarach ze wskazaniem problem\u00f3w i ich \u017ar\u00f3de\u0142 &#8211; a cz\u0119sto okazuj\u0105 si\u0119 one inne, ni\u017c pocz\u0105tkowo wydaje si\u0119 zarz\u0105dzaj\u0105cym.<\/span><\/li>\n<\/ul>\n<h3><span style=\"color: #c10000;\"><strong>Co dostaniesz jako rezultat?<\/strong><\/span><\/h3>\n<ul>\n<li><span style=\"font-weight: 400;\">Audyt sytuacji finansowej, diagnoza wyst\u0119puj\u0105cych problem\u00f3w, wskazanie tych, kt\u00f3re mog\u0105 si\u0119 pojawi\u0107 oraz propozycje ich rozwi\u0105zania.<\/span><\/li>\n<li><span style=\"font-weight: 400;\">Wskazanie potencjalnych barier rozwojowych zwi\u0105zanych z finansami firmy.<\/span><\/li>\n<li><span style=\"font-weight: 400;\">Wsparcie decyzji zarz\u0105dczych, wskazanie s\u0142abych stron w sytuacji finansowej firmy (tak\u017ce tych nieoczywistych) oraz konsekwencji utrzymywania tego stanu.<\/span><\/li>\n<\/ul>\n<h3><span style=\"color: #c10000;\"><strong>Jak wygl\u0105da realizacja?<\/strong><\/span><\/h3>\n<ul>\n<li><span style=\"font-weight: 400;\">Rozmowa\/wywiad z decydentami (CEO i CFO).<\/span><\/li>\n<li><span style=\"font-weight: 400;\">Analiza najistotniejszych dokument\u00f3w finansowych.<\/span><\/li>\n<li><span style=\"font-weight: 400;\">Przedstawienie wst\u0119pnych wniosk\u00f3w i dyskusja i z decydentami (COE i CFO).<\/span><\/li>\n<li><span style=\"font-weight: 400;\">Przedstawienie ostatecznych rekomendacji, zawieraj\u0105cych rozwi\u0105zania, harmonogram i know-how (spos\u00f3b wdro\u017cenia).<\/span><\/li>\n<li><span style=\"font-weight: 400;\">Wskazanie mo\u017cliwo\u015bci przezwyci\u0119\u017cenia problem\u00f3w i dalszego rozwoju.<\/span><\/li>\n<\/ul>\n","protected":false},"featured_media":3186,"template":"","meta":[],"product_cat":[31],"product_tag":[84,38,27],"class_list":["post-2311","product","type-product","status-publish","has-post-thumbnail","hentry","product_cat-finanse-czyli-twoje-pieniadze","product_tag-audyt","product_tag-finanse","product_tag-rozwoj","pa_czas-realizacji-3-4-tygodni","pa_inwestycja-10-000-zl-14-000-zl"],"yoast_head":"<!-- This site is optimized with the Yoast SEO plugin v18.4.1 - https:\/\/yoast.com\/wordpress\/plugins\/seo\/ -->\n<title>Przegl\u0105d finans\u00f3w firmy - Advisory Box<\/title>\n<meta name=\"robots\" content=\"index, follow, max-snippet:-1, max-image-preview:large, max-video-preview:-1\" \/>\n<link rel=\"canonical\" href=\"https:\/\/advisory-box.com\/Start\/p\/usuwanie-barier-rozwojowych-finanse\/\" \/>\n<meta property=\"og:locale\" content=\"pl_PL\" \/>\n<meta property=\"og:type\" content=\"article\" \/>\n<meta property=\"og:title\" content=\"Przegl\u0105d finans\u00f3w firmy - Advisory Box\" \/>\n<meta property=\"og:description\" content=\"W jakiej sytuacji mo\u017cesz potrzebowa\u0107 us\u0142ugi?   Firma nie rozwija si\u0119 tak, jakby mog\u0142a.  Chcesz poprawi\u0107 finanse przedsi\u0119biorstwa.  Co\u015b w firmie idzie nie tak, szukasz przyczyn (nie zawsze s\u0105 one oczywiste).  Us\u0142uga mo\u017ce by\u0107 cz\u0119\u015bci\u0105 szerszego programu diagnozowania firmy we wszystkich kluczowych obszarach ze wskazaniem problem\u00f3w i ich \u017ar\u00f3de\u0142 - a cz\u0119sto okazuj\u0105 si\u0119 one inne, ni\u017c pocz\u0105tkowo wydaje si\u0119 zarz\u0105dzaj\u0105cym.  Co dostaniesz jako rezultat?   Audyt sytuacji finansowej, diagnoza wyst\u0119puj\u0105cych problem\u00f3w, wskazanie tych, kt\u00f3re mog\u0105 si\u0119 pojawi\u0107 oraz propozycje ich rozwi\u0105zania.  Wskazanie potencjalnych barier rozwojowych zwi\u0105zanych z finansami firmy.  Wsparcie decyzji zarz\u0105dczych, wskazanie s\u0142abych stron w sytuacji finansowej firmy (tak\u017ce tych nieoczywistych) oraz konsekwencji utrzymywania tego stanu.  Jak wygl\u0105da realizacja?   Rozmowa\/wywiad z decydentami (CEO i CFO).  Analiza najistotniejszych dokument\u00f3w finansowych.  Przedstawienie wst\u0119pnych wniosk\u00f3w i dyskusja i z decydentami (COE i CFO).  Przedstawienie ostatecznych rekomendacji, zawieraj\u0105cych rozwi\u0105zania, harmonogram i know-how (spos\u00f3b wdro\u017cenia).  Wskazanie mo\u017cliwo\u015bci przezwyci\u0119\u017cenia problem\u00f3w i dalszego rozwoju.\" \/>\n<meta property=\"og:url\" content=\"https:\/\/advisory-box.com\/Start\/p\/usuwanie-barier-rozwojowych-finanse\/\" \/>\n<meta property=\"og:site_name\" content=\"Advisory Box\" \/>\n<meta property=\"article:modified_time\" content=\"2021-07-09T15:30:30+00:00\" \/>\n<meta property=\"og:image\" content=\"https:\/\/advisory-box.com\/Start\/wp-content\/uploads\/2021\/03\/37.png\" \/>\n\t<meta property=\"og:image:width\" content=\"940\" \/>\n\t<meta property=\"og:image:height\" content=\"788\" \/>\n\t<meta property=\"og:image:type\" content=\"image\/png\" \/>\n<meta name=\"twitter:card\" content=\"summary_large_image\" \/>\n<meta name=\"twitter:label1\" content=\"Szacowany czas czytania\" \/>\n\t<meta name=\"twitter:data1\" content=\"1 minuta\" \/>\n<script type=\"application\/ld+json\" class=\"yoast-schema-graph\">{\"@context\":\"https:\/\/schema.org\",\"@graph\":[{\"@type\":\"Organization\",\"@id\":\"https:\/\/advisory-box.com\/Start\/#organization\",\"name\":\"Advisory Box\",\"url\":\"https:\/\/advisory-box.com\/Start\/\",\"sameAs\":[],\"logo\":{\"@type\":\"ImageObject\",\"@id\":\"https:\/\/advisory-box.com\/Start\/#logo\",\"inLanguage\":\"pl-PL\",\"url\":\"\",\"contentUrl\":\"\",\"caption\":\"Advisory Box\"},\"image\":{\"@id\":\"https:\/\/advisory-box.com\/Start\/#logo\"}},{\"@type\":\"WebSite\",\"@id\":\"https:\/\/advisory-box.com\/Start\/#website\",\"url\":\"https:\/\/advisory-box.com\/Start\/\",\"name\":\"Advisory Box\",\"description\":\"\u0141aczymy przedsi\u0119biorc&oacute;w z najlepszymi ekspertami\",\"publisher\":{\"@id\":\"https:\/\/advisory-box.com\/Start\/#organization\"},\"potentialAction\":[{\"@type\":\"SearchAction\",\"target\":{\"@type\":\"EntryPoint\",\"urlTemplate\":\"https:\/\/advisory-box.com\/Start\/?s={search_term_string}\"},\"query-input\":\"required name=search_term_string\"}],\"inLanguage\":\"pl-PL\"},{\"@type\":\"ImageObject\",\"@id\":\"https:\/\/advisory-box.com\/Start\/en\/p\/usuwanie-barier-rozwojowych-finanse\/#primaryimage\",\"inLanguage\":\"pl-PL\",\"url\":\"https:\/\/advisory-box.com\/Start\/wp-content\/uploads\/2021\/03\/37.png\",\"contentUrl\":\"https:\/\/advisory-box.com\/Start\/wp-content\/uploads\/2021\/03\/37.png\",\"width\":940,\"height\":788},{\"@type\":\"WebPage\",\"@id\":\"https:\/\/advisory-box.com\/Start\/en\/p\/usuwanie-barier-rozwojowych-finanse\/#webpage\",\"url\":\"https:\/\/advisory-box.com\/Start\/en\/p\/usuwanie-barier-rozwojowych-finanse\/\",\"name\":\"Przegl\u0105d finans\u00f3w firmy - Advisory Box\",\"isPartOf\":{\"@id\":\"https:\/\/advisory-box.com\/Start\/#website\"},\"primaryImageOfPage\":{\"@id\":\"https:\/\/advisory-box.com\/Start\/en\/p\/usuwanie-barier-rozwojowych-finanse\/#primaryimage\"},\"datePublished\":\"2020-12-20T19:28:48+00:00\",\"dateModified\":\"2021-07-09T15:30:30+00:00\",\"breadcrumb\":{\"@id\":\"https:\/\/advisory-box.com\/Start\/en\/p\/usuwanie-barier-rozwojowych-finanse\/#breadcrumb\"},\"inLanguage\":\"pl-PL\",\"potentialAction\":[{\"@type\":\"ReadAction\",\"target\":[\"https:\/\/advisory-box.com\/Start\/en\/p\/usuwanie-barier-rozwojowych-finanse\/\"]}]},{\"@type\":\"BreadcrumbList\",\"@id\":\"https:\/\/advisory-box.com\/Start\/en\/p\/usuwanie-barier-rozwojowych-finanse\/#breadcrumb\",\"itemListElement\":[{\"@type\":\"ListItem\",\"position\":1,\"name\":\"Strona g\u0142\u00f3wna\",\"item\":\"https:\/\/advisory-box.com\/Start\/\"},{\"@type\":\"ListItem\",\"position\":2,\"name\":\"sklep\",\"item\":\"https:\/\/advisory-box.com\/Start\/sklep\/\"},{\"@type\":\"ListItem\",\"position\":3,\"name\":\"Przegl\u0105d finans\u00f3w firmy\"}]}]}<\/script>\n<!-- \/ Yoast SEO plugin. -->","yoast_head_json":{"title":"Przegl\u0105d finans\u00f3w firmy - Advisory Box","robots":{"index":"index","follow":"follow","max-snippet":"max-snippet:-1","max-image-preview":"max-image-preview:large","max-video-preview":"max-video-preview:-1"},"canonical":"https:\/\/advisory-box.com\/Start\/p\/usuwanie-barier-rozwojowych-finanse\/","og_locale":"pl_PL","og_type":"article","og_title":"Przegl\u0105d finans\u00f3w firmy - Advisory Box","og_description":"W jakiej sytuacji mo\u017cesz potrzebowa\u0107 us\u0142ugi?   Firma nie rozwija si\u0119 tak, jakby mog\u0142a.  Chcesz poprawi\u0107 finanse przedsi\u0119biorstwa.  Co\u015b w firmie idzie nie tak, szukasz przyczyn (nie zawsze s\u0105 one oczywiste).  Us\u0142uga mo\u017ce by\u0107 cz\u0119\u015bci\u0105 szerszego programu diagnozowania firmy we wszystkich kluczowych obszarach ze wskazaniem problem\u00f3w i ich \u017ar\u00f3de\u0142 - a cz\u0119sto okazuj\u0105 si\u0119 one inne, ni\u017c pocz\u0105tkowo wydaje si\u0119 zarz\u0105dzaj\u0105cym.  Co dostaniesz jako rezultat?   Audyt sytuacji finansowej, diagnoza wyst\u0119puj\u0105cych problem\u00f3w, wskazanie tych, kt\u00f3re mog\u0105 si\u0119 pojawi\u0107 oraz propozycje ich rozwi\u0105zania.  Wskazanie potencjalnych barier rozwojowych zwi\u0105zanych z finansami firmy.  Wsparcie decyzji zarz\u0105dczych, wskazanie s\u0142abych stron w sytuacji finansowej firmy (tak\u017ce tych nieoczywistych) oraz konsekwencji utrzymywania tego stanu.  Jak wygl\u0105da realizacja?   Rozmowa\/wywiad z decydentami (CEO i CFO).  Analiza najistotniejszych dokument\u00f3w finansowych.  Przedstawienie wst\u0119pnych wniosk\u00f3w i dyskusja i z decydentami (COE i CFO).  Przedstawienie ostatecznych rekomendacji, zawieraj\u0105cych rozwi\u0105zania, harmonogram i know-how (spos\u00f3b wdro\u017cenia).  Wskazanie mo\u017cliwo\u015bci przezwyci\u0119\u017cenia problem\u00f3w i dalszego rozwoju.","og_url":"https:\/\/advisory-box.com\/Start\/p\/usuwanie-barier-rozwojowych-finanse\/","og_site_name":"Advisory Box","article_modified_time":"2021-07-09T15:30:30+00:00","og_image":[{"width":940,"height":788,"url":"https:\/\/advisory-box.com\/Start\/wp-content\/uploads\/2021\/03\/37.png","type":"image\/png"}],"twitter_card":"summary_large_image","twitter_misc":{"Szacowany czas czytania":"1 minuta"},"schema":{"@context":"https:\/\/schema.org","@graph":[{"@type":"Organization","@id":"https:\/\/advisory-box.com\/Start\/#organization","name":"Advisory Box","url":"https:\/\/advisory-box.com\/Start\/","sameAs":[],"logo":{"@type":"ImageObject","@id":"https:\/\/advisory-box.com\/Start\/#logo","inLanguage":"pl-PL","url":"","contentUrl":"","caption":"Advisory Box"},"image":{"@id":"https:\/\/advisory-box.com\/Start\/#logo"}},{"@type":"WebSite","@id":"https:\/\/advisory-box.com\/Start\/#website","url":"https:\/\/advisory-box.com\/Start\/","name":"Advisory Box","description":"\u0141aczymy przedsi\u0119biorc&oacute;w z najlepszymi ekspertami","publisher":{"@id":"https:\/\/advisory-box.com\/Start\/#organization"},"potentialAction":[{"@type":"SearchAction","target":{"@type":"EntryPoint","urlTemplate":"https:\/\/advisory-box.com\/Start\/?s={search_term_string}"},"query-input":"required name=search_term_string"}],"inLanguage":"pl-PL"},{"@type":"ImageObject","@id":"https:\/\/advisory-box.com\/Start\/en\/p\/usuwanie-barier-rozwojowych-finanse\/#primaryimage","inLanguage":"pl-PL","url":"https:\/\/advisory-box.com\/Start\/wp-content\/uploads\/2021\/03\/37.png","contentUrl":"https:\/\/advisory-box.com\/Start\/wp-content\/uploads\/2021\/03\/37.png","width":940,"height":788},{"@type":"WebPage","@id":"https:\/\/advisory-box.com\/Start\/en\/p\/usuwanie-barier-rozwojowych-finanse\/#webpage","url":"https:\/\/advisory-box.com\/Start\/en\/p\/usuwanie-barier-rozwojowych-finanse\/","name":"Przegl\u0105d finans\u00f3w firmy - Advisory Box","isPartOf":{"@id":"https:\/\/advisory-box.com\/Start\/#website"},"primaryImageOfPage":{"@id":"https:\/\/advisory-box.com\/Start\/en\/p\/usuwanie-barier-rozwojowych-finanse\/#primaryimage"},"datePublished":"2020-12-20T19:28:48+00:00","dateModified":"2021-07-09T15:30:30+00:00","breadcrumb":{"@id":"https:\/\/advisory-box.com\/Start\/en\/p\/usuwanie-barier-rozwojowych-finanse\/#breadcrumb"},"inLanguage":"pl-PL","potentialAction":[{"@type":"ReadAction","target":["https:\/\/advisory-box.com\/Start\/en\/p\/usuwanie-barier-rozwojowych-finanse\/"]}]},{"@type":"BreadcrumbList","@id":"https:\/\/advisory-box.com\/Start\/en\/p\/usuwanie-barier-rozwojowych-finanse\/#breadcrumb","itemListElement":[{"@type":"ListItem","position":1,"name":"Strona g\u0142\u00f3wna","item":"https:\/\/advisory-box.com\/Start\/"},{"@type":"ListItem","position":2,"name":"sklep","item":"https:\/\/advisory-box.com\/Start\/sklep\/"},{"@type":"ListItem","position":3,"name":"Przegl\u0105d finans\u00f3w firmy"}]}]}},"_links":{"self":[{"href":"https:\/\/advisory-box.com\/Start\/wp-json\/wp\/v2\/product\/2311","targetHints":{"allow":["GET"]}}],"collection":[{"href":"https:\/\/advisory-box.com\/Start\/wp-json\/wp\/v2\/product"}],"about":[{"href":"https:\/\/advisory-box.com\/Start\/wp-json\/wp\/v2\/types\/product"}],"version-history":[{"count":4,"href":"https:\/\/advisory-box.com\/Start\/wp-json\/wp\/v2\/product\/2311\/revisions"}],"predecessor-version":[{"id":3170,"href":"https:\/\/advisory-box.com\/Start\/wp-json\/wp\/v2\/product\/2311\/revisions\/3170"}],"wp:featuredmedia":[{"embeddable":true,"href":"https:\/\/advisory-box.com\/Start\/wp-json\/wp\/v2\/media\/3186"}],"wp:attachment":[{"href":"https:\/\/advisory-box.com\/Start\/wp-json\/wp\/v2\/media?parent=2311"}],"wp:term":[{"taxonomy":"product_cat","embeddable":true,"href":"https:\/\/advisory-box.com\/Start\/wp-json\/wp\/v2\/product_cat?post=2311"},{"taxonomy":"product_tag","embeddable":true,"href":"https:\/\/advisory-box.com\/Start\/wp-json\/wp\/v2\/product_tag?post=2311"}],"curies":[{"name":"wp","href":"https:\/\/api.w.org\/{rel}","templated":true}]}}