{"id":2313,"date":"2020-12-21T14:15:01","date_gmt":"2020-12-21T14:15:01","guid":{"rendered":"https:\/\/advisory-box.com\/Start\/?post_type=product&#038;p=2313"},"modified":"2021-07-09T15:29:56","modified_gmt":"2021-07-09T15:29:56","slug":"planowanie-finansowe","status":"publish","type":"product","link":"https:\/\/advisory-box.com\/Start\/p\/planowanie-finansowe\/","title":{"rendered":"Planowanie finansowe"},"content":{"rendered":"","protected":false},"excerpt":{"rendered":"<h3><span style=\"color: #c10000;\"><strong>W jakiej sytuacji mo\u017cesz potrzebowa\u0107 us\u0142ugi?<\/strong><\/span><\/h3>\n<ul>\n<li><span style=\"font-weight: 400;\">Gdy w finansach wszyscy zajmuj\u0105 si\u0119 jedynie bie\u017c\u0105cymi zadaniami, nikt nie widzi wi\u0119kszego obrazu, nie patrzy d\u0142ugoterminowo.<\/span><\/li>\n<li><span style=\"font-weight: 400;\">Gdy brak jest planowania finansowego.<\/span><\/li>\n<\/ul>\n<h3><span style=\"color: #c10000;\"><strong>Co dostaniesz jako rezultat?<\/strong><\/span><\/h3>\n<ul>\n<li><span style=\"font-weight: 400;\">Profesjonalne opracowanie planu \u015brednioterminowego.\u00a0<\/span><\/li>\n<li><span style=\"font-weight: 400;\">Plany finansowe (tak\u017ce wariantowe) pokazuj\u0105ce konieczne do poniesienia nak\u0142ady i spodziewane efekty.<\/span><\/li>\n<li><span style=\"font-weight: 400;\">Wskazanie zasad bud\u017cetowania i planowania krocz\u0105cego.\u00a0<\/span><\/li>\n<li><span style=\"font-weight: 400;\">Niezb\u0119dne arkusze w formacie Excel.<\/span><\/li>\n<\/ul>\n<p><span style=\"font-weight: 400;\">To tak\u017ce mo\u017ce by\u0107 cz\u0119\u015b\u0107 szerszej us\u0142ugi &#8211; doradzanie w zakresie strategicznym &#8211; gdzie cz\u0119\u015bci\u0105 dobrze opracowanych cel\u00f3w i zada\u0144 s\u0105 tak\u017ce harmonogramy, kalkulacje koszt\u00f3w i kwantyfikacja spodziewanych efekt\u00f3w.<\/span><\/p>\n<h3><span style=\"color: #c10000;\"><strong>Jak wygl\u0105da realizacja?<\/strong><\/span><\/h3>\n<ul>\n<li><span style=\"font-weight: 400;\">Wywiad u klienta (z CEO i CFO).<\/span><\/li>\n<li><span style=\"font-weight: 400;\">Analiza dokument\u00f3w, przedstawienie plan\u00f3w, dyskusja z klientem, przekazanie plan\u00f3w oraz pomocniczych tabel projekcji (wersja elektroniczna), a tak\u017ce\u00a0 bud\u017cetu.<\/span><\/li>\n<li><span style=\"font-weight: 400;\">Wskazanie mo\u017cliwo\u015bci wdro\u017cenia ci\u0105g\u0142ego bud\u017cetowania i planowania.<\/span><\/li>\n<\/ul>\n","protected":false},"featured_media":3185,"template":"","meta":[],"product_cat":[31],"product_tag":[84,85,88,38,86,87,27],"class_list":["post-2313","product","type-product","status-publish","has-post-thumbnail","hentry","product_cat-finanse-czyli-twoje-pieniadze","product_tag-audyt","product_tag-budzet","product_tag-cfo","product_tag-finanse","product_tag-planowanie-finansowe","product_tag-planowanie-kroczace","product_tag-rozwoj","pa_czas-realizacji-3-4-tygodni","pa_inwestycja-10-000-zl-14-000-zl"],"yoast_head":"<!-- This site is optimized with the Yoast SEO plugin v18.4.1 - https:\/\/yoast.com\/wordpress\/plugins\/seo\/ -->\n<title>Planowanie finansowe - Advisory Box<\/title>\n<meta name=\"robots\" content=\"index, follow, max-snippet:-1, max-image-preview:large, max-video-preview:-1\" \/>\n<link rel=\"canonical\" href=\"https:\/\/advisory-box.com\/Start\/p\/planowanie-finansowe\/\" \/>\n<meta property=\"og:locale\" content=\"pl_PL\" \/>\n<meta property=\"og:type\" content=\"article\" \/>\n<meta property=\"og:title\" content=\"Planowanie finansowe - Advisory Box\" \/>\n<meta property=\"og:description\" content=\"W jakiej sytuacji mo\u017cesz potrzebowa\u0107 us\u0142ugi?   Gdy w finansach wszyscy zajmuj\u0105 si\u0119 jedynie bie\u017c\u0105cymi zadaniami, nikt nie widzi wi\u0119kszego obrazu, nie patrzy d\u0142ugoterminowo.  Gdy brak jest planowania finansowego.  Co dostaniesz jako rezultat?   Profesjonalne opracowanie planu \u015brednioterminowego.\u00a0  Plany finansowe (tak\u017ce wariantowe) pokazuj\u0105ce konieczne do poniesienia nak\u0142ady i spodziewane efekty.  Wskazanie zasad bud\u017cetowania i planowania krocz\u0105cego.\u00a0  Niezb\u0119dne arkusze w formacie Excel.  To tak\u017ce mo\u017ce by\u0107 cz\u0119\u015b\u0107 szerszej us\u0142ugi - doradzanie w zakresie strategicznym - gdzie cz\u0119\u015bci\u0105 dobrze opracowanych cel\u00f3w i zada\u0144 s\u0105 tak\u017ce harmonogramy, kalkulacje koszt\u00f3w i kwantyfikacja spodziewanych efekt\u00f3w. Jak wygl\u0105da realizacja?   Wywiad u klienta (z CEO i CFO).  Analiza dokument\u00f3w, przedstawienie plan\u00f3w, dyskusja z klientem, przekazanie plan\u00f3w oraz pomocniczych tabel projekcji (wersja elektroniczna), a tak\u017ce\u00a0 bud\u017cetu.  Wskazanie mo\u017cliwo\u015bci wdro\u017cenia ci\u0105g\u0142ego bud\u017cetowania i planowania.\" \/>\n<meta property=\"og:url\" content=\"https:\/\/advisory-box.com\/Start\/p\/planowanie-finansowe\/\" \/>\n<meta property=\"og:site_name\" content=\"Advisory Box\" \/>\n<meta property=\"article:modified_time\" content=\"2021-07-09T15:29:56+00:00\" \/>\n<meta property=\"og:image\" content=\"https:\/\/advisory-box.com\/Start\/wp-content\/uploads\/2021\/03\/36.png\" \/>\n\t<meta property=\"og:image:width\" content=\"940\" \/>\n\t<meta property=\"og:image:height\" content=\"788\" \/>\n\t<meta property=\"og:image:type\" content=\"image\/png\" \/>\n<meta name=\"twitter:card\" content=\"summary_large_image\" \/>\n<script type=\"application\/ld+json\" class=\"yoast-schema-graph\">{\"@context\":\"https:\/\/schema.org\",\"@graph\":[{\"@type\":\"Organization\",\"@id\":\"https:\/\/advisory-box.com\/Start\/#organization\",\"name\":\"Advisory Box\",\"url\":\"https:\/\/advisory-box.com\/Start\/\",\"sameAs\":[],\"logo\":{\"@type\":\"ImageObject\",\"@id\":\"https:\/\/advisory-box.com\/Start\/#logo\",\"inLanguage\":\"pl-PL\",\"url\":\"\",\"contentUrl\":\"\",\"caption\":\"Advisory Box\"},\"image\":{\"@id\":\"https:\/\/advisory-box.com\/Start\/#logo\"}},{\"@type\":\"WebSite\",\"@id\":\"https:\/\/advisory-box.com\/Start\/#website\",\"url\":\"https:\/\/advisory-box.com\/Start\/\",\"name\":\"Advisory Box\",\"description\":\"\u0141aczymy przedsi\u0119biorc&oacute;w z najlepszymi ekspertami\",\"publisher\":{\"@id\":\"https:\/\/advisory-box.com\/Start\/#organization\"},\"potentialAction\":[{\"@type\":\"SearchAction\",\"target\":{\"@type\":\"EntryPoint\",\"urlTemplate\":\"https:\/\/advisory-box.com\/Start\/?s={search_term_string}\"},\"query-input\":\"required name=search_term_string\"}],\"inLanguage\":\"pl-PL\"},{\"@type\":\"ImageObject\",\"@id\":\"https:\/\/advisory-box.com\/Start\/en\/p\/planowanie-finansowe\/#primaryimage\",\"inLanguage\":\"pl-PL\",\"url\":\"https:\/\/advisory-box.com\/Start\/wp-content\/uploads\/2021\/03\/36.png\",\"contentUrl\":\"https:\/\/advisory-box.com\/Start\/wp-content\/uploads\/2021\/03\/36.png\",\"width\":940,\"height\":788},{\"@type\":\"WebPage\",\"@id\":\"https:\/\/advisory-box.com\/Start\/en\/p\/planowanie-finansowe\/#webpage\",\"url\":\"https:\/\/advisory-box.com\/Start\/en\/p\/planowanie-finansowe\/\",\"name\":\"Planowanie finansowe - Advisory Box\",\"isPartOf\":{\"@id\":\"https:\/\/advisory-box.com\/Start\/#website\"},\"primaryImageOfPage\":{\"@id\":\"https:\/\/advisory-box.com\/Start\/en\/p\/planowanie-finansowe\/#primaryimage\"},\"datePublished\":\"2020-12-21T14:15:01+00:00\",\"dateModified\":\"2021-07-09T15:29:56+00:00\",\"breadcrumb\":{\"@id\":\"https:\/\/advisory-box.com\/Start\/en\/p\/planowanie-finansowe\/#breadcrumb\"},\"inLanguage\":\"pl-PL\",\"potentialAction\":[{\"@type\":\"ReadAction\",\"target\":[\"https:\/\/advisory-box.com\/Start\/en\/p\/planowanie-finansowe\/\"]}]},{\"@type\":\"BreadcrumbList\",\"@id\":\"https:\/\/advisory-box.com\/Start\/en\/p\/planowanie-finansowe\/#breadcrumb\",\"itemListElement\":[{\"@type\":\"ListItem\",\"position\":1,\"name\":\"Strona g\u0142\u00f3wna\",\"item\":\"https:\/\/advisory-box.com\/Start\/\"},{\"@type\":\"ListItem\",\"position\":2,\"name\":\"sklep\",\"item\":\"https:\/\/advisory-box.com\/Start\/sklep\/\"},{\"@type\":\"ListItem\",\"position\":3,\"name\":\"Planowanie finansowe\"}]}]}<\/script>\n<!-- \/ Yoast SEO plugin. -->","yoast_head_json":{"title":"Planowanie finansowe - Advisory Box","robots":{"index":"index","follow":"follow","max-snippet":"max-snippet:-1","max-image-preview":"max-image-preview:large","max-video-preview":"max-video-preview:-1"},"canonical":"https:\/\/advisory-box.com\/Start\/p\/planowanie-finansowe\/","og_locale":"pl_PL","og_type":"article","og_title":"Planowanie finansowe - Advisory Box","og_description":"W jakiej sytuacji mo\u017cesz potrzebowa\u0107 us\u0142ugi?   Gdy w finansach wszyscy zajmuj\u0105 si\u0119 jedynie bie\u017c\u0105cymi zadaniami, nikt nie widzi wi\u0119kszego obrazu, nie patrzy d\u0142ugoterminowo.  Gdy brak jest planowania finansowego.  Co dostaniesz jako rezultat?   Profesjonalne opracowanie planu \u015brednioterminowego.\u00a0  Plany finansowe (tak\u017ce wariantowe) pokazuj\u0105ce konieczne do poniesienia nak\u0142ady i spodziewane efekty.  Wskazanie zasad bud\u017cetowania i planowania krocz\u0105cego.\u00a0  Niezb\u0119dne arkusze w formacie Excel.  To tak\u017ce mo\u017ce by\u0107 cz\u0119\u015b\u0107 szerszej us\u0142ugi - doradzanie w zakresie strategicznym - gdzie cz\u0119\u015bci\u0105 dobrze opracowanych cel\u00f3w i zada\u0144 s\u0105 tak\u017ce harmonogramy, kalkulacje koszt\u00f3w i kwantyfikacja spodziewanych efekt\u00f3w. Jak wygl\u0105da realizacja?   Wywiad u klienta (z CEO i CFO).  Analiza dokument\u00f3w, przedstawienie plan\u00f3w, dyskusja z klientem, przekazanie plan\u00f3w oraz pomocniczych tabel projekcji (wersja elektroniczna), a tak\u017ce\u00a0 bud\u017cetu.  Wskazanie mo\u017cliwo\u015bci wdro\u017cenia ci\u0105g\u0142ego bud\u017cetowania i planowania.","og_url":"https:\/\/advisory-box.com\/Start\/p\/planowanie-finansowe\/","og_site_name":"Advisory Box","article_modified_time":"2021-07-09T15:29:56+00:00","og_image":[{"width":940,"height":788,"url":"https:\/\/advisory-box.com\/Start\/wp-content\/uploads\/2021\/03\/36.png","type":"image\/png"}],"twitter_card":"summary_large_image","schema":{"@context":"https:\/\/schema.org","@graph":[{"@type":"Organization","@id":"https:\/\/advisory-box.com\/Start\/#organization","name":"Advisory Box","url":"https:\/\/advisory-box.com\/Start\/","sameAs":[],"logo":{"@type":"ImageObject","@id":"https:\/\/advisory-box.com\/Start\/#logo","inLanguage":"pl-PL","url":"","contentUrl":"","caption":"Advisory Box"},"image":{"@id":"https:\/\/advisory-box.com\/Start\/#logo"}},{"@type":"WebSite","@id":"https:\/\/advisory-box.com\/Start\/#website","url":"https:\/\/advisory-box.com\/Start\/","name":"Advisory Box","description":"\u0141aczymy przedsi\u0119biorc&oacute;w z najlepszymi ekspertami","publisher":{"@id":"https:\/\/advisory-box.com\/Start\/#organization"},"potentialAction":[{"@type":"SearchAction","target":{"@type":"EntryPoint","urlTemplate":"https:\/\/advisory-box.com\/Start\/?s={search_term_string}"},"query-input":"required name=search_term_string"}],"inLanguage":"pl-PL"},{"@type":"ImageObject","@id":"https:\/\/advisory-box.com\/Start\/en\/p\/planowanie-finansowe\/#primaryimage","inLanguage":"pl-PL","url":"https:\/\/advisory-box.com\/Start\/wp-content\/uploads\/2021\/03\/36.png","contentUrl":"https:\/\/advisory-box.com\/Start\/wp-content\/uploads\/2021\/03\/36.png","width":940,"height":788},{"@type":"WebPage","@id":"https:\/\/advisory-box.com\/Start\/en\/p\/planowanie-finansowe\/#webpage","url":"https:\/\/advisory-box.com\/Start\/en\/p\/planowanie-finansowe\/","name":"Planowanie finansowe - Advisory Box","isPartOf":{"@id":"https:\/\/advisory-box.com\/Start\/#website"},"primaryImageOfPage":{"@id":"https:\/\/advisory-box.com\/Start\/en\/p\/planowanie-finansowe\/#primaryimage"},"datePublished":"2020-12-21T14:15:01+00:00","dateModified":"2021-07-09T15:29:56+00:00","breadcrumb":{"@id":"https:\/\/advisory-box.com\/Start\/en\/p\/planowanie-finansowe\/#breadcrumb"},"inLanguage":"pl-PL","potentialAction":[{"@type":"ReadAction","target":["https:\/\/advisory-box.com\/Start\/en\/p\/planowanie-finansowe\/"]}]},{"@type":"BreadcrumbList","@id":"https:\/\/advisory-box.com\/Start\/en\/p\/planowanie-finansowe\/#breadcrumb","itemListElement":[{"@type":"ListItem","position":1,"name":"Strona g\u0142\u00f3wna","item":"https:\/\/advisory-box.com\/Start\/"},{"@type":"ListItem","position":2,"name":"sklep","item":"https:\/\/advisory-box.com\/Start\/sklep\/"},{"@type":"ListItem","position":3,"name":"Planowanie finansowe"}]}]}},"_links":{"self":[{"href":"https:\/\/advisory-box.com\/Start\/wp-json\/wp\/v2\/product\/2313","targetHints":{"allow":["GET"]}}],"collection":[{"href":"https:\/\/advisory-box.com\/Start\/wp-json\/wp\/v2\/product"}],"about":[{"href":"https:\/\/advisory-box.com\/Start\/wp-json\/wp\/v2\/types\/product"}],"version-history":[{"count":1,"href":"https:\/\/advisory-box.com\/Start\/wp-json\/wp\/v2\/product\/2313\/revisions"}],"predecessor-version":[{"id":3202,"href":"https:\/\/advisory-box.com\/Start\/wp-json\/wp\/v2\/product\/2313\/revisions\/3202"}],"wp:featuredmedia":[{"embeddable":true,"href":"https:\/\/advisory-box.com\/Start\/wp-json\/wp\/v2\/media\/3185"}],"wp:attachment":[{"href":"https:\/\/advisory-box.com\/Start\/wp-json\/wp\/v2\/media?parent=2313"}],"wp:term":[{"taxonomy":"product_cat","embeddable":true,"href":"https:\/\/advisory-box.com\/Start\/wp-json\/wp\/v2\/product_cat?post=2313"},{"taxonomy":"product_tag","embeddable":true,"href":"https:\/\/advisory-box.com\/Start\/wp-json\/wp\/v2\/product_tag?post=2313"}],"curies":[{"name":"wp","href":"https:\/\/api.w.org\/{rel}","templated":true}]}}