{"id":2314,"date":"2020-12-21T14:23:03","date_gmt":"2020-12-21T14:23:03","guid":{"rendered":"https:\/\/advisory-box.com\/Start\/?post_type=product&#038;p=2314"},"modified":"2021-06-30T17:24:39","modified_gmt":"2021-06-30T17:24:39","slug":"smart-prospekting-inteligentne-poszukiwanie-nowych-wysokodochodowych-klientow","status":"publish","type":"product","link":"https:\/\/advisory-box.com\/Start\/p\/smart-prospekting-inteligentne-poszukiwanie-nowych-wysokodochodowych-klientow\/","title":{"rendered":"M\u0105dre poszukiwanie nowych Klient\u00f3w"},"content":{"rendered":"","protected":false},"excerpt":{"rendered":"<h3><span style=\"color: #c10000;\"><strong>W jakiej sytuacji mo\u017cesz potrzebowa\u0107 us\u0142ugi?<\/strong><\/span><\/h3>\n<ul>\n<li><span style=\"font-weight: 400;\">Masz za ma\u0142o klient\u00f3w, lub masz tylko klient\u00f3w niskomar\u017cowych.<\/span><\/li>\n<li><span style=\"font-weight: 400;\">Zesp\u00f3\u0142 sprzeda\u017cowy co\u015b robi, ale nie jeste\u015b zadowolony\/a z wynik\u00f3w tych dzia\u0142a\u0144. <\/span><\/li>\n<\/ul>\n<h3><span style=\"color: #c10000;\"><strong>Co dostaniesz jako rezultat?<\/strong><\/span><\/h3>\n<ul>\n<li><span style=\"font-weight: 400;\">Sta\u0142y dop\u0142yw nowych wysokomar\u017cowych klient\u00f3w.<\/span><\/li>\n<li><span style=\"font-weight: 400;\">Optymalizacja docelowego rynku (segmentu) i profilu idealnego klienta.<\/span><\/li>\n<li><span style=\"font-weight: 400;\">O<\/span><span style=\"font-weight: 400;\">pracowanie wygrywaj\u0105cej oferty warto\u015bci, szablon\u00f3w e-list\u00f3w i skrypt\u00f3w telefonicznych.<\/span><\/li>\n<li><span style=\"font-weight: 400;\">Opracowanie indywidualnych plan\u00f3w aktywno\u015bci prospektingowych.<\/span><\/li>\n<\/ul>\n<h3><span style=\"color: #c10000;\"><strong>Jak wygl\u0105da realizacja?<\/strong><\/span><\/h3>\n<ul>\n<li><span style=\"font-weight: 400;\">Warsztaty rozwojowe dla handlowc\u00f3w z prospektingu i metod zarz\u0105dzania sob\u0105 w czasie.<\/span><\/li>\n<li><span style=\"font-weight: 400;\">Wdro\u017cenie &#8222;Smart prospektingu&#8221; &#8211; 4 tygodnie dla zespo\u0142u 3-7 handlowc\u00f3w.<\/span><\/li>\n<\/ul>\n","protected":false},"featured_media":3142,"template":"","meta":[],"product_cat":[30],"product_tag":[89,27,26],"class_list":["post-2314","product","type-product","status-publish","has-post-thumbnail","hentry","product_cat-marketing-sprzedaz-obsluga-czyli-klient","product_tag-prospekting","product_tag-rozwoj","product_tag-sprzedaz","pa_czas-realizacji-4-6-tygodni","pa_inwestycja-10-000-zl-14-000-zl"],"yoast_head":"<!-- This site is optimized with the Yoast SEO plugin v18.4.1 - https:\/\/yoast.com\/wordpress\/plugins\/seo\/ -->\n<title>M\u0105dre poszukiwanie nowych Klient\u00f3w - Advisory Box<\/title>\n<meta name=\"robots\" content=\"index, follow, max-snippet:-1, max-image-preview:large, max-video-preview:-1\" \/>\n<link rel=\"canonical\" href=\"https:\/\/advisory-box.com\/Start\/p\/smart-prospekting-inteligentne-poszukiwanie-nowych-wysokodochodowych-klientow\/\" \/>\n<meta property=\"og:locale\" content=\"pl_PL\" \/>\n<meta property=\"og:type\" content=\"article\" \/>\n<meta property=\"og:title\" content=\"M\u0105dre poszukiwanie nowych Klient\u00f3w - Advisory Box\" \/>\n<meta property=\"og:description\" content=\"W jakiej sytuacji mo\u017cesz potrzebowa\u0107 us\u0142ugi?   Masz za ma\u0142o klient\u00f3w, lub masz tylko klient\u00f3w niskomar\u017cowych.  Zesp\u00f3\u0142 sprzeda\u017cowy co\u015b robi, ale nie jeste\u015b zadowolony\/a z wynik\u00f3w tych dzia\u0142a\u0144.   Co dostaniesz jako rezultat?   Sta\u0142y dop\u0142yw nowych wysokomar\u017cowych klient\u00f3w.  Optymalizacja docelowego rynku (segmentu) i profilu idealnego klienta.  Opracowanie wygrywaj\u0105cej oferty warto\u015bci, szablon\u00f3w e-list\u00f3w i skrypt\u00f3w telefonicznych.  Opracowanie indywidualnych plan\u00f3w aktywno\u015bci prospektingowych.  Jak wygl\u0105da realizacja?   Warsztaty rozwojowe dla handlowc\u00f3w z prospektingu i metod zarz\u0105dzania sob\u0105 w czasie.  Wdro\u017cenie &quot;Smart prospektingu&quot; - 4 tygodnie dla zespo\u0142u 3-7 handlowc\u00f3w.\" \/>\n<meta property=\"og:url\" content=\"https:\/\/advisory-box.com\/Start\/p\/smart-prospekting-inteligentne-poszukiwanie-nowych-wysokodochodowych-klientow\/\" \/>\n<meta property=\"og:site_name\" content=\"Advisory Box\" \/>\n<meta property=\"article:modified_time\" content=\"2021-06-30T17:24:39+00:00\" \/>\n<meta property=\"og:image\" content=\"https:\/\/advisory-box.com\/Start\/wp-content\/uploads\/2021\/06\/23.png\" \/>\n\t<meta property=\"og:image:width\" content=\"940\" \/>\n\t<meta property=\"og:image:height\" content=\"788\" \/>\n\t<meta property=\"og:image:type\" content=\"image\/png\" \/>\n<meta name=\"twitter:card\" content=\"summary_large_image\" \/>\n<script type=\"application\/ld+json\" class=\"yoast-schema-graph\">{\"@context\":\"https:\/\/schema.org\",\"@graph\":[{\"@type\":\"Organization\",\"@id\":\"https:\/\/advisory-box.com\/Start\/#organization\",\"name\":\"Advisory Box\",\"url\":\"https:\/\/advisory-box.com\/Start\/\",\"sameAs\":[],\"logo\":{\"@type\":\"ImageObject\",\"@id\":\"https:\/\/advisory-box.com\/Start\/#logo\",\"inLanguage\":\"pl-PL\",\"url\":\"\",\"contentUrl\":\"\",\"caption\":\"Advisory Box\"},\"image\":{\"@id\":\"https:\/\/advisory-box.com\/Start\/#logo\"}},{\"@type\":\"WebSite\",\"@id\":\"https:\/\/advisory-box.com\/Start\/#website\",\"url\":\"https:\/\/advisory-box.com\/Start\/\",\"name\":\"Advisory Box\",\"description\":\"\u0141aczymy przedsi\u0119biorc&oacute;w z najlepszymi ekspertami\",\"publisher\":{\"@id\":\"https:\/\/advisory-box.com\/Start\/#organization\"},\"potentialAction\":[{\"@type\":\"SearchAction\",\"target\":{\"@type\":\"EntryPoint\",\"urlTemplate\":\"https:\/\/advisory-box.com\/Start\/?s={search_term_string}\"},\"query-input\":\"required name=search_term_string\"}],\"inLanguage\":\"pl-PL\"},{\"@type\":\"ImageObject\",\"@id\":\"https:\/\/advisory-box.com\/Start\/en\/p\/smart-prospekting-inteligentne-poszukiwanie-nowych-wysokodochodowych-klientow\/#primaryimage\",\"inLanguage\":\"pl-PL\",\"url\":\"https:\/\/advisory-box.com\/Start\/wp-content\/uploads\/2021\/06\/23.png\",\"contentUrl\":\"https:\/\/advisory-box.com\/Start\/wp-content\/uploads\/2021\/06\/23.png\",\"width\":940,\"height\":788},{\"@type\":\"WebPage\",\"@id\":\"https:\/\/advisory-box.com\/Start\/en\/p\/smart-prospekting-inteligentne-poszukiwanie-nowych-wysokodochodowych-klientow\/#webpage\",\"url\":\"https:\/\/advisory-box.com\/Start\/en\/p\/smart-prospekting-inteligentne-poszukiwanie-nowych-wysokodochodowych-klientow\/\",\"name\":\"M\u0105dre poszukiwanie nowych Klient\u00f3w - Advisory Box\",\"isPartOf\":{\"@id\":\"https:\/\/advisory-box.com\/Start\/#website\"},\"primaryImageOfPage\":{\"@id\":\"https:\/\/advisory-box.com\/Start\/en\/p\/smart-prospekting-inteligentne-poszukiwanie-nowych-wysokodochodowych-klientow\/#primaryimage\"},\"datePublished\":\"2020-12-21T14:23:03+00:00\",\"dateModified\":\"2021-06-30T17:24:39+00:00\",\"breadcrumb\":{\"@id\":\"https:\/\/advisory-box.com\/Start\/en\/p\/smart-prospekting-inteligentne-poszukiwanie-nowych-wysokodochodowych-klientow\/#breadcrumb\"},\"inLanguage\":\"pl-PL\",\"potentialAction\":[{\"@type\":\"ReadAction\",\"target\":[\"https:\/\/advisory-box.com\/Start\/en\/p\/smart-prospekting-inteligentne-poszukiwanie-nowych-wysokodochodowych-klientow\/\"]}]},{\"@type\":\"BreadcrumbList\",\"@id\":\"https:\/\/advisory-box.com\/Start\/en\/p\/smart-prospekting-inteligentne-poszukiwanie-nowych-wysokodochodowych-klientow\/#breadcrumb\",\"itemListElement\":[{\"@type\":\"ListItem\",\"position\":1,\"name\":\"Strona g\u0142\u00f3wna\",\"item\":\"https:\/\/advisory-box.com\/Start\/\"},{\"@type\":\"ListItem\",\"position\":2,\"name\":\"sklep\",\"item\":\"https:\/\/advisory-box.com\/Start\/sklep\/\"},{\"@type\":\"ListItem\",\"position\":3,\"name\":\"M\u0105dre poszukiwanie nowych Klient\u00f3w\"}]}]}<\/script>\n<!-- \/ Yoast SEO plugin. -->","yoast_head_json":{"title":"M\u0105dre poszukiwanie nowych Klient\u00f3w - Advisory Box","robots":{"index":"index","follow":"follow","max-snippet":"max-snippet:-1","max-image-preview":"max-image-preview:large","max-video-preview":"max-video-preview:-1"},"canonical":"https:\/\/advisory-box.com\/Start\/p\/smart-prospekting-inteligentne-poszukiwanie-nowych-wysokodochodowych-klientow\/","og_locale":"pl_PL","og_type":"article","og_title":"M\u0105dre poszukiwanie nowych Klient\u00f3w - Advisory Box","og_description":"W jakiej sytuacji mo\u017cesz potrzebowa\u0107 us\u0142ugi?   Masz za ma\u0142o klient\u00f3w, lub masz tylko klient\u00f3w niskomar\u017cowych.  Zesp\u00f3\u0142 sprzeda\u017cowy co\u015b robi, ale nie jeste\u015b zadowolony\/a z wynik\u00f3w tych dzia\u0142a\u0144.   Co dostaniesz jako rezultat?   Sta\u0142y dop\u0142yw nowych wysokomar\u017cowych klient\u00f3w.  Optymalizacja docelowego rynku (segmentu) i profilu idealnego klienta.  Opracowanie wygrywaj\u0105cej oferty warto\u015bci, szablon\u00f3w e-list\u00f3w i skrypt\u00f3w telefonicznych.  Opracowanie indywidualnych plan\u00f3w aktywno\u015bci prospektingowych.  Jak wygl\u0105da realizacja?   Warsztaty rozwojowe dla handlowc\u00f3w z prospektingu i metod zarz\u0105dzania sob\u0105 w czasie.  Wdro\u017cenie \"Smart prospektingu\" - 4 tygodnie dla zespo\u0142u 3-7 handlowc\u00f3w.","og_url":"https:\/\/advisory-box.com\/Start\/p\/smart-prospekting-inteligentne-poszukiwanie-nowych-wysokodochodowych-klientow\/","og_site_name":"Advisory Box","article_modified_time":"2021-06-30T17:24:39+00:00","og_image":[{"width":940,"height":788,"url":"https:\/\/advisory-box.com\/Start\/wp-content\/uploads\/2021\/06\/23.png","type":"image\/png"}],"twitter_card":"summary_large_image","schema":{"@context":"https:\/\/schema.org","@graph":[{"@type":"Organization","@id":"https:\/\/advisory-box.com\/Start\/#organization","name":"Advisory Box","url":"https:\/\/advisory-box.com\/Start\/","sameAs":[],"logo":{"@type":"ImageObject","@id":"https:\/\/advisory-box.com\/Start\/#logo","inLanguage":"pl-PL","url":"","contentUrl":"","caption":"Advisory Box"},"image":{"@id":"https:\/\/advisory-box.com\/Start\/#logo"}},{"@type":"WebSite","@id":"https:\/\/advisory-box.com\/Start\/#website","url":"https:\/\/advisory-box.com\/Start\/","name":"Advisory Box","description":"\u0141aczymy przedsi\u0119biorc&oacute;w z najlepszymi ekspertami","publisher":{"@id":"https:\/\/advisory-box.com\/Start\/#organization"},"potentialAction":[{"@type":"SearchAction","target":{"@type":"EntryPoint","urlTemplate":"https:\/\/advisory-box.com\/Start\/?s={search_term_string}"},"query-input":"required name=search_term_string"}],"inLanguage":"pl-PL"},{"@type":"ImageObject","@id":"https:\/\/advisory-box.com\/Start\/en\/p\/smart-prospekting-inteligentne-poszukiwanie-nowych-wysokodochodowych-klientow\/#primaryimage","inLanguage":"pl-PL","url":"https:\/\/advisory-box.com\/Start\/wp-content\/uploads\/2021\/06\/23.png","contentUrl":"https:\/\/advisory-box.com\/Start\/wp-content\/uploads\/2021\/06\/23.png","width":940,"height":788},{"@type":"WebPage","@id":"https:\/\/advisory-box.com\/Start\/en\/p\/smart-prospekting-inteligentne-poszukiwanie-nowych-wysokodochodowych-klientow\/#webpage","url":"https:\/\/advisory-box.com\/Start\/en\/p\/smart-prospekting-inteligentne-poszukiwanie-nowych-wysokodochodowych-klientow\/","name":"M\u0105dre poszukiwanie nowych Klient\u00f3w - Advisory Box","isPartOf":{"@id":"https:\/\/advisory-box.com\/Start\/#website"},"primaryImageOfPage":{"@id":"https:\/\/advisory-box.com\/Start\/en\/p\/smart-prospekting-inteligentne-poszukiwanie-nowych-wysokodochodowych-klientow\/#primaryimage"},"datePublished":"2020-12-21T14:23:03+00:00","dateModified":"2021-06-30T17:24:39+00:00","breadcrumb":{"@id":"https:\/\/advisory-box.com\/Start\/en\/p\/smart-prospekting-inteligentne-poszukiwanie-nowych-wysokodochodowych-klientow\/#breadcrumb"},"inLanguage":"pl-PL","potentialAction":[{"@type":"ReadAction","target":["https:\/\/advisory-box.com\/Start\/en\/p\/smart-prospekting-inteligentne-poszukiwanie-nowych-wysokodochodowych-klientow\/"]}]},{"@type":"BreadcrumbList","@id":"https:\/\/advisory-box.com\/Start\/en\/p\/smart-prospekting-inteligentne-poszukiwanie-nowych-wysokodochodowych-klientow\/#breadcrumb","itemListElement":[{"@type":"ListItem","position":1,"name":"Strona g\u0142\u00f3wna","item":"https:\/\/advisory-box.com\/Start\/"},{"@type":"ListItem","position":2,"name":"sklep","item":"https:\/\/advisory-box.com\/Start\/sklep\/"},{"@type":"ListItem","position":3,"name":"M\u0105dre poszukiwanie nowych Klient\u00f3w"}]}]}},"_links":{"self":[{"href":"https:\/\/advisory-box.com\/Start\/wp-json\/wp\/v2\/product\/2314","targetHints":{"allow":["GET"]}}],"collection":[{"href":"https:\/\/advisory-box.com\/Start\/wp-json\/wp\/v2\/product"}],"about":[{"href":"https:\/\/advisory-box.com\/Start\/wp-json\/wp\/v2\/types\/product"}],"version-history":[{"count":4,"href":"https:\/\/advisory-box.com\/Start\/wp-json\/wp\/v2\/product\/2314\/revisions"}],"predecessor-version":[{"id":3145,"href":"https:\/\/advisory-box.com\/Start\/wp-json\/wp\/v2\/product\/2314\/revisions\/3145"}],"wp:featuredmedia":[{"embeddable":true,"href":"https:\/\/advisory-box.com\/Start\/wp-json\/wp\/v2\/media\/3142"}],"wp:attachment":[{"href":"https:\/\/advisory-box.com\/Start\/wp-json\/wp\/v2\/media?parent=2314"}],"wp:term":[{"taxonomy":"product_cat","embeddable":true,"href":"https:\/\/advisory-box.com\/Start\/wp-json\/wp\/v2\/product_cat?post=2314"},{"taxonomy":"product_tag","embeddable":true,"href":"https:\/\/advisory-box.com\/Start\/wp-json\/wp\/v2\/product_tag?post=2314"}],"curies":[{"name":"wp","href":"https:\/\/api.w.org\/{rel}","templated":true}]}}