{"id":2356,"date":"2021-01-09T20:44:53","date_gmt":"2021-01-09T20:44:53","guid":{"rendered":"https:\/\/advisory-box.com\/Start\/?post_type=product&#038;p=2356"},"modified":"2021-07-06T15:40:14","modified_gmt":"2021-07-06T15:40:14","slug":"motywowanie-i-angazowanie-pracownikow","status":"publish","type":"product","link":"https:\/\/advisory-box.com\/Start\/p\/motywowanie-i-angazowanie-pracownikow\/","title":{"rendered":"Motywowanie i anga\u017cowanie pracownik\u00f3w"},"content":{"rendered":"","protected":false},"excerpt":{"rendered":"<h3><span style=\"color: #c10000;\"><strong>W jakiej sytuacji mo\u017cesz potrzebowa\u0107 us\u0142ugi?<\/strong><\/span><\/h3>\n<ul>\n<li>Chcesz zwi\u0119kszy\u0107 zaanga\u017cowanie wsp\u00f3\u0142pracownik\u00f3w.<\/li>\n<li>Chcesz podnie\u015b\u0107 efektywno\u015b\u0107 wsp\u00f3\u0142pracy ludzi w firmie.<\/li>\n<li>Chcesz wyeliminowa\u0107 czynniki os\u0142abiaj\u0105ce motywacj\u0119.<\/li>\n<li>Chcesz aby na efektywno\u015b\u0107 Twojego biznesu wp\u0142ywa\u0142a samodyscyplina twoich ludzi.<\/li>\n<li>Dbasz o wizerunek \u015bwiadomego pracodawcy.<\/li>\n<\/ul>\n<h3><span style=\"color: #c10000;\"><strong>Co dostaniesz jako rezultat?<\/strong><\/span><\/h3>\n<ul>\n<li>Analiz\u0119 \u017ar\u00f3de\u0142 utraty i wzrostu motywacji u twoich pracownik\u00f3w.<\/li>\n<li>Dowiesz si\u0119 jakie potrzeby psychologiczno \u2013 biologiczne wp\u0142ywaj\u0105 na poziom motywacji w Twoim zespole.<\/li>\n<li>Tw\u00f3j zesp\u00f3\u0142 wypracuje \u015bcie\u017ck\u0119 budowania samodyscypliny, w oparciu o narz\u0119dzia anga\u017cuj\u0105ce do realizacji cel\u00f3w biznesowych.<\/li>\n<li>Tw\u00f3j zesp\u00f3\u0142 nauczy si\u0119 wykorzystywa\u0107 sesje kreatywne do wzmocnienia motywacji zespo\u0142owej.<\/li>\n<li>Twoi ludzie wypracuj\u0105 metody radzenia sobie z problemami.<\/li>\n<li>Poznasz komunikacyjne sposoby zapobiegania spadkom motywacji.<\/li>\n<\/ul>\n<h3><span style=\"color: #c10000;\"><strong>Jak wygl\u0105da realizacja?<\/strong><\/span><\/h3>\n<ul>\n<li>Diagnoza aktualnej sytuacji oparta na wywiadach z osobami bior\u0105cymi udzia\u0142 w projekcie.<\/li>\n<li>Warsztat po\u0142\u0105czony z elementami wyk\u0142adowymi (sk\u0105d czerpa\u0107 motywacj\u0119, jak kszta\u0142towa\u0107 samodyscyplin\u0119).<\/li>\n<li>Sesje kreatywne \u2013 rozwi\u0105zywanie bie\u017c\u0105cych problem\u00f3w w zakresie motywowania i zaanga\u017cowania.<\/li>\n<li>Podsumowanie pracy \u2013 wnioski i rekomendacje.<\/li>\n<li>Praca w zespole maksymalnie 12 osobowym.<\/li>\n<\/ul>\n","protected":false},"featured_media":3151,"template":"","meta":[],"product_cat":[33],"product_tag":[44,92,94,82,93,81],"class_list":["post-2356","product","type-product","status-publish","has-post-thumbnail","hentry","product_cat-hr-kadry-czyli-twoi-ludzie","product_tag-komunikacja","product_tag-motywacja","product_tag-motywowanie-zespolu","product_tag-wspolpraca","product_tag-zaangazowanie","product_tag-zespol","pa_czas-realizacji-3-4-tygodni","pa_inwestycja-10-000-zl-14-000-zl"],"yoast_head":"<!-- This site is optimized with the Yoast SEO plugin v18.4.1 - https:\/\/yoast.com\/wordpress\/plugins\/seo\/ -->\n<title>Motywowanie i anga\u017cowanie pracownik\u00f3w - Advisory Box<\/title>\n<meta name=\"robots\" content=\"index, follow, max-snippet:-1, max-image-preview:large, max-video-preview:-1\" \/>\n<link rel=\"canonical\" href=\"https:\/\/advisory-box.com\/Start\/p\/motywowanie-i-angazowanie-pracownikow\/\" \/>\n<meta property=\"og:locale\" content=\"pl_PL\" \/>\n<meta property=\"og:type\" content=\"article\" \/>\n<meta property=\"og:title\" content=\"Motywowanie i anga\u017cowanie pracownik\u00f3w - Advisory Box\" \/>\n<meta property=\"og:description\" content=\"W jakiej sytuacji mo\u017cesz potrzebowa\u0107 us\u0142ugi?   Chcesz zwi\u0119kszy\u0107 zaanga\u017cowanie wsp\u00f3\u0142pracownik\u00f3w.  Chcesz podnie\u015b\u0107 efektywno\u015b\u0107 wsp\u00f3\u0142pracy ludzi w firmie.  Chcesz wyeliminowa\u0107 czynniki os\u0142abiaj\u0105ce motywacj\u0119.  Chcesz aby na efektywno\u015b\u0107 Twojego biznesu wp\u0142ywa\u0142a samodyscyplina twoich ludzi.  Dbasz o wizerunek \u015bwiadomego pracodawcy.  Co dostaniesz jako rezultat?   Analiz\u0119 \u017ar\u00f3de\u0142 utraty i wzrostu motywacji u twoich pracownik\u00f3w.  Dowiesz si\u0119 jakie potrzeby psychologiczno \u2013 biologiczne wp\u0142ywaj\u0105 na poziom motywacji w Twoim zespole.  Tw\u00f3j zesp\u00f3\u0142 wypracuje \u015bcie\u017ck\u0119 budowania samodyscypliny, w oparciu o narz\u0119dzia anga\u017cuj\u0105ce do realizacji cel\u00f3w biznesowych.  Tw\u00f3j zesp\u00f3\u0142 nauczy si\u0119 wykorzystywa\u0107 sesje kreatywne do wzmocnienia motywacji zespo\u0142owej.  Twoi ludzie wypracuj\u0105 metody radzenia sobie z problemami.  Poznasz komunikacyjne sposoby zapobiegania spadkom motywacji.  Jak wygl\u0105da realizacja?   Diagnoza aktualnej sytuacji oparta na wywiadach z osobami bior\u0105cymi udzia\u0142 w projekcie.  Warsztat po\u0142\u0105czony z elementami wyk\u0142adowymi (sk\u0105d czerpa\u0107 motywacj\u0119, jak kszta\u0142towa\u0107 samodyscyplin\u0119).  Sesje kreatywne \u2013 rozwi\u0105zywanie bie\u017c\u0105cych problem\u00f3w w zakresie motywowania i zaanga\u017cowania.  Podsumowanie pracy \u2013 wnioski i rekomendacje.  Praca w zespole maksymalnie 12 osobowym.\" \/>\n<meta property=\"og:url\" content=\"https:\/\/advisory-box.com\/Start\/p\/motywowanie-i-angazowanie-pracownikow\/\" \/>\n<meta property=\"og:site_name\" content=\"Advisory Box\" \/>\n<meta property=\"article:modified_time\" content=\"2021-07-06T15:40:14+00:00\" \/>\n<meta property=\"og:image\" content=\"https:\/\/advisory-box.com\/Start\/wp-content\/uploads\/2021\/03\/29.png\" \/>\n\t<meta property=\"og:image:width\" content=\"940\" \/>\n\t<meta property=\"og:image:height\" content=\"788\" \/>\n\t<meta property=\"og:image:type\" content=\"image\/png\" \/>\n<meta name=\"twitter:card\" content=\"summary_large_image\" \/>\n<script type=\"application\/ld+json\" class=\"yoast-schema-graph\">{\"@context\":\"https:\/\/schema.org\",\"@graph\":[{\"@type\":\"Organization\",\"@id\":\"https:\/\/advisory-box.com\/Start\/#organization\",\"name\":\"Advisory Box\",\"url\":\"https:\/\/advisory-box.com\/Start\/\",\"sameAs\":[],\"logo\":{\"@type\":\"ImageObject\",\"@id\":\"https:\/\/advisory-box.com\/Start\/#logo\",\"inLanguage\":\"pl-PL\",\"url\":\"\",\"contentUrl\":\"\",\"caption\":\"Advisory Box\"},\"image\":{\"@id\":\"https:\/\/advisory-box.com\/Start\/#logo\"}},{\"@type\":\"WebSite\",\"@id\":\"https:\/\/advisory-box.com\/Start\/#website\",\"url\":\"https:\/\/advisory-box.com\/Start\/\",\"name\":\"Advisory Box\",\"description\":\"\u0141aczymy przedsi\u0119biorc&oacute;w z najlepszymi ekspertami\",\"publisher\":{\"@id\":\"https:\/\/advisory-box.com\/Start\/#organization\"},\"potentialAction\":[{\"@type\":\"SearchAction\",\"target\":{\"@type\":\"EntryPoint\",\"urlTemplate\":\"https:\/\/advisory-box.com\/Start\/?s={search_term_string}\"},\"query-input\":\"required name=search_term_string\"}],\"inLanguage\":\"pl-PL\"},{\"@type\":\"ImageObject\",\"@id\":\"https:\/\/advisory-box.com\/Start\/en\/p\/motywowanie-i-angazowanie-pracownikow\/#primaryimage\",\"inLanguage\":\"pl-PL\",\"url\":\"https:\/\/advisory-box.com\/Start\/wp-content\/uploads\/2021\/03\/29.png\",\"contentUrl\":\"https:\/\/advisory-box.com\/Start\/wp-content\/uploads\/2021\/03\/29.png\",\"width\":940,\"height\":788},{\"@type\":\"WebPage\",\"@id\":\"https:\/\/advisory-box.com\/Start\/en\/p\/motywowanie-i-angazowanie-pracownikow\/#webpage\",\"url\":\"https:\/\/advisory-box.com\/Start\/en\/p\/motywowanie-i-angazowanie-pracownikow\/\",\"name\":\"Motywowanie i anga\u017cowanie pracownik\u00f3w - Advisory Box\",\"isPartOf\":{\"@id\":\"https:\/\/advisory-box.com\/Start\/#website\"},\"primaryImageOfPage\":{\"@id\":\"https:\/\/advisory-box.com\/Start\/en\/p\/motywowanie-i-angazowanie-pracownikow\/#primaryimage\"},\"datePublished\":\"2021-01-09T20:44:53+00:00\",\"dateModified\":\"2021-07-06T15:40:14+00:00\",\"breadcrumb\":{\"@id\":\"https:\/\/advisory-box.com\/Start\/en\/p\/motywowanie-i-angazowanie-pracownikow\/#breadcrumb\"},\"inLanguage\":\"pl-PL\",\"potentialAction\":[{\"@type\":\"ReadAction\",\"target\":[\"https:\/\/advisory-box.com\/Start\/en\/p\/motywowanie-i-angazowanie-pracownikow\/\"]}]},{\"@type\":\"BreadcrumbList\",\"@id\":\"https:\/\/advisory-box.com\/Start\/en\/p\/motywowanie-i-angazowanie-pracownikow\/#breadcrumb\",\"itemListElement\":[{\"@type\":\"ListItem\",\"position\":1,\"name\":\"Strona g\u0142\u00f3wna\",\"item\":\"https:\/\/advisory-box.com\/Start\/\"},{\"@type\":\"ListItem\",\"position\":2,\"name\":\"sklep\",\"item\":\"https:\/\/advisory-box.com\/Start\/sklep\/\"},{\"@type\":\"ListItem\",\"position\":3,\"name\":\"Motywowanie i anga\u017cowanie pracownik\u00f3w\"}]}]}<\/script>\n<!-- \/ Yoast SEO plugin. -->","yoast_head_json":{"title":"Motywowanie i anga\u017cowanie pracownik\u00f3w - Advisory Box","robots":{"index":"index","follow":"follow","max-snippet":"max-snippet:-1","max-image-preview":"max-image-preview:large","max-video-preview":"max-video-preview:-1"},"canonical":"https:\/\/advisory-box.com\/Start\/p\/motywowanie-i-angazowanie-pracownikow\/","og_locale":"pl_PL","og_type":"article","og_title":"Motywowanie i anga\u017cowanie pracownik\u00f3w - Advisory Box","og_description":"W jakiej sytuacji mo\u017cesz potrzebowa\u0107 us\u0142ugi?   Chcesz zwi\u0119kszy\u0107 zaanga\u017cowanie wsp\u00f3\u0142pracownik\u00f3w.  Chcesz podnie\u015b\u0107 efektywno\u015b\u0107 wsp\u00f3\u0142pracy ludzi w firmie.  Chcesz wyeliminowa\u0107 czynniki os\u0142abiaj\u0105ce motywacj\u0119.  Chcesz aby na efektywno\u015b\u0107 Twojego biznesu wp\u0142ywa\u0142a samodyscyplina twoich ludzi.  Dbasz o wizerunek \u015bwiadomego pracodawcy.  Co dostaniesz jako rezultat?   Analiz\u0119 \u017ar\u00f3de\u0142 utraty i wzrostu motywacji u twoich pracownik\u00f3w.  Dowiesz si\u0119 jakie potrzeby psychologiczno \u2013 biologiczne wp\u0142ywaj\u0105 na poziom motywacji w Twoim zespole.  Tw\u00f3j zesp\u00f3\u0142 wypracuje \u015bcie\u017ck\u0119 budowania samodyscypliny, w oparciu o narz\u0119dzia anga\u017cuj\u0105ce do realizacji cel\u00f3w biznesowych.  Tw\u00f3j zesp\u00f3\u0142 nauczy si\u0119 wykorzystywa\u0107 sesje kreatywne do wzmocnienia motywacji zespo\u0142owej.  Twoi ludzie wypracuj\u0105 metody radzenia sobie z problemami.  Poznasz komunikacyjne sposoby zapobiegania spadkom motywacji.  Jak wygl\u0105da realizacja?   Diagnoza aktualnej sytuacji oparta na wywiadach z osobami bior\u0105cymi udzia\u0142 w projekcie.  Warsztat po\u0142\u0105czony z elementami wyk\u0142adowymi (sk\u0105d czerpa\u0107 motywacj\u0119, jak kszta\u0142towa\u0107 samodyscyplin\u0119).  Sesje kreatywne \u2013 rozwi\u0105zywanie bie\u017c\u0105cych problem\u00f3w w zakresie motywowania i zaanga\u017cowania.  Podsumowanie pracy \u2013 wnioski i rekomendacje.  Praca w zespole maksymalnie 12 osobowym.","og_url":"https:\/\/advisory-box.com\/Start\/p\/motywowanie-i-angazowanie-pracownikow\/","og_site_name":"Advisory Box","article_modified_time":"2021-07-06T15:40:14+00:00","og_image":[{"width":940,"height":788,"url":"https:\/\/advisory-box.com\/Start\/wp-content\/uploads\/2021\/03\/29.png","type":"image\/png"}],"twitter_card":"summary_large_image","schema":{"@context":"https:\/\/schema.org","@graph":[{"@type":"Organization","@id":"https:\/\/advisory-box.com\/Start\/#organization","name":"Advisory Box","url":"https:\/\/advisory-box.com\/Start\/","sameAs":[],"logo":{"@type":"ImageObject","@id":"https:\/\/advisory-box.com\/Start\/#logo","inLanguage":"pl-PL","url":"","contentUrl":"","caption":"Advisory Box"},"image":{"@id":"https:\/\/advisory-box.com\/Start\/#logo"}},{"@type":"WebSite","@id":"https:\/\/advisory-box.com\/Start\/#website","url":"https:\/\/advisory-box.com\/Start\/","name":"Advisory Box","description":"\u0141aczymy przedsi\u0119biorc&oacute;w z najlepszymi ekspertami","publisher":{"@id":"https:\/\/advisory-box.com\/Start\/#organization"},"potentialAction":[{"@type":"SearchAction","target":{"@type":"EntryPoint","urlTemplate":"https:\/\/advisory-box.com\/Start\/?s={search_term_string}"},"query-input":"required name=search_term_string"}],"inLanguage":"pl-PL"},{"@type":"ImageObject","@id":"https:\/\/advisory-box.com\/Start\/en\/p\/motywowanie-i-angazowanie-pracownikow\/#primaryimage","inLanguage":"pl-PL","url":"https:\/\/advisory-box.com\/Start\/wp-content\/uploads\/2021\/03\/29.png","contentUrl":"https:\/\/advisory-box.com\/Start\/wp-content\/uploads\/2021\/03\/29.png","width":940,"height":788},{"@type":"WebPage","@id":"https:\/\/advisory-box.com\/Start\/en\/p\/motywowanie-i-angazowanie-pracownikow\/#webpage","url":"https:\/\/advisory-box.com\/Start\/en\/p\/motywowanie-i-angazowanie-pracownikow\/","name":"Motywowanie i anga\u017cowanie pracownik\u00f3w - Advisory Box","isPartOf":{"@id":"https:\/\/advisory-box.com\/Start\/#website"},"primaryImageOfPage":{"@id":"https:\/\/advisory-box.com\/Start\/en\/p\/motywowanie-i-angazowanie-pracownikow\/#primaryimage"},"datePublished":"2021-01-09T20:44:53+00:00","dateModified":"2021-07-06T15:40:14+00:00","breadcrumb":{"@id":"https:\/\/advisory-box.com\/Start\/en\/p\/motywowanie-i-angazowanie-pracownikow\/#breadcrumb"},"inLanguage":"pl-PL","potentialAction":[{"@type":"ReadAction","target":["https:\/\/advisory-box.com\/Start\/en\/p\/motywowanie-i-angazowanie-pracownikow\/"]}]},{"@type":"BreadcrumbList","@id":"https:\/\/advisory-box.com\/Start\/en\/p\/motywowanie-i-angazowanie-pracownikow\/#breadcrumb","itemListElement":[{"@type":"ListItem","position":1,"name":"Strona g\u0142\u00f3wna","item":"https:\/\/advisory-box.com\/Start\/"},{"@type":"ListItem","position":2,"name":"sklep","item":"https:\/\/advisory-box.com\/Start\/sklep\/"},{"@type":"ListItem","position":3,"name":"Motywowanie i anga\u017cowanie pracownik\u00f3w"}]}]}},"_links":{"self":[{"href":"https:\/\/advisory-box.com\/Start\/wp-json\/wp\/v2\/product\/2356","targetHints":{"allow":["GET"]}}],"collection":[{"href":"https:\/\/advisory-box.com\/Start\/wp-json\/wp\/v2\/product"}],"about":[{"href":"https:\/\/advisory-box.com\/Start\/wp-json\/wp\/v2\/types\/product"}],"version-history":[{"count":1,"href":"https:\/\/advisory-box.com\/Start\/wp-json\/wp\/v2\/product\/2356\/revisions"}],"predecessor-version":[{"id":3158,"href":"https:\/\/advisory-box.com\/Start\/wp-json\/wp\/v2\/product\/2356\/revisions\/3158"}],"wp:featuredmedia":[{"embeddable":true,"href":"https:\/\/advisory-box.com\/Start\/wp-json\/wp\/v2\/media\/3151"}],"wp:attachment":[{"href":"https:\/\/advisory-box.com\/Start\/wp-json\/wp\/v2\/media?parent=2356"}],"wp:term":[{"taxonomy":"product_cat","embeddable":true,"href":"https:\/\/advisory-box.com\/Start\/wp-json\/wp\/v2\/product_cat?post=2356"},{"taxonomy":"product_tag","embeddable":true,"href":"https:\/\/advisory-box.com\/Start\/wp-json\/wp\/v2\/product_tag?post=2356"}],"curies":[{"name":"wp","href":"https:\/\/api.w.org\/{rel}","templated":true}]}}