{"id":2417,"date":"2021-03-16T18:17:42","date_gmt":"2021-03-16T18:17:42","guid":{"rendered":"https:\/\/advisory-box.com\/Start\/?post_type=product&#038;p=2417"},"modified":"2021-06-18T18:22:05","modified_gmt":"2021-06-18T18:22:05","slug":"analiza-potencjalu-rynku-dla-start-upu","status":"publish","type":"product","link":"https:\/\/advisory-box.com\/Start\/p\/analiza-potencjalu-rynku-dla-start-upu\/","title":{"rendered":"Analiza potencja\u0142u rynku dla start-upu"},"content":{"rendered":"<p>B\u0119dziemy mieli wystarczaj\u0105co du\u017co odbiorc\u00f3w czy musimy zweryfikowa\u0107 model biznesowy?<\/p>\n","protected":false},"excerpt":{"rendered":"<h3><span style=\"color: #c10000;\"><strong>W jakiej sytuacji mo\u017cesz potrzebowa\u0107 us\u0142ugi?<\/strong><\/span><\/h3>\n<ul>\n<li style=\"list-style-type: none;\">\n<ul>\n<li><span style=\"font-weight: 400;\">Planowane wej\u015bcie na nowy rynek.<\/span><\/li>\n<li><span style=\"font-weight: 400;\">Uruchomienie nowego produktu lub us\u0142ugi.<\/span><\/li>\n<li><span style=\"font-weight: 400;\">Budowa start-upu.<\/span><\/li>\n<\/ul>\n<\/li>\n<\/ul>\n<p>&nbsp;<\/p>\n<h3><span style=\"color: #c10000;\"><strong>Co dostaniesz jako rezultat?<\/strong><\/span><\/h3>\n<ul>\n<li style=\"list-style-type: none;\">\n<ul>\n<li><span style=\"font-weight: 400;\">Szacunek wielko\u015bci rynku dla danego produktu \/ us\u0142ugi.<\/span><\/li>\n<li><span style=\"font-weight: 400;\">Zidentyfikowanie szans i zagro\u017ce\u0144 dla nowego przedsi\u0119wzi\u0119cia.<\/span><\/li>\n<li><span style=\"font-weight: 400;\">Podstawa do opracowania lub zweryfikowania modelu biznesowego.<\/span><\/li>\n<\/ul>\n<\/li>\n<\/ul>\n<p>&nbsp;<\/p>\n<h3><span style=\"color: #c10000;\"><strong>Jak wygl\u0105da realizacja?<\/strong><\/span><\/h3>\n<ul>\n<li><span style=\"font-weight: 400;\">Poznanie kluczowych za\u0142o\u017ce\u0144 dla nowego produktu \/ us\u0142ugi \/ przedsi\u0119wzi\u0119cia.<\/span><\/li>\n<li><span style=\"font-weight: 400;\">Potwierdzenie zakresu oceny potencja\u0142u rynku.<\/span><\/li>\n<li><span style=\"font-weight: 400;\">Analiza ilo\u015bciowa i wst\u0119pne oszacowanie wielko\u015bci rynku.<\/span><\/li>\n<li><span style=\"font-weight: 400;\">Ocena jako\u015bciowa potencja\u0142u rynku.<\/span><\/li>\n<li><span style=\"font-weight: 400;\">Wnioski i wskazanie obszar\u00f3w do pog\u0142\u0119bionej weryfikacji i oceny.<\/span><\/li>\n<\/ul>\n","protected":false},"featured_media":3109,"template":"","meta":[],"product_cat":[21],"product_tag":[121,124,123,118,49,119,122,120],"class_list":["post-2417","product","type-product","status-publish","has-post-thumbnail","hentry","product_cat-strategia-czyli-rozwoj-twojego-biznesu","product_tag-analiza-jakosciowa","product_tag-launch","product_tag-nowy-produkt","product_tag-potencjal-rynku","product_tag-start-up","product_tag-szanse","product_tag-wejscie-na-rynek","product_tag-zagrozenia","pa_czas-realizacji-3-4-tygodni","pa_inwestycja-10-000-zl-14-000-zl"],"yoast_head":"<!-- This site is optimized with the Yoast SEO plugin v18.4.1 - https:\/\/yoast.com\/wordpress\/plugins\/seo\/ -->\n<title>Analiza potencja\u0142u rynku dla start-upu - Advisory Box<\/title>\n<meta name=\"robots\" content=\"index, follow, max-snippet:-1, max-image-preview:large, max-video-preview:-1\" \/>\n<link rel=\"canonical\" href=\"https:\/\/advisory-box.com\/Start\/p\/analiza-potencjalu-rynku-dla-start-upu\/\" \/>\n<meta property=\"og:locale\" content=\"pl_PL\" \/>\n<meta property=\"og:type\" content=\"article\" \/>\n<meta property=\"og:title\" content=\"Analiza potencja\u0142u rynku dla start-upu - Advisory Box\" \/>\n<meta property=\"og:description\" content=\"W jakiej sytuacji mo\u017cesz potrzebowa\u0107 us\u0142ugi?      Planowane wej\u015bcie na nowy rynek.  Uruchomienie nowego produktu lub us\u0142ugi.  Budowa start-upu.    &nbsp; Co dostaniesz jako rezultat?      Szacunek wielko\u015bci rynku dla danego produktu \/ us\u0142ugi.  Zidentyfikowanie szans i zagro\u017ce\u0144 dla nowego przedsi\u0119wzi\u0119cia.  Podstawa do opracowania lub zweryfikowania modelu biznesowego.    &nbsp; Jak wygl\u0105da realizacja?   Poznanie kluczowych za\u0142o\u017ce\u0144 dla nowego produktu \/ us\u0142ugi \/ przedsi\u0119wzi\u0119cia.  Potwierdzenie zakresu oceny potencja\u0142u rynku.  Analiza ilo\u015bciowa i wst\u0119pne oszacowanie wielko\u015bci rynku.  Ocena jako\u015bciowa potencja\u0142u rynku.  Wnioski i wskazanie obszar\u00f3w do pog\u0142\u0119bionej weryfikacji i oceny.\" \/>\n<meta property=\"og:url\" content=\"https:\/\/advisory-box.com\/Start\/p\/analiza-potencjalu-rynku-dla-start-upu\/\" \/>\n<meta property=\"og:site_name\" content=\"Advisory Box\" \/>\n<meta property=\"article:modified_time\" content=\"2021-06-18T18:22:05+00:00\" \/>\n<meta property=\"og:image\" content=\"https:\/\/advisory-box.com\/Start\/wp-content\/uploads\/2021\/03\/analizxapotencjalustarupu.png\" \/>\n\t<meta property=\"og:image:width\" content=\"940\" \/>\n\t<meta property=\"og:image:height\" content=\"788\" \/>\n\t<meta property=\"og:image:type\" content=\"image\/png\" \/>\n<meta name=\"twitter:card\" content=\"summary_large_image\" \/>\n<meta name=\"twitter:label1\" content=\"Szacowany czas czytania\" \/>\n\t<meta name=\"twitter:data1\" content=\"1 minuta\" \/>\n<script type=\"application\/ld+json\" class=\"yoast-schema-graph\">{\"@context\":\"https:\/\/schema.org\",\"@graph\":[{\"@type\":\"Organization\",\"@id\":\"https:\/\/advisory-box.com\/Start\/#organization\",\"name\":\"Advisory Box\",\"url\":\"https:\/\/advisory-box.com\/Start\/\",\"sameAs\":[],\"logo\":{\"@type\":\"ImageObject\",\"@id\":\"https:\/\/advisory-box.com\/Start\/#logo\",\"inLanguage\":\"pl-PL\",\"url\":\"\",\"contentUrl\":\"\",\"caption\":\"Advisory Box\"},\"image\":{\"@id\":\"https:\/\/advisory-box.com\/Start\/#logo\"}},{\"@type\":\"WebSite\",\"@id\":\"https:\/\/advisory-box.com\/Start\/#website\",\"url\":\"https:\/\/advisory-box.com\/Start\/\",\"name\":\"Advisory Box\",\"description\":\"\u0141aczymy przedsi\u0119biorc&oacute;w z najlepszymi ekspertami\",\"publisher\":{\"@id\":\"https:\/\/advisory-box.com\/Start\/#organization\"},\"potentialAction\":[{\"@type\":\"SearchAction\",\"target\":{\"@type\":\"EntryPoint\",\"urlTemplate\":\"https:\/\/advisory-box.com\/Start\/?s={search_term_string}\"},\"query-input\":\"required name=search_term_string\"}],\"inLanguage\":\"pl-PL\"},{\"@type\":\"ImageObject\",\"@id\":\"https:\/\/advisory-box.com\/Start\/en\/p\/analiza-potencjalu-rynku-dla-start-upu\/#primaryimage\",\"inLanguage\":\"pl-PL\",\"url\":\"https:\/\/advisory-box.com\/Start\/wp-content\/uploads\/2021\/03\/analizxapotencjalustarupu.png\",\"contentUrl\":\"https:\/\/advisory-box.com\/Start\/wp-content\/uploads\/2021\/03\/analizxapotencjalustarupu.png\",\"width\":940,\"height\":788},{\"@type\":\"WebPage\",\"@id\":\"https:\/\/advisory-box.com\/Start\/en\/p\/analiza-potencjalu-rynku-dla-start-upu\/#webpage\",\"url\":\"https:\/\/advisory-box.com\/Start\/en\/p\/analiza-potencjalu-rynku-dla-start-upu\/\",\"name\":\"Analiza potencja\u0142u rynku dla start-upu - Advisory Box\",\"isPartOf\":{\"@id\":\"https:\/\/advisory-box.com\/Start\/#website\"},\"primaryImageOfPage\":{\"@id\":\"https:\/\/advisory-box.com\/Start\/en\/p\/analiza-potencjalu-rynku-dla-start-upu\/#primaryimage\"},\"datePublished\":\"2021-03-16T18:17:42+00:00\",\"dateModified\":\"2021-06-18T18:22:05+00:00\",\"breadcrumb\":{\"@id\":\"https:\/\/advisory-box.com\/Start\/en\/p\/analiza-potencjalu-rynku-dla-start-upu\/#breadcrumb\"},\"inLanguage\":\"pl-PL\",\"potentialAction\":[{\"@type\":\"ReadAction\",\"target\":[\"https:\/\/advisory-box.com\/Start\/en\/p\/analiza-potencjalu-rynku-dla-start-upu\/\"]}]},{\"@type\":\"BreadcrumbList\",\"@id\":\"https:\/\/advisory-box.com\/Start\/en\/p\/analiza-potencjalu-rynku-dla-start-upu\/#breadcrumb\",\"itemListElement\":[{\"@type\":\"ListItem\",\"position\":1,\"name\":\"Strona g\u0142\u00f3wna\",\"item\":\"https:\/\/advisory-box.com\/Start\/\"},{\"@type\":\"ListItem\",\"position\":2,\"name\":\"sklep\",\"item\":\"https:\/\/advisory-box.com\/Start\/sklep\/\"},{\"@type\":\"ListItem\",\"position\":3,\"name\":\"Analiza potencja\u0142u rynku dla start-upu\"}]}]}<\/script>\n<!-- \/ Yoast SEO plugin. -->","yoast_head_json":{"title":"Analiza potencja\u0142u rynku dla start-upu - Advisory Box","robots":{"index":"index","follow":"follow","max-snippet":"max-snippet:-1","max-image-preview":"max-image-preview:large","max-video-preview":"max-video-preview:-1"},"canonical":"https:\/\/advisory-box.com\/Start\/p\/analiza-potencjalu-rynku-dla-start-upu\/","og_locale":"pl_PL","og_type":"article","og_title":"Analiza potencja\u0142u rynku dla start-upu - Advisory Box","og_description":"W jakiej sytuacji mo\u017cesz potrzebowa\u0107 us\u0142ugi?      Planowane wej\u015bcie na nowy rynek.  Uruchomienie nowego produktu lub us\u0142ugi.  Budowa start-upu.    &nbsp; Co dostaniesz jako rezultat?      Szacunek wielko\u015bci rynku dla danego produktu \/ us\u0142ugi.  Zidentyfikowanie szans i zagro\u017ce\u0144 dla nowego przedsi\u0119wzi\u0119cia.  Podstawa do opracowania lub zweryfikowania modelu biznesowego.    &nbsp; Jak wygl\u0105da realizacja?   Poznanie kluczowych za\u0142o\u017ce\u0144 dla nowego produktu \/ us\u0142ugi \/ przedsi\u0119wzi\u0119cia.  Potwierdzenie zakresu oceny potencja\u0142u rynku.  Analiza ilo\u015bciowa i wst\u0119pne oszacowanie wielko\u015bci rynku.  Ocena jako\u015bciowa potencja\u0142u rynku.  Wnioski i wskazanie obszar\u00f3w do pog\u0142\u0119bionej weryfikacji i oceny.","og_url":"https:\/\/advisory-box.com\/Start\/p\/analiza-potencjalu-rynku-dla-start-upu\/","og_site_name":"Advisory Box","article_modified_time":"2021-06-18T18:22:05+00:00","og_image":[{"width":940,"height":788,"url":"https:\/\/advisory-box.com\/Start\/wp-content\/uploads\/2021\/03\/analizxapotencjalustarupu.png","type":"image\/png"}],"twitter_card":"summary_large_image","twitter_misc":{"Szacowany czas czytania":"1 minuta"},"schema":{"@context":"https:\/\/schema.org","@graph":[{"@type":"Organization","@id":"https:\/\/advisory-box.com\/Start\/#organization","name":"Advisory Box","url":"https:\/\/advisory-box.com\/Start\/","sameAs":[],"logo":{"@type":"ImageObject","@id":"https:\/\/advisory-box.com\/Start\/#logo","inLanguage":"pl-PL","url":"","contentUrl":"","caption":"Advisory Box"},"image":{"@id":"https:\/\/advisory-box.com\/Start\/#logo"}},{"@type":"WebSite","@id":"https:\/\/advisory-box.com\/Start\/#website","url":"https:\/\/advisory-box.com\/Start\/","name":"Advisory Box","description":"\u0141aczymy przedsi\u0119biorc&oacute;w z najlepszymi ekspertami","publisher":{"@id":"https:\/\/advisory-box.com\/Start\/#organization"},"potentialAction":[{"@type":"SearchAction","target":{"@type":"EntryPoint","urlTemplate":"https:\/\/advisory-box.com\/Start\/?s={search_term_string}"},"query-input":"required name=search_term_string"}],"inLanguage":"pl-PL"},{"@type":"ImageObject","@id":"https:\/\/advisory-box.com\/Start\/en\/p\/analiza-potencjalu-rynku-dla-start-upu\/#primaryimage","inLanguage":"pl-PL","url":"https:\/\/advisory-box.com\/Start\/wp-content\/uploads\/2021\/03\/analizxapotencjalustarupu.png","contentUrl":"https:\/\/advisory-box.com\/Start\/wp-content\/uploads\/2021\/03\/analizxapotencjalustarupu.png","width":940,"height":788},{"@type":"WebPage","@id":"https:\/\/advisory-box.com\/Start\/en\/p\/analiza-potencjalu-rynku-dla-start-upu\/#webpage","url":"https:\/\/advisory-box.com\/Start\/en\/p\/analiza-potencjalu-rynku-dla-start-upu\/","name":"Analiza potencja\u0142u rynku dla start-upu - Advisory Box","isPartOf":{"@id":"https:\/\/advisory-box.com\/Start\/#website"},"primaryImageOfPage":{"@id":"https:\/\/advisory-box.com\/Start\/en\/p\/analiza-potencjalu-rynku-dla-start-upu\/#primaryimage"},"datePublished":"2021-03-16T18:17:42+00:00","dateModified":"2021-06-18T18:22:05+00:00","breadcrumb":{"@id":"https:\/\/advisory-box.com\/Start\/en\/p\/analiza-potencjalu-rynku-dla-start-upu\/#breadcrumb"},"inLanguage":"pl-PL","potentialAction":[{"@type":"ReadAction","target":["https:\/\/advisory-box.com\/Start\/en\/p\/analiza-potencjalu-rynku-dla-start-upu\/"]}]},{"@type":"BreadcrumbList","@id":"https:\/\/advisory-box.com\/Start\/en\/p\/analiza-potencjalu-rynku-dla-start-upu\/#breadcrumb","itemListElement":[{"@type":"ListItem","position":1,"name":"Strona g\u0142\u00f3wna","item":"https:\/\/advisory-box.com\/Start\/"},{"@type":"ListItem","position":2,"name":"sklep","item":"https:\/\/advisory-box.com\/Start\/sklep\/"},{"@type":"ListItem","position":3,"name":"Analiza potencja\u0142u rynku dla start-upu"}]}]}},"_links":{"self":[{"href":"https:\/\/advisory-box.com\/Start\/wp-json\/wp\/v2\/product\/2417","targetHints":{"allow":["GET"]}}],"collection":[{"href":"https:\/\/advisory-box.com\/Start\/wp-json\/wp\/v2\/product"}],"about":[{"href":"https:\/\/advisory-box.com\/Start\/wp-json\/wp\/v2\/types\/product"}],"version-history":[{"count":5,"href":"https:\/\/advisory-box.com\/Start\/wp-json\/wp\/v2\/product\/2417\/revisions"}],"predecessor-version":[{"id":3110,"href":"https:\/\/advisory-box.com\/Start\/wp-json\/wp\/v2\/product\/2417\/revisions\/3110"}],"wp:featuredmedia":[{"embeddable":true,"href":"https:\/\/advisory-box.com\/Start\/wp-json\/wp\/v2\/media\/3109"}],"wp:attachment":[{"href":"https:\/\/advisory-box.com\/Start\/wp-json\/wp\/v2\/media?parent=2417"}],"wp:term":[{"taxonomy":"product_cat","embeddable":true,"href":"https:\/\/advisory-box.com\/Start\/wp-json\/wp\/v2\/product_cat?post=2417"},{"taxonomy":"product_tag","embeddable":true,"href":"https:\/\/advisory-box.com\/Start\/wp-json\/wp\/v2\/product_tag?post=2417"}],"curies":[{"name":"wp","href":"https:\/\/api.w.org\/{rel}","templated":true}]}}