{"id":2419,"date":"2021-03-16T18:38:33","date_gmt":"2021-03-16T18:38:33","guid":{"rendered":"https:\/\/advisory-box.com\/Start\/?post_type=product&#038;p=2419"},"modified":"2021-06-18T18:34:53","modified_gmt":"2021-06-18T18:34:53","slug":"start-up-roadmapa-budowy-nowego-przedsiewziecia","status":"publish","type":"product","link":"https:\/\/advisory-box.com\/Start\/p\/start-up-roadmapa-budowy-nowego-przedsiewziecia\/","title":{"rendered":"Roadmapa budowy start-upu"},"content":{"rendered":"<p>czyli jak krok po kroku zbudowa\u0107 firm\u0119 z modelu biznesowego lub rozwin\u0105\u0107 ju\u017c istniej\u0105c\u0105<\/p>\n","protected":false},"excerpt":{"rendered":"<h3><span style=\"color: #c10000;\"><strong>W jakiej sytuacji mo\u017cesz potrzebowa\u0107 us\u0142ugi?<\/strong><\/span><\/h3>\n<ul>\n<li style=\"list-style-type: none;\">\n<ul>\n<li><span style=\"font-weight: 400;\">Na etapie budowy nowego przedsi\u0119wzi\u0119cia, po przygotowaniu koncepcji i modelu biznesowego. <\/span><\/li>\n<li><span style=\"font-weight: 400;\">Dla istniej\u0105cego biznesu &#8211; w momencie planowanie jego intensywnego rozwoju.<\/span><\/li>\n<\/ul>\n<\/li>\n<\/ul>\n<p>&nbsp;<\/p>\n<h3><span style=\"color: #c10000;\"><strong>Co dostaniesz jako rezultat?<\/strong><\/span><\/h3>\n<ul>\n<li style=\"list-style-type: none;\">\n<ul>\n<li><span style=\"font-weight: 400;\">Zidentyfikowane kluczowe dzia\u0142ania do realizacji.<\/span><\/li>\n<li><span style=\"font-weight: 400;\">Potwierdzenie eksperckie kompletno\u015bci zaplanowanych dzia\u0142a\u0144 i zale\u017cno\u015bci mi\u0119dzy nimi.<\/span><\/li>\n<li><span style=\"font-weight: 400;\">Plan dzia\u0142ania zweryfikowany pod k\u0105tem zgodno\u015bci z za\u0142o\u017ceniami strategicznymi.<\/span><\/li>\n<\/ul>\n<\/li>\n<\/ul>\n<p>&nbsp;<\/p>\n<h3><span style=\"color: #c10000;\"><strong>Jak wygl\u0105da realizacja?<\/strong><\/span><\/h3>\n<ul>\n<li><span style=\"font-weight: 400;\">Zapoznanie si\u0119 z modelem biznesowym i etapem budowy \/ rozwoju przedsi\u0119wzi\u0119cia.<\/span><\/li>\n<li><span style=\"font-weight: 400;\">Identyfikacja kluczowych dzia\u0142a\u0144 w podziale na obszary.<\/span><\/li>\n<li><span style=\"font-weight: 400;\">Potwierdzenie dzia\u0142a\u0144 i priorytet\u00f3w &#8211; warsztaty z udzia\u0142em Klienta.<\/span><\/li>\n<li><span style=\"font-weight: 400;\">Budowa roadmapy projektu.<\/span><\/li>\n<li><span style=\"font-weight: 400;\">Weryfikacja i aktualizacja roadmapy.<\/span><\/li>\n<\/ul>\n","protected":false},"featured_media":3116,"template":"","meta":[],"product_cat":[21],"product_tag":[54,138,137,27,49],"class_list":["post-2419","product","type-product","status-publish","has-post-thumbnail","hentry","product_cat-strategia-czyli-rozwoj-twojego-biznesu","product_tag-model-biznesowy","product_tag-plan-projektu","product_tag-roadmapa","product_tag-rozwoj","product_tag-start-up","pa_czas-realizacji-3-4-tygodni","pa_inwestycja-10-000-zl-14-000-zl"],"yoast_head":"<!-- This site is optimized with the Yoast SEO plugin v18.4.1 - https:\/\/yoast.com\/wordpress\/plugins\/seo\/ -->\n<title>Roadmapa budowy start-upu - Advisory Box<\/title>\n<meta name=\"robots\" content=\"index, follow, max-snippet:-1, max-image-preview:large, max-video-preview:-1\" \/>\n<link rel=\"canonical\" href=\"https:\/\/advisory-box.com\/Start\/p\/start-up-roadmapa-budowy-nowego-przedsiewziecia\/\" \/>\n<meta property=\"og:locale\" content=\"pl_PL\" \/>\n<meta property=\"og:type\" content=\"article\" \/>\n<meta property=\"og:title\" content=\"Roadmapa budowy start-upu - Advisory Box\" \/>\n<meta property=\"og:description\" content=\"W jakiej sytuacji mo\u017cesz potrzebowa\u0107 us\u0142ugi?      Na etapie budowy nowego przedsi\u0119wzi\u0119cia, po przygotowaniu koncepcji i modelu biznesowego.   Dla istniej\u0105cego biznesu - w momencie planowanie jego intensywnego rozwoju.    &nbsp; Co dostaniesz jako rezultat?      Zidentyfikowane kluczowe dzia\u0142ania do realizacji.  Potwierdzenie eksperckie kompletno\u015bci zaplanowanych dzia\u0142a\u0144 i zale\u017cno\u015bci mi\u0119dzy nimi.  Plan dzia\u0142ania zweryfikowany pod k\u0105tem zgodno\u015bci z za\u0142o\u017ceniami strategicznymi.    &nbsp; Jak wygl\u0105da realizacja?   Zapoznanie si\u0119 z modelem biznesowym i etapem budowy \/ rozwoju przedsi\u0119wzi\u0119cia.  Identyfikacja kluczowych dzia\u0142a\u0144 w podziale na obszary.  Potwierdzenie dzia\u0142a\u0144 i priorytet\u00f3w - warsztaty z udzia\u0142em Klienta.  Budowa roadmapy projektu.  Weryfikacja i aktualizacja roadmapy.\" \/>\n<meta property=\"og:url\" content=\"https:\/\/advisory-box.com\/Start\/p\/start-up-roadmapa-budowy-nowego-przedsiewziecia\/\" \/>\n<meta property=\"og:site_name\" content=\"Advisory Box\" \/>\n<meta property=\"article:modified_time\" content=\"2021-06-18T18:34:53+00:00\" \/>\n<meta property=\"og:image\" content=\"https:\/\/advisory-box.com\/Start\/wp-content\/uploads\/2021\/03\/4.png\" \/>\n\t<meta property=\"og:image:width\" content=\"940\" \/>\n\t<meta property=\"og:image:height\" content=\"788\" \/>\n\t<meta property=\"og:image:type\" content=\"image\/png\" \/>\n<meta name=\"twitter:card\" content=\"summary_large_image\" \/>\n<meta name=\"twitter:label1\" content=\"Szacowany czas czytania\" \/>\n\t<meta name=\"twitter:data1\" content=\"1 minuta\" \/>\n<script type=\"application\/ld+json\" class=\"yoast-schema-graph\">{\"@context\":\"https:\/\/schema.org\",\"@graph\":[{\"@type\":\"Organization\",\"@id\":\"https:\/\/advisory-box.com\/Start\/#organization\",\"name\":\"Advisory Box\",\"url\":\"https:\/\/advisory-box.com\/Start\/\",\"sameAs\":[],\"logo\":{\"@type\":\"ImageObject\",\"@id\":\"https:\/\/advisory-box.com\/Start\/#logo\",\"inLanguage\":\"pl-PL\",\"url\":\"\",\"contentUrl\":\"\",\"caption\":\"Advisory Box\"},\"image\":{\"@id\":\"https:\/\/advisory-box.com\/Start\/#logo\"}},{\"@type\":\"WebSite\",\"@id\":\"https:\/\/advisory-box.com\/Start\/#website\",\"url\":\"https:\/\/advisory-box.com\/Start\/\",\"name\":\"Advisory Box\",\"description\":\"\u0141aczymy przedsi\u0119biorc&oacute;w z najlepszymi ekspertami\",\"publisher\":{\"@id\":\"https:\/\/advisory-box.com\/Start\/#organization\"},\"potentialAction\":[{\"@type\":\"SearchAction\",\"target\":{\"@type\":\"EntryPoint\",\"urlTemplate\":\"https:\/\/advisory-box.com\/Start\/?s={search_term_string}\"},\"query-input\":\"required name=search_term_string\"}],\"inLanguage\":\"pl-PL\"},{\"@type\":\"ImageObject\",\"@id\":\"https:\/\/advisory-box.com\/Start\/en\/p\/start-up-roadmapa-budowy-nowego-przedsiewziecia\/#primaryimage\",\"inLanguage\":\"pl-PL\",\"url\":\"https:\/\/advisory-box.com\/Start\/wp-content\/uploads\/2021\/03\/4.png\",\"contentUrl\":\"https:\/\/advisory-box.com\/Start\/wp-content\/uploads\/2021\/03\/4.png\",\"width\":940,\"height\":788},{\"@type\":\"WebPage\",\"@id\":\"https:\/\/advisory-box.com\/Start\/en\/p\/start-up-roadmapa-budowy-nowego-przedsiewziecia\/#webpage\",\"url\":\"https:\/\/advisory-box.com\/Start\/en\/p\/start-up-roadmapa-budowy-nowego-przedsiewziecia\/\",\"name\":\"Roadmapa budowy start-upu - Advisory Box\",\"isPartOf\":{\"@id\":\"https:\/\/advisory-box.com\/Start\/#website\"},\"primaryImageOfPage\":{\"@id\":\"https:\/\/advisory-box.com\/Start\/en\/p\/start-up-roadmapa-budowy-nowego-przedsiewziecia\/#primaryimage\"},\"datePublished\":\"2021-03-16T18:38:33+00:00\",\"dateModified\":\"2021-06-18T18:34:53+00:00\",\"breadcrumb\":{\"@id\":\"https:\/\/advisory-box.com\/Start\/en\/p\/start-up-roadmapa-budowy-nowego-przedsiewziecia\/#breadcrumb\"},\"inLanguage\":\"pl-PL\",\"potentialAction\":[{\"@type\":\"ReadAction\",\"target\":[\"https:\/\/advisory-box.com\/Start\/en\/p\/start-up-roadmapa-budowy-nowego-przedsiewziecia\/\"]}]},{\"@type\":\"BreadcrumbList\",\"@id\":\"https:\/\/advisory-box.com\/Start\/en\/p\/start-up-roadmapa-budowy-nowego-przedsiewziecia\/#breadcrumb\",\"itemListElement\":[{\"@type\":\"ListItem\",\"position\":1,\"name\":\"Strona g\u0142\u00f3wna\",\"item\":\"https:\/\/advisory-box.com\/Start\/\"},{\"@type\":\"ListItem\",\"position\":2,\"name\":\"sklep\",\"item\":\"https:\/\/advisory-box.com\/Start\/sklep\/\"},{\"@type\":\"ListItem\",\"position\":3,\"name\":\"Roadmapa budowy start-upu\"}]}]}<\/script>\n<!-- \/ Yoast SEO plugin. -->","yoast_head_json":{"title":"Roadmapa budowy start-upu - Advisory Box","robots":{"index":"index","follow":"follow","max-snippet":"max-snippet:-1","max-image-preview":"max-image-preview:large","max-video-preview":"max-video-preview:-1"},"canonical":"https:\/\/advisory-box.com\/Start\/p\/start-up-roadmapa-budowy-nowego-przedsiewziecia\/","og_locale":"pl_PL","og_type":"article","og_title":"Roadmapa budowy start-upu - Advisory Box","og_description":"W jakiej sytuacji mo\u017cesz potrzebowa\u0107 us\u0142ugi?      Na etapie budowy nowego przedsi\u0119wzi\u0119cia, po przygotowaniu koncepcji i modelu biznesowego.   Dla istniej\u0105cego biznesu - w momencie planowanie jego intensywnego rozwoju.    &nbsp; Co dostaniesz jako rezultat?      Zidentyfikowane kluczowe dzia\u0142ania do realizacji.  Potwierdzenie eksperckie kompletno\u015bci zaplanowanych dzia\u0142a\u0144 i zale\u017cno\u015bci mi\u0119dzy nimi.  Plan dzia\u0142ania zweryfikowany pod k\u0105tem zgodno\u015bci z za\u0142o\u017ceniami strategicznymi.    &nbsp; Jak wygl\u0105da realizacja?   Zapoznanie si\u0119 z modelem biznesowym i etapem budowy \/ rozwoju przedsi\u0119wzi\u0119cia.  Identyfikacja kluczowych dzia\u0142a\u0144 w podziale na obszary.  Potwierdzenie dzia\u0142a\u0144 i priorytet\u00f3w - warsztaty z udzia\u0142em Klienta.  Budowa roadmapy projektu.  Weryfikacja i aktualizacja roadmapy.","og_url":"https:\/\/advisory-box.com\/Start\/p\/start-up-roadmapa-budowy-nowego-przedsiewziecia\/","og_site_name":"Advisory Box","article_modified_time":"2021-06-18T18:34:53+00:00","og_image":[{"width":940,"height":788,"url":"https:\/\/advisory-box.com\/Start\/wp-content\/uploads\/2021\/03\/4.png","type":"image\/png"}],"twitter_card":"summary_large_image","twitter_misc":{"Szacowany czas czytania":"1 minuta"},"schema":{"@context":"https:\/\/schema.org","@graph":[{"@type":"Organization","@id":"https:\/\/advisory-box.com\/Start\/#organization","name":"Advisory Box","url":"https:\/\/advisory-box.com\/Start\/","sameAs":[],"logo":{"@type":"ImageObject","@id":"https:\/\/advisory-box.com\/Start\/#logo","inLanguage":"pl-PL","url":"","contentUrl":"","caption":"Advisory Box"},"image":{"@id":"https:\/\/advisory-box.com\/Start\/#logo"}},{"@type":"WebSite","@id":"https:\/\/advisory-box.com\/Start\/#website","url":"https:\/\/advisory-box.com\/Start\/","name":"Advisory Box","description":"\u0141aczymy przedsi\u0119biorc&oacute;w z najlepszymi ekspertami","publisher":{"@id":"https:\/\/advisory-box.com\/Start\/#organization"},"potentialAction":[{"@type":"SearchAction","target":{"@type":"EntryPoint","urlTemplate":"https:\/\/advisory-box.com\/Start\/?s={search_term_string}"},"query-input":"required name=search_term_string"}],"inLanguage":"pl-PL"},{"@type":"ImageObject","@id":"https:\/\/advisory-box.com\/Start\/en\/p\/start-up-roadmapa-budowy-nowego-przedsiewziecia\/#primaryimage","inLanguage":"pl-PL","url":"https:\/\/advisory-box.com\/Start\/wp-content\/uploads\/2021\/03\/4.png","contentUrl":"https:\/\/advisory-box.com\/Start\/wp-content\/uploads\/2021\/03\/4.png","width":940,"height":788},{"@type":"WebPage","@id":"https:\/\/advisory-box.com\/Start\/en\/p\/start-up-roadmapa-budowy-nowego-przedsiewziecia\/#webpage","url":"https:\/\/advisory-box.com\/Start\/en\/p\/start-up-roadmapa-budowy-nowego-przedsiewziecia\/","name":"Roadmapa budowy start-upu - Advisory Box","isPartOf":{"@id":"https:\/\/advisory-box.com\/Start\/#website"},"primaryImageOfPage":{"@id":"https:\/\/advisory-box.com\/Start\/en\/p\/start-up-roadmapa-budowy-nowego-przedsiewziecia\/#primaryimage"},"datePublished":"2021-03-16T18:38:33+00:00","dateModified":"2021-06-18T18:34:53+00:00","breadcrumb":{"@id":"https:\/\/advisory-box.com\/Start\/en\/p\/start-up-roadmapa-budowy-nowego-przedsiewziecia\/#breadcrumb"},"inLanguage":"pl-PL","potentialAction":[{"@type":"ReadAction","target":["https:\/\/advisory-box.com\/Start\/en\/p\/start-up-roadmapa-budowy-nowego-przedsiewziecia\/"]}]},{"@type":"BreadcrumbList","@id":"https:\/\/advisory-box.com\/Start\/en\/p\/start-up-roadmapa-budowy-nowego-przedsiewziecia\/#breadcrumb","itemListElement":[{"@type":"ListItem","position":1,"name":"Strona g\u0142\u00f3wna","item":"https:\/\/advisory-box.com\/Start\/"},{"@type":"ListItem","position":2,"name":"sklep","item":"https:\/\/advisory-box.com\/Start\/sklep\/"},{"@type":"ListItem","position":3,"name":"Roadmapa budowy start-upu"}]}]}},"_links":{"self":[{"href":"https:\/\/advisory-box.com\/Start\/wp-json\/wp\/v2\/product\/2419","targetHints":{"allow":["GET"]}}],"collection":[{"href":"https:\/\/advisory-box.com\/Start\/wp-json\/wp\/v2\/product"}],"about":[{"href":"https:\/\/advisory-box.com\/Start\/wp-json\/wp\/v2\/types\/product"}],"version-history":[{"count":5,"href":"https:\/\/advisory-box.com\/Start\/wp-json\/wp\/v2\/product\/2419\/revisions"}],"predecessor-version":[{"id":3122,"href":"https:\/\/advisory-box.com\/Start\/wp-json\/wp\/v2\/product\/2419\/revisions\/3122"}],"wp:featuredmedia":[{"embeddable":true,"href":"https:\/\/advisory-box.com\/Start\/wp-json\/wp\/v2\/media\/3116"}],"wp:attachment":[{"href":"https:\/\/advisory-box.com\/Start\/wp-json\/wp\/v2\/media?parent=2419"}],"wp:term":[{"taxonomy":"product_cat","embeddable":true,"href":"https:\/\/advisory-box.com\/Start\/wp-json\/wp\/v2\/product_cat?post=2419"},{"taxonomy":"product_tag","embeddable":true,"href":"https:\/\/advisory-box.com\/Start\/wp-json\/wp\/v2\/product_tag?post=2419"}],"curies":[{"name":"wp","href":"https:\/\/api.w.org\/{rel}","templated":true}]}}