{"id":2691,"date":"2021-04-23T14:15:34","date_gmt":"2021-04-23T14:15:34","guid":{"rendered":"https:\/\/advisory-box.com\/Start\/?post_type=product&#038;p=2691"},"modified":"2021-04-23T19:16:32","modified_gmt":"2021-04-23T19:16:32","slug":"marcin-kolczynski","status":"publish","type":"product","link":"https:\/\/advisory-box.com\/Start\/p\/marcin-kolczynski\/","title":{"rendered":"Marcin Kolczy\u0144ski"},"content":{"rendered":"","protected":false},"excerpt":{"rendered":"<h3><span style=\"color: #c10000;\"><strong>W czym mog\u0119 pom\u00f3c?<\/strong><\/span><\/h3>\n<ul>\n<li>Okre\u015blenie wizji strategicznej i konkurencyjnego modelu biznesowego.<\/li>\n<li>Identyfikacja perspektywicznych rynk\u00f3w zbytu, nowych segment\u00f3w klient\u00f3w.<\/li>\n<li>Projektowanie proces\u00f3w, cyfryzacja sprzeda\u017cy i obs\u0142ugi klient\u00f3w.<\/li>\n<li>Przegl\u0105d obecnej, projektowanie i wdro\u017cenie nowej struktury organizacyjnej.<\/li>\n<li>Uruchamianie nowych przedsi\u0119wzi\u0119\u0107, wsp\u00f3\u0142pracy z partnerami biznesowymi.<\/li>\n<li>Zarz\u0105dzanie portfelem projekt\u00f3w, zarz\u0105dzanie zmian\u0105.<\/li>\n<\/ul>\n<h3><span style=\"color: #c10000;\"><strong>Moje do\u015bwiadczenia<\/strong><\/span><\/h3>\n<p>Od ponad 25 lat pracuj\u0119 zar\u00f3wno dla start-up\u00f3w jak i mi\u0119dzynarodowych korporacji nad rozwojem strategii i prowadzeniem kluczowych projekt\u00f3w w firmach<\/p>\n<p>By\u0142em szefem strategii w T-Mobile Polska, doradza\u0142em wiod\u0105cym firmom w Polsce pracuj\u0105c dla takich firm jak KPMG, Deloitte, Accenture, Roland Berger, Solon<\/p>\n<p>Jestem mentorem dla start-up\u00f3w w programach akceleracyjnych MIT Enterprise Forum i Youth Business Polska<\/p>\n<h3><span style=\"color: #c10000;\"><strong>Kluczowe bran\u017ce\u00a0<\/strong><\/span><\/h3>\n<p><strong>Telekomunikacja, Media, High Tech<\/strong><\/p>\n<p>T-Mobile, Orange, Polkomtel, Inea, TVN, Clear Channel, Famoc, NBC IT Outsourcing, Connectis, Andra<\/p>\n<p><strong>Finanse i bankowo\u015b\u0107, us\u0142ugi profesjonalne, turystyka<\/strong><\/p>\n<p>BZ WBK, Pekao S.A., BPH\/PBK, Fines, Roland Berger, Solon, Sun&amp;Snow, Givt.com<\/p>\n<p><strong>Logistyka, handel hurtowy i detaliczny, energetyka<\/strong><\/p>\n<p>Pekaes, Baltona, iSpot, Faktor Kwiaty Sztuczne<\/p>\n","protected":false},"featured_media":0,"template":"elementor_theme","meta":[],"product_cat":[145],"product_tag":[53,146,29,50],"class_list":["post-2691","product","type-product","status-publish","hentry","product_cat-eksperci","product_tag-lean-canvas","product_tag-modele-biznesowe","product_tag-strategia","product_tag-zarzadzanie-projektami"],"yoast_head":"<!-- This site is optimized with the Yoast SEO plugin v18.4.1 - https:\/\/yoast.com\/wordpress\/plugins\/seo\/ -->\n<title>Marcin Kolczy\u0144ski - Advisory Box<\/title>\n<meta name=\"robots\" content=\"index, follow, max-snippet:-1, max-image-preview:large, max-video-preview:-1\" \/>\n<link rel=\"canonical\" href=\"https:\/\/advisory-box.com\/Start\/p\/marcin-kolczynski\/\" \/>\n<meta property=\"og:locale\" content=\"pl_PL\" \/>\n<meta property=\"og:type\" content=\"article\" \/>\n<meta property=\"og:title\" content=\"Marcin Kolczy\u0144ski - Advisory Box\" \/>\n<meta property=\"og:description\" content=\"W czym mog\u0119 pom\u00f3c?   Okre\u015blenie wizji strategicznej i konkurencyjnego modelu biznesowego.  Identyfikacja perspektywicznych rynk\u00f3w zbytu, nowych segment\u00f3w klient\u00f3w.  Projektowanie proces\u00f3w, cyfryzacja sprzeda\u017cy i obs\u0142ugi klient\u00f3w.  Przegl\u0105d obecnej, projektowanie i wdro\u017cenie nowej struktury organizacyjnej.  Uruchamianie nowych przedsi\u0119wzi\u0119\u0107, wsp\u00f3\u0142pracy z partnerami biznesowymi.  Zarz\u0105dzanie portfelem projekt\u00f3w, zarz\u0105dzanie zmian\u0105.  Moje do\u015bwiadczenia Od ponad 25 lat pracuj\u0119 zar\u00f3wno dla start-up\u00f3w jak i mi\u0119dzynarodowych korporacji nad rozwojem strategii i prowadzeniem kluczowych projekt\u00f3w w firmach  By\u0142em szefem strategii w T-Mobile Polska, doradza\u0142em wiod\u0105cym firmom w Polsce pracuj\u0105c dla takich firm jak KPMG, Deloitte, Accenture, Roland Berger, Solon  Jestem mentorem dla start-up\u00f3w w programach akceleracyjnych MIT Enterprise Forum i Youth Business Polska Kluczowe bran\u017ce\u00a0 Telekomunikacja, Media, High Tech  T-Mobile, Orange, Polkomtel, Inea, TVN, Clear Channel, Famoc, NBC IT Outsourcing, Connectis, Andra  Finanse i bankowo\u015b\u0107, us\u0142ugi profesjonalne, turystyka  BZ WBK, Pekao S.A., BPH\/PBK, Fines, Roland Berger, Solon, Sun&amp;Snow, Givt.com  Logistyka, handel hurtowy i detaliczny, energetyka  Pekaes, Baltona, iSpot, Faktor Kwiaty Sztuczne\" \/>\n<meta property=\"og:url\" content=\"https:\/\/advisory-box.com\/Start\/p\/marcin-kolczynski\/\" \/>\n<meta property=\"og:site_name\" content=\"Advisory Box\" \/>\n<meta property=\"article:modified_time\" content=\"2021-04-23T19:16:32+00:00\" \/>\n<meta name=\"twitter:card\" content=\"summary_large_image\" \/>\n<script type=\"application\/ld+json\" class=\"yoast-schema-graph\">{\"@context\":\"https:\/\/schema.org\",\"@graph\":[{\"@type\":\"Organization\",\"@id\":\"https:\/\/advisory-box.com\/Start\/#organization\",\"name\":\"Advisory Box\",\"url\":\"https:\/\/advisory-box.com\/Start\/\",\"sameAs\":[],\"logo\":{\"@type\":\"ImageObject\",\"@id\":\"https:\/\/advisory-box.com\/Start\/#logo\",\"inLanguage\":\"pl-PL\",\"url\":\"\",\"contentUrl\":\"\",\"caption\":\"Advisory Box\"},\"image\":{\"@id\":\"https:\/\/advisory-box.com\/Start\/#logo\"}},{\"@type\":\"WebSite\",\"@id\":\"https:\/\/advisory-box.com\/Start\/#website\",\"url\":\"https:\/\/advisory-box.com\/Start\/\",\"name\":\"Advisory Box\",\"description\":\"\u0141aczymy przedsi\u0119biorc&oacute;w z najlepszymi ekspertami\",\"publisher\":{\"@id\":\"https:\/\/advisory-box.com\/Start\/#organization\"},\"potentialAction\":[{\"@type\":\"SearchAction\",\"target\":{\"@type\":\"EntryPoint\",\"urlTemplate\":\"https:\/\/advisory-box.com\/Start\/?s={search_term_string}\"},\"query-input\":\"required name=search_term_string\"}],\"inLanguage\":\"pl-PL\"},{\"@type\":\"WebPage\",\"@id\":\"https:\/\/advisory-box.com\/Start\/en\/p\/marcin-kolczynski\/#webpage\",\"url\":\"https:\/\/advisory-box.com\/Start\/en\/p\/marcin-kolczynski\/\",\"name\":\"Marcin Kolczy\u0144ski - Advisory Box\",\"isPartOf\":{\"@id\":\"https:\/\/advisory-box.com\/Start\/#website\"},\"datePublished\":\"2021-04-23T14:15:34+00:00\",\"dateModified\":\"2021-04-23T19:16:32+00:00\",\"breadcrumb\":{\"@id\":\"https:\/\/advisory-box.com\/Start\/en\/p\/marcin-kolczynski\/#breadcrumb\"},\"inLanguage\":\"pl-PL\",\"potentialAction\":[{\"@type\":\"ReadAction\",\"target\":[\"https:\/\/advisory-box.com\/Start\/en\/p\/marcin-kolczynski\/\"]}]},{\"@type\":\"BreadcrumbList\",\"@id\":\"https:\/\/advisory-box.com\/Start\/en\/p\/marcin-kolczynski\/#breadcrumb\",\"itemListElement\":[{\"@type\":\"ListItem\",\"position\":1,\"name\":\"Strona g\u0142\u00f3wna\",\"item\":\"https:\/\/advisory-box.com\/Start\/\"},{\"@type\":\"ListItem\",\"position\":2,\"name\":\"sklep\",\"item\":\"https:\/\/advisory-box.com\/Start\/sklep\/\"},{\"@type\":\"ListItem\",\"position\":3,\"name\":\"Marcin Kolczy\u0144ski\"}]}]}<\/script>\n<!-- \/ Yoast SEO plugin. -->","yoast_head_json":{"title":"Marcin Kolczy\u0144ski - Advisory Box","robots":{"index":"index","follow":"follow","max-snippet":"max-snippet:-1","max-image-preview":"max-image-preview:large","max-video-preview":"max-video-preview:-1"},"canonical":"https:\/\/advisory-box.com\/Start\/p\/marcin-kolczynski\/","og_locale":"pl_PL","og_type":"article","og_title":"Marcin Kolczy\u0144ski - Advisory Box","og_description":"W czym mog\u0119 pom\u00f3c?   Okre\u015blenie wizji strategicznej i konkurencyjnego modelu biznesowego.  Identyfikacja perspektywicznych rynk\u00f3w zbytu, nowych segment\u00f3w klient\u00f3w.  Projektowanie proces\u00f3w, cyfryzacja sprzeda\u017cy i obs\u0142ugi klient\u00f3w.  Przegl\u0105d obecnej, projektowanie i wdro\u017cenie nowej struktury organizacyjnej.  Uruchamianie nowych przedsi\u0119wzi\u0119\u0107, wsp\u00f3\u0142pracy z partnerami biznesowymi.  Zarz\u0105dzanie portfelem projekt\u00f3w, zarz\u0105dzanie zmian\u0105.  Moje do\u015bwiadczenia Od ponad 25 lat pracuj\u0119 zar\u00f3wno dla start-up\u00f3w jak i mi\u0119dzynarodowych korporacji nad rozwojem strategii i prowadzeniem kluczowych projekt\u00f3w w firmach  By\u0142em szefem strategii w T-Mobile Polska, doradza\u0142em wiod\u0105cym firmom w Polsce pracuj\u0105c dla takich firm jak KPMG, Deloitte, Accenture, Roland Berger, Solon  Jestem mentorem dla start-up\u00f3w w programach akceleracyjnych MIT Enterprise Forum i Youth Business Polska Kluczowe bran\u017ce\u00a0 Telekomunikacja, Media, High Tech  T-Mobile, Orange, Polkomtel, Inea, TVN, Clear Channel, Famoc, NBC IT Outsourcing, Connectis, Andra  Finanse i bankowo\u015b\u0107, us\u0142ugi profesjonalne, turystyka  BZ WBK, Pekao S.A., BPH\/PBK, Fines, Roland Berger, Solon, Sun&amp;Snow, Givt.com  Logistyka, handel hurtowy i detaliczny, energetyka  Pekaes, Baltona, iSpot, Faktor Kwiaty Sztuczne","og_url":"https:\/\/advisory-box.com\/Start\/p\/marcin-kolczynski\/","og_site_name":"Advisory Box","article_modified_time":"2021-04-23T19:16:32+00:00","twitter_card":"summary_large_image","schema":{"@context":"https:\/\/schema.org","@graph":[{"@type":"Organization","@id":"https:\/\/advisory-box.com\/Start\/#organization","name":"Advisory Box","url":"https:\/\/advisory-box.com\/Start\/","sameAs":[],"logo":{"@type":"ImageObject","@id":"https:\/\/advisory-box.com\/Start\/#logo","inLanguage":"pl-PL","url":"","contentUrl":"","caption":"Advisory Box"},"image":{"@id":"https:\/\/advisory-box.com\/Start\/#logo"}},{"@type":"WebSite","@id":"https:\/\/advisory-box.com\/Start\/#website","url":"https:\/\/advisory-box.com\/Start\/","name":"Advisory Box","description":"\u0141aczymy przedsi\u0119biorc&oacute;w z najlepszymi ekspertami","publisher":{"@id":"https:\/\/advisory-box.com\/Start\/#organization"},"potentialAction":[{"@type":"SearchAction","target":{"@type":"EntryPoint","urlTemplate":"https:\/\/advisory-box.com\/Start\/?s={search_term_string}"},"query-input":"required name=search_term_string"}],"inLanguage":"pl-PL"},{"@type":"WebPage","@id":"https:\/\/advisory-box.com\/Start\/en\/p\/marcin-kolczynski\/#webpage","url":"https:\/\/advisory-box.com\/Start\/en\/p\/marcin-kolczynski\/","name":"Marcin Kolczy\u0144ski - Advisory Box","isPartOf":{"@id":"https:\/\/advisory-box.com\/Start\/#website"},"datePublished":"2021-04-23T14:15:34+00:00","dateModified":"2021-04-23T19:16:32+00:00","breadcrumb":{"@id":"https:\/\/advisory-box.com\/Start\/en\/p\/marcin-kolczynski\/#breadcrumb"},"inLanguage":"pl-PL","potentialAction":[{"@type":"ReadAction","target":["https:\/\/advisory-box.com\/Start\/en\/p\/marcin-kolczynski\/"]}]},{"@type":"BreadcrumbList","@id":"https:\/\/advisory-box.com\/Start\/en\/p\/marcin-kolczynski\/#breadcrumb","itemListElement":[{"@type":"ListItem","position":1,"name":"Strona g\u0142\u00f3wna","item":"https:\/\/advisory-box.com\/Start\/"},{"@type":"ListItem","position":2,"name":"sklep","item":"https:\/\/advisory-box.com\/Start\/sklep\/"},{"@type":"ListItem","position":3,"name":"Marcin Kolczy\u0144ski"}]}]}},"_links":{"self":[{"href":"https:\/\/advisory-box.com\/Start\/wp-json\/wp\/v2\/product\/2691","targetHints":{"allow":["GET"]}}],"collection":[{"href":"https:\/\/advisory-box.com\/Start\/wp-json\/wp\/v2\/product"}],"about":[{"href":"https:\/\/advisory-box.com\/Start\/wp-json\/wp\/v2\/types\/product"}],"version-history":[{"count":3,"href":"https:\/\/advisory-box.com\/Start\/wp-json\/wp\/v2\/product\/2691\/revisions"}],"predecessor-version":[{"id":2715,"href":"https:\/\/advisory-box.com\/Start\/wp-json\/wp\/v2\/product\/2691\/revisions\/2715"}],"wp:attachment":[{"href":"https:\/\/advisory-box.com\/Start\/wp-json\/wp\/v2\/media?parent=2691"}],"wp:term":[{"taxonomy":"product_cat","embeddable":true,"href":"https:\/\/advisory-box.com\/Start\/wp-json\/wp\/v2\/product_cat?post=2691"},{"taxonomy":"product_tag","embeddable":true,"href":"https:\/\/advisory-box.com\/Start\/wp-json\/wp\/v2\/product_tag?post=2691"}],"curies":[{"name":"wp","href":"https:\/\/api.w.org\/{rel}","templated":true}]}}